{"id":1295,"date":"2016-06-09T08:39:26","date_gmt":"2016-06-09T06:39:26","guid":{"rendered":"http:\/\/moments.select-themes.com\/?page_id=1295"},"modified":"2023-04-13T21:08:33","modified_gmt":"2023-04-13T19:08:33","slug":"kontakt","status":"publish","type":"page","link":"https:\/\/literaskaligrafija.si\/de\/stik-z-nami\/","title":{"rendered":"Kontakt"},"content":{"rendered":"<div class=\"wpb-content-wrapper\"><div class=\"vc_row wpb_row vc_row-fluid qodef-section qodef-content-aligment-left\" style=\"\"><div class=\"clearfix qodef-full-section-inner\"><div class=\"wpb_column vc_column_container vc_col-sm-12\"><div class=\"vc_column-inner\"><div class=\"wpb_wrapper\"><div class=\"vc_empty_space\"   style=\"height: 64px\"><span class=\"vc_empty_space_inner\"><\/span><\/div>\n\t<div class=\"wpb_text_column wpb_content_element\" >\n\t\t<div class=\"wpb_wrapper\">\n\t\t\t<h2 style=\"text-align: center; color: #bf1f2e; font-size: 40px;\">Kontakt<\/h2>\n\n\t\t<\/div>\n\t<\/div>\n<div class=\"vc_empty_space\"   style=\"height: 64px\"><span class=\"vc_empty_space_inner\"><\/span><\/div><\/div><\/div><\/div><\/div><\/div><div class=\"vc_row wpb_row vc_row-fluid qodef-section vc_custom_1610458180543 qodef-content-aligment-left qodef-grid-section\" style=\"\"><div class=\"clearfix qodef-section-inner\"><div class=\"qodef-section-inner-margin clearfix\"><div class=\"wpb_column vc_column_container vc_col-sm-4\"><div class=\"vc_column-inner\"><div class=\"wpb_wrapper\"><div class=\"vc_empty_space\"   style=\"height: 64px\"><span class=\"vc_empty_space_inner\"><\/span><\/div>\n<div class=\"wpcf7 no-js\" id=\"wpcf7-f7-o1\" lang=\"sl-SI\" dir=\"ltr\" data-wpcf7-id=\"7\">\n<div class=\"screen-reader-response\"><p role=\"status\" aria-live=\"polite\" aria-atomic=\"true\"><\/p> <ul><\/ul><\/div>\n<form action=\"\/de\/wp-json\/wp\/v2\/pages\/1295#wpcf7-f7-o1\" method=\"post\" class=\"wpcf7-form init cf7_custom_style_1 wpcf7-acceptance-as-validation\" aria-label=\"Kontaktni obrazec\" novalidate=\"novalidate\" data-status=\"init\" data-trp-original-action=\"\/de\/wp-json\/wp\/v2\/pages\/1295#wpcf7-f7-o1\">\n<fieldset class=\"hidden-fields-container\"><input type=\"hidden\" name=\"_wpcf7\" value=\"7\" \/><input type=\"hidden\" name=\"_wpcf7_version\" value=\"6.1.5\" \/><input type=\"hidden\" name=\"_wpcf7_locale\" value=\"sl_SI\" \/><input type=\"hidden\" name=\"_wpcf7_unit_tag\" value=\"wpcf7-f7-o1\" \/><input type=\"hidden\" name=\"_wpcf7_container_post\" value=\"0\" \/><input type=\"hidden\" name=\"_wpcf7_posted_data_hash\" value=\"\" \/>\n<\/fieldset>\n<p><label> Ihr Name und Nachname<br \/>\n<span class=\"wpcf7-form-control-wrap\" data-name=\"your-name\"><input size=\"40\" maxlength=\"400\" class=\"wpcf7-form-control wpcf7-text wpcf7-validates-as-required\" aria-required=\"true\" aria-invalid=\"false\" value=\"\" type=\"text\" name=\"your-name\" \/><\/span> <\/label>\n<\/p>\n<p><label> Ihre E-Mail<br \/>\n<span class=\"wpcf7-form-control-wrap\" data-name=\"your-email\"><input size=\"40\" maxlength=\"400\" class=\"wpcf7-form-control wpcf7-email wpcf7-validates-as-required wpcf7-text wpcf7-validates-as-email\" aria-required=\"true\" aria-invalid=\"false\" value=\"\" type=\"email\" name=\"your-email\" \/><\/span> <\/label>\n<\/p>\n<p><label> Thema<br \/>\n<span class=\"wpcf7-form-control-wrap\" data-name=\"your-subject\"><input size=\"40\" maxlength=\"400\" class=\"wpcf7-form-control wpcf7-text wpcf7-validates-as-required\" aria-required=\"true\" aria-invalid=\"false\" value=\"\" type=\"text\" name=\"your-subject\" \/><\/span> <\/label>\n<\/p>\n<p><label> Ihre Nachricht<br \/>\n<span class=\"wpcf7-form-control-wrap\" data-name=\"your-message\"><textarea cols=\"40\" rows=\"10\" maxlength=\"2000\" class=\"wpcf7-form-control wpcf7-textarea\" aria-invalid=\"false\" name=\"your-message\"><\/textarea><\/span> <\/label>\n<\/p>\n<p><span class=\"wpcf7-form-control-wrap\" data-name=\"cmplz-acceptance\"><span class=\"wpcf7-form-control wpcf7-acceptance\"><span class=\"wpcf7-list-item\"><label><input type=\"checkbox\" name=\"cmplz-acceptance\" value=\"1\" aria-invalid=\"false\" \/><span class=\"wpcf7-list-item-label\">Um dieses Formular abschicken zu k\u00f6nnen, m\u00fcssen Sie unsere Datenschutzerkl\u00e4rung akzeptieren.&nbsp;<a target=\"_blank\" href=\"https:\/\/complianz.io\/translation-error-sprintf-printf-too-few-arguments\" rel=\"noopener\">(\u00dcbersetzungsfehler)<\/a><\/span><\/label><\/span><\/span><\/span>\n<\/p>\n<div class=\"cf7-cf-turnstile\" style=\"margin-top: 0px; margin-bottom: -15px;\"> <div id=\"cf-turnstile-cf7-2084972173\" class=\"cf-turnstile\" data-callback=\"turnstileCF7Callback\" data-sitekey=\"0x4AAAAAAAFXUByclfkNh3LO\" data-theme=\"light\" data-language=\"auto\" data-size=\"normal\" data-retry=\"auto\" data-retry-interval=\"1000\" data-refresh-expired=\"auto\" data-refresh-timeout=\"auto\" data-action=\"contact-form-7\" data-appearance=\"always\"><\/div> <style>.wpcf7-submit { pointer-events: none; opacity: 0.5; }<\/style> <script>document.addEventListener(\"DOMContentLoaded\", function() { setTimeout(function(){ var e=document.getElementById(\"cf-turnstile-cf7-2084972173\"); if(e&&!e.innerHTML.trim()){turnstile.render(e, {sitekey:\"0x4AAAAAAAFXUByclfkNh3LO\"});} }, 200); });<\/script> <br class=\"cf-turnstile-br cf-turnstile-br-cf7-2084972173\"> <style>#cf-turnstile-cf7-2084972173 { margin-left: -15px; }<\/style> <script>document.addEventListener(\"DOMContentLoaded\",function(){document.querySelectorAll('.wpcf7-form').forEach(function(e){e.addEventListener('submit',function(){if(document.getElementById('cf-turnstile-cf7-2084972173')){setTimeout(function(){turnstile.reset('#cf-turnstile-cf7-2084972173');},1000)}})})});<\/script> <\/div><br\/><input class=\"wpcf7-form-control wpcf7-submit has-spinner\" type=\"submit\" value=\"Senden an\" \/>\n<\/p><p style=\"display: none !important;\" class=\"akismet-fields-container\" data-prefix=\"_wpcf7_ak_\"><label>\u0394<textarea name=\"_wpcf7_ak_hp_textarea\" cols=\"45\" rows=\"8\" maxlength=\"100\"><\/textarea><\/label><input type=\"hidden\" id=\"ak_js_1\" name=\"_wpcf7_ak_js\" value=\"244\"\/><script>document.getElementById( \"ak_js_1\" ).setAttribute( \"value\", ( new Date() ).getTime() );<\/script><\/p><div class=\"wpcf7-response-output\" aria-hidden=\"true\"><\/div>\n<input type=\"hidden\" name=\"trp-form-language\" value=\"de\"\/><\/form>\n<\/div>\n<div class=\"vc_empty_space\"   style=\"height: 64px\"><span class=\"vc_empty_space_inner\"><\/span><\/div><\/div><\/div><\/div><div class=\"wpb_column vc_column_container vc_col-sm-4\"><div class=\"vc_column-inner\"><div class=\"wpb_wrapper\"><\/div><\/div><\/div><div class=\"wpb_column vc_column_container vc_col-sm-4\"><div class=\"vc_column-inner\"><div class=\"wpb_wrapper\"><div class=\"vc_empty_space\"   style=\"height: 64px\"><span class=\"vc_empty_space_inner\"><\/span><\/div><div class=\"vc_empty_space\"   style=\"height: 40px\"><span class=\"vc_empty_space_inner\"><\/span><\/div>\n\t<div class=\"wpb_text_column wpb_content_element vc_custom_1662045818085\" >\n\t\t<div class=\"wpb_wrapper\">\n\t\t\t<p style=\"font-size: 20px;\">Literas Kalligraphie<\/p>\n<p style=\"font-size: 20px;\">Zlatka Trstenjak Rampre s.p.<\/p>\n\n\t\t<\/div>\n\t<\/div>\n\n\t<div class=\"wpb_text_column wpb_content_element vc_custom_1671648083118\" >\n\t\t<div class=\"wpb_wrapper\">\n\t\t\t<p style=\"font-size: 16px;\">Ben\u00f6tigen Sie weitere Informationen oder ein Angebot?<\/p>\n<p style=\"font-size: 16px;\">f\u00fcr unsere Dienstleistungen? Kontakt<\/p>\n<p style=\"font-size: 16px;\">und wir werden Ihnen gerne antworten.<\/p>\n\n\t\t<\/div>\n\t<\/div>\n<div class=\"qodef-iwt clearfix qodef-iwt-left-from-title qodef-iwt-icon-tiny qodef-custom-icon-animation-disabled\">\n        <a itemprop=\"url\" class=\"qodef-iwt-link\" href=\"tel:+386%20(0)41%20753%20305\" target=\"_self\">\n            <div class=\"qodef-iwt-content-holder\">\n        <div class=\"qodef-iwt-icon-title-holder\">\n                            <div class=\"qodef-icon-animation-holder qodef-custom-icon-animation-holder\" >\n                    <div class=\"qodef-icon-shortcode  qodef-custom-icon\">\n                        <img loading=\"lazy\" decoding=\"async\" width=\"512\" height=\"512\" src=\"https:\/\/literaskaligrafija.si\/wp-content\/uploads\/2021\/02\/call-1.svg\" class=\"attachment-full size-full\" alt=\"\" \/>                    <\/div>\n                <\/div>\n                        <div class=\"qodef-iwt-title-holder\">\n                <h4 >+386 41 753 305<\/h4>\n            <\/div>\n        <\/div>\n        <div class=\"qodef-iwt-text-holder\">\n            <p ><\/p>\n        <\/div>\n    <\/div>\n        <\/a>\n    <\/div><div class=\"qodef-iwt clearfix qodef-iwt-left-from-title qodef-iwt-icon-tiny qodef-custom-icon-animation-disabled\">\n        <a itemprop=\"url\" class=\"qodef-iwt-link\" href=\"mailto:info@literaskaligrafija.si\" target=\"_self\">\n            <div class=\"qodef-iwt-content-holder\">\n        <div class=\"qodef-iwt-icon-title-holder\">\n                            <div class=\"qodef-icon-animation-holder qodef-custom-icon-animation-holder\" >\n                    <div class=\"qodef-icon-shortcode  qodef-custom-icon\">\n                        <img loading=\"lazy\" decoding=\"async\" width=\"512\" height=\"512\" src=\"https:\/\/literaskaligrafija.si\/wp-content\/uploads\/2021\/02\/mail.svg\" class=\"attachment-full size-full\" alt=\"\" \/>                    <\/div>\n                <\/div>\n                        <div class=\"qodef-iwt-title-holder\">\n                <h4 >info@literaskaligrafija.si<\/h4>\n            <\/div>\n        <\/div>\n        <div class=\"qodef-iwt-text-holder\">\n            <p ><\/p>\n        <\/div>\n    <\/div>\n        <\/a>\n    <\/div><div class=\"vc_empty_space\"   style=\"height: 64px\"><span class=\"vc_empty_space_inner\"><\/span><\/div><\/div><\/div><\/div><\/div><\/div><\/div><div class=\"vc_row wpb_row vc_row-fluid qodef-section qodef-content-aligment-left\" style=\"\"><div class=\"clearfix qodef-full-section-inner\"><div class=\"wpb_column vc_column_container vc_col-sm-12\"><div class=\"vc_column-inner\"><div class=\"wpb_wrapper\"><div class=\"vc_empty_space\"   style=\"height: 64px\"><span class=\"vc_empty_space_inner\"><\/span><\/div>\n\t<div class=\"wpb_text_column wpb_content_element\" >\n\t\t<div class=\"wpb_wrapper\">\n\t\t\t\n\t\t<\/div>\n\t<\/div>\n<\/div><\/div><\/div><\/div><\/div>\n<\/div>","protected":false},"excerpt":{"rendered":"Kontakt Ihr Vor- und Nachname Ihre E-Mail Betreff Ihre Nachricht Um dieses Formular abschicken zu k\u00f6nnen, m\u00fcssen Sie unsere Datenschutzerkl\u00e4rung akzeptieren (\u00dcbersetzungsfehler) \u0394 Literas calligraphy Zlatka Trstenjak Rampre s.p. Ben\u00f6tigen Sie weitere Informationen oder ein Angebot f\u00fcr unsere Dienstleistungen? Nehmen Sie Kontakt mit uns auf und wir werden Ihnen gerne antworten: +386 41 753 305 info@literaskaligrafija.si","protected":false},"author":2,"featured_media":0,"parent":0,"menu_order":0,"comment_status":"closed","ping_status":"closed","template":"full-width.php","meta":{"content-type":"","inline_featured_image":false,"footnotes":""},"class_list":["post-1295","page","type-page","status-publish","hentry"],"jetpack_sharing_enabled":true,"_links":{"self":[{"href":"https:\/\/literaskaligrafija.si\/de\/wp-json\/wp\/v2\/pages\/1295","targetHints":{"allow":["GET"]}}],"collection":[{"href":"https:\/\/literaskaligrafija.si\/de\/wp-json\/wp\/v2\/pages"}],"about":[{"href":"https:\/\/literaskaligrafija.si\/de\/wp-json\/wp\/v2\/types\/page"}],"author":[{"embeddable":true,"href":"https:\/\/literaskaligrafija.si\/de\/wp-json\/wp\/v2\/users\/2"}],"replies":[{"embeddable":true,"href":"https:\/\/literaskaligrafija.si\/de\/wp-json\/wp\/v2\/comments?post=1295"}],"version-history":[{"count":32,"href":"https:\/\/literaskaligrafija.si\/de\/wp-json\/wp\/v2\/pages\/1295\/revisions"}],"predecessor-version":[{"id":7051,"href":"https:\/\/literaskaligrafija.si\/de\/wp-json\/wp\/v2\/pages\/1295\/revisions\/7051"}],"wp:attachment":[{"href":"https:\/\/literaskaligrafija.si\/de\/wp-json\/wp\/v2\/media?parent=1295"}],"curies":[{"name":"wp","href":"https:\/\/api.w.org\/{rel}","templated":true}]}}