{"id":4126,"date":"2021-01-05T12:14:09","date_gmt":"2021-01-05T11:14:09","guid":{"rendered":"https:\/\/literaskaligrafija.si\/?page_id=4126"},"modified":"2021-03-18T20:55:13","modified_gmt":"2021-03-18T20:55:13","slug":"briefumschlag","status":"publish","type":"page","link":"https:\/\/literaskaligrafija.si\/de\/kuverte\/","title":{"rendered":"Umschlag"},"content":{"rendered":"<div class=\"wpb-content-wrapper\"><div class=\"vc_row wpb_row vc_row-fluid qodef-section vc_custom_1609836344664 qodef-content-aligment-center qodef-grid-section\" style=\"\"><div class=\"clearfix qodef-section-inner\"><div class=\"qodef-section-inner-margin clearfix\"><div class=\"wpb_column vc_column_container vc_col-sm-12\"><div class=\"vc_column-inner\"><div class=\"wpb_wrapper\">\n\t<div class=\"wpb_text_column wpb_content_element\" >\n\t\t<div class=\"wpb_wrapper\">\n\t\t\t<h2 style=\"text-align: center;color: #bf1f2e;font-size: 40px\">Umschlag<\/h2>\n\n\t\t<\/div>\n\t<\/div>\n<div class=\"vc_empty_space\"   style=\"height: 10px\"><span class=\"vc_empty_space_inner\"><\/span><\/div>\n\t<div class=\"wpb_text_column wpb_content_element\" >\n\t\t<div class=\"wpb_wrapper\">\n\t\t\t<p style=\"text-align: center\">Es gibt nichts Sch\u00f6neres als eine handgeschriebene Adresse auf einem Briefumschlag, die beim Empf\u00e4nger einen besonderen Eindruck hinterl\u00e4sst. Nat\u00fcrlich braucht die Kalligraphie mehr Zeit als der Druck. Sie kann auch erheblich teurer sein. Aber nichts kann das \u00fcberw\u00e4ltigende Gef\u00fchl ersetzen, das der Empfang einer <strong>handgeschriebene Briefumschl\u00e4ge<\/strong>Das ist das erste, was der Empf\u00e4nger zwischen all den anderen Briefen bemerkt. Sie k\u00f6nnen auf den Briefumschl\u00e4gen erw\u00e4hnen <strong>Punkt<\/strong> oder <strong>Teilkalligraphie<\/strong>Das bedeutet, dass nur der Vor- und der Nachname kalligraphiert werden, w\u00e4hrend der Rest des Titels in Druckschrift bleibt.<br \/>\nEine tolle Kombination, die sich auch eignet, wenn Sie bei den Einladungen ein wenig sparen wollen. Ich habe spezielle Einladungen f\u00fcr die Zartbesaiteten <strong>handgefertigte Briefmarken<\/strong> in allen m\u00f6glichen Farben, die den Hochzeitseinladungen eine fast m\u00e4rchenhafte Sch\u00f6nheit verleihen.<\/p>\n\n\t\t<\/div>\n\t<\/div>\n<\/div><\/div><\/div><\/div><\/div><\/div><div class=\"vc_row wpb_row vc_row-fluid qodef-section qodef-content-aligment-left\" style=\"\"><div class=\"clearfix qodef-full-section-inner\"><div class=\"wpb_column vc_column_container vc_col-sm-12\"><div class=\"vc_column-inner\"><div class=\"wpb_wrapper\"><div class=\"qodef-image-gallery\">\n\t<div class=\"qodef-image-gallery-grid qodef-gallery-columns-3\" >\n\t\t\t\t\t<div class=\"qodef-gallery-image\">\n\t\t\t\t\t\t\t\t<a itemprop=\"image\" href=\"https:\/\/literaskaligrafija.si\/wp-content\/uploads\/2021\/01\/kuverte1_orig.jpg\" data-rel=\"lightbox-gallery-cHJldHR5UGhvdG9bc2luZ2xlX3ByZXR0eV9waG90b10=\" data-rl_title=\"\" data-rl_caption=\"\" data-magnific_type=\"gallery\" title=\"\">\n\t\t\t\t\t                    <div class=\"qodef-gallery-image-overlay\"><\/div>\n\t\t\t\t\t\t\t\t\t\t\t<img loading=\"lazy\" decoding=\"async\" width=\"1100\" height=\"733\" src=\"https:\/\/literaskaligrafija.si\/wp-content\/uploads\/2021\/01\/kuverte1_orig.jpg\" class=\"attachment-full size-full\" alt=\"Hochzeitsbriefumschl\u00e4ge mit Kalligraphie\" srcset=\"https:\/\/literaskaligrafija.si\/wp-content\/uploads\/2021\/01\/kuverte1_orig.jpg 1100w, https:\/\/literaskaligrafija.si\/wp-content\/uploads\/2021\/01\/kuverte1_orig-600x400.jpg 600w, https:\/\/literaskaligrafija.si\/wp-content\/uploads\/2021\/01\/kuverte1_orig-300x200.jpg 300w, https:\/\/literaskaligrafija.si\/wp-content\/uploads\/2021\/01\/kuverte1_orig-1024x682.jpg 1024w, https:\/\/literaskaligrafija.si\/wp-content\/uploads\/2021\/01\/kuverte1_orig-768x512.jpg 768w\" sizes=\"auto, (max-width: 1100px) 100vw, 1100px\" \/>\t\t\t\t\t\t\t\t\t\t\t\t\t\t<\/a>\n\t\t\t\t\t\t<\/div>\n\t\t\t\t\t<div class=\"qodef-gallery-image\">\n\t\t\t\t\t\t\t\t<a itemprop=\"image\" href=\"https:\/\/literaskaligrafija.si\/wp-content\/uploads\/2021\/01\/kuverte2_orig.jpg\" data-rel=\"lightbox-gallery-cHJldHR5UGhvdG9bc2luZ2xlX3ByZXR0eV9waG90b10=\" data-rl_title=\"\" data-rl_caption=\"\" data-magnific_type=\"gallery\" title=\"\">\n\t\t\t\t\t                    <div class=\"qodef-gallery-image-overlay\"><\/div>\n\t\t\t\t\t\t\t\t\t\t\t<img loading=\"lazy\" decoding=\"async\" width=\"1100\" height=\"732\" src=\"https:\/\/literaskaligrafija.si\/wp-content\/uploads\/2021\/01\/kuverte2_orig.jpg\" class=\"attachment-full size-full\" alt=\"Besondere Geschenke\" srcset=\"https:\/\/literaskaligrafija.si\/wp-content\/uploads\/2021\/01\/kuverte2_orig.jpg 1100w, https:\/\/literaskaligrafija.si\/wp-content\/uploads\/2021\/01\/kuverte2_orig-600x399.jpg 600w, https:\/\/literaskaligrafija.si\/wp-content\/uploads\/2021\/01\/kuverte2_orig-300x200.jpg 300w, https:\/\/literaskaligrafija.si\/wp-content\/uploads\/2021\/01\/kuverte2_orig-1024x681.jpg 1024w, https:\/\/literaskaligrafija.si\/wp-content\/uploads\/2021\/01\/kuverte2_orig-768x511.jpg 768w\" sizes=\"auto, (max-width: 1100px) 100vw, 1100px\" \/>\t\t\t\t\t\t\t\t\t\t\t\t\t\t<\/a>\n\t\t\t\t\t\t<\/div>\n\t\t\t\t\t<div class=\"qodef-gallery-image\">\n\t\t\t\t\t\t\t\t<a itemprop=\"image\" href=\"https:\/\/literaskaligrafija.si\/wp-content\/uploads\/2021\/01\/kuverte3_orig.jpg\" data-rel=\"lightbox-gallery-cHJldHR5UGhvdG9bc2luZ2xlX3ByZXR0eV9waG90b10=\" data-rl_title=\"\" data-rl_caption=\"\" data-magnific_type=\"gallery\" title=\"\">\n\t\t\t\t\t                    <div class=\"qodef-gallery-image-overlay\"><\/div>\n\t\t\t\t\t\t\t\t\t\t\t<img loading=\"lazy\" decoding=\"async\" width=\"1100\" height=\"733\" src=\"https:\/\/literaskaligrafija.si\/wp-content\/uploads\/2021\/01\/kuverte3_orig.jpg\" class=\"attachment-full size-full\" alt=\"\" srcset=\"https:\/\/literaskaligrafija.si\/wp-content\/uploads\/2021\/01\/kuverte3_orig.jpg 1100w, https:\/\/literaskaligrafija.si\/wp-content\/uploads\/2021\/01\/kuverte3_orig-600x400.jpg 600w, https:\/\/literaskaligrafija.si\/wp-content\/uploads\/2021\/01\/kuverte3_orig-300x200.jpg 300w, https:\/\/literaskaligrafija.si\/wp-content\/uploads\/2021\/01\/kuverte3_orig-1024x682.jpg 1024w, https:\/\/literaskaligrafija.si\/wp-content\/uploads\/2021\/01\/kuverte3_orig-768x512.jpg 768w\" sizes=\"auto, (max-width: 1100px) 100vw, 1100px\" \/>\t\t\t\t\t\t\t\t\t\t\t\t\t\t<\/a>\n\t\t\t\t\t\t<\/div>\n\t\t\t\t\t<div class=\"qodef-gallery-image\">\n\t\t\t\t\t\t\t\t<a itemprop=\"image\" href=\"https:\/\/literaskaligrafija.si\/wp-content\/uploads\/2021\/01\/kuverte4_orig.jpg\" data-rel=\"lightbox-gallery-cHJldHR5UGhvdG9bc2luZ2xlX3ByZXR0eV9waG90b10=\" data-rl_title=\"\" data-rl_caption=\"\" data-magnific_type=\"gallery\" title=\"\">\n\t\t\t\t\t                    <div class=\"qodef-gallery-image-overlay\"><\/div>\n\t\t\t\t\t\t\t\t\t\t\t<img loading=\"lazy\" decoding=\"async\" width=\"1100\" height=\"754\" src=\"https:\/\/literaskaligrafija.si\/wp-content\/uploads\/2021\/01\/kuverte4_orig.jpg\" class=\"attachment-full size-full\" alt=\"Kalligrafie in Kupferstich\" srcset=\"https:\/\/literaskaligrafija.si\/wp-content\/uploads\/2021\/01\/kuverte4_orig.jpg 1100w, https:\/\/literaskaligrafija.si\/wp-content\/uploads\/2021\/01\/kuverte4_orig-600x411.jpg 600w, https:\/\/literaskaligrafija.si\/wp-content\/uploads\/2021\/01\/kuverte4_orig-300x206.jpg 300w, https:\/\/literaskaligrafija.si\/wp-content\/uploads\/2021\/01\/kuverte4_orig-1024x702.jpg 1024w, https:\/\/literaskaligrafija.si\/wp-content\/uploads\/2021\/01\/kuverte4_orig-768x526.jpg 768w\" sizes=\"auto, (max-width: 1100px) 100vw, 1100px\" \/>\t\t\t\t\t\t\t\t\t\t\t\t\t\t<\/a>\n\t\t\t\t\t\t<\/div>\n\t\t\t\t\t<div class=\"qodef-gallery-image\">\n\t\t\t\t\t\t\t\t<a itemprop=\"image\" href=\"https:\/\/literaskaligrafija.si\/wp-content\/uploads\/2021\/01\/kuverte7_orig.jpg\" data-rel=\"lightbox-gallery-cHJldHR5UGhvdG9bc2luZ2xlX3ByZXR0eV9waG90b10=\" data-rl_title=\"\" data-rl_caption=\"\" data-magnific_type=\"gallery\" title=\"\">\n\t\t\t\t\t                    <div class=\"qodef-gallery-image-overlay\"><\/div>\n\t\t\t\t\t\t\t\t\t\t\t<img loading=\"lazy\" decoding=\"async\" width=\"850\" height=\"638\" src=\"https:\/\/literaskaligrafija.si\/wp-content\/uploads\/2021\/01\/kuverte7_orig.jpg\" class=\"attachment-full size-full\" alt=\"Schreiben auf Briefumschl\u00e4gen\" srcset=\"https:\/\/literaskaligrafija.si\/wp-content\/uploads\/2021\/01\/kuverte7_orig.jpg 850w, https:\/\/literaskaligrafija.si\/wp-content\/uploads\/2021\/01\/kuverte7_orig-600x450.jpg 600w, https:\/\/literaskaligrafija.si\/wp-content\/uploads\/2021\/01\/kuverte7_orig-300x225.jpg 300w, https:\/\/literaskaligrafija.si\/wp-content\/uploads\/2021\/01\/kuverte7_orig-768x576.jpg 768w, https:\/\/literaskaligrafija.si\/wp-content\/uploads\/2021\/01\/kuverte7_orig-800x600.jpg 800w\" sizes=\"auto, (max-width: 850px) 100vw, 850px\" \/>\t\t\t\t\t\t\t\t\t\t\t\t\t\t<\/a>\n\t\t\t\t\t\t<\/div>\n\t\t\t\t\t<div class=\"qodef-gallery-image\">\n\t\t\t\t\t\t\t\t<a itemprop=\"image\" href=\"https:\/\/literaskaligrafija.si\/wp-content\/uploads\/2021\/01\/img-3651_orig.jpeg\" data-rel=\"lightbox-gallery-cHJldHR5UGhvdG9bc2luZ2xlX3ByZXR0eV9waG90b10=\" data-rl_title=\"\" data-rl_caption=\"\" data-magnific_type=\"gallery\" title=\"\">\n\t\t\t\t\t                    <div class=\"qodef-gallery-image-overlay\"><\/div>\n\t\t\t\t\t\t\t\t\t\t\t<img loading=\"lazy\" decoding=\"async\" width=\"1067\" height=\"800\" src=\"https:\/\/literaskaligrafija.si\/wp-content\/uploads\/2021\/01\/img-3651_orig.jpeg\" class=\"attachment-full size-full\" alt=\"Umschl\u00e4ge f\u00fcr Hochzeiten\" srcset=\"https:\/\/literaskaligrafija.si\/wp-content\/uploads\/2021\/01\/img-3651_orig.jpeg 1067w, https:\/\/literaskaligrafija.si\/wp-content\/uploads\/2021\/01\/img-3651_orig-600x450.jpeg 600w, https:\/\/literaskaligrafija.si\/wp-content\/uploads\/2021\/01\/img-3651_orig-300x225.jpeg 300w, https:\/\/literaskaligrafija.si\/wp-content\/uploads\/2021\/01\/img-3651_orig-1024x768.jpeg 1024w, https:\/\/literaskaligrafija.si\/wp-content\/uploads\/2021\/01\/img-3651_orig-768x576.jpeg 768w, https:\/\/literaskaligrafija.si\/wp-content\/uploads\/2021\/01\/img-3651_orig-800x600.jpeg 800w\" sizes=\"auto, (max-width: 1067px) 100vw, 1067px\" \/>\t\t\t\t\t\t\t\t\t\t\t\t\t\t<\/a>\n\t\t\t\t\t\t<\/div>\n\t\t\t<\/div>\n<\/div><\/div><\/div><\/div><\/div><\/div><div class=\"vc_row wpb_row vc_row-fluid qodef-section qodef-content-aligment-left\" style=\"\"><div class=\"clearfix qodef-full-section-inner\"><div class=\"wpb_column vc_column_container vc_col-sm-12\"><div class=\"vc_column-inner\"><div class=\"wpb_wrapper\">\n\t<div class=\"wpb_text_column wpb_content_element\" >\n\t\t<div class=\"wpb_wrapper\">\n\t\t\t\n\t\t<\/div>\n\t<\/div>\n<\/div><\/div><\/div><\/div><\/div><div id=\"ctapas\" class=\"vc_row wpb_row vc_row-fluid qodef-section ctapas vc_custom_1613646442235 qodef-content-aligment-left qodef-grid-section\" style=\"\"><div class=\"clearfix qodef-section-inner\"><div class=\"qodef-section-inner-margin clearfix\"><div class=\"wpb_column vc_column_container vc_col-sm-8\"><div class=\"vc_column-inner\"><div class=\"wpb_wrapper\">\n\t<div class=\"wpb_text_column wpb_content_element\" >\n\t\t<div class=\"wpb_wrapper\">\n\t\t\t<h2 style=\"color: #fff;font-size: 40px;text-align: left\">\u00dcberpr\u00fcfen Sie die Produkte im Shop<\/h2>\n\n\t\t<\/div>\n\t<\/div>\n<\/div><\/div><\/div><div class=\"wpb_column vc_column_container vc_col-sm-4\"><div class=\"vc_column-inner\"><div class=\"wpb_wrapper\"><a itemprop=\"url\" href=\"https:\/\/literaskaligrafija.si\/de\/trgovina\/\" target=\"_self\"  class=\"qodef-btn qodef-btn-large qodef-btn-solid gumbcta\"  >\n    <span class=\"qodef-btn-text\">Shop<\/span>\n    <\/a><\/div><\/div><\/div><\/div><\/div><\/div>\n<\/div>","protected":false},"excerpt":{"rendered":"Briefumschl\u00e4ge Es gibt nichts Sch\u00f6neres als eine handgeschriebene Adresse auf einem Briefumschlag, die beim Empf\u00e4nger einen besonderen Eindruck hinterl\u00e4sst. Nat\u00fcrlich ist die Kalligraphie zeitaufw\u00e4ndiger als der Druck. Sie kann auch erheblich teurer sein. Aber nichts kann das \u00fcberw\u00e4ltigende Gef\u00fchl ersetzen, einen handgeschriebenen Umschlag zu erhalten, der das erste ist, was der Empf\u00e4nger zwischen all der anderen Post wahrnimmt. Sie k\u00f6nnen Ihre Umschl\u00e4ge mit Punkt- oder Teilkalligraphie versehen, d. h. nur der Vor- und Nachname werden kalligraphiert, w\u00e4hrend der Rest der Adresse gedruckt bleibt. Das ist eine tolle Kombination, auch wenn Sie bei Ihren Einladungen ein wenig sparen wollen. F\u00fcr...","protected":false},"author":2,"featured_media":0,"parent":0,"menu_order":0,"comment_status":"closed","ping_status":"closed","template":"full-width.php","meta":{"content-type":"","inline_featured_image":false,"footnotes":""},"class_list":["post-4126","page","type-page","status-publish","hentry"],"jetpack_sharing_enabled":true,"_links":{"self":[{"href":"https:\/\/literaskaligrafija.si\/de\/wp-json\/wp\/v2\/pages\/4126","targetHints":{"allow":["GET"]}}],"collection":[{"href":"https:\/\/literaskaligrafija.si\/de\/wp-json\/wp\/v2\/pages"}],"about":[{"href":"https:\/\/literaskaligrafija.si\/de\/wp-json\/wp\/v2\/types\/page"}],"author":[{"embeddable":true,"href":"https:\/\/literaskaligrafija.si\/de\/wp-json\/wp\/v2\/users\/2"}],"replies":[{"embeddable":true,"href":"https:\/\/literaskaligrafija.si\/de\/wp-json\/wp\/v2\/comments?post=4126"}],"version-history":[{"count":0,"href":"https:\/\/literaskaligrafija.si\/de\/wp-json\/wp\/v2\/pages\/4126\/revisions"}],"wp:attachment":[{"href":"https:\/\/literaskaligrafija.si\/de\/wp-json\/wp\/v2\/media?parent=4126"}],"curies":[{"name":"wp","href":"https:\/\/api.w.org\/{rel}","templated":true}]}}