{"id":4139,"date":"2021-01-11T11:52:03","date_gmt":"2021-01-11T10:52:03","guid":{"rendered":"https:\/\/literaskaligrafija.si\/?page_id=4139"},"modified":"2021-03-18T18:14:41","modified_gmt":"2021-03-18T18:14:41","slug":"sedezni-rot","status":"publish","type":"page","link":"https:\/\/literaskaligrafija.si\/de\/sedezni-red\/","title":{"rendered":"Sitzordnung"},"content":{"rendered":"<div class=\"wpb-content-wrapper\"><div class=\"vc_row wpb_row vc_row-fluid qodef-section vc_custom_1609836344664 qodef-content-aligment-center qodef-grid-section\" style=\"\"><div class=\"clearfix qodef-section-inner\"><div class=\"qodef-section-inner-margin clearfix\"><div class=\"wpb_column vc_column_container vc_col-sm-12\"><div class=\"vc_column-inner\"><div class=\"wpb_wrapper\">\n\t<div class=\"wpb_text_column wpb_content_element\" >\n\t\t<div class=\"wpb_wrapper\">\n\t\t\t<h2 style=\"text-align: center;color: #bf1f2e;font-size: 40px\">Sitzordnung<\/h2>\n\n\t\t<\/div>\n\t<\/div>\n<div class=\"vc_empty_space\"   style=\"height: 10px\"><span class=\"vc_empty_space_inner\"><\/span><\/div>\n\t<div class=\"wpb_text_column wpb_content_element\" >\n\t\t<div class=\"wpb_wrapper\">\n\t\t\t<p style=\"text-align: center\">Der Sitzplan kann als anschauliche Darstellung des Hochzeitsortes verwendet werden, an dem Ihre G\u00e4ste Platz nehmen werden. Er gibt einen \u00dcberblick dar\u00fcber, wie voll die Tische sind, und die G\u00e4ste k\u00f6nnen ihren Namen finden, wenn sie ankommen, ohne um die Tische herumlaufen zu m\u00fcssen. <strong>F\u00fcr<\/strong> <strong>Hochzeit oder gro\u00dfe Versammlung<\/strong> Ich empfehle den Sitzplan auf <strong>gr\u00f6\u00dfere Bretter<\/strong> <strong>oder Spiegel<\/strong>. Schreiben Sie darauf die Tischnummern und die Namen der G\u00e4ste an jedem Tisch. Die Tische k\u00f6nnen auch benannt werden, anstatt sie zu nummerieren. Das ist besonders f\u00fcr die G\u00e4ste lustig. Sie wissen, dass sie wahrscheinlich<br \/>\nWir alle erinnern uns an den Namen der Kindergartengruppe, in der wir als Kind waren. Wir bringen Etiketten oder Nummern auf den Tischen an und vervollst\u00e4ndigen die Tischdekoration mit Namen, die sch\u00f6n auf verschiedene Materialien geschrieben sind. Die Sitzordnung ist zwar nicht obligatorisch, aber die meisten Paare entscheiden sich daf\u00fcr, da zugewiesene Pl\u00e4tze die Dinge einfach vereinfachen. Oder zwei Produkte wie <strong>Men\u00fc und Sitzpl\u00e4tze kombinieren<\/strong> und f\u00fcgen Sie die Namen in das Men\u00fc ein.<\/p>\n\n\t\t<\/div>\n\t<\/div>\n<\/div><\/div><\/div><\/div><\/div><\/div><div class=\"vc_row wpb_row vc_row-fluid qodef-section qodef-content-aligment-left\" style=\"\"><div class=\"clearfix qodef-full-section-inner\"><div class=\"wpb_column vc_column_container vc_col-sm-12\"><div class=\"vc_column-inner\"><div class=\"wpb_wrapper\"><div class=\"qodef-image-gallery\">\n\t<div class=\"qodef-image-gallery-grid qodef-gallery-columns-3\" >\n\t\t\t\t\t<div class=\"qodef-gallery-image\">\n\t\t\t\t\t\t\t\t<a itemprop=\"image\" href=\"https:\/\/literaskaligrafija.si\/wp-content\/uploads\/2021\/01\/sedezni-red5_orig.jpg\" data-rel=\"lightbox-gallery-cHJldHR5UGhvdG9bc2luZ2xlX3ByZXR0eV9waG90b10=\" data-rl_title=\"\" data-rl_caption=\"\" data-magnific_type=\"gallery\" title=\"\">\n\t\t\t\t\t                    <div class=\"qodef-gallery-image-overlay\"><\/div>\n\t\t\t\t\t\t\t\t\t\t\t<img loading=\"lazy\" decoding=\"async\" width=\"850\" height=\"638\" src=\"https:\/\/literaskaligrafija.si\/wp-content\/uploads\/2021\/01\/sedezni-red5_orig.jpg\" class=\"attachment-full size-full\" alt=\"Hochzeitssitzpl\u00e4tze schwarz\" srcset=\"https:\/\/literaskaligrafija.si\/wp-content\/uploads\/2021\/01\/sedezni-red5_orig.jpg 850w, https:\/\/literaskaligrafija.si\/wp-content\/uploads\/2021\/01\/sedezni-red5_orig-600x450.jpg 600w, https:\/\/literaskaligrafija.si\/wp-content\/uploads\/2021\/01\/sedezni-red5_orig-300x225.jpg 300w, https:\/\/literaskaligrafija.si\/wp-content\/uploads\/2021\/01\/sedezni-red5_orig-768x576.jpg 768w, https:\/\/literaskaligrafija.si\/wp-content\/uploads\/2021\/01\/sedezni-red5_orig-800x600.jpg 800w\" sizes=\"auto, (max-width: 850px) 100vw, 850px\" \/>\t\t\t\t\t\t\t\t\t\t\t\t\t\t<\/a>\n\t\t\t\t\t\t<\/div>\n\t\t\t\t\t<div class=\"qodef-gallery-image\">\n\t\t\t\t\t\t\t\t<a itemprop=\"image\" href=\"https:\/\/literaskaligrafija.si\/wp-content\/uploads\/2021\/01\/sedezni-red3_orig.jpg\" data-rel=\"lightbox-gallery-cHJldHR5UGhvdG9bc2luZ2xlX3ByZXR0eV9waG90b10=\" data-rl_title=\"\" data-rl_caption=\"\" data-magnific_type=\"gallery\" title=\"\">\n\t\t\t\t\t                    <div class=\"qodef-gallery-image-overlay\"><\/div>\n\t\t\t\t\t\t\t\t\t\t\t<img loading=\"lazy\" decoding=\"async\" width=\"850\" height=\"638\" src=\"https:\/\/literaskaligrafija.si\/wp-content\/uploads\/2021\/01\/sedezni-red3_orig.jpg\" class=\"attachment-full size-full\" alt=\"\" srcset=\"https:\/\/literaskaligrafija.si\/wp-content\/uploads\/2021\/01\/sedezni-red3_orig.jpg 850w, https:\/\/literaskaligrafija.si\/wp-content\/uploads\/2021\/01\/sedezni-red3_orig-600x450.jpg 600w, https:\/\/literaskaligrafija.si\/wp-content\/uploads\/2021\/01\/sedezni-red3_orig-300x225.jpg 300w, https:\/\/literaskaligrafija.si\/wp-content\/uploads\/2021\/01\/sedezni-red3_orig-768x576.jpg 768w, https:\/\/literaskaligrafija.si\/wp-content\/uploads\/2021\/01\/sedezni-red3_orig-800x600.jpg 800w\" sizes=\"auto, (max-width: 850px) 100vw, 850px\" \/>\t\t\t\t\t\t\t\t\t\t\t\t\t\t<\/a>\n\t\t\t\t\t\t<\/div>\n\t\t\t\t\t<div class=\"qodef-gallery-image\">\n\t\t\t\t\t\t\t\t<a itemprop=\"image\" href=\"https:\/\/literaskaligrafija.si\/wp-content\/uploads\/2021\/01\/sedezni-red4_orig.jpg\" data-rel=\"lightbox-gallery-cHJldHR5UGhvdG9bc2luZ2xlX3ByZXR0eV9waG90b10=\" data-rl_title=\"\" data-rl_caption=\"\" data-magnific_type=\"gallery\" title=\"\">\n\t\t\t\t\t                    <div class=\"qodef-gallery-image-overlay\"><\/div>\n\t\t\t\t\t\t\t\t\t\t\t<img loading=\"lazy\" decoding=\"async\" width=\"850\" height=\"638\" src=\"https:\/\/literaskaligrafija.si\/wp-content\/uploads\/2021\/01\/sedezni-red4_orig.jpg\" class=\"attachment-full size-full\" alt=\"Sitzplan f\u00fcr Hochzeiten\" srcset=\"https:\/\/literaskaligrafija.si\/wp-content\/uploads\/2021\/01\/sedezni-red4_orig.jpg 850w, https:\/\/literaskaligrafija.si\/wp-content\/uploads\/2021\/01\/sedezni-red4_orig-600x450.jpg 600w, https:\/\/literaskaligrafija.si\/wp-content\/uploads\/2021\/01\/sedezni-red4_orig-300x225.jpg 300w, https:\/\/literaskaligrafija.si\/wp-content\/uploads\/2021\/01\/sedezni-red4_orig-768x576.jpg 768w, https:\/\/literaskaligrafija.si\/wp-content\/uploads\/2021\/01\/sedezni-red4_orig-800x600.jpg 800w\" sizes=\"auto, (max-width: 850px) 100vw, 850px\" \/>\t\t\t\t\t\t\t\t\t\t\t\t\t\t<\/a>\n\t\t\t\t\t\t<\/div>\n\t\t\t\t\t<div class=\"qodef-gallery-image\">\n\t\t\t\t\t\t\t\t<a itemprop=\"image\" href=\"https:\/\/literaskaligrafija.si\/wp-content\/uploads\/2021\/01\/sedezni-red7_orig.jpg\" data-rel=\"lightbox-gallery-cHJldHR5UGhvdG9bc2luZ2xlX3ByZXR0eV9waG90b10=\" data-rl_title=\"\" data-rl_caption=\"\" data-magnific_type=\"gallery\" title=\"\">\n\t\t\t\t\t                    <div class=\"qodef-gallery-image-overlay\"><\/div>\n\t\t\t\t\t\t\t\t\t\t\t<img loading=\"lazy\" decoding=\"async\" width=\"850\" height=\"638\" src=\"https:\/\/literaskaligrafija.si\/wp-content\/uploads\/2021\/01\/sedezni-red7_orig.jpg\" class=\"attachment-full size-full\" alt=\"Sitzordnung f\u00fcr die Hochzeit\" srcset=\"https:\/\/literaskaligrafija.si\/wp-content\/uploads\/2021\/01\/sedezni-red7_orig.jpg 850w, https:\/\/literaskaligrafija.si\/wp-content\/uploads\/2021\/01\/sedezni-red7_orig-600x450.jpg 600w, https:\/\/literaskaligrafija.si\/wp-content\/uploads\/2021\/01\/sedezni-red7_orig-300x225.jpg 300w, https:\/\/literaskaligrafija.si\/wp-content\/uploads\/2021\/01\/sedezni-red7_orig-768x576.jpg 768w, https:\/\/literaskaligrafija.si\/wp-content\/uploads\/2021\/01\/sedezni-red7_orig-800x600.jpg 800w\" sizes=\"auto, (max-width: 850px) 100vw, 850px\" \/>\t\t\t\t\t\t\t\t\t\t\t\t\t\t<\/a>\n\t\t\t\t\t\t<\/div>\n\t\t\t\t\t<div class=\"qodef-gallery-image\">\n\t\t\t\t\t\t\t\t<a itemprop=\"image\" href=\"https:\/\/literaskaligrafija.si\/wp-content\/uploads\/2021\/01\/sedezni-red9_orig.jpg\" data-rel=\"lightbox-gallery-cHJldHR5UGhvdG9bc2luZ2xlX3ByZXR0eV9waG90b10=\" data-rl_title=\"\" data-rl_caption=\"\" data-magnific_type=\"gallery\" title=\"\">\n\t\t\t\t\t                    <div class=\"qodef-gallery-image-overlay\"><\/div>\n\t\t\t\t\t\t\t\t\t\t\t<img loading=\"lazy\" decoding=\"async\" width=\"850\" height=\"638\" src=\"https:\/\/literaskaligrafija.si\/wp-content\/uploads\/2021\/01\/sedezni-red9_orig.jpg\" class=\"attachment-full size-full\" alt=\"\" srcset=\"https:\/\/literaskaligrafija.si\/wp-content\/uploads\/2021\/01\/sedezni-red9_orig.jpg 850w, https:\/\/literaskaligrafija.si\/wp-content\/uploads\/2021\/01\/sedezni-red9_orig-600x450.jpg 600w, https:\/\/literaskaligrafija.si\/wp-content\/uploads\/2021\/01\/sedezni-red9_orig-300x225.jpg 300w, https:\/\/literaskaligrafija.si\/wp-content\/uploads\/2021\/01\/sedezni-red9_orig-768x576.jpg 768w, https:\/\/literaskaligrafija.si\/wp-content\/uploads\/2021\/01\/sedezni-red9_orig-800x600.jpg 800w\" sizes=\"auto, (max-width: 850px) 100vw, 850px\" \/>\t\t\t\t\t\t\t\t\t\t\t\t\t\t<\/a>\n\t\t\t\t\t\t<\/div>\n\t\t\t\t\t<div class=\"qodef-gallery-image\">\n\t\t\t\t\t\t\t\t<a itemprop=\"image\" href=\"https:\/\/literaskaligrafija.si\/wp-content\/uploads\/2021\/01\/sedezni-red10_orig.jpg\" data-rel=\"lightbox-gallery-cHJldHR5UGhvdG9bc2luZ2xlX3ByZXR0eV9waG90b10=\" data-rl_title=\"\" data-rl_caption=\"\" data-magnific_type=\"gallery\" title=\"\">\n\t\t\t\t\t                    <div class=\"qodef-gallery-image-overlay\"><\/div>\n\t\t\t\t\t\t\t\t\t\t\t<img loading=\"lazy\" decoding=\"async\" width=\"850\" height=\"638\" src=\"https:\/\/literaskaligrafija.si\/wp-content\/uploads\/2021\/01\/sedezni-red10_orig.jpg\" class=\"attachment-full size-full\" alt=\"\" srcset=\"https:\/\/literaskaligrafija.si\/wp-content\/uploads\/2021\/01\/sedezni-red10_orig.jpg 850w, https:\/\/literaskaligrafija.si\/wp-content\/uploads\/2021\/01\/sedezni-red10_orig-600x450.jpg 600w, https:\/\/literaskaligrafija.si\/wp-content\/uploads\/2021\/01\/sedezni-red10_orig-300x225.jpg 300w, https:\/\/literaskaligrafija.si\/wp-content\/uploads\/2021\/01\/sedezni-red10_orig-768x576.jpg 768w, https:\/\/literaskaligrafija.si\/wp-content\/uploads\/2021\/01\/sedezni-red10_orig-800x600.jpg 800w\" sizes=\"auto, (max-width: 850px) 100vw, 850px\" \/>\t\t\t\t\t\t\t\t\t\t\t\t\t\t<\/a>\n\t\t\t\t\t\t<\/div>\n\t\t\t\t\t<div class=\"qodef-gallery-image\">\n\t\t\t\t\t\t\t\t<a itemprop=\"image\" href=\"https:\/\/literaskaligrafija.si\/wp-content\/uploads\/2021\/01\/sedezni-red11_orig.jpg\" data-rel=\"lightbox-gallery-cHJldHR5UGhvdG9bc2luZ2xlX3ByZXR0eV9waG90b10=\" data-rl_title=\"\" data-rl_caption=\"\" data-magnific_type=\"gallery\" title=\"\">\n\t\t\t\t\t                    <div class=\"qodef-gallery-image-overlay\"><\/div>\n\t\t\t\t\t\t\t\t\t\t\t<img loading=\"lazy\" decoding=\"async\" width=\"850\" height=\"638\" src=\"https:\/\/literaskaligrafija.si\/wp-content\/uploads\/2021\/01\/sedezni-red11_orig.jpg\" class=\"attachment-full size-full\" alt=\"\" srcset=\"https:\/\/literaskaligrafija.si\/wp-content\/uploads\/2021\/01\/sedezni-red11_orig.jpg 850w, https:\/\/literaskaligrafija.si\/wp-content\/uploads\/2021\/01\/sedezni-red11_orig-600x450.jpg 600w, https:\/\/literaskaligrafija.si\/wp-content\/uploads\/2021\/01\/sedezni-red11_orig-300x225.jpg 300w, https:\/\/literaskaligrafija.si\/wp-content\/uploads\/2021\/01\/sedezni-red11_orig-768x576.jpg 768w, https:\/\/literaskaligrafija.si\/wp-content\/uploads\/2021\/01\/sedezni-red11_orig-800x600.jpg 800w\" sizes=\"auto, (max-width: 850px) 100vw, 850px\" \/>\t\t\t\t\t\t\t\t\t\t\t\t\t\t<\/a>\n\t\t\t\t\t\t<\/div>\n\t\t\t\t\t<div class=\"qodef-gallery-image\">\n\t\t\t\t\t\t\t\t<a itemprop=\"image\" href=\"https:\/\/literaskaligrafija.si\/wp-content\/uploads\/2021\/01\/sedezni-red1.jpg\" data-rel=\"lightbox-gallery-cHJldHR5UGhvdG9bc2luZ2xlX3ByZXR0eV9waG90b10=\" data-rl_title=\"\" data-rl_caption=\"\" data-magnific_type=\"gallery\" title=\"\">\n\t\t\t\t\t                    <div class=\"qodef-gallery-image-overlay\"><\/div>\n\t\t\t\t\t\t\t\t\t\t\t<img loading=\"lazy\" decoding=\"async\" width=\"1200\" height=\"901\" src=\"https:\/\/literaskaligrafija.si\/wp-content\/uploads\/2021\/01\/sedezni-red1.jpg\" class=\"attachment-full size-full\" alt=\"Sitzordnung - Namen\" srcset=\"https:\/\/literaskaligrafija.si\/wp-content\/uploads\/2021\/01\/sedezni-red1.jpg 1200w, https:\/\/literaskaligrafija.si\/wp-content\/uploads\/2021\/01\/sedezni-red1-600x451.jpg 600w, https:\/\/literaskaligrafija.si\/wp-content\/uploads\/2021\/01\/sedezni-red1-300x225.jpg 300w, https:\/\/literaskaligrafija.si\/wp-content\/uploads\/2021\/01\/sedezni-red1-1024x769.jpg 1024w, https:\/\/literaskaligrafija.si\/wp-content\/uploads\/2021\/01\/sedezni-red1-768x577.jpg 768w, https:\/\/literaskaligrafija.si\/wp-content\/uploads\/2021\/01\/sedezni-red1-800x600.jpg 800w\" sizes=\"auto, (max-width: 1200px) 100vw, 1200px\" \/>\t\t\t\t\t\t\t\t\t\t\t\t\t\t<\/a>\n\t\t\t\t\t\t<\/div>\n\t\t\t\t\t<div class=\"qodef-gallery-image\">\n\t\t\t\t\t\t\t\t<a itemprop=\"image\" href=\"https:\/\/literaskaligrafija.si\/wp-content\/uploads\/2021\/01\/sedezni-red2_orig.jpg\" data-rel=\"lightbox-gallery-cHJldHR5UGhvdG9bc2luZ2xlX3ByZXR0eV9waG90b10=\" data-rl_title=\"\" data-rl_caption=\"\" data-magnific_type=\"gallery\" title=\"\">\n\t\t\t\t\t                    <div class=\"qodef-gallery-image-overlay\"><\/div>\n\t\t\t\t\t\t\t\t\t\t\t<img loading=\"lazy\" decoding=\"async\" width=\"850\" height=\"638\" src=\"https:\/\/literaskaligrafija.si\/wp-content\/uploads\/2021\/01\/sedezni-red2_orig.jpg\" class=\"attachment-full size-full\" alt=\"\" srcset=\"https:\/\/literaskaligrafija.si\/wp-content\/uploads\/2021\/01\/sedezni-red2_orig.jpg 850w, https:\/\/literaskaligrafija.si\/wp-content\/uploads\/2021\/01\/sedezni-red2_orig-600x450.jpg 600w, https:\/\/literaskaligrafija.si\/wp-content\/uploads\/2021\/01\/sedezni-red2_orig-300x225.jpg 300w, https:\/\/literaskaligrafija.si\/wp-content\/uploads\/2021\/01\/sedezni-red2_orig-768x576.jpg 768w, https:\/\/literaskaligrafija.si\/wp-content\/uploads\/2021\/01\/sedezni-red2_orig-800x600.jpg 800w\" sizes=\"auto, (max-width: 850px) 100vw, 850px\" \/>\t\t\t\t\t\t\t\t\t\t\t\t\t\t<\/a>\n\t\t\t\t\t\t<\/div>\n\t\t\t<\/div>\n<\/div><\/div><\/div><\/div><\/div><\/div><div class=\"vc_row wpb_row vc_row-fluid qodef-section qodef-content-aligment-left\" style=\"\"><div class=\"clearfix qodef-full-section-inner\"><div class=\"wpb_column vc_column_container vc_col-sm-12\"><div class=\"vc_column-inner\"><div class=\"wpb_wrapper\">\n\t<div class=\"wpb_text_column wpb_content_element\" >\n\t\t<div class=\"wpb_wrapper\">\n\t\t\t\n\t\t<\/div>\n\t<\/div>\n<\/div><\/div><\/div><\/div><\/div><div id=\"ctapas\" class=\"vc_row wpb_row vc_row-fluid qodef-section ctapas vc_custom_1613646451741 qodef-content-aligment-left qodef-grid-section\" style=\"\"><div class=\"clearfix qodef-section-inner\"><div class=\"qodef-section-inner-margin clearfix\"><div class=\"wpb_column vc_column_container vc_col-sm-8\"><div class=\"vc_column-inner\"><div class=\"wpb_wrapper\">\n\t<div class=\"wpb_text_column wpb_content_element\" >\n\t\t<div class=\"wpb_wrapper\">\n\t\t\t<h2 style=\"color: #fff;font-size: 40px;text-align: left\">\u00dcberpr\u00fcfen Sie die Produkte im Shop<\/h2>\n\n\t\t<\/div>\n\t<\/div>\n<\/div><\/div><\/div><div class=\"wpb_column vc_column_container vc_col-sm-4\"><div class=\"vc_column-inner\"><div class=\"wpb_wrapper\"><a itemprop=\"url\" href=\"https:\/\/literaskaligrafija.si\/de\/trgovina\/\" target=\"_self\"  class=\"qodef-btn qodef-btn-large qodef-btn-solid gumbcta\"  >\n    <span class=\"qodef-btn-text\">Shop<\/span>\n    <\/a><\/div><\/div><\/div><\/div><\/div><\/div>\n<\/div>","protected":false},"excerpt":{"rendered":"Sitzordnung Die Sitzordnung kann dazu dienen, den Ort der Hochzeit zu veranschaulichen, an dem Ihre G\u00e4ste Platz nehmen werden. Sie gibt einen \u00dcberblick dar\u00fcber, wie voll die Tische sind, und die G\u00e4ste k\u00f6nnen ihren Namen finden, wenn sie ankommen, ohne um die Tische herumgehen zu m\u00fcssen. F\u00fcr eine Hochzeit oder eine gr\u00f6\u00dfere Veranstaltung empfehle ich einen Sitzplan auf einer gr\u00f6\u00dferen Tafel oder einem Spiegel. Schreiben Sie die Tischnummern und die Namen der G\u00e4ste an jedem Tisch darauf. Die Tische k\u00f6nnen auch benannt werden, anstatt sie zu nummerieren. Das macht vor allem den G\u00e4sten Spa\u00df. Wir alle wissen wahrscheinlich noch, wie die Gruppe im Kindergarten hie\u00df, in der wir waren....","protected":false},"author":2,"featured_media":0,"parent":0,"menu_order":0,"comment_status":"closed","ping_status":"closed","template":"full-width.php","meta":{"content-type":"","inline_featured_image":false,"footnotes":""},"class_list":["post-4139","page","type-page","status-publish","hentry"],"jetpack_sharing_enabled":true,"_links":{"self":[{"href":"https:\/\/literaskaligrafija.si\/de\/wp-json\/wp\/v2\/pages\/4139","targetHints":{"allow":["GET"]}}],"collection":[{"href":"https:\/\/literaskaligrafija.si\/de\/wp-json\/wp\/v2\/pages"}],"about":[{"href":"https:\/\/literaskaligrafija.si\/de\/wp-json\/wp\/v2\/types\/page"}],"author":[{"embeddable":true,"href":"https:\/\/literaskaligrafija.si\/de\/wp-json\/wp\/v2\/users\/2"}],"replies":[{"embeddable":true,"href":"https:\/\/literaskaligrafija.si\/de\/wp-json\/wp\/v2\/comments?post=4139"}],"version-history":[{"count":0,"href":"https:\/\/literaskaligrafija.si\/de\/wp-json\/wp\/v2\/pages\/4139\/revisions"}],"wp:attachment":[{"href":"https:\/\/literaskaligrafija.si\/de\/wp-json\/wp\/v2\/media?parent=4139"}],"curies":[{"name":"wp","href":"https:\/\/api.w.org\/{rel}","templated":true}]}}