{"id":4151,"date":"2021-01-11T12:05:48","date_gmt":"2021-01-11T11:05:48","guid":{"rendered":"https:\/\/literaskaligrafija.si\/?page_id=4151"},"modified":"2022-08-29T20:42:21","modified_gmt":"2022-08-29T18:42:21","slug":"einladungen","status":"publish","type":"page","link":"https:\/\/literaskaligrafija.si\/de\/vabila\/","title":{"rendered":"Einladungen"},"content":{"rendered":"<div class=\"wpb-content-wrapper\"><div class=\"vc_row wpb_row vc_row-fluid qodef-section vc_custom_1609836344664 qodef-content-aligment-center qodef-grid-section\" style=\"\"><div class=\"clearfix qodef-section-inner\"><div class=\"qodef-section-inner-margin clearfix\"><div class=\"wpb_column vc_column_container vc_col-sm-12\"><div class=\"vc_column-inner\"><div class=\"wpb_wrapper\">\n\t<div class=\"wpb_text_column wpb_content_element\" >\n\t\t<div class=\"wpb_wrapper\">\n\t\t\t<h2 style=\"text-align: center; color: #bf1f2e; font-size: 40px;\">Einladungen<\/h2>\n\n\t\t<\/div>\n\t<\/div>\n<div class=\"vc_empty_space\"   style=\"height: 10px\"><span class=\"vc_empty_space_inner\"><\/span><\/div>\n\t<div class=\"wpb_text_column wpb_content_element\" >\n\t\t<div class=\"wpb_wrapper\">\n\t\t\t<p style=\"text-align: center;\">Kalligrafie ist sehr n\u00fctzlich, wenn wir versuchen, den Momenten des Lebens einen Hauch von Romantik und Eleganz zu verleihen. Ich w\u00e4hle die Schriftart aus und passe sie an die Stimmung des Ereignisses an, um den G\u00e4sten ein Gef\u00fchl von Spannung und Emotion zu vermitteln. F\u00fcr Ihren sch\u00f6nsten Tag k\u00f6nnen Sie w\u00e4hlen <strong>die Hochzeitseinladung, vollst\u00e4ndig in Kalligraphie gedruckt<\/strong>. Auch wenn Sie eine gro\u00dfe Anzahl von Einladungen ben\u00f6tigen, m\u00fcssen Sie nicht auf die Einzigartigkeit verzichten. Ich kann einen Teil oder alle Ihre Einladungen kalligraphisch drucken und <strong>Ich digitalisiere<\/strong>. Es ist daher angebracht<br \/>\n<strong>zum Drucken<\/strong> in mehreren Exemplaren.<\/p>\n\n\t\t<\/div>\n\t<\/div>\n<\/div><\/div><\/div><\/div><\/div><\/div><div class=\"vc_row wpb_row vc_row-fluid qodef-section qodef-content-aligment-left\" style=\"\"><div class=\"clearfix qodef-full-section-inner\"><div class=\"wpb_column vc_column_container vc_col-sm-12\"><div class=\"vc_column-inner\"><div class=\"wpb_wrapper\"><div class=\"qodef-image-gallery\">\n\t<div class=\"qodef-image-gallery-grid qodef-gallery-columns-3\" >\n\t\t\t\t\t<div class=\"qodef-gallery-image\">\n\t\t\t\t\t\t\t\t<a itemprop=\"image\" href=\"https:\/\/literaskaligrafija.si\/wp-content\/uploads\/2021\/01\/poroka11_orig.jpg\" data-rel=\"lightbox-gallery-cHJldHR5UGhvdG9bc2luZ2xlX3ByZXR0eV9waG90b10=\" data-rl_title=\"\" data-rl_caption=\"\" data-magnific_type=\"gallery\" title=\"\">\n\t\t\t\t\t                    <div class=\"qodef-gallery-image-overlay\"><\/div>\n\t\t\t\t\t\t\t\t\t\t\t<img loading=\"lazy\" decoding=\"async\" width=\"850\" height=\"638\" src=\"https:\/\/literaskaligrafija.si\/wp-content\/uploads\/2021\/01\/poroka11_orig.jpg\" class=\"attachment-full size-full\" alt=\"\" srcset=\"https:\/\/literaskaligrafija.si\/wp-content\/uploads\/2021\/01\/poroka11_orig.jpg 850w, https:\/\/literaskaligrafija.si\/wp-content\/uploads\/2021\/01\/poroka11_orig-600x450.jpg 600w, https:\/\/literaskaligrafija.si\/wp-content\/uploads\/2021\/01\/poroka11_orig-300x225.jpg 300w, https:\/\/literaskaligrafija.si\/wp-content\/uploads\/2021\/01\/poroka11_orig-768x576.jpg 768w, https:\/\/literaskaligrafija.si\/wp-content\/uploads\/2021\/01\/poroka11_orig-800x600.jpg 800w\" sizes=\"auto, (max-width: 850px) 100vw, 850px\" \/>\t\t\t\t\t\t\t\t\t\t\t\t\t\t<\/a>\n\t\t\t\t\t\t<\/div>\n\t\t\t\t\t<div class=\"qodef-gallery-image\">\n\t\t\t\t\t\t\t\t<a itemprop=\"image\" href=\"https:\/\/literaskaligrafija.si\/wp-content\/uploads\/2021\/01\/poroka1_orig.jpg\" data-rel=\"lightbox-gallery-cHJldHR5UGhvdG9bc2luZ2xlX3ByZXR0eV9waG90b10=\" data-rl_title=\"\" data-rl_caption=\"\" data-magnific_type=\"gallery\" title=\"\">\n\t\t\t\t\t                    <div class=\"qodef-gallery-image-overlay\"><\/div>\n\t\t\t\t\t\t\t\t\t\t\t<img loading=\"lazy\" decoding=\"async\" width=\"850\" height=\"638\" src=\"https:\/\/literaskaligrafija.si\/wp-content\/uploads\/2021\/01\/poroka1_orig.jpg\" class=\"attachment-full size-full\" alt=\"Hochzeitstorte - Torte mit Inschrift\" srcset=\"https:\/\/literaskaligrafija.si\/wp-content\/uploads\/2021\/01\/poroka1_orig.jpg 850w, https:\/\/literaskaligrafija.si\/wp-content\/uploads\/2021\/01\/poroka1_orig-600x450.jpg 600w, https:\/\/literaskaligrafija.si\/wp-content\/uploads\/2021\/01\/poroka1_orig-300x225.jpg 300w, https:\/\/literaskaligrafija.si\/wp-content\/uploads\/2021\/01\/poroka1_orig-768x576.jpg 768w, https:\/\/literaskaligrafija.si\/wp-content\/uploads\/2021\/01\/poroka1_orig-800x600.jpg 800w\" sizes=\"auto, (max-width: 850px) 100vw, 850px\" \/>\t\t\t\t\t\t\t\t\t\t\t\t\t\t<\/a>\n\t\t\t\t\t\t<\/div>\n\t\t\t\t\t<div class=\"qodef-gallery-image\">\n\t\t\t\t\t\t\t\t<a itemprop=\"image\" href=\"https:\/\/literaskaligrafija.si\/wp-content\/uploads\/2021\/01\/kaligrafija-poproka1_orig.jpg\" data-rel=\"lightbox-gallery-cHJldHR5UGhvdG9bc2luZ2xlX3ByZXR0eV9waG90b10=\" data-rl_title=\"\" data-rl_caption=\"\" data-magnific_type=\"gallery\" title=\"\">\n\t\t\t\t\t                    <div class=\"qodef-gallery-image-overlay\"><\/div>\n\t\t\t\t\t\t\t\t\t\t\t<img loading=\"lazy\" decoding=\"async\" width=\"850\" height=\"638\" src=\"https:\/\/literaskaligrafija.si\/wp-content\/uploads\/2021\/01\/kaligrafija-poproka1_orig.jpg\" class=\"attachment-full size-full\" alt=\"\" srcset=\"https:\/\/literaskaligrafija.si\/wp-content\/uploads\/2021\/01\/kaligrafija-poproka1_orig.jpg 850w, https:\/\/literaskaligrafija.si\/wp-content\/uploads\/2021\/01\/kaligrafija-poproka1_orig-600x450.jpg 600w, https:\/\/literaskaligrafija.si\/wp-content\/uploads\/2021\/01\/kaligrafija-poproka1_orig-300x225.jpg 300w, https:\/\/literaskaligrafija.si\/wp-content\/uploads\/2021\/01\/kaligrafija-poproka1_orig-768x576.jpg 768w, https:\/\/literaskaligrafija.si\/wp-content\/uploads\/2021\/01\/kaligrafija-poproka1_orig-800x600.jpg 800w\" sizes=\"auto, (max-width: 850px) 100vw, 850px\" \/>\t\t\t\t\t\t\t\t\t\t\t\t\t\t<\/a>\n\t\t\t\t\t\t<\/div>\n\t\t\t\t\t<div class=\"qodef-gallery-image\">\n\t\t\t\t\t\t\t\t<a itemprop=\"image\" href=\"https:\/\/literaskaligrafija.si\/wp-content\/uploads\/2021\/01\/kaligrafija-poroka2_orig.jpg\" data-rel=\"lightbox-gallery-cHJldHR5UGhvdG9bc2luZ2xlX3ByZXR0eV9waG90b10=\" data-rl_title=\"\" data-rl_caption=\"\" data-magnific_type=\"gallery\" title=\"\">\n\t\t\t\t\t                    <div class=\"qodef-gallery-image-overlay\"><\/div>\n\t\t\t\t\t\t\t\t\t\t\t<img loading=\"lazy\" decoding=\"async\" width=\"850\" height=\"638\" src=\"https:\/\/literaskaligrafija.si\/wp-content\/uploads\/2021\/01\/kaligrafija-poroka2_orig.jpg\" class=\"attachment-full size-full\" alt=\"Hochzeitseinladung - einzigartige kalligrafische Papeterie\" srcset=\"https:\/\/literaskaligrafija.si\/wp-content\/uploads\/2021\/01\/kaligrafija-poroka2_orig.jpg 850w, https:\/\/literaskaligrafija.si\/wp-content\/uploads\/2021\/01\/kaligrafija-poroka2_orig-600x450.jpg 600w, https:\/\/literaskaligrafija.si\/wp-content\/uploads\/2021\/01\/kaligrafija-poroka2_orig-300x225.jpg 300w, https:\/\/literaskaligrafija.si\/wp-content\/uploads\/2021\/01\/kaligrafija-poroka2_orig-768x576.jpg 768w, https:\/\/literaskaligrafija.si\/wp-content\/uploads\/2021\/01\/kaligrafija-poroka2_orig-800x600.jpg 800w\" sizes=\"auto, (max-width: 850px) 100vw, 850px\" \/>\t\t\t\t\t\t\t\t\t\t\t\t\t\t<\/a>\n\t\t\t\t\t\t<\/div>\n\t\t\t\t\t<div class=\"qodef-gallery-image\">\n\t\t\t\t\t\t\t\t<a itemprop=\"image\" href=\"https:\/\/literaskaligrafija.si\/wp-content\/uploads\/2021\/01\/poroka10_orig.jpg\" data-rel=\"lightbox-gallery-cHJldHR5UGhvdG9bc2luZ2xlX3ByZXR0eV9waG90b10=\" data-rl_title=\"\" data-rl_caption=\"\" data-magnific_type=\"gallery\" title=\"\">\n\t\t\t\t\t                    <div class=\"qodef-gallery-image-overlay\"><\/div>\n\t\t\t\t\t\t\t\t\t\t\t<img loading=\"lazy\" decoding=\"async\" width=\"850\" height=\"638\" src=\"https:\/\/literaskaligrafija.si\/wp-content\/uploads\/2021\/01\/poroka10_orig.jpg\" class=\"attachment-full size-full\" alt=\"Braut - Namenskarte\" srcset=\"https:\/\/literaskaligrafija.si\/wp-content\/uploads\/2021\/01\/poroka10_orig.jpg 850w, https:\/\/literaskaligrafija.si\/wp-content\/uploads\/2021\/01\/poroka10_orig-600x450.jpg 600w, https:\/\/literaskaligrafija.si\/wp-content\/uploads\/2021\/01\/poroka10_orig-300x225.jpg 300w, https:\/\/literaskaligrafija.si\/wp-content\/uploads\/2021\/01\/poroka10_orig-768x576.jpg 768w, https:\/\/literaskaligrafija.si\/wp-content\/uploads\/2021\/01\/poroka10_orig-800x600.jpg 800w\" sizes=\"auto, (max-width: 850px) 100vw, 850px\" \/>\t\t\t\t\t\t\t\t\t\t\t\t\t\t<\/a>\n\t\t\t\t\t\t<\/div>\n\t\t\t\t\t<div class=\"qodef-gallery-image\">\n\t\t\t\t\t\t\t\t<a itemprop=\"image\" href=\"https:\/\/literaskaligrafija.si\/wp-content\/uploads\/2021\/01\/poroka9_orig.jpg\" data-rel=\"lightbox-gallery-cHJldHR5UGhvdG9bc2luZ2xlX3ByZXR0eV9waG90b10=\" data-rl_title=\"\" data-rl_caption=\"\" data-magnific_type=\"gallery\" title=\"\">\n\t\t\t\t\t                    <div class=\"qodef-gallery-image-overlay\"><\/div>\n\t\t\t\t\t\t\t\t\t\t\t<img loading=\"lazy\" decoding=\"async\" width=\"850\" height=\"638\" src=\"https:\/\/literaskaligrafija.si\/wp-content\/uploads\/2021\/01\/poroka9_orig.jpg\" class=\"attachment-full size-full\" alt=\"Hochzeitsmen\u00fc - Dekoration\" srcset=\"https:\/\/literaskaligrafija.si\/wp-content\/uploads\/2021\/01\/poroka9_orig.jpg 850w, https:\/\/literaskaligrafija.si\/wp-content\/uploads\/2021\/01\/poroka9_orig-600x450.jpg 600w, https:\/\/literaskaligrafija.si\/wp-content\/uploads\/2021\/01\/poroka9_orig-300x225.jpg 300w, https:\/\/literaskaligrafija.si\/wp-content\/uploads\/2021\/01\/poroka9_orig-768x576.jpg 768w, https:\/\/literaskaligrafija.si\/wp-content\/uploads\/2021\/01\/poroka9_orig-800x600.jpg 800w\" sizes=\"auto, (max-width: 850px) 100vw, 850px\" \/>\t\t\t\t\t\t\t\t\t\t\t\t\t\t<\/a>\n\t\t\t\t\t\t<\/div>\n\t\t\t\t\t<div class=\"qodef-gallery-image\">\n\t\t\t\t\t\t\t\t<a itemprop=\"image\" href=\"https:\/\/literaskaligrafija.si\/wp-content\/uploads\/2021\/01\/poroka61_orig.jpg\" data-rel=\"lightbox-gallery-cHJldHR5UGhvdG9bc2luZ2xlX3ByZXR0eV9waG90b10=\" data-rl_title=\"\" data-rl_caption=\"\" data-magnific_type=\"gallery\" title=\"\">\n\t\t\t\t\t                    <div class=\"qodef-gallery-image-overlay\"><\/div>\n\t\t\t\t\t\t\t\t\t\t\t<img loading=\"lazy\" decoding=\"async\" width=\"850\" height=\"638\" src=\"https:\/\/literaskaligrafija.si\/wp-content\/uploads\/2021\/01\/poroka61_orig.jpg\" class=\"attachment-full size-full\" alt=\"Hochzeitspapeterie mit Siegeln\" srcset=\"https:\/\/literaskaligrafija.si\/wp-content\/uploads\/2021\/01\/poroka61_orig.jpg 850w, https:\/\/literaskaligrafija.si\/wp-content\/uploads\/2021\/01\/poroka61_orig-600x450.jpg 600w, https:\/\/literaskaligrafija.si\/wp-content\/uploads\/2021\/01\/poroka61_orig-300x225.jpg 300w, https:\/\/literaskaligrafija.si\/wp-content\/uploads\/2021\/01\/poroka61_orig-768x576.jpg 768w, https:\/\/literaskaligrafija.si\/wp-content\/uploads\/2021\/01\/poroka61_orig-800x600.jpg 800w\" sizes=\"auto, (max-width: 850px) 100vw, 850px\" \/>\t\t\t\t\t\t\t\t\t\t\t\t\t\t<\/a>\n\t\t\t\t\t\t<\/div>\n\t\t\t\t\t<div class=\"qodef-gallery-image\">\n\t\t\t\t\t\t\t\t<a itemprop=\"image\" href=\"https:\/\/literaskaligrafija.si\/wp-content\/uploads\/2021\/01\/poroka12.jpg\" data-rel=\"lightbox-gallery-cHJldHR5UGhvdG9bc2luZ2xlX3ByZXR0eV9waG90b10=\" data-rl_title=\"\" data-rl_caption=\"\" data-magnific_type=\"gallery\" title=\"\">\n\t\t\t\t\t                    <div class=\"qodef-gallery-image-overlay\"><\/div>\n\t\t\t\t\t\t\t\t\t\t\t<img loading=\"lazy\" decoding=\"async\" width=\"850\" height=\"638\" src=\"https:\/\/literaskaligrafija.si\/wp-content\/uploads\/2021\/01\/poroka12.jpg\" class=\"attachment-full size-full\" alt=\"Hochzeitspapeterie mit Siegeln\" srcset=\"https:\/\/literaskaligrafija.si\/wp-content\/uploads\/2021\/01\/poroka12.jpg 850w, https:\/\/literaskaligrafija.si\/wp-content\/uploads\/2021\/01\/poroka12-600x450.jpg 600w, https:\/\/literaskaligrafija.si\/wp-content\/uploads\/2021\/01\/poroka12-300x225.jpg 300w, https:\/\/literaskaligrafija.si\/wp-content\/uploads\/2021\/01\/poroka12-768x576.jpg 768w, https:\/\/literaskaligrafija.si\/wp-content\/uploads\/2021\/01\/poroka12-800x600.jpg 800w\" sizes=\"auto, (max-width: 850px) 100vw, 850px\" \/>\t\t\t\t\t\t\t\t\t\t\t\t\t\t<\/a>\n\t\t\t\t\t\t<\/div>\n\t\t\t\t\t<div class=\"qodef-gallery-image\">\n\t\t\t\t\t\t\t\t<a itemprop=\"image\" href=\"https:\/\/literaskaligrafija.si\/wp-content\/uploads\/2021\/01\/Untitled-1.jpg\" data-rel=\"lightbox-gallery-cHJldHR5UGhvdG9bc2luZ2xlX3ByZXR0eV9waG90b10=\" data-rl_title=\"\" data-rl_caption=\"\" data-magnific_type=\"gallery\" title=\"\">\n\t\t\t\t\t                    <div class=\"qodef-gallery-image-overlay\"><\/div>\n\t\t\t\t\t\t\t\t\t\t\t<img loading=\"lazy\" decoding=\"async\" width=\"850\" height=\"638\" src=\"https:\/\/literaskaligrafija.si\/wp-content\/uploads\/2021\/01\/Untitled-1.jpg\" class=\"attachment-full size-full\" alt=\"Hochzeitseinladungen mit Siegel\" srcset=\"https:\/\/literaskaligrafija.si\/wp-content\/uploads\/2021\/01\/Untitled-1.jpg 850w, https:\/\/literaskaligrafija.si\/wp-content\/uploads\/2021\/01\/Untitled-1-600x450.jpg 600w, https:\/\/literaskaligrafija.si\/wp-content\/uploads\/2021\/01\/Untitled-1-300x225.jpg 300w, https:\/\/literaskaligrafija.si\/wp-content\/uploads\/2021\/01\/Untitled-1-768x576.jpg 768w, https:\/\/literaskaligrafija.si\/wp-content\/uploads\/2021\/01\/Untitled-1-800x600.jpg 800w\" sizes=\"auto, (max-width: 850px) 100vw, 850px\" \/>\t\t\t\t\t\t\t\t\t\t\t\t\t\t<\/a>\n\t\t\t\t\t\t<\/div>\n\t\t\t<\/div>\n<\/div><\/div><\/div><\/div><\/div><\/div><div class=\"vc_row wpb_row vc_row-fluid qodef-section qodef-content-aligment-left\" style=\"\"><div class=\"clearfix qodef-full-section-inner\"><div class=\"wpb_column vc_column_container vc_col-sm-12\"><div class=\"vc_column-inner\"><div class=\"wpb_wrapper\">\n\t<div class=\"wpb_text_column wpb_content_element\" >\n\t\t<div class=\"wpb_wrapper\">\n\t\t\t\n\t\t<\/div>\n\t<\/div>\n<\/div><\/div><\/div><\/div><\/div><div id=\"ctapas\" class=\"vc_row wpb_row vc_row-fluid qodef-section ctapas vc_custom_1613646468939 qodef-content-aligment-left qodef-grid-section\" style=\"\"><div class=\"clearfix qodef-section-inner\"><div class=\"qodef-section-inner-margin clearfix\"><div class=\"wpb_column vc_column_container vc_col-sm-8\"><div class=\"vc_column-inner\"><div class=\"wpb_wrapper\">\n\t<div class=\"wpb_text_column wpb_content_element\" >\n\t\t<div class=\"wpb_wrapper\">\n\t\t\t<h2 style=\"color: #fff; font-size: 40px; text-align: left;\">\u00dcberpr\u00fcfen Sie die Produkte im Shop<\/h2>\n\n\t\t<\/div>\n\t<\/div>\n<\/div><\/div><\/div><div class=\"wpb_column vc_column_container vc_col-sm-4\"><div class=\"vc_column-inner\"><div class=\"wpb_wrapper\"><a itemprop=\"url\" href=\"https:\/\/literaskaligrafija.si\/de\/trgovina\/\" target=\"_self\"  class=\"qodef-btn qodef-btn-large qodef-btn-solid gumbcta\"  >\n    <span class=\"qodef-btn-text\">Shop<\/span>\n    <\/a><\/div><\/div><\/div><\/div><\/div><\/div>\n<\/div>","protected":false},"excerpt":{"rendered":"Einladungen Kalligrafie ist sehr n\u00fctzlich, wenn es darum geht, den Momenten des Lebens einen Hauch von Romantik und Eleganz zu verleihen. Ich w\u00e4hle die Schriftart aus und passe sie an die Stimmung des Ereignisses an, so dass die G\u00e4ste einen aufregenden und emotionalen Eindruck gewinnen. F\u00fcr Ihren sch\u00f6nsten Tag k\u00f6nnen Sie eine vollst\u00e4ndig kalligraphierte Hochzeitseinladung w\u00e4hlen. Auch wenn Sie eine gro\u00dfe Anzahl von Einladungen ben\u00f6tigen, m\u00fcssen Sie nicht auf Einzigartigkeit verzichten. Ich kann einen Teil oder alle Ihre Einladungen kalligraphisch drucken und digitalisieren. Das macht sie geeignet f\u00fcr den Druck auf mehrere Exemplare. Sehen Sie sich die Produkte im Shop an","protected":false},"author":2,"featured_media":0,"parent":0,"menu_order":0,"comment_status":"closed","ping_status":"closed","template":"full-width.php","meta":{"content-type":"","inline_featured_image":false,"footnotes":""},"class_list":["post-4151","page","type-page","status-publish","hentry"],"jetpack_sharing_enabled":true,"_links":{"self":[{"href":"https:\/\/literaskaligrafija.si\/de\/wp-json\/wp\/v2\/pages\/4151","targetHints":{"allow":["GET"]}}],"collection":[{"href":"https:\/\/literaskaligrafija.si\/de\/wp-json\/wp\/v2\/pages"}],"about":[{"href":"https:\/\/literaskaligrafija.si\/de\/wp-json\/wp\/v2\/types\/page"}],"author":[{"embeddable":true,"href":"https:\/\/literaskaligrafija.si\/de\/wp-json\/wp\/v2\/users\/2"}],"replies":[{"embeddable":true,"href":"https:\/\/literaskaligrafija.si\/de\/wp-json\/wp\/v2\/comments?post=4151"}],"version-history":[{"count":2,"href":"https:\/\/literaskaligrafija.si\/de\/wp-json\/wp\/v2\/pages\/4151\/revisions"}],"predecessor-version":[{"id":5463,"href":"https:\/\/literaskaligrafija.si\/de\/wp-json\/wp\/v2\/pages\/4151\/revisions\/5463"}],"wp:attachment":[{"href":"https:\/\/literaskaligrafija.si\/de\/wp-json\/wp\/v2\/media?parent=4151"}],"curies":[{"name":"wp","href":"https:\/\/api.w.org\/{rel}","templated":true}]}}