{"id":4184,"date":"2021-01-11T13:04:23","date_gmt":"2021-01-11T12:04:23","guid":{"rendered":"https:\/\/literaskaligrafija.si\/?page_id=4184"},"modified":"2021-11-11T17:29:42","modified_gmt":"2021-11-11T16:29:42","slug":"tabelle","status":"publish","type":"page","link":"https:\/\/literaskaligrafija.si\/de\/table\/","title":{"rendered":"Tabelle"},"content":{"rendered":"<div class=\"wpb-content-wrapper\"><div class=\"vc_row wpb_row vc_row-fluid qodef-section vc_custom_1609836344664 qodef-content-aligment-center qodef-grid-section\" style=\"\"><div class=\"clearfix qodef-section-inner\"><div class=\"qodef-section-inner-margin clearfix\"><div class=\"wpb_column vc_column_container vc_col-sm-12\"><div class=\"vc_column-inner\"><div class=\"wpb_wrapper\">\n\t<div class=\"wpb_text_column wpb_content_element\" >\n\t\t<div class=\"wpb_wrapper\">\n\t\t\t<h2 style=\"text-align: center; color: #bf1f2e; font-size: 40px;\">Tabelle<\/h2>\n\n\t\t<\/div>\n\t<\/div>\n<div class=\"vc_empty_space\"   style=\"height: 10px\"><span class=\"vc_empty_space_inner\"><\/span><\/div>\n\t<div class=\"wpb_text_column wpb_content_element\" >\n\t\t<div class=\"wpb_wrapper\">\n\t\t\t<p style=\"text-align: center;\"><strong>Schreiben Sie an<\/strong> f\u00fcr Hochzeiten, Partys und Veranstaltungen bei <strong>Acryl, Holz oder Spiegel<\/strong>. Ob Willkommenstafel, Sitzplan oder G\u00e4steliste, alle unsere Tafeln sind <strong>Handschriftlich<\/strong>in dem von Ihnen gew\u00e4hlten kalligrafischen Stil und auf den Materialien, die ich mit Ihnen f\u00fcr Ihren perfekten Tag ausw\u00e4hle. Sie m\u00fcssen sich keine Gedanken dar\u00fcber machen, wohin mit all den Schildern nach Ihrer Veranstaltung. Sie k\u00f6nnen sie von mir anfertigen lassen <strong>k\u00f6nnen Sie auch mieten<\/strong>.<\/p>\n\n\t\t<\/div>\n\t<\/div>\n<\/div><\/div><\/div><\/div><\/div><\/div><div class=\"vc_row wpb_row vc_row-fluid qodef-section qodef-content-aligment-left\" style=\"\"><div class=\"clearfix qodef-full-section-inner\"><div class=\"wpb_column vc_column_container vc_col-sm-12\"><div class=\"vc_column-inner\"><div class=\"wpb_wrapper\"><div class=\"qodef-image-gallery\">\n\t<div class=\"qodef-image-gallery-grid qodef-gallery-columns-3\" >\n\t\t\t\t\t<div class=\"qodef-gallery-image\">\n\t\t\t\t\t\t\t\t<a itemprop=\"image\" href=\"https:\/\/literaskaligrafija.si\/wp-content\/uploads\/2021\/01\/table2_orig-1.jpg\" data-rel=\"lightbox-gallery-cHJldHR5UGhvdG9bc2luZ2xlX3ByZXR0eV9waG90b10=\" data-rl_title=\"\" data-rl_caption=\"\" data-magnific_type=\"gallery\" title=\"\">\n\t\t\t\t\t                    <div class=\"qodef-gallery-image-overlay\"><\/div>\n\t\t\t\t\t\t\t\t\t\t\t<img loading=\"lazy\" decoding=\"async\" width=\"850\" height=\"568\" src=\"https:\/\/literaskaligrafija.si\/wp-content\/uploads\/2021\/01\/table2_orig-1.jpg\" class=\"attachment-full size-full\" alt=\"Einzigartige Hochzeitstafeln\" srcset=\"https:\/\/literaskaligrafija.si\/wp-content\/uploads\/2021\/01\/table2_orig-1.jpg 850w, https:\/\/literaskaligrafija.si\/wp-content\/uploads\/2021\/01\/table2_orig-1-600x401.jpg 600w, https:\/\/literaskaligrafija.si\/wp-content\/uploads\/2021\/01\/table2_orig-1-300x200.jpg 300w, https:\/\/literaskaligrafija.si\/wp-content\/uploads\/2021\/01\/table2_orig-1-768x513.jpg 768w\" sizes=\"auto, (max-width: 850px) 100vw, 850px\" \/>\t\t\t\t\t\t\t\t\t\t\t\t\t\t<\/a>\n\t\t\t\t\t\t<\/div>\n\t\t\t\t\t<div class=\"qodef-gallery-image\">\n\t\t\t\t\t\t\t\t<a itemprop=\"image\" href=\"https:\/\/literaskaligrafija.si\/wp-content\/uploads\/2021\/01\/table4-1.jpg\" data-rel=\"lightbox-gallery-cHJldHR5UGhvdG9bc2luZ2xlX3ByZXR0eV9waG90b10=\" data-rl_title=\"\" data-rl_caption=\"\" data-magnific_type=\"gallery\" title=\"\">\n\t\t\t\t\t                    <div class=\"qodef-gallery-image-overlay\"><\/div>\n\t\t\t\t\t\t\t\t\t\t\t<img loading=\"lazy\" decoding=\"async\" width=\"1200\" height=\"800\" src=\"https:\/\/literaskaligrafija.si\/wp-content\/uploads\/2021\/01\/table4-1.jpg\" class=\"attachment-full size-full\" alt=\"Plexiglastisch f\u00fcr Hochzeit\" srcset=\"https:\/\/literaskaligrafija.si\/wp-content\/uploads\/2021\/01\/table4-1.jpg 1200w, https:\/\/literaskaligrafija.si\/wp-content\/uploads\/2021\/01\/table4-1-600x400.jpg 600w, https:\/\/literaskaligrafija.si\/wp-content\/uploads\/2021\/01\/table4-1-300x200.jpg 300w, https:\/\/literaskaligrafija.si\/wp-content\/uploads\/2021\/01\/table4-1-1024x683.jpg 1024w, https:\/\/literaskaligrafija.si\/wp-content\/uploads\/2021\/01\/table4-1-768x512.jpg 768w\" sizes=\"auto, (max-width: 1200px) 100vw, 1200px\" \/>\t\t\t\t\t\t\t\t\t\t\t\t\t\t<\/a>\n\t\t\t\t\t\t<\/div>\n\t\t\t\t\t<div class=\"qodef-gallery-image\">\n\t\t\t\t\t\t\t\t<a itemprop=\"image\" href=\"https:\/\/literaskaligrafija.si\/wp-content\/uploads\/2021\/11\/Ogledalo_web.gif\" data-rel=\"lightbox-gallery-cHJldHR5UGhvdG9bc2luZ2xlX3ByZXR0eV9waG90b10=\" data-rl_title=\"\" data-rl_caption=\"\" data-magnific_type=\"gallery\" title=\"\">\n\t\t\t\t\t                    <div class=\"qodef-gallery-image-overlay\"><\/div>\n\t\t\t\t\t\t\t\t\t\t\t<img loading=\"lazy\" decoding=\"async\" width=\"1600\" height=\"1064\" src=\"https:\/\/literaskaligrafija.si\/wp-content\/uploads\/2021\/11\/Ogledalo_web.gif\" class=\"attachment-full size-full\" alt=\"Bestellung von Sitzspiegeln\" \/>\t\t\t\t\t\t\t\t\t\t\t\t\t\t<\/a>\n\t\t\t\t\t\t<\/div>\n\t\t\t<\/div>\n<\/div><\/div><\/div><\/div><\/div><\/div><div class=\"vc_row wpb_row vc_row-fluid qodef-section qodef-content-aligment-left\" style=\"\"><div class=\"clearfix qodef-full-section-inner\"><div class=\"wpb_column vc_column_container vc_col-sm-12\"><div class=\"vc_column-inner\"><div class=\"wpb_wrapper\">\n\t<div class=\"wpb_text_column wpb_content_element\" >\n\t\t<div class=\"wpb_wrapper\">\n\t\t\t\n\t\t<\/div>\n\t<\/div>\n<\/div><\/div><\/div><\/div><\/div><div id=\"ctapas\" class=\"vc_row wpb_row vc_row-fluid qodef-section ctapas vc_custom_1613646521698 qodef-content-aligment-left qodef-grid-section\" style=\"\"><div class=\"clearfix qodef-section-inner\"><div class=\"qodef-section-inner-margin clearfix\"><div class=\"wpb_column vc_column_container vc_col-sm-8\"><div class=\"vc_column-inner\"><div class=\"wpb_wrapper\">\n\t<div class=\"wpb_text_column wpb_content_element\" >\n\t\t<div class=\"wpb_wrapper\">\n\t\t\t<h2 style=\"color: #fff; font-size: 40px; text-align: left;\">\u00dcberpr\u00fcfen Sie die Produkte im Shop<\/h2>\n\n\t\t<\/div>\n\t<\/div>\n<\/div><\/div><\/div><div class=\"wpb_column vc_column_container vc_col-sm-4\"><div class=\"vc_column-inner\"><div class=\"wpb_wrapper\"><a itemprop=\"url\" href=\"https:\/\/literaskaligrafija.si\/de\/trgovina\/\" target=\"_self\"  class=\"qodef-btn qodef-btn-large qodef-btn-solid gumbcta\"  >\n    <span class=\"qodef-btn-text\">Shop<\/span>\n    <\/a><\/div><\/div><\/div><\/div><\/div><\/div>\n<\/div>","protected":false},"excerpt":{"rendered":"Tischschilder f\u00fcr Hochzeiten, Partys und Veranstaltungen auf Acryl, Holz oder Spiegel. Ob Willkommensschild, Sitzordnung oder G\u00e4steliste, alle unsere Schilder werden in dem von Ihnen gew\u00e4hlten kalligrafischen Stil und auf Materialien handgeschrieben, die ich gemeinsam mit Ihnen f\u00fcr Ihren perfekten Tag ausw\u00e4hle. Sie m\u00fcssen sich keine Gedanken dar\u00fcber machen, wohin Sie die Schilder nach Ihrer Veranstaltung stellen. Sie k\u00f6nnen sie sogar bei mir mieten. Sehen Sie sich die Produkte im Shop an","protected":false},"author":2,"featured_media":0,"parent":0,"menu_order":0,"comment_status":"closed","ping_status":"closed","template":"full-width.php","meta":{"content-type":"","inline_featured_image":false,"footnotes":""},"class_list":["post-4184","page","type-page","status-publish","hentry"],"jetpack_sharing_enabled":true,"_links":{"self":[{"href":"https:\/\/literaskaligrafija.si\/de\/wp-json\/wp\/v2\/pages\/4184","targetHints":{"allow":["GET"]}}],"collection":[{"href":"https:\/\/literaskaligrafija.si\/de\/wp-json\/wp\/v2\/pages"}],"about":[{"href":"https:\/\/literaskaligrafija.si\/de\/wp-json\/wp\/v2\/types\/page"}],"author":[{"embeddable":true,"href":"https:\/\/literaskaligrafija.si\/de\/wp-json\/wp\/v2\/users\/2"}],"replies":[{"embeddable":true,"href":"https:\/\/literaskaligrafija.si\/de\/wp-json\/wp\/v2\/comments?post=4184"}],"version-history":[{"count":0,"href":"https:\/\/literaskaligrafija.si\/de\/wp-json\/wp\/v2\/pages\/4184\/revisions"}],"wp:attachment":[{"href":"https:\/\/literaskaligrafija.si\/de\/wp-json\/wp\/v2\/media?parent=4184"}],"curies":[{"name":"wp","href":"https:\/\/api.w.org\/{rel}","templated":true}]}}