{"id":5464,"date":"2022-08-29T20:45:15","date_gmt":"2022-08-29T18:45:15","guid":{"rendered":"https:\/\/literaskaligrafija.si\/?page_id=5464"},"modified":"2022-08-29T20:50:07","modified_gmt":"2022-08-29T18:50:07","slug":"b2b","status":"publish","type":"page","link":"https:\/\/literaskaligrafija.si\/de\/b2b\/","title":{"rendered":"B2B"},"content":{"rendered":"<div class=\"wpb-content-wrapper\"><div class=\"vc_row wpb_row vc_row-fluid qodef-section vc_custom_1609836344664 qodef-content-aligment-center qodef-grid-section\" style=\"\"><div class=\"clearfix qodef-section-inner\"><div class=\"qodef-section-inner-margin clearfix\"><div class=\"wpb_column vc_column_container vc_col-sm-12\"><div class=\"vc_column-inner\"><div class=\"wpb_wrapper\">\n\t<div class=\"wpb_text_column wpb_content_element\" >\n\t\t<div class=\"wpb_wrapper\">\n\t\t\t<h2 style=\"text-align: center; color: #bf1f2e; font-size: 40px;\">F\u00fcr Ihre Veranstaltung<\/h2>\n\n\t\t<\/div>\n\t<\/div>\n<div class=\"vc_empty_space\"   style=\"height: 10px\"><span class=\"vc_empty_space_inner\"><\/span><\/div>\n\t<div class=\"wpb_text_column wpb_content_element\" >\n\t\t<div class=\"wpb_wrapper\">\n\t\t\t<p style=\"text-align: center;\">Einer der <strong>richtungsweisende Verfahren<\/strong>die der Kalligraphie m\u00e4chtig sind, ist <strong>Gravur. <\/strong>Die Gravur ist eine Form der dauerhaften Verzierung eines Produkts, bei der das Design in die Oberfl\u00e4che selbst eingraviert wird.  Stellen Sie sich eine prestigetr\u00e4chtige Flasche vor<strong> Whisky, Cognac oder Wein<\/strong>auf dem in kalligrafischer Schrift <strong>eingraviert<\/strong>und<strong> mit Gold<\/strong> eine besondere Widmung an den Vater durch einen liebenden Sohn. Oder eine lang ersehnte Flasche <strong>Parf\u00fcms<\/strong> f\u00fcr seine Frau, mit einer sch\u00f6nen und tiefgr\u00fcndigen Botschaft ihres Mannes eingraviert. Glaubt es, meine Lieben, <strong>du wirst ihr Herz zum Schmelzen bringen<\/strong>.<\/p>\n\n\t\t<\/div>\n\t<\/div>\n<div class=\"vc_empty_space\"   style=\"height: 10px\"><span class=\"vc_empty_space_inner\"><\/span><\/div>\n\t<div  class=\"wpb_single_image wpb_content_element vc_align_left wpb_content_element\">\n\t\t\n\t\t<figure class=\"wpb_wrapper vc_figure\">\n\t\t\t<div class=\"vc_single_image-wrapper   vc_box_border_grey\"><img loading=\"lazy\" decoding=\"async\" width=\"1200\" height=\"800\" src=\"https:\/\/literaskaligrafija.si\/wp-content\/uploads\/2021\/02\/Rocno-graviranje-literas-parfum.jpg\" class=\"vc_single_image-img attachment-full\" alt=\"Kalligraphie Slowenien - Literas Kalligraphie\" title=\"Handgravur-literas-parfum\" srcset=\"https:\/\/literaskaligrafija.si\/wp-content\/uploads\/2021\/02\/Rocno-graviranje-literas-parfum.jpg 1200w, https:\/\/literaskaligrafija.si\/wp-content\/uploads\/2021\/02\/Rocno-graviranje-literas-parfum-600x400.jpg 600w, https:\/\/literaskaligrafija.si\/wp-content\/uploads\/2021\/02\/Rocno-graviranje-literas-parfum-300x200.jpg 300w, https:\/\/literaskaligrafija.si\/wp-content\/uploads\/2021\/02\/Rocno-graviranje-literas-parfum-1024x683.jpg 1024w, https:\/\/literaskaligrafija.si\/wp-content\/uploads\/2021\/02\/Rocno-graviranje-literas-parfum-768x512.jpg 768w, https:\/\/literaskaligrafija.si\/wp-content\/uploads\/2021\/02\/Rocno-graviranje-literas-parfum-1000x667.jpg 1000w\" sizes=\"auto, (max-width: 1200px) 100vw, 1200px\" \/><\/div>\n\t\t<\/figure>\n\t<\/div>\n<div class=\"vc_empty_space\"   style=\"height: 40px\"><span class=\"vc_empty_space_inner\"><\/span><\/div>\n\t<div class=\"wpb_text_column wpb_content_element\" >\n\t\t<div class=\"wpb_wrapper\">\n\t\t\t<h1 style=\"text-align: center; color: #bf1f2e; font-size: 40px;\">Kalligraphie<\/h1>\n\n\t\t<\/div>\n\t<\/div>\n<div class=\"vc_empty_space\"   style=\"height: 20px\"><span class=\"vc_empty_space_inner\"><\/span><\/div>\n\t<div class=\"wpb_text_column wpb_content_element\" >\n\t\t<div class=\"wpb_wrapper\">\n\t\t\t<p style=\"text-align: center;\"><strong>Wir gravieren ausschlie\u00dflich von Hand.<\/strong> Unsere Handgravur umfasst keine Lasergravur. Daher k\u00f6nnen wir auch Produkte gravieren, die f\u00fcr eine Lasergravur nicht geeignet sind. Gemeinsam mit Ihnen w\u00e4hlen wir aus <strong>kalligrafische Schrift<\/strong>die am besten zu dem Anlass passt, f\u00fcr den Sie das Geschenk ausgew\u00e4hlt haben. F\u00fcr <strong>sch\u00f6nes fertiges Aussehen<\/strong> Design wird weiter unterstrichen durch <strong>vergoldet oder versilbert<\/strong>. Das macht Ihr Geschenk noch besonderer.<\/p>\n\n\t\t<\/div>\n\t<\/div>\n<div class=\"vc_empty_space\"   style=\"height: 10px\"><span class=\"vc_empty_space_inner\"><\/span><\/div>\n\t<div  class=\"wpb_single_image wpb_content_element vc_align_center wpb_content_element\">\n\t\t\n\t\t<figure class=\"wpb_wrapper vc_figure\">\n\t\t\t<div class=\"vc_single_image-wrapper   vc_box_border_grey\"><img loading=\"lazy\" decoding=\"async\" width=\"1500\" height=\"1000\" src=\"https:\/\/literaskaligrafija.si\/wp-content\/uploads\/2022\/05\/Gravirano_vino-1.jpg\" class=\"vc_single_image-img attachment-full\" alt=\"Gravur auf der Flasche\" title=\"Hochzeitsgeschenke\" srcset=\"https:\/\/literaskaligrafija.si\/wp-content\/uploads\/2022\/05\/Gravirano_vino-1.jpg 1500w, https:\/\/literaskaligrafija.si\/wp-content\/uploads\/2022\/05\/Gravirano_vino-1-600x400.jpg 600w, https:\/\/literaskaligrafija.si\/wp-content\/uploads\/2022\/05\/Gravirano_vino-1-300x200.jpg 300w, https:\/\/literaskaligrafija.si\/wp-content\/uploads\/2022\/05\/Gravirano_vino-1-1024x683.jpg 1024w, https:\/\/literaskaligrafija.si\/wp-content\/uploads\/2022\/05\/Gravirano_vino-1-768x512.jpg 768w, https:\/\/literaskaligrafija.si\/wp-content\/uploads\/2022\/05\/Gravirano_vino-1-1000x667.jpg 1000w\" sizes=\"auto, (max-width: 1500px) 100vw, 1500px\" \/><\/div>\n\t\t<\/figure>\n\t<\/div>\n<div class=\"vc_empty_space\"   style=\"height: 40px\"><span class=\"vc_empty_space_inner\"><\/span><\/div>\n\t<div class=\"wpb_text_column wpb_content_element\" >\n\t\t<div class=\"wpb_wrapper\">\n\t\t\t<h2 style=\"text-align: center; color: #bf1f2e; font-size: 40px;\">FRAGEN UND ANTWORTEN<\/h2>\n\n\t\t<\/div>\n\t<\/div>\n<div class=\"vc_empty_space\"   style=\"height: 20px\"><span class=\"vc_empty_space_inner\"><\/span><\/div>\n\t<div class=\"wpb_text_column wpb_content_element\" >\n\t\t<div class=\"wpb_wrapper\">\n\t\t\t<p style=\"text-align: center;\">Geeignet f\u00fcr Gravur <strong>Weine, D\u00fcfte, Parf\u00fcms und nat\u00fcrlich Whisky- oder Cognacflaschen<\/strong>, <strong>Dekanter, Messer und Tortenspatel, <\/strong><strong>Wasserflaschen oder Thermosflaschen. Gravur<\/strong> Auf bereits geschliffenen Flaschen ist dies nicht m\u00f6glich, da die Gravur auf solchen Oberfl\u00e4chen nicht sichtbar ist. Einige Flaschen sind mit einer Beschichtung versehen, die wie geschliffenes Glas aussieht und beim Gravieren abbl\u00e4ttert. Auch <strong>Champagner<\/strong> und <strong>Pennine <\/strong>sind f\u00fcr die Gravur nicht geeignet, da die Flaschen unter Druck stehen und w\u00e4hrend des Gravierens oder auch danach gef\u00e4hrlich platzen k\u00f6nnen. Aus diesem Grund werden sie nur in Ausnahmef\u00e4llen graviert. Denn die Gravur greift in die Oberfl\u00e4che der Flasche ein und kann ihre Integrit\u00e4t zerst\u00f6ren. Um Ihnen die Auswahl zu erleichtern, finden Sie einige Flaschen in unserem <strong>Shop<\/strong>Sie k\u00f6nnen uns auch Ihren eigenen Text mit dem Text Ihrer Wahl schicken und wir k\u00f6nnen ihn gemeinsam erstellen. <strong>ein sch\u00f6nes personalisiertes Geschenk<\/strong>.<\/p>\n\n\t\t<\/div>\n\t<\/div>\n<div class=\"vc_empty_space\"   style=\"height: 20px\"><span class=\"vc_empty_space_inner\"><\/span><\/div>\n\t<div  class=\"wpb_single_image wpb_content_element vc_align_left wpb_content_element\">\n\t\t\n\t\t<figure class=\"wpb_wrapper vc_figure\">\n\t\t\t<div class=\"vc_single_image-wrapper   vc_box_border_grey\"><img loading=\"lazy\" decoding=\"async\" width=\"1500\" height=\"1000\" src=\"https:\/\/literaskaligrafija.si\/wp-content\/uploads\/2022\/05\/Graviranje_na_vino_kaligrafija.jpg\" class=\"vc_single_image-img attachment-full\" alt=\"Handgravierte Flasche\" title=\"Gravur_auf_Wein_Kalligraphie\" srcset=\"https:\/\/literaskaligrafija.si\/wp-content\/uploads\/2022\/05\/Graviranje_na_vino_kaligrafija.jpg 1500w, https:\/\/literaskaligrafija.si\/wp-content\/uploads\/2022\/05\/Graviranje_na_vino_kaligrafija-600x400.jpg 600w, https:\/\/literaskaligrafija.si\/wp-content\/uploads\/2022\/05\/Graviranje_na_vino_kaligrafija-300x200.jpg 300w, https:\/\/literaskaligrafija.si\/wp-content\/uploads\/2022\/05\/Graviranje_na_vino_kaligrafija-1024x683.jpg 1024w, https:\/\/literaskaligrafija.si\/wp-content\/uploads\/2022\/05\/Graviranje_na_vino_kaligrafija-768x512.jpg 768w, https:\/\/literaskaligrafija.si\/wp-content\/uploads\/2022\/05\/Graviranje_na_vino_kaligrafija-1000x667.jpg 1000w\" sizes=\"auto, (max-width: 1500px) 100vw, 1500px\" \/><\/div>\n\t\t<\/figure>\n\t<\/div>\n<\/div><\/div><\/div><\/div><\/div><\/div><div id=\"ctapas\" class=\"vc_row wpb_row vc_row-fluid qodef-section ctapas vc_custom_1613646266477 qodef-content-aligment-left qodef-grid-section\" style=\"\"><div class=\"clearfix qodef-section-inner\"><div class=\"qodef-section-inner-margin clearfix\"><div class=\"wpb_column vc_column_container vc_col-sm-6\"><div class=\"vc_column-inner\"><div class=\"wpb_wrapper\">\n\t<div class=\"wpb_text_column wpb_content_element\" >\n\t\t<div class=\"wpb_wrapper\">\n\t\t\t<h2 style=\"color: #fff; font-size: 40px; text-align: left;\">\u00dcberpr\u00fcfen Sie die Produkte im Shop<\/h2>\n\n\t\t<\/div>\n\t<\/div>\n<\/div><\/div><\/div><div class=\"wpb_column vc_column_container vc_col-sm-6\"><div class=\"vc_column-inner\"><div class=\"wpb_wrapper\"><a itemprop=\"url\" href=\"https:\/\/literaskaligrafija.si\/de\/trgovina\/\" target=\"_self\"  class=\"qodef-btn qodef-btn-large qodef-btn-solid gumbcta\"  >\n    <span class=\"qodef-btn-text\">Shop<\/span>\n    <\/a><\/div><\/div><\/div><div class=\"wpb_column vc_column_container vc_col-sm-12\"><div class=\"vc_column-inner\"><div class=\"wpb_wrapper\"><\/div><\/div><\/div><div class=\"wpb_column vc_column_container vc_col-sm-12\"><div class=\"vc_column-inner\"><div class=\"wpb_wrapper\"><\/div><\/div><\/div><div class=\"wpb_column vc_column_container vc_col-sm-12\"><div class=\"vc_column-inner\"><div class=\"wpb_wrapper\"><\/div><\/div><\/div><\/div><\/div><\/div><div class=\"vc_row wpb_row vc_row-fluid qodef-section qodef-content-aligment-left\" style=\"\"><div class=\"clearfix qodef-full-section-inner\"><div class=\"wpb_column vc_column_container vc_col-sm-12\"><div class=\"vc_column-inner\"><div class=\"wpb_wrapper\"><\/div><\/div><\/div><\/div><\/div>\n<\/div>","protected":false},"excerpt":{"rendered":"F\u00fcr Ihre Veranstaltung Eines der trendigen Verfahren, das sich hervorragend mit Kalligraphie kombinieren l\u00e4sst, ist die Gravur. Die Gravur ist eine Form der dauerhaften Verzierung eines Produkts, bei der das Design in die Oberfl\u00e4che selbst eingraviert wird.  Stellen Sie sich eine prestigetr\u00e4chtige Whisky-, Cognac- oder Weinflasche vor, die in Kalligraphie graviert und mit einer besonderen Widmung des liebenden Sohnes an seinen Vater in Gold verziert ist. Oder ein lang ersehnter Flakon f\u00fcr Ihre Frau, graviert mit einer sch\u00f6nen und tiefgr\u00fcndigen Botschaft ihres Mannes. Glauben Sie mir, meine Lieben, Sie werden ihr Herz zum Schmelzen bringen. Kalligraphie Wir gravieren ausschlie\u00dflich von Hand. Unsere Handgravur beinhaltet keine Lasergravur....","protected":false},"author":5,"featured_media":0,"parent":0,"menu_order":0,"comment_status":"closed","ping_status":"closed","template":"full-width.php","meta":{"content-type":"","inline_featured_image":false,"footnotes":""},"class_list":["post-5464","page","type-page","status-publish","hentry"],"jetpack_sharing_enabled":true,"_links":{"self":[{"href":"https:\/\/literaskaligrafija.si\/de\/wp-json\/wp\/v2\/pages\/5464","targetHints":{"allow":["GET"]}}],"collection":[{"href":"https:\/\/literaskaligrafija.si\/de\/wp-json\/wp\/v2\/pages"}],"about":[{"href":"https:\/\/literaskaligrafija.si\/de\/wp-json\/wp\/v2\/types\/page"}],"author":[{"embeddable":true,"href":"https:\/\/literaskaligrafija.si\/de\/wp-json\/wp\/v2\/users\/5"}],"replies":[{"embeddable":true,"href":"https:\/\/literaskaligrafija.si\/de\/wp-json\/wp\/v2\/comments?post=5464"}],"version-history":[{"count":3,"href":"https:\/\/literaskaligrafija.si\/de\/wp-json\/wp\/v2\/pages\/5464\/revisions"}],"predecessor-version":[{"id":5467,"href":"https:\/\/literaskaligrafija.si\/de\/wp-json\/wp\/v2\/pages\/5464\/revisions\/5467"}],"wp:attachment":[{"href":"https:\/\/literaskaligrafija.si\/de\/wp-json\/wp\/v2\/media?parent=5464"}],"curies":[{"name":"wp","href":"https:\/\/api.w.org\/{rel}","templated":true}]}}