{"id":7374,"date":"2023-06-27T21:04:45","date_gmt":"2023-06-27T19:04:45","guid":{"rendered":"https:\/\/literaskaligrafija.si\/izjava-o-zasebnosti-eu\/"},"modified":"2023-09-19T16:55:45","modified_gmt":"2023-09-19T14:55:45","slug":"datenschutzrechtliche-erklarung-eu","status":"publish","type":"page","link":"https:\/\/literaskaligrafija.si\/de\/izjava-o-zasebnosti-eu\/","title":{"rendered":"Erkl\u00e4rung zum Datenschutz (EU)"},"content":{"rendered":"<!-- Legal document generated by Complianz | GDPR\/CCPA Cookie Consent https:\/\/wordpress.org\/plugins\/complianz-gdpr -->\n<div id=\"cmplz-document\" class=\"cmplz-document privacy-statement cmplz-document-eu\"><p><i>Diese Datenschutzerkl\u00e4rung wurde zuletzt am 19. september, 2023 aktualisiert und gilt f\u00fcr B\u00fcrger und Personen mit st\u00e4ndigem Wohnsitz im Europ\u00e4ischen Wirtschaftsraum und der Schweiz.<\/i><br \/><br \/><\/p><p><p>In dieser Datenschutzerkl\u00e4rung erkl\u00e4ren wir Ihnen, was wir mit den Daten machen, die wir \u00fcber Sie sammeln. <a href=\"https:\/\/literaskaligrafija.si\/de\">https:\/\/literaskaligrafija.si\/de<\/a> Wir m\u00f6chten Sie bitten, dieses Dokument sorgf\u00e4ltig zu lesen. Bei der Erstellung dieses Dokuments werden wir uns an die gesetzlichen Bestimmungen halten. Dies beinhaltet:<\/p><ul>\n                <li>Wir sind uns der Gr\u00fcnde bewusst, aus denen wir personenbezogene Daten verarbeiten, was durch diese Datenschutzverordnung geschieht.<\/li>\n                <li>Wir verpflichten uns daher, sicherzustellen, dass wir nur personenbezogene Daten sammeln, die aus rechtm\u00e4\u00dfigen Quellen stammen.<\/li>\n                <li>Wir holen Ihre ausdr\u00fcckliche Zustimmung nur dann ein, wenn dies f\u00fcr die \u00dcberpr\u00fcfung Ihrer personenbezogenen Daten erforderlich ist.<\/li>\n                <li>Wir ergreifen alle erforderlichen Ma\u00dfnahmen zum Schutz Ihrer pers\u00f6nlichen Daten und akzeptieren diese nur von Parteien, die Ihre pers\u00f6nlichen Daten f\u00fcr ihre Arbeit verwenden.<\/li>\n                <li>Wir respektieren Ihr Recht, Ihre pers\u00f6nlichen Daten einzusehen, zu lesen oder herunterzuladen.<\/li>\n            <\/ul><p>Wenn Sie Fragen haben oder wissen m\u00f6chten, welche pers\u00f6nlichen Daten wir \u00fcber Sie gespeichert haben, wenden Sie sich bitte an uns.<\/p><\/p><h2>1. zweck, Daten und Aufbewahrungsfrist<\/h2>Wir k\u00f6nnen personenbezogene Daten f\u00fcr eine Reihe von betroffenen Personen im Zusammenhang mit ihrer Besch\u00e4ftigung zur Verf\u00fcgung stellen, einschlie\u00dflich der folgenden: (zum Vergr\u00f6\u00dfern anklicken)<details class=\"cmplz-dropdown dropdown-privacy-statement\"><summary><div><h3>1.1 Kontakt - per Telefon, Post, E-Mail und\/oder Webformat<\/h3><\/div><\/summary><p class=\"cmplz-subtitle\">Aus diesem Grund \u00fcberpr\u00fcfen wir die folgenden Daten:<\/p><p><ul><li>Name oder Alias des Beitragsleistenden<\/li><li>Eine E-Mail Adresse<\/li><li>Eine Telefonnummer<\/li><\/ul><\/p><p class=\"cmplz-subtitle\">Die Grundlage, auf der wir mit diesen Daten arbeiten k\u00f6nnen, ist:<\/p><p><a target=\"_blank\" rel=\"noopener noreferrer nofollow\" href=\"https:\/\/cookiedatabase.org\/legal-bases\/#consent\">Nach Erteilung der Zustimmung.<\/a><\/p><p class=\"cmplz-subtitle\">Bewahrungsfrist<\/p><p>Wir werden diese Daten bis zum Ende des Dienstes aufbewahren.<\/p><\/details><details class=\"cmplz-dropdown dropdown-privacy-statement\"><summary><div><h3>1.2 Zahlungen<\/h3><\/div><\/summary><p class=\"cmplz-subtitle\">Aus diesem Grund \u00fcberpr\u00fcfen wir die folgenden Daten:<\/p><p><ul><li>A Vor- und Nachname<\/li><li>Name oder Alias des Beitragsleistenden<\/li><li>Ein Zuhause oder eine andere physische Adresse, einschlie\u00dflich Stra\u00dfenname und Name der Stadt\/Ort<\/li><li>Eine E-Mail Adresse<\/li><li>Eine Telefonnummer<\/li><\/ul><\/p><p class=\"cmplz-subtitle\">Die Grundlage, auf der wir mit diesen Daten arbeiten k\u00f6nnen, ist:<\/p><p><a target=\"_blank\" rel=\"noopener noreferrer nofollow\" href=\"https:\/\/cookiedatabase.org\/legal-bases\/#consent\">Nach Erteilung der Zustimmung.<\/a><\/p><p class=\"cmplz-subtitle\">Bewahrungsfrist<\/p><p>Wir werden diese Daten bis zum Ende des Dienstes aufbewahren.<\/p><\/details><details class=\"cmplz-dropdown dropdown-privacy-statement\"><summary><div><h3>1.3 Registrierung eines Vertrags<\/h3><\/div><\/summary><p class=\"cmplz-subtitle\">Aus diesem Grund \u00fcberpr\u00fcfen wir die folgenden Daten:<\/p><p><ul><li>A Vor- und Nachname<\/li><li>Name oder Alias des Beitragsleistenden<\/li><li>Ein Zuhause oder eine andere physische Adresse, einschlie\u00dflich Stra\u00dfenname und Name der Stadt\/Ort<\/li><li>Eine E-Mail Adresse<\/li><li>Eine Telefonnummer<\/li><\/ul><\/p><p class=\"cmplz-subtitle\">Die Grundlage, auf der wir mit diesen Daten arbeiten k\u00f6nnen, ist:<\/p><p><a target=\"_blank\" rel=\"noopener noreferrer nofollow\" href=\"https:\/\/cookiedatabase.org\/legal-bases\/#consent\">Nach Erteilung der Zustimmung.<\/a><\/p><p class=\"cmplz-subtitle\">Bewahrungsfrist<\/p><p>Wir werden diese Daten bis zum Ende des Dienstes aufbewahren.<\/p><\/details><details class=\"cmplz-dropdown dropdown-privacy-statement\"><summary><div><h3>1.4 Rundschreiben<\/h3><\/div><\/summary><p class=\"cmplz-subtitle\">Aus diesem Grund \u00fcberpr\u00fcfen wir die folgenden Daten:<\/p><p><ul><li>Name oder Alias des Beitragsleistenden<\/li><li>Eine E-Mail Adresse<\/li><\/ul><\/p><p class=\"cmplz-subtitle\">Die Grundlage, auf der wir mit diesen Daten arbeiten k\u00f6nnen, ist:<\/p><p><a target=\"_blank\" rel=\"noopener noreferrer nofollow\" href=\"https:\/\/cookiedatabase.org\/legal-bases\/#consent\">Nach Erteilung der Zustimmung.<\/a><\/p><p class=\"cmplz-subtitle\">Bewahrungsfrist<\/p><p>Wir werden diese Daten bis zum Ende des Dienstes aufbewahren.<\/p><\/details><details class=\"cmplz-dropdown dropdown-privacy-statement\"><summary><div><h3>1.5 F\u00fcr die Unterst\u00fctzung von Dienstleistungen oder Produkten, die eine Person erworben hat oder erwerben wird<\/h3><\/div><\/summary><p class=\"cmplz-subtitle\">Aus diesem Grund \u00fcberpr\u00fcfen wir die folgenden Daten:<\/p><p><ul><li>A Vor- und Nachname<\/li><li>Name oder Alias des Beitragsleistenden<\/li><li>Ein Zuhause oder eine andere physische Adresse, einschlie\u00dflich Stra\u00dfenname und Name der Stadt\/Ort<\/li><li>Eine E-Mail Adresse<\/li><li>Eine Telefonnummer<\/li><\/ul><\/p><p class=\"cmplz-subtitle\">Die Grundlage, auf der wir mit diesen Daten arbeiten k\u00f6nnen, ist:<\/p><p><a target=\"_blank\" rel=\"noopener noreferrer nofollow\" href=\"https:\/\/cookiedatabase.org\/legal-bases\/#consent\">Nach Erteilung der Zustimmung.<\/a><\/p><p class=\"cmplz-subtitle\">Bewahrungsfrist<\/p><p>Wir werden diese Daten bis zum Ende des Dienstes aufbewahren.<\/p><\/details><details class=\"cmplz-dropdown dropdown-privacy-statement\"><summary><div><h3>1.6 Damit die gesetzlichen Anforderungen erf\u00fcllt werden k\u00f6nnen<\/h3><\/div><\/summary><p class=\"cmplz-subtitle\">Aus diesem Grund \u00fcberpr\u00fcfen wir die folgenden Daten:<\/p><p><ul><li>A Vor- und Nachname<\/li><li>Name oder Alias des Beitragsleistenden<\/li><li>Ein Zuhause oder eine andere physische Adresse, einschlie\u00dflich Stra\u00dfenname und Name der Stadt\/Ort<\/li><li>Eine E-Mail Adresse<\/li><li>Eine Telefonnummer<\/li><\/ul><\/p><p class=\"cmplz-subtitle\">Die Grundlage, auf der wir mit diesen Daten arbeiten k\u00f6nnen, ist:<\/p><p><a target=\"_blank\" rel=\"noopener noreferrer nofollow\" href=\"https:\/\/cookiedatabase.org\/legal-bases\/#consent\">Nach Erteilung der Zustimmung.<\/a><\/p><p class=\"cmplz-subtitle\">Bewahrungsfrist<\/p><p>Wir werden diese Daten bis zum Ende des Dienstes aufbewahren.<\/p><\/details><details class=\"cmplz-dropdown dropdown-privacy-statement\"><summary><div><h3>1.7 Erstellung und Analyse von Statistiken zur Verbesserung der Website.<\/h3><\/div><\/summary><p class=\"cmplz-subtitle\">Aus diesem Grund \u00fcberpr\u00fcfen wir die folgenden Daten:<\/p><p><ul><li>Geolokalisierungsdaten<\/li><\/ul><\/p><p class=\"cmplz-subtitle\">Die Grundlage, auf der wir mit diesen Daten arbeiten k\u00f6nnen, ist:<\/p><p><a target=\"_blank\" rel=\"noopener noreferrer nofollow\" href=\"https:\/\/cookiedatabase.org\/legal-bases\/#consent\">Nach Erteilung der Zustimmung.<\/a><\/p><p class=\"cmplz-subtitle\">Bewahrungsfrist<\/p><p>Wir werden diese Daten bis zum Ende des Dienstes aufbewahren.<\/p><\/details><details class=\"cmplz-dropdown dropdown-privacy-statement\"><summary><div><h3>1.8 F\u00fcr personalisierte Produkte und Dienstleistungen<\/h3><\/div><\/summary><p class=\"cmplz-subtitle\">Aus diesem Grund \u00fcberpr\u00fcfen wir die folgenden Daten:<\/p><p><ul><li>Informationen \u00fcber Internetaktivit\u00e4ten, einschlie\u00dflich, aber nicht ausschlie\u00dflich, Browserverlauf, Suchverlauf und Informationen \u00fcber die Interaktionen des Kunden mit einer Website, einem Programm oder einer Werbung<\/li><\/ul><\/p><p class=\"cmplz-subtitle\">Die Grundlage, auf der wir mit diesen Daten arbeiten k\u00f6nnen, ist:<\/p><p><a target=\"_blank\" rel=\"noopener noreferrer nofollow\" href=\"https:\/\/cookiedatabase.org\/legal-bases\/#consent\">Nach Erteilung der Zustimmung.<\/a><\/p><p class=\"cmplz-subtitle\">Bewahrungsfrist<\/p><p>Wir werden diese Daten bis zum Ende des Dienstes aufbewahren.<\/p><\/details><details class=\"cmplz-dropdown dropdown-privacy-statement\"><summary><div><h3>1.9 Lieferungen<\/h3><\/div><\/summary><p class=\"cmplz-subtitle\">Aus diesem Grund \u00fcberpr\u00fcfen wir die folgenden Daten:<\/p><p><ul><li>A Vor- und Nachname<\/li><li>Ein Zuhause oder eine andere physische Adresse, einschlie\u00dflich Stra\u00dfenname und Name der Stadt\/Ort<\/li><li>Eine E-Mail Adresse<\/li><li>Eine Telefonnummer<\/li><\/ul><\/p><p class=\"cmplz-subtitle\">Die Grundlage, auf der wir mit diesen Daten arbeiten k\u00f6nnen, ist:<\/p><p><a target=\"_blank\" rel=\"noopener noreferrer nofollow\" href=\"https:\/\/cookiedatabase.org\/legal-bases\/#consent\">Nach Erteilung der Zustimmung.<\/a><\/p><p class=\"cmplz-subtitle\">Bewahrungsfrist<\/p><p>Wir werden diese Daten bis zum Ende des Dienstes aufbewahren.<\/p><\/details><h2>2. die Weitergabe an andere Parteien<\/h2><p>Wir erheben diese Daten nur f\u00fcr die folgenden Fragen von Arbeitnehmern:<\/p><h2>3) Cookies<\/h2><p>Unsere Website verwendet Cookies. F\u00fcr mehr Informationen \u00fcber Cookies schaue bitte unter unseren <a href=\"https:\/\/literaskaligrafija.si\/de\/pravilnik-o-piskotkih-eu\/\">Cookie-Richtlinien<\/a> nach.&nbsp;<\/p><h2>4) Offenlegungspraktiken<\/h2><p><p>Wir l\u00f6schen personenbezogene Daten, wenn wir dazu gesetzlich oder durch eine gerichtliche Entscheidung verpflichtet sind, z. B. auf Verlangen einer Aufsichtsbeh\u00f6rde, wenn dies zur Einholung von Ausk\u00fcnften erforderlich ist oder zum Zweck der Untersuchung eines Vorfalls, der die \u00f6ffentliche Sicherheit beeintr\u00e4chtigt.<\/p><p>Wenn unsere Website oder unser Unternehmen Gegenstand einer Fusion oder \u00dcbernahme ist oder verkauft wird, k\u00f6nnen deine Daten unseren Beratern und potenziellen K\u00e4ufern offengelegt und an die neuen Eigent\u00fcmer \u00fcbermittelt werden.<\/p><\/p><h2>5. sicherheit<\/h2><p>Wir verpflichten uns zur Sicherheit personenbezogener Daten. Wir ergreifen alle erforderlichen Sicherheitsma\u00dfnahmen, um den unbefugten Zugriff auf personenbezogene Daten zu verhindern. Es ist wichtig, dass nur geeignete Personen auf personenbezogene Daten zugreifen, dass dieser Zugriff gesch\u00fctzt ist und dass unsere Sicherheitsma\u00dfnahmen ordnungsgem\u00e4\u00df umgesetzt werden.<\/p><h2>6. websites von Drittanbietern<\/h2><p>Dieser Datenschutzhinweis gilt nicht f\u00fcr Websites von Drittparteien, die \u00fcber Links mit unserer Website verbunden sind. Wir k\u00f6nnen nicht garantieren, dass diese Drittanbieter Ihre pers osobn\u00edchlichen Daten in verl\u00e4sslicher oder sicherer Weise zur Verf\u00fcgung stellen. Wir empfehlen dir die Datenschutzerkl\u00e4rungen dieser Websites vor deren Nutzung zu lesen.<\/p><h2>7. erg\u00e4nzungen zu dieser Datenschutzerkl\u00e4rung<\/h2><p>Wir sind berechtigt, \u00c4nderungen an dieser Datenschutzerkl\u00e4rung vorzunehmen. Es wird empfohlen, diese Datenschutzerkl\u00e4rung regelm\u00e4\u00dfig zu lesen, um sich \u00fcber \u00c4nderungen zu informieren. Wir werden Sie so schnell wie m\u00f6glich auf dem Laufenden halten.<\/p><h2>8. zugriff und Bearbeitung deiner Daten<\/h2><p>Wenn Sie Fragen haben oder wissen m\u00f6chten, welche personenbezogenen Daten wir \u00fcber Sie gespeichert haben, wenden Sie sich bitte an uns. Sie haben die folgenden Rechte:<\/p><ul>\n                <li>Sie haben das Recht zu erfahren, wie Ihre personenbezogenen Daten verarbeitet werden, was mit ihnen geschieht und wie lange sie gespeichert werden.<\/li>\n                <li>Zugriffsrecht: Sie haben das Recht, dass Ihre personenbezogenen Daten gesch\u00fctzt werden.<\/li>\n                <li>Auskunftsrecht: Sie haben jederzeit das Recht, Ihre personenbezogenen Daten zu erg\u00e4nzen, zu berichtigen, zu l\u00f6schen oder sperren zu lassen.<\/li>\n                <li>Wenn du uns dein Einverst\u00e4ndnis zur Verarbeitung deiner Daten gegeben hast, hast du das Recht dieses Einverst\u00e4ndnis zu widerrufen und deine pers\u00f6nlichen Daten l\u00f6schen zu lassen.<\/li>\n                <li>Recht auf Datentransfer deiner Daten: Du hast das Recht, alle deine pers\u00f6nlichen Daten von einem Verantwortlichen anzufordern und in ihrer Gesamtheit zu einem anderen Verantwortlichen zu transferieren.<\/li>\n                <li>Widerspruchsrecht: Sie k\u00f6nnen die Verarbeitung Ihrer Daten verhindern, was wir bef\u00fcrworten, da es legitime Gr\u00fcnde f\u00fcr die Verarbeitung gibt.<\/li>\n            <\/ul><p>Bitte stelle sicher, dass du zawsze klar angibst, wer du bist, sodass wir sicher sein k\u00f6nnen, nicht die Daten der falschen Personen zu bearbeiten oder zu solchen.<\/p><h2>9. eine Beschwerde \u00fcbermitteln<\/h2><p>Wenn Sie mit der Art und Weise, wie wir (Ihre Beh\u00f6rden) die Verarbeitung Ihrer personenbezogenen Daten handhaben, nicht zufrieden sind, haben Sie das Recht, eine Beschwerde bei der Datenschutzbeh\u00f6rde einzureichen.<\/p><h2>10. kontaktdaten<\/h2><p>Literas Kalligraphie, Zlatka Trstenjak Rampre s.p.<br \/>\n        Stra\u00dfe hinter der M\u00fchle 7, 1380 Cerknica<br \/>\n        Slowenien<br \/>\n        Website: <a href=\"https:\/\/literaskaligrafija.si\/de\">https:\/\/literaskaligrafija.si\/de<\/a> <br \/>\n        E-Mail: i&#110;&#102;&#111;&#064;&#108;i&#116;&#101;r&#097;s&#107;al&#105;gr&#097;&#102;i&#106;&#097;&#046;si <br \/>\n        Telefonnummer: +386 (0)41 753 305<\/p><h2>11. datenanfrage<\/h2><p>F\u00fcr aktuelle Fragen bieten wir Ihnen auch die M\u00f6glichkeit, unser Datenanforderungsformular zu nutzen<br \/>\t\t\t<div class=\"cmplz-datarequest cmplz-alert\">\n\t\t\t\t<span class=\"cmplz-close\">\u00d7<\/span>\n\t\t\t\t<span id=\"cmplz-message\"><\/span>\n\t\t\t<\/div>\n\t\t\t<form id=\"cmplz-datarequest-form\" action=\"\">\n\t\t\t\t<input type=\"hidden\" required value=\"eu\" name=\"cmplz_datarequest_region\" id=\"cmplz_datarequest_region\" >\n\n\t\t\t\t<label for=\"cmplz_datarequest_firstname\" class=\"cmplz-first-name\">Name\t\t\t\t\t<input type=\"search\" class=\"datarequest-firstname\" value=\"\" placeholder=\"Ihr Vorname\" id=\"cmplz_datarequest_firstname\" name=\"cmplz_datarequest_firstname\" >\n\t\t\t\t<\/label>\n\t\t\t\t<div>\n\t\t\t\t\t<label for=\"cmplz_datarequest_name\">Name<\/label>\n\t\t\t\t\t<input type=\"text\" required value=\"\" placeholder=\"Dein Name\" id=\"cmplz_datarequest_name\" name=\"cmplz_datarequest_name\">\n\t\t\t\t<\/div>\n\t\t\t\t<div>\n\t\t\t\t\t<label for=\"cmplz_datarequest_email\">E-Mail<\/label>\n\t\t\t\t\t<input type=\"email\" required value=\"\" placeholder=\"email@email.com\" id=\"cmplz_datarequest_email\" name=\"cmplz_datarequest_email\">\n\t\t\t\t<\/div>\n\t\t\t\t\t\t\t\t\t\t<div class=\"cmplz_datarequest cmplz_datarequest_request_for_access\">\n\t\t\t\t\t\t\t<label for=\"cmplz_datarequest_request_for_access\">\n\t\t\t\t\t\t\t\t<input type=\"checkbox\" value=\"1\" name=\"cmplz_datarequest_request_for_access\" id=\"cmplz_datarequest_request_for_access\"\/>\n\t\t\t\t\t\t\t\tBitte stellen Sie einen Antrag auf Zugang zu den Daten, die wir \u00fcber Sie gespeichert haben.\t\t\t\t\t\t\t<\/label>\n\t\t\t\t\t\t<\/div>\n\t\t\t\t\t\t\t\t\t\t<div class=\"cmplz_datarequest cmplz_datarequest_right_to_be_forgotten\">\n\t\t\t\t\t\t\t<label for=\"cmplz_datarequest_right_to_be_forgotten\">\n\t\t\t\t\t\t\t\t<input type=\"checkbox\" value=\"1\" name=\"cmplz_datarequest_right_to_be_forgotten\" id=\"cmplz_datarequest_right_to_be_forgotten\"\/>\n\t\t\t\t\t\t\t\tStellen Sie einen Antrag auf L\u00f6schung der Daten, wenn sie nicht mehr relevant sind.\t\t\t\t\t\t\t<\/label>\n\t\t\t\t\t\t<\/div>\n\t\t\t\t\t\t\t\t\t\t<div class=\"cmplz_datarequest cmplz_datarequest_right_to_data_portability\">\n\t\t\t\t\t\t\t<label for=\"cmplz_datarequest_right_to_data_portability\">\n\t\t\t\t\t\t\t\t<input type=\"checkbox\" value=\"1\" name=\"cmplz_datarequest_right_to_data_portability\" id=\"cmplz_datarequest_right_to_data_portability\"\/>\n\t\t\t\t\t\t\t\tBitte stellen Sie einen Antrag auf Export der Daten, die wir \u00fcber Sie gespeichert haben.\t\t\t\t\t\t\t<\/label>\n\t\t\t\t\t\t<\/div>\n\t\t\t\t\t\t\t\t<input type=\"button\" id=\"cmplz-datarequest-submit\"  value=\"Senden\">\n\t\t\t<input type=\"hidden\" name=\"trp-form-language\" value=\"de\"\/><\/form>\n\n\t\t\t<style>\n\t\t\t\t\/* first-name is honeypot *\/\n\t\t\t\t.cmplz-first-name {\n\t\t\t\t\tposition: absolute !important;\n\t\t\t\t\tleft: -5000px !important;\n\t\t\t\t}\n\t\t\t<\/style>\n\t\t\t<\/p><\/div>","protected":false},"excerpt":{"rendered":"","protected":false},"author":5,"featured_media":0,"parent":0,"menu_order":0,"comment_status":"closed","ping_status":"closed","template":"","meta":{"content-type":"","inline_featured_image":false,"footnotes":""},"class_list":["post-7374","page","type-page","status-publish","hentry"],"jetpack_sharing_enabled":true,"_links":{"self":[{"href":"https:\/\/literaskaligrafija.si\/de\/wp-json\/wp\/v2\/pages\/7374","targetHints":{"allow":["GET"]}}],"collection":[{"href":"https:\/\/literaskaligrafija.si\/de\/wp-json\/wp\/v2\/pages"}],"about":[{"href":"https:\/\/literaskaligrafija.si\/de\/wp-json\/wp\/v2\/types\/page"}],"author":[{"embeddable":true,"href":"https:\/\/literaskaligrafija.si\/de\/wp-json\/wp\/v2\/users\/5"}],"replies":[{"embeddable":true,"href":"https:\/\/literaskaligrafija.si\/de\/wp-json\/wp\/v2\/comments?post=7374"}],"version-history":[{"count":1,"href":"https:\/\/literaskaligrafija.si\/de\/wp-json\/wp\/v2\/pages\/7374\/revisions"}],"predecessor-version":[{"id":7548,"href":"https:\/\/literaskaligrafija.si\/de\/wp-json\/wp\/v2\/pages\/7374\/revisions\/7548"}],"wp:attachment":[{"href":"https:\/\/literaskaligrafija.si\/de\/wp-json\/wp\/v2\/media?parent=7374"}],"curies":[{"name":"wp","href":"https:\/\/api.w.org\/{rel}","templated":true}]}}