{"id":7376,"date":"2023-06-27T21:04:45","date_gmt":"2023-06-27T19:04:45","guid":{"rendered":"https:\/\/literaskaligrafija.si\/izjava-o-omejitvi-odgovornosti\/"},"modified":"2023-09-19T16:55:45","modified_gmt":"2023-09-19T14:55:45","slug":"haftungsbeschrankungserklarung","status":"publish","type":"page","link":"https:\/\/literaskaligrafija.si\/de\/izjava-o-omejitvi-odgovornosti\/","title":{"rendered":"Haftungsausschluss"},"content":{"rendered":"<!-- Legal document generated by Complianz | GDPR\/CCPA Cookie Consent https:\/\/wordpress.org\/plugins\/complianz-gdpr -->\n<div id=\"cmplz-document\" class=\"cmplz-document disclaimer cmplz-document-all\"><p>Literas kaligrafija, Zlatka Trstenjak Rampre s.p. ist dazu verpflichtet, diese Website aktuell und akkurat zu halten. Solltest du dennoch auf irgendetwas sto\u00dfen, das veraltet oder inkorrekt ist, w\u00fcrden wir es sch\u00e4tzen, wenn du es uns wissen l\u00e4sst. Bitte weise darauf hin, wo du auf der Seite die Information gelesen hast. Wir werden uns dann so schnell wie m\u00f6glich darum k\u00fcmmern. Bitte sende deine R\u00fcckmeldung an: i&#110;&#102;&#111;&#064;&#108;i&#116;eras&#107;al&#105;g&#114;a&#102;&#105;ja&#046;s&#105;.<\/p><p>F\u00fcr jegliche Verluste, die aus der Verwendung von Literas kaligrafija, Zlatka Trstenjak Rampre s.p. empfohlen oder \u00fcbernommen werden, \u00fcbernehmen wir keine Haftung, sondern nur f\u00fcr Verluste, die aus der Verwendung von Literas kaligrafija, Zlatka Trstenjak Rampre s.p. resultieren, wie z.B. Verst\u00f6\u00dfe oder Rechtsverletzungen. F\u00fcr jegliche Verluste die aus der Verwendung von Literas kaligrafija, Zlatka Trstenjak Rampre s.p. empfohlener oder stammender Daten, Hinweisen oder Ideen \u00fcbernimmt Literas kaligrafija, Zlatka Trstenjak Rampre s.p. keine Haftung.<\/p><p>Die Verwendung der Website und aller ihrer Teile (einschlie\u00dflich Foren) unterliegen den <a href=\"https:\/\/literaskaligrafija.si\/de\/flach-kupplungen\/\" target=\"_blank\">Nutzungsbedingungen<\/a>. Bereits die Verwendung der Website impliziert das Wissen und die Akzeptanz dieser Nutzungsbedingungen.<\/p><p>Im Falle einer Kommunikation per E-Mail oder Internet werden Briefe und Datenschutzanfragen genauso behandelt wie Schrifts\u00e4tze. Das bedeutet, dass Sie in der Lage sein m\u00fcssen, uns innerhalb eines Monats mit einem Brief zu kontaktieren. Im Falle einer erfolglosen Anfrage werden wir Sie innerhalb eines Monats, h\u00f6chstens jedoch innerhalb von drei Monaten, kontaktieren.<\/p><p>Jegliche pers\u00f6nliche Information, welche du uns innerhalb des Kontexts deiner Antwort oder deines Antrags zur Verf\u00fcgung stellst, wird ausschlie\u00dflich gem\u00e4\u00df unserer Datenschutzerkl\u00e4rung genutzt.<\/p><p>Literas kaligrafija, Zlatka Trstenjak Rampre s.p. wird jede angemessene Ma\u00dfnahme ergreifen um sein System gegen jede Form unrechtm\u00e4\u00dfiger Nutzung zu sch\u00fctzen. Literas kaligrafija, Zlatka Trstenjak Rampre s.p. wird geeignete Technologien und organisatorische Ma\u00dfnahmen zu diesem Zweck, unter Ber\u00fccksichtigung des aktuellen Standes der Technik, einf\u00fchren. Es ist jedoch nicht verantwortlich f\u00fcr direkte und\/oder indirekte Verluste jeglicher Art, welche bei einem Benutzer der Website auftreten, die der unrechtm\u00e4\u00dfigen Nutzung des Systems von Drittanbietern entspringt.<\/p><p>Literas kaligrafija, Zlatka Trstenjak Rampre s.p. \u00fcbernimmt keine Verantwortung f\u00fcr den Inhalt von Websites, zu denen oder von denen ein Hyperlink oder ein anderer Verweis f\u00fchrt. Produkte oder Serviceleistungen, die von Drittanbietern angeboten werden, werden nach entsprechenden Bedingungen und Konditionen jener Drittanbieter behandelt werden.<\/p><p>Jegliches intellektuelle Eigentumsrecht an Inhalten auf dieser Website ist im Besitz von Literas kaligrafija, Zlatka Trstenjak Rampre s.p..<\/p><p>Das Kopieren, Verbreiten oder jegliche andere Nutzung dieses Materials ist ohne die schriftliche Erlaubnis von Literas kaligrafija, Zlatka Trstenjak Rampre s.p. nicht gestattet, sofern in geltendem Gesetz nicht anders vereinbart oder ausgenommen (wie etwa das Recht zu zitieren), solang der spezifische Inhalt nichts anderes vorschreibt.<\/p><p>Wenn du Fragen oder Probleme mit der Verf\u00fcgbarkeit der Website hast, z\u00f6gere nicht uns zu kontaktieren.<\/p><\/div>","protected":false},"excerpt":{"rendered":"","protected":false},"author":5,"featured_media":0,"parent":0,"menu_order":0,"comment_status":"closed","ping_status":"closed","template":"","meta":{"content-type":"","inline_featured_image":false,"footnotes":""},"class_list":["post-7376","page","type-page","status-publish","hentry"],"jetpack_sharing_enabled":true,"_links":{"self":[{"href":"https:\/\/literaskaligrafija.si\/de\/wp-json\/wp\/v2\/pages\/7376","targetHints":{"allow":["GET"]}}],"collection":[{"href":"https:\/\/literaskaligrafija.si\/de\/wp-json\/wp\/v2\/pages"}],"about":[{"href":"https:\/\/literaskaligrafija.si\/de\/wp-json\/wp\/v2\/types\/page"}],"author":[{"embeddable":true,"href":"https:\/\/literaskaligrafija.si\/de\/wp-json\/wp\/v2\/users\/5"}],"replies":[{"embeddable":true,"href":"https:\/\/literaskaligrafija.si\/de\/wp-json\/wp\/v2\/comments?post=7376"}],"version-history":[{"count":1,"href":"https:\/\/literaskaligrafija.si\/de\/wp-json\/wp\/v2\/pages\/7376\/revisions"}],"predecessor-version":[{"id":7550,"href":"https:\/\/literaskaligrafija.si\/de\/wp-json\/wp\/v2\/pages\/7376\/revisions\/7550"}],"wp:attachment":[{"href":"https:\/\/literaskaligrafija.si\/de\/wp-json\/wp\/v2\/media?parent=7376"}],"curies":[{"name":"wp","href":"https:\/\/api.w.org\/{rel}","templated":true}]}}