{"id":8530,"date":"2024-05-23T19:13:57","date_gmt":"2024-05-23T17:13:57","guid":{"rendered":"https:\/\/literaskaligrafija.si\/terms-and-conditions\/"},"modified":"2024-05-23T19:34:26","modified_gmt":"2024-05-23T17:34:26","slug":"bedingungen-und-konditionen","status":"publish","type":"page","link":"https:\/\/literaskaligrafija.si\/de\/pogoji-in-dolocila\/","title":{"rendered":"Bedingungen und Konditionen"},"content":{"rendered":"<!-- This legal document was generated by Complianz Terms &amp; Conditions https:\/\/wordpress.org\/plugins\/complianz-terms-conditions -->\n<div id=\"cmplz-document\" class=\"cmplz-document cmplz-terms-conditions\"><p><i>Die Allgemeinen Gesch\u00e4ftsbedingungen wurden zuletzt am 23. Mai, 2024 aktualisiert.<\/i><\/p><h2>1. einf\u00fchrung<\/h2><p>Diese Allgemeinen Gesch\u00e4ftsbedingungen gelten f\u00fcr diese Website und f\u00fcr die Transaktionen im Zusammenhang mit unseren Produkten und Dienstleistungen. Du bist m\u00f6glicherweise an zus\u00e4tzliche Vertr\u00e4ge gebunden, die sich auf deine Beziehung zu uns oder auf Produkte oder Dienstleistungen beziehen, die du von uns erh\u00e4ltst. Wenn Bestimmungen der Zusatzvertr\u00e4ge der Zusatzvertr\u00e4ge mit Bestimmungen dieser Bedingungen in Konflikt stehen, haben die Bestimmungen dieser Zusatzvertr\u00e4ge Vorrang.<\/p><h2>2. verbindlichkeit<\/h2><p>Durch die Registrierung, den Zugriff auf oder die anderweitige Nutzung dieser Website erkl\u00e4rst du dich hiermit einverstanden, an diese unten aufgef\u00fchrten Allgemeinen Gesch\u00e4ftsbedingungen gebunden zu sein. Die blo\u00dfe Nutzung dieser Website setzt die Kenntnis und Akzeptanz dieser Allgemeinen Gesch\u00e4ftsbedingungen voraus. Wir k\u00f6nnen Sie auch in bestimmten F\u00e4llen schlagen, so dass Sie sich dessen voll bewusst sein k\u00f6nnen.<\/p><h2>3) Elektronische Kommunikation<\/h2><p>Durch die Nutzung dieser Website oder die Kommunikation mit uns auf elektronischem Wege erkl\u00e4rst du dich damit einverstanden und erkennst an, dass wir auf unserer Website elektronisch mit dir kommunizieren oder dir eine E-Mail senden k\u00f6nnen, und stimmst zu, dass alle Vereinbarungen, Mitteilungen, Offenlegungen und sonstigen Mitteilungen, die wir dir elektronisch zusenden, alle gesetzlichen Anforderungen erf\u00fcllen. Beinhaltet zudem, aber nicht auf die Anforderung beschr\u00e4nkt, dass solche Mitteilungen schriftlich erfolgen sollten.<\/p><h2>4) Geistiges Eigentum<\/h2><p>Wir oder unsere Lizenzgeber besitzen und kontrollieren alle Urheberrechte und sonstigen Rechte an geistigem Eigentum auf der Website sowie die Daten, Informationen und sonstigen Ressourcen, die auf der Website angezeigt werden oder auf der Website zug\u00e4nglich ist.<\/p><p class=\"cmplz-subtitle\">4.1 Alle Rechte vorbehalten<\/p><p>Sofern bestimmte Inhalte nichts anderes vorschreiben, wird dir keine Lizenz oder ein anderes Recht unter Urheber-, Marken-, Patent- oder anderen Rechten an geistigem Eigentum gew\u00e4hrt.  Dies bedeutet, dass du keine Ressourcen auf dieser Website verwendest, kopierst, reproduzierst, ausf\u00fchrst, anzeigst, verteilst, in ein elektronisches Medium einbettest, \u00e4nderst, zur\u00fcckentwickelst, dekompilierst, \u00fcbergibst, herunterl\u00e4dst, \u00fcbertragst, monetarisierst, verkaufst, vermarktest oder kommerzialisierst in jeglicher Form, ohne unsere vorherige schriftliche Genehmigung, au\u00dfer und nur insoweit, als dies in den Bestimmungen des zwingenden Rechts (wie dem Recht auf Zitat) anders festgelegt ist.<\/p><h2>5. newsletter<\/h2><p>Ungeachtet des Obigen, kannst du unseren Newsletter in elektronischer Form an andere Personen weiterleiten, die m\u00f6glicherweise an einem Besuch unserer Website interessiert sind.<\/p><h2>6. eigentum Drittanbieter<\/h2><p>Unsere Website kann nur Hyperlinks oder andere Links zu den Websites Dritter bereitstellen. Wir billigen oder \u00fcberpr\u00fcfen nicht den Inhalt der Websites Dritter, die von dieser Website aus ver\u00f6ffentlicht werden. Produkte oder Dienstleistungen, die auf anderen Websites verf\u00fcgbar sind, unterliegen den Allgemeinen Gesch\u00e4ftsbedingungen dieser Dritten. Meinungen oder Materialien, die auf diesen Websites verf\u00fcgbar sind, werden von diesen Dritten nicht uneingeschr\u00e4nkt oder unterst\u00fctzt.<\/p><p>Wir sind nicht verantwortlich f\u00fcr die Datenschutzpraktiken oder die Nutzung dieser Websites. Sie tragen alle Risiken, die sich aus der Nutzung dieser Websites und damit aus den Leistungen von Dritter ergeben. Wir \u00fcbernehmen keine Haftung f\u00fcr Sch\u00e4den jeglicher Art, die sich aus der Nutzung personenbezogener Daten durch Dritter ergeben. Wir \u00fcbernehmen keine Haftung f\u00fcr Sch\u00e4den jeglicher Art, die sich aus der Nutzung personenbezogener Daten durch Dritter ergeben.<\/p><h2>7) Verantwortungsbewusster Umgang<\/h2><p>Durch den Besuch unserer Website erkl\u00e4rst du dich damit einverstanden, diese nur f\u00fcr die Zwecke zu verwenden, die durch diese Bedingungen, zus\u00e4tzliche Vertr\u00e4ge mit uns sowie geltende Gesetze, Vorschriften und allgemein anerkannte Online-Praktiken und Branchenrichtlinien beabsichtigt und gestattet sind. Sie d\u00fcrfen unsere Website oder Dienste nicht nutzen, um Material zu verwenden, zu ver\u00f6ffentlichen oder zu verbreiten, das aus b\u00f6sartiger Computersoftware besteht (oder mit dieser verlinkt ist). Sie d\u00fcrfen die auf unserer Website gespeicherten Daten nicht f\u00fcr Direktmarketing-Aktivit\u00e4ten oder f\u00fcr systematische oder automatisierte Datenverarbeitungsaktivit\u00e4ten auf oder in Verbindung mit unserer Website nutzen.<\/p><p>Die Teilnahme an Aktivit\u00e4ten, die Sch\u00e4den an der Website verursachen oder verursachen k\u00f6nnen oder die Leistung, Verf\u00fcgbarkeit oder Zug\u00e4nglichkeit der Website beeintr\u00e4chtigen, ist strengstens untersagt.<\/p><h2>8. anmeldung<\/h2><p>Du kannst dich f\u00fcr ein Konto auf unserer Website registrieren. W\u00e4hrend dieses Prozesses, k\u00f6nnte es erforderlich sein, ein Passwort auszuw\u00e4hlen. Du bist f\u00fcr die Wahrung der Vertraulichkeit von Passw\u00f6rtern und Kontoinformationen verantwortlich und erkl\u00e4rst dich damit einverstanden, deren Passw\u00f6rter, Kontoinformationen oder den gesicherten Zugang zu unserer Website oder unseren Diensten nicht an andere Personen weiterzugeben.  Du darfst keiner anderen Person erlauben, dein Konto f\u00fcr den Zugriff auf die Website zu verwenden, da du f\u00fcr alle Aktivit\u00e4ten verantwortlich bist, die durch die Verwendung deiner Passw\u00f6rter oder Konken erfolgen. Du musst uns unverz\u00fcglich benachrichtigen, wenn du Kenntnis von einer Offenlegung deines Passworts erh\u00e4ltst.<\/p><p>Nach der K\u00fcndigung des Kontos kannst du ohne unsere Erlaubnis kein neues Konto anlegen.<\/p><h2>9. das R\u00fcckerstattungs- und R\u00fcckgaberecht<\/h2><p class=\"cmplz-subtitle\">9.1 Recht des Widerrufs<\/p><p>Sie haben das Recht, binnen 14 Tagen ohne Angabe von Gr\u00fcnden diesen Vertrag zu widerrufen.<\/p><p>Die Widerrufsfrist l\u00e4uft nach 14 Tagen ab dem Tag ab, an dem du oder ein von dir angegebener Dritter, au\u00dfer dem Spediteur, den physischen Besitz der Waren erwerben.<\/p><p>Um das Widerrufsrecht geltend zu machen, m\u00fcssen Sie uns Ihren Widerspruch gegen den Abschluss dieses Vertrages in Textform (z.B. Brief per Post, Fax oder E-Mail) \u00fcbermitteln. Unsere Kontaktdaten finden Sie unten. Sie k\u00f6nnen das beigef\u00fcgte Muster verwenden <a target=\"_blank\" href=\"https:\/\/literaskaligrafija.si\/wp-content\/uploads\/complianz\/withdrawal-forms\/withdrawal-form-de.pdf\">R\u00fccktrittsformular<\/a>, aber sie ist nicht obligatorisch.<\/p><p>Sie k\u00f6nnen auch das Muster-Widerrufsformular oder eine andere eindeutige Erkl\u00e4rung auf unserer Website elektronisch ausf\u00fcllen und \u00fcbermitteln. <a href=\"https:\/\/literaskaligrafija.si\/de\/kontakt\/\"> Website<\/a>.<\/p><p>Wenn Sie diese Option w\u00fcnschen, werden wir Ihnen eine Empfangsbest\u00e4tigung \u00fcber einen solchen Widerruf auf einem dauerhaften Medium (z. B. per E-Mail) zukommen lassen.<\/p><p>Um die Widerrufsfrist zu erhalten, ist es wichtig, dass Sie Ihren Bericht \u00fcber die Umsetzung der Widerrufsfrist nicht vor der Abschaffung der Widerrufsfrist einreichen.<\/p><p class=\"cmplz-subtitle\">9.2 Auswirkungen des Widerrufs<\/p><p>Wenn Sie diesen Vertrag widerrufen, erstatten wir Ihnen alle Kosten, die Ihnen entstanden sind, einschlie\u00dflich der Lieferkosten (mit Ausnahme der zus\u00e4tzlichen Kosten, die sich aus deiner Wahl einer anderen Lieferart als der von dir angebotenen kosteng\u00fcnstigsten Standardlieferungsart ergibt), unverz\u00fcglich und in jedem Fall sp\u00e4testens 14 Tage ab dem Tag, an dem wir \u00fcber deine Entscheidung zum R\u00fccktritt von diesem Vertrag informiert werden. Wir werden diese Anmeldung zu den Mindestbedingungen, die Sie f\u00fcr die Transaktion verwendet haben, durchf\u00fchren, sofern Sie keinen anderen Grund haben, dies zu tun. In jedem Fall fallen keine Geb\u00fchren an f\u00fcr diese Erstattung. <\/p><p>Sie m\u00fcssen die Ware unverz\u00fcglich und in jedem Fall sp\u00e4testens 14 Tage ab dem Tag, an dem du uns deinen R\u00fccktritt von diesem Vertrag mitteilst, an die Person, die f\u00fcr die Ware zust\u00e4ndig ist, zahlen. Die Frist ist eingehalten, wenn du die Ware vor Ablauf der Frist von 14 Tagen zur\u00fccksendest.<\/p><p>Wir k\u00f6nnen die Zahlung erst dann wieder aufnehmen, wenn wir die Waren wieder zur\u00fcckgenommen haben oder wenn Sie das Schreiben erhalten haben, in dem die R\u00fccknahme der Waren best\u00e4tigt wird, je nachdem, welches der sp\u00e4tere Zeitpunkt ist.<\/p><p>Sie m\u00fcssen die direkten Kosten f\u00fcr die R\u00fccksendung des Lagers bezahlen.<\/p><p>Du haftest nur f\u00fcr Wertminderungen der Waren, die sich aus der Handhabung ergeben, die nicht zur Feststellung der Art, der Merkmale und der Funktionsweise der Waren erforderlich sind.<\/p><p>Bitte beachten Sie, dass es bestimmte gesetzliche Ausnahmen vom Widerrufsrecht gibt und dass bestimmte Artikel nicht zur\u00fcckgenommen oder widerrufen werden k\u00f6nnen. Wir werden Sie informieren, wenn dies im Falle eines schweren Sturzes geschieht.<\/p><h2>10. deine geposteten Inhalte<\/h2><p>Wir bieten auf unserer Website eine Vielzahl von Off-Topic-Kommunikationsmitteln an, wie z.B. Blog-Kommentare, Blog-Beitr\u00e4ge, Foren, Message Boards, Bewertungen und Rezensionen und diverse Social Media-Dienste. Es ist m\u00f6glicherweise nicht m\u00f6glich, alle Inhalte zu \u00fcberpr\u00fcfen oder zu \u00fcberwachen, die du oder andere auf oder \u00fcber unsere Website teilen oder einreichen. Wir behalten uns jedoch das Recht vor, den Inhalt zu \u00fcberpr\u00fcfen und die Nutzung und Aktivit\u00e4t unserer Website zu \u00fcberwachen oder Inhalte nach eigenem Ermessen zu entfernen oder abzulehnen. Durch das Posten von Informationen oder die anderweitige Verwendung offener Kommunikationstools erkl\u00e4rst du dich damit einverstanden, dass deine Inhalte diesen Allgemeinen Gesch\u00e4ftsbedingungen entsprechen und nicht illegal oder rechtswidrig sind oder die gesetzlichen Rechte einer Person verletzen.<\/p><h2>11. ideeneinreichung<\/h2><p>Wenn es keine Ideen, Aussagen, Kunstwerke oder andere Informationen gibt, die als Ihre eigenen religi\u00f6sen \u00dcberzeugungen angesehen werden k\u00f6nnen und die Sie uns mitteilen m\u00f6chten, liegt das daran, dass wir bereits eine Vereinbarung \u00fcber das geistige Eigentum oder eine Geheimhaltungsvereinbarung getroffen haben. Wenn du uns dies ohne eine solche schriftliche Vereinbarung mitteilst, gew\u00e4hrst du uns eine weltweite, unwiderrufliche, nicht exklusive, lizenzgeb\u00fchrenfreie Lizenz zur Nutzung, Reproduktion, Speicherung, Anpassung, Ver\u00f6ffentlichung, \u00dcbersetzung und Verbreitung deiner Inhalte in bestehenden oder zuk\u00fcnftigen Medien.<\/p><h2>12. Beendigung der Nutzung<\/h2><p>Wir k\u00f6nnen nach unserem Ermessen die Verbindung zur Website oder einen weiteren befindlichen Service jederzeit \u00e4ndern oder installieren. Sie erkl\u00e4ren sich hiermit einverstanden, dass wir Ihnen kein weiteres Recht auf solche \u00c4nderungen, Erg\u00e4nzungen oder L\u00f6schungen der Verbindung zur Website oder eines weiteren befindlichen Dienstes verweigern. Du hast keinen Anspruch auf Entsch\u00e4digung oder sonstige Zahlung, selbst wenn bestimmte Funktionen, Einstellungen und\/oder Inhalte, die du beigesteuert hast oder auf die du dich verl\u00e4sst, dauerhaft verloren gehen. Du darfst keine Zugriffsbeschr\u00e4nkungsma\u00dfnahmen auf unserer Website umgehen oder versuchen, sie zu umgehen.<\/p><h2>13. garantien und haftung<\/h2><p>Durch nichts in diesem Abschnitt wird eine gesetzlich implizierte Garantie eingeschr\u00e4nkt oder ausgeschlossen, deren Einschr\u00e4nkung oder Ausschluss rechtswidrig w\u00e4re. Diese Website und alle Inhalte der Website werden \"wie sie sind\" und \"wie verf\u00fcgbar\" bereitgestellt und k\u00f6nnen Ungenauigkeiten oder Tippfehler enthalten. Wir \u00fcbernehmen keine Haftung f\u00fcr die ordnungsgem\u00e4\u00dfe Nutzung, Verf\u00fcgbarkeit, Geschwindigkeit oder Freiwilligkeit der Inhalte und garantieren nicht daf\u00fcr:<\/p><p><ul>\n\t\t\t\t<li>Diese Website oder unsere Produkte oder Dienstleistungen werden Ihren Anforderungen entsprechen.<\/li>\n\t\t\t\t<li>Diese Website wird ununterbrochen, zeitnah, sicher oder fehlerfrei verf\u00fcgbar sein;<\/li>\n\t\t\t\t<li>Die Qualit\u00e4t aller Produkte oder Dienstleistungen, die Sie \u00fcber diese Website erwerben oder erhalten, muss Ihren Erwartungen entsprechen.<\/li>\n\t\t\t<\/ul><\/p><p>Nichts auf dieser Website ist f\u00fcr rechtliche, finanzielle oder medizinische Beratung gedacht oder sollte daf\u00fcr verwendet werden. Wenn Sie Beratung ben\u00f6tigen, sollten Sie einen qualifizierten Fachmann konsultieren.<\/p><p>Die folgenden Bestimmungen dieses Abschnitts gelten im gesetzlich zul\u00e4ssigen H\u00f6chstma\u00df und schr\u00e4nken unsere Haftung in Bezug auf Angelegenheiten, die f\u00fcr uns rechtswidrig oder rechtswidrig w\u00e4ren, unsere Haftung einzuschr\u00e4nken oder auszuschlie\u00dfen, nicht ein oder aus. In keinem Fall haften wir f\u00fcr direkte oder indirekte Sch\u00e4den (einschlie\u00dflich Sch\u00e4den f\u00fcr entgangenen Gewinn oder Umsatz, Verlust oder Besch\u00e4digung von Daten, Software oder Datenbank oder Verlust oder Besch\u00e4digung von Eigentum oder Daten), die dir oder Drittparteien entstehen, die sich aus deinem Zugriff auf oder deiner Nutzung unserer Website ergeben.<\/p><p>Sofern in einem zus\u00e4tzlichen Vertrag nicht ausdr\u00fccklich etwas anderes bestimmt ist, haften wir dir gegen\u00fcber maximal f\u00fcr alle Sch\u00e4den, die aus der Website oder mit Produkten und Dienstleistungen entstehen oder damit in Verbindung stehen, die \u00fcber die Website vermarktet oder verkauft werden, unabh\u00e4ngig von der Form der rechtlichen Schritte, die eine Haftung auferlegen (Ob vertraglich, nach Billigkeit, Fahrl\u00e4ssigkeit, vors\u00e4tzlichem Verhalten, unerlaubter Handlung oder auf andere Weise) wird auf den Gesamtpreis begrenzt, den du an uns gezahlt hast, um solche Produkte oder Dienstleistungen zu kaufen oder die Website zu nutzen. Diese Begrenzung gilt insgesamt f\u00fcr alle deine Anspr\u00fcche, Handlungen und Klagegr\u00fcnde jeglicher Art und Weise.<\/p><h2>14. die Privatsph\u00e4re<\/h2><p>Um unsere Website und\/oder Dienste abonnieren zu k\u00f6nnen, m\u00fcssen Sie im Rahmen des Registrierungsprozesses die bestm\u00f6glichen Informationen \u00fcber sich selbst angeben. Sie m\u00fcssen sicherstellen, dass alle von Ihnen bereitgestellten Informationen immer genau, korrekt und aktuell sind.<\/p><p>Wir betrachten Ihre pers\u00f6nlichen Daten nicht als vertraulich und verpflichten uns, Ihre Privatsph\u00e4re zu sch\u00fctzen. Wir werden Ihre E-Mail-Adresse nicht f\u00fcr unaufgeforderte E-Mails verwenden. Alle von uns an Sie gesendeten E-Mails dienen ausschlie\u00dflich dem Zweck des Erhalts von Produkten oder Dienstleistungen.<\/p><p>Wir haben einen Leitfaden ausgearbeitet, um Datenschutzverletzungen zu verhindern. Weitere Informationen finden Sie in unserem <a href=\"https:\/\/literaskaligrafija.si\/de\/datenschutzrechtliche-erklarung-eu\/?cmplz_region_redirect=true\">Erkl\u00e4rung zum Datenschutz<\/a> und unser <a href=\"https:\/\/literaskaligrafija.si\/de\/die-regeln-uber-sprinkler-eu\/?cmplz_region_redirect=true\">Cookie-Richtlinie<\/a>.<\/p><h2>15. die Barrierefreiheit<\/h2><p>Wir bitten Sie, die von uns entwickelten Inhalationen f\u00fcr Menschen mit Behinderungen auf Ihre Bed\u00fcrfnisse abzustimmen. Wenn Sie eine Behinderung haben und deshalb einen Teil unserer Website nicht nutzen k\u00f6nnen, senden Sie uns bitte eine detaillierte Beschreibung des von Ihnen festgestellten Problems. Wenn das Problem mit Hilfe der verschiedenen Informatikmittel und -techniken leicht identifiziert und gel\u00f6st werden kann, werden wir in der Lage sein, es zu beheben.<\/p><h2>16. exportbeschr\u00e4nkungen \/ Einhaltung von Gesetzen<\/h2><p>Der Zugriff auf die Website aus Gebieten oder L\u00e4ndern, in denen der Inhalt oder Kauf der auf der Website verkauften Produkte oder Dienstleistungen illegal ist, ist verboten. Du darfst diese Website nicht unter Versto\u00df gegen die Exportgesetze und -bestimmungen von Slowenien verwenden.<\/p><h2>17. zuordnung<\/h2><p>Ohne unsere vorherige schriftliche Zustimmung darfst du deine Rechte und\/oder Pflichten aus diesen Gesch\u00e4ftsbedingungen weder noch teilweise an Dritte abtreten, \u00fcbertragen oder an Dritte weitergeben. Jede angebliche Abtretung, die gegen diesen Abschnitt verst\u00f6\u00dft, ist nichtig.<\/p><h2>18. die Verst\u00f6\u00dfe gegen diese Allgemeinen Gesch\u00e4ftsbedingungen<\/h2><p>Ungeachtet unseres anderen Rechts aus diesen Allgemeinen Gesch\u00e4ftsbedingungen k\u00f6nnen wir, wenn du in irgendeiner Weise gegen diese Allgemeinen Gesch\u00e4ftsbedingungen verst\u00f6\u00dft, Ma\u00dfnahmen ergreifen, die wir f\u00fcr angemessen halten, um den Versto\u00df zu behandeln, einschlie\u00dflich der vor\u00fcbergehenden oder dauerhaften Sperrung deines Zugriffs auf die Website und mit der Kontaktaufnahme deines Internetdienstanbieters mit der Aufforderung deinen Zugang zur Website zu sperren und\/oder rechtliche Schritte gegen dich einzuleiten.<\/p><h2>19. h\u00f6here Gewalt<\/h2><p>Mit Ausnahme der Zahlungsverpflichtung, einer Verz\u00f6gerung, eines Vers\u00e4umnisses oder einer Unterlassung einer Partei bei der Erf\u00fcllung oder Einhaltung einer ihrer Verpflichtungen aus diesem Vertrag, gilt nicht als Versto\u00df gegen diese Allgemeinen Gesch\u00e4ftsbedingungen, wenn und solange eine solche Verz\u00f6gerung, ein Vers\u00e4umnis oder eine Unterlassung aus einem \u00fcber den vern\u00fcnftigen Grund hinausgehenden Grund der angemessenen Kontrolle dieser Partei liegt.<\/p><h2>20. entsch\u00e4digung<\/h2><p>Sie sind daher verpflichtet, uns von allen schwerwiegenden Verst\u00f6\u00dfen, \u00dcbertretungen, Sch\u00e4den, Verletzungen und Kosten im Zusammenhang mit Ihrer Einhaltung dieser Allgemeinen Gesch\u00e4ftsbedingungen und der geltenden Gesetze, einschlie\u00dflich geistiger Eigentumsrechte und Datenschutzrechte, freizuhalten und uns frei, sicher und gesch\u00fctzt zu halten. Sie sind verpflichtet, f\u00fcr Ihre Anspr\u00fcche, Forderungen, Kosten und Nutzungen im Zusammenhang mit oder aus solchen Verst\u00f6\u00dfen aufzukommen.<\/p><h2>21. verzicht<\/h2><p>Das Vers\u00e4umnis, eine der Bestimmungen dieser Allgemeinen Gesch\u00e4ftsbedingungen und einer Vereinbarung durchzusetzen, oder das Vers\u00e4umnis, eine K\u00fcndigungsoption auszu\u00fcben, gilt nicht als Verzicht auf diese Bestimmungen und ber\u00fchrt nicht die G\u00fcltigkeit dieser Allgemeinen Gesch\u00e4ftsbedingungen oder einer dieser Vereinbarungen oder einen Teil davon oder das Recht danach, jede einzelne Bestimmung durchzusetzen.<\/p><h2>22. sprache<\/h2><p>Diese Allgemeinen Gesch\u00e4ftsbedingungen werden in Slowenisch gedolmetscht und ver\u00f6ffentlicht. Alle Mitteilungen und Korrespondenzen werden in Slowenisch ver\u00f6ffentlicht.<\/p><h2>23. vollst\u00e4ndige Vereinbarung<\/h2><p>Diese Bedingungen und Konditionen, zusammen mit unseren <a href=\"https:\/\/literaskaligrafija.si\/de\/datenschutzrechtliche-erklarung-eu\/?cmplz_region_redirect=true\">Erkl\u00e4rung zum Datenschutz<\/a> und <a href=\"https:\/\/literaskaligrafija.si\/de\/die-regeln-uber-sprinkler-eu\/?cmplz_region_redirect=true\">Cookie-Richtlinie<\/a>, stellen die gesamte Vereinbarung zwischen Ihnen und Literas kaligrafija in Bezug auf Ihre Nutzung dieser Website dar.<\/p><h2>24. die Aktualisierung dieser Allgemeinen Gesch\u00e4ftsbedingungen<\/h2><p>Wir k\u00f6nnen diese Allgemeinen Gesch\u00e4ftsbedingungen von Zeit zu Zeit aktualisieren. Sie sind verpflichtet, diese Allgemeinen Gesch\u00e4ftsbedingungen regelm\u00e4\u00dfig auf \u00c4nderungen oder Aktualisierungen zu \u00fcberpr\u00fcfen. Das Datum, an dem diese Allgemeinen Gesch\u00e4ftsbedingungen beginnen, ist das sp\u00e4teste Datum des \u00dcberarbeitungsdatums. Die \u00c4nderungen dieser Allgemeinen Gesch\u00e4ftsbedingungen werden ver\u00f6ffentlicht, sobald diese \u00c4nderungen auf dieser Website ver\u00f6ffentlicht wurden. Ihre fortgesetzte Nutzung dieser Website nach der Ver\u00f6ffentlichung von \u00c4nderungen oder Aktualisierungen gilt als Hinweis auf Ihre Zustimmung zur Einhaltung und Bindung dieser Allgemeinen Gesch\u00e4ftsbedingungen.<\/p><h2>25. rechtswahl und gerichtsstand<\/h2><p>Diese Allgemeinen Gesch\u00e4ftsbedingungen unterliegen den Gesetzen von Slowenien. F\u00fcr alle Streitigkeiten im Zusammenhang mit diesen Allgemeinen Gesch\u00e4ftsbedingungen sind die Gerichte von Slowenien zust\u00e4ndig. Wenn ein Teil oder eine Bestimmung dieser Allgemeinen Gesch\u00e4ftsbedingungen von einem Gericht oder einer anderen Beh\u00f6rde als ung\u00fcltig und \/ oder nach geltendem Recht nicht durchsetzbar befunden wird, wird dieser Teil oder diese Bestimmung im maximal zul\u00e4ssigen Umfang ge\u00e4ndert, gel\u00f6scht und \/ oder durchgesetzt die Absicht dieser Allgemeinen Gesch\u00e4ftsbedingungen verwirklicht. Die \u00fcbrigen Bestimmungen bleiben unber\u00fchrt.<\/p><h2>26. kontaktinformationen<\/h2><p>Diese Website geh\u00f6rt und wird betrieben von Literas kaligrafija.<\/p><p>Sie k\u00f6nnen uns bez\u00fcglich dieser Allgemeinen Gesch\u00e4ftsbedingungen \u00fcber unser <a href=\"https:\/\/literaskaligrafija.si\/de\/kontakt\/\">Kontakt<\/a> Seite.<\/p><h2>27. herunterladen<\/h2><p>Sie k\u00f6nnen auch <a href=\"https:\/\/literaskaligrafija.si\/wp-content\/plugins\/complianz-terms-conditions\/download.php\">herunterladen<\/a> unsere Allgemeinen Gesch\u00e4ftsbedingungen als PDF.<\/p><\/div>","protected":false},"excerpt":{"rendered":"","protected":false},"author":5,"featured_media":0,"parent":0,"menu_order":0,"comment_status":"closed","ping_status":"closed","template":"","meta":{"content-type":"","inline_featured_image":false,"footnotes":""},"class_list":["post-8530","page","type-page","status-publish","hentry"],"jetpack_sharing_enabled":true,"_links":{"self":[{"href":"https:\/\/literaskaligrafija.si\/de\/wp-json\/wp\/v2\/pages\/8530","targetHints":{"allow":["GET"]}}],"collection":[{"href":"https:\/\/literaskaligrafija.si\/de\/wp-json\/wp\/v2\/pages"}],"about":[{"href":"https:\/\/literaskaligrafija.si\/de\/wp-json\/wp\/v2\/types\/page"}],"author":[{"embeddable":true,"href":"https:\/\/literaskaligrafija.si\/de\/wp-json\/wp\/v2\/users\/5"}],"replies":[{"embeddable":true,"href":"https:\/\/literaskaligrafija.si\/de\/wp-json\/wp\/v2\/comments?post=8530"}],"version-history":[{"count":1,"href":"https:\/\/literaskaligrafija.si\/de\/wp-json\/wp\/v2\/pages\/8530\/revisions"}],"predecessor-version":[{"id":8531,"href":"https:\/\/literaskaligrafija.si\/de\/wp-json\/wp\/v2\/pages\/8530\/revisions\/8531"}],"wp:attachment":[{"href":"https:\/\/literaskaligrafija.si\/de\/wp-json\/wp\/v2\/media?parent=8530"}],"curies":[{"name":"wp","href":"https:\/\/api.w.org\/{rel}","templated":true}]}}