{"id":5716,"date":"2022-09-27T14:01:31","date_gmt":"2022-09-27T12:01:31","guid":{"rendered":"https:\/\/literaskaligrafija.si\/?post_type=product&#038;p=5716"},"modified":"2024-12-17T20:09:05","modified_gmt":"2024-12-17T19:09:05","slug":"einzigartige-hochzeit-geschenk-liebe-zitat-handgemachte-kalligraphie","status":"publish","type":"product","link":"https:\/\/literaskaligrafija.si\/de\/izdelek\/unikatno-porocno-darilo-ljubezenski-citat-unikatna-kaligrafija\/","title":{"rendered":"Einzigartiges Hochzeitsgeschenk - Liebeszitat - Einzigartige Kalligraphie"},"content":{"rendered":"<p>Einzigartiges Hochzeitsgeschenk - Liebeszitat - Einzigartige Kalligraphie<\/p>\n<p>F\u00fcllen Sie die folgenden Felder aus, um eine <strong><a href=\"https:\/\/www.tiktok.com\/@literaskaligrafija\/video\/7132866374740823302?is_from_webapp=1&amp;sender_device=pc&amp;web_id=7158440317983966726\" target=\"_blank\" rel=\"noopener\"><span style=\"text-decoration: underline\">eine einzigartige personalisierte Gru\u00dfkarte<\/span><\/a>.<\/strong><\/p>\n<p><strong>Wundersch\u00f6ne einzigartige Hochzeit <a href=\"https:\/\/literaskaligrafija.si\/de\/geschenke-verbunden-nur-wer-schenkt-nicht\/\" target=\"_blank\" rel=\"noopener\"><span style=\"text-decoration: underline\"><span style=\"color: #c31f2f;text-decoration: underline\">Geschenk<\/span><\/span><\/a> - eine Liebesbotschaft Ihrer Wahl, vollst\u00e4ndig von Hand in Kalligraphie geschrieben.<\/strong> Die Vorderseite der Karte ist mit einem aquarellierten Rosenmotiv verziert.<\/p>\n<p><strong>Verfahren <\/strong><strong>Auswahlm\u00f6glichkeiten<\/strong> ist in Lose unterteilt.<\/p>\n<ol>\n<li>W\u00e4hlen Sie die Farbe des Umschlags mit der Schleife.<\/li>\n<li>Bitte nehmen Sie die Informationen f\u00fcr die Gru\u00dfkarte:<\/li>\n<\/ol>\n<ul>\n<li>W\u00e4hlen Sie ein Angebot aus - dies ist ein Pflichtfeld,<\/li>\n<li>Geben Sie die Namen des Brautpaares ein - dies ist ein Pflichtfeld,<\/li>\n<li>den Ort der Trauung angeben - fakultativ,<\/li>\n<li>Geben Sie das Datum der Hochzeit ein - optional,<\/li>\n<li>Geben Sie die Namen oder die vollst\u00e4ndige Adresse ein, wenn Sie den Brief per Post versenden (wenn Sie dieses Feld leer lassen, werden die Namen auf den Umschlag gedruckt).<\/li>\n<\/ul>\n<p><strong>\u00a0<\/strong><strong>Der Bausatz enth\u00e4lt:<\/strong><\/p>\n<ul>\n<li>A5-Klappkarte aus 250 g\/m2 Qualit\u00e4tspapier mit einem Rosenmotiv in Aquarelltechnik und einem handgedruckten kalligrafischen Text Ihrer Wahl,<\/li>\n<li>Transparentes Papier mit einer handschriftlichen kalligrafischen Aufschrift der Namen des Brautpaares, in die die Karte zus\u00e4tzlich eingewickelt wird, sowie, falls gew\u00fcnscht, Ort und Datum der Hochzeit,<\/li>\n<li>einen C5-Umschlag (162 x 229 mm) mit 140 g\/m2 Euroflap in der Farbe Ihrer Wahl und einem kalligrafischen Druck des Brautpaares oder der vollst\u00e4ndigen Adresse,<\/li>\n<li>ein Band in der gleichen Farbe wie auf dem Foto, das f\u00fcr eine bessere Haltbarkeit vorgekratzt und poliert wurde. Das Band hat sch\u00f6ne nat\u00fcrliche, ungerundete Kanten.<\/li>\n<\/ul>\n<p>Innerhalb <strong>ist ein Liebeszitat, eine kurze pers\u00f6nliche Botschaft<\/strong> und den Namen der Person(en), die den Gru\u00df \u00fcbermitteln. <strong>Der Umschlag kann mit den Namen des Brautpaares oder mit der vollst\u00e4ndigen Adresse bedruckt werden<\/strong>wenn Sie Ihren Gru\u00df per Post versenden.<\/p>\n<p><strong>Der gesamte Text ist handschriftlich in Copperplate-Kalligraphie verfasst, die Namen auf der Vorderseite und auf dem Einband in einer etwas kunstvolleren Copperplate-Schrift.<\/strong><\/p>\n<p>Die Karte ist umh\u00fcllt mit <strong>Farbband. Das Band ist weich und lichtdurchl\u00e4ssig <\/strong>und verhindert nicht, dass der Umschlag geschlossen wird.<\/p>\n<p>Wenn Sie einen hellen Umschlag gew\u00e4hlt haben, ist die Schrift auf dem Umschlag in einer dunkleren Farbe gehalten, genau wie auf der Gru\u00dfkarte; wenn Sie einen dunklen Umschlag gew\u00e4hlt haben, schreiben wir die Adresse in Wei\u00df.<\/p>\n<p>Wie es ist <strong>einzigartig handgefertigt<\/strong> Ihre Bestellung wird versandt <strong>innerhalb von sieben (7) Arbeitstagen nach Eingang der Bestellung.<br \/>\n<\/strong><\/p>\n<p><strong>\u00a0<\/strong><\/p>","protected":false},"excerpt":{"rendered":"<p><strong>Einzigartiges Hochzeitsgeschenk - Liebe Zitat - Hand Kalligraphie. <\/strong>Kalligraphierte Liebesbotschaft Ihrer Wahl, mit Rosenmuster und Schleife, <strong>A5.\u00a0<\/strong><\/p>\n<p><strong>Die Produktionsfrist betr\u00e4gt sieben (7) Arbeitstage ab Eingang der Bestellung und aller Informationen.<\/strong><\/p>\n<p>Lesen Sie mehr \u00fcber das Produkt in der Beschreibung unten.<\/p>","protected":false},"featured_media":6257,"comment_status":"open","ping_status":"closed","template":"","meta":{"content-type":"","inline_featured_image":false},"product_brand":[],"product_cat":[251,178,379,403],"product_tag":[],"class_list":{"0":"post-5716","1":"product","2":"type-product","3":"status-publish","4":"has-post-thumbnail","6":"product_cat-darila","7":"product_cat-nekategorizirano","8":"product_cat-obletnica","9":"product_cat-poroka","10":"product_shipping_class-postnina","12":"first","13":"outofstock","14":"taxable","15":"shipping-taxable","16":"purchasable","17":"product-type-simple"},"bundled_by":[],"bundle_stock_status":"outofstock","bundle_stock_quantity":null,"bundle_virtual":false,"bundle_layout":"","bundle_add_to_cart_form_location":"","bundle_editable_in_cart":false,"bundle_sold_individually_context":"","bundle_item_grouping":"","bundle_min_size":"","bundle_max_size":"","bundle_price":[],"bundled_items":[],"bundle_sell_ids":[],"jetpack_sharing_enabled":true,"_links":{"self":[{"href":"https:\/\/literaskaligrafija.si\/de\/wp-json\/wp\/v2\/product\/5716","targetHints":{"allow":["GET"]}}],"collection":[{"href":"https:\/\/literaskaligrafija.si\/de\/wp-json\/wp\/v2\/product"}],"about":[{"href":"https:\/\/literaskaligrafija.si\/de\/wp-json\/wp\/v2\/types\/product"}],"replies":[{"embeddable":true,"href":"https:\/\/literaskaligrafija.si\/de\/wp-json\/wp\/v2\/comments?post=5716"}],"wp:featuredmedia":[{"embeddable":true,"href":"https:\/\/literaskaligrafija.si\/de\/wp-json\/wp\/v2\/media\/6257"}],"wp:attachment":[{"href":"https:\/\/literaskaligrafija.si\/de\/wp-json\/wp\/v2\/media?parent=5716"}],"wp:term":[{"taxonomy":"product_brand","embeddable":true,"href":"https:\/\/literaskaligrafija.si\/de\/wp-json\/wp\/v2\/product_brand?post=5716"},{"taxonomy":"product_cat","embeddable":true,"href":"https:\/\/literaskaligrafija.si\/de\/wp-json\/wp\/v2\/product_cat?post=5716"},{"taxonomy":"product_tag","embeddable":true,"href":"https:\/\/literaskaligrafija.si\/de\/wp-json\/wp\/v2\/product_tag?post=5716"}],"curies":[{"name":"wp","href":"https:\/\/api.w.org\/{rel}","templated":true}]}}