{"id":5919,"date":"2022-10-04T10:58:57","date_gmt":"2022-10-04T08:58:57","guid":{"rendered":"https:\/\/literaskaligrafija.si\/?post_type=product&#038;p=5919"},"modified":"2026-02-17T10:53:55","modified_gmt":"2026-02-17T09:53:55","slug":"coco-chanel-mademoiselle-parfum-mit-handgravur","status":"publish","type":"product","link":"https:\/\/literaskaligrafija.si\/de\/izdelek\/coco-chanel-graviranje\/","title":{"rendered":"Coco Chanel Mademoiselle - Handgraviertes Parf\u00fcm"},"content":{"rendered":"<p><strong>Coco Chanel Mademoiselle - Handgraviertes Parf\u00fcm\u00a0<\/strong><\/p>\n<p><strong>Kalligraphische Gravur<\/strong> Namen auf der Parf\u00fcmflasche <strong>COCO MADEMOISELLE EU DE PARFUM SPRAY<\/strong> ist <strong>individueller Service<\/strong>was einen besonderen Hauch von Luxus verleiht. Diese einzigartige und elegante Methode erm\u00f6glicht es Ihnen, eine pers\u00f6nliche Notiz oder Widmung auf dem Flakon anzubringen, wodurch ein Parf\u00fcmflakon zu einem Geschenk wird, das von Herzen kommt.<\/p>\n<div id=\"attachment_7946\" style=\"width: 1510px\" class=\"wp-caption alignnone\"><img loading=\"lazy\" decoding=\"async\" aria-describedby=\"caption-attachment-7946\" class=\"size-full wp-image-7946\" src=\"https:\/\/literaskaligrafija.si\/wp-content\/uploads\/2022\/10\/ParfumGraviranje.jpg\" alt=\"Einzigartiges Geschenk - Geschenkideen\" width=\"1500\" height=\"1500\" srcset=\"https:\/\/literaskaligrafija.si\/wp-content\/uploads\/2022\/10\/ParfumGraviranje.jpg 1500w, https:\/\/literaskaligrafija.si\/wp-content\/uploads\/2022\/10\/ParfumGraviranje-300x300.jpg 300w, https:\/\/literaskaligrafija.si\/wp-content\/uploads\/2022\/10\/ParfumGraviranje-1024x1024.jpg 1024w, https:\/\/literaskaligrafija.si\/wp-content\/uploads\/2022\/10\/ParfumGraviranje-150x150.jpg 150w, https:\/\/literaskaligrafija.si\/wp-content\/uploads\/2022\/10\/ParfumGraviranje-768x768.jpg 768w, https:\/\/literaskaligrafija.si\/wp-content\/uploads\/2022\/10\/ParfumGraviranje-12x12.jpg 12w, https:\/\/literaskaligrafija.si\/wp-content\/uploads\/2022\/10\/ParfumGraviranje-550x550.jpg 550w, https:\/\/literaskaligrafija.si\/wp-content\/uploads\/2022\/10\/ParfumGraviranje-1000x1000.jpg 1000w, https:\/\/literaskaligrafija.si\/wp-content\/uploads\/2022\/10\/ParfumGraviranje-400x400.jpg 400w, https:\/\/literaskaligrafija.si\/wp-content\/uploads\/2022\/10\/ParfumGraviranje-600x600.jpg 600w, https:\/\/literaskaligrafija.si\/wp-content\/uploads\/2022\/10\/ParfumGraviranje-100x100.jpg 100w, https:\/\/literaskaligrafija.si\/wp-content\/uploads\/2022\/10\/ParfumGraviranje-50x50.jpg 50w\" sizes=\"auto, (max-width: 1500px) 100vw, 1500px\" \/><p id=\"caption-attachment-7946\" class=\"wp-caption-text\">Ein einzigartiges Geschenk - handgraviertes Parf\u00fcm. Visualisierung von Zlatka Trstenjak Rampre<\/p><\/div>\n<p><strong>Die Gravur erfolgt in sorgf\u00e4ltiger Handarbeit und kombiniert die traditionellen K\u00fcnste der Kalligraphie und der Gravur.<\/strong>um Genauigkeit und Qualit\u00e4t zu gew\u00e4hrleisten. Diese Dienstleistung eignet sich als Geschenk f\u00fcr besondere Anl\u00e4sse wie Geburtstage, Jubil\u00e4en oder als Ausdruck der Dankbarkeit und Wertsch\u00e4tzung. <strong>Eingravierter Name auf Coco Chanel Parf\u00fcm<\/strong> Es ist mehr als nur ein Geschenk, es ist eine pers\u00f6nliche Note und ein bleibendes Zeichen der Aufmerksamkeit.<\/p>\n<p><strong>Kalligraphische Gravur<\/strong> unterscheidet sich von der Standard-Lasergravur, die in der Regel nur eine begrenzte Auswahl an Schriftarten bietet und oft zu eint\u00f6nigen und generischen Schriftz\u00fcgen f\u00fchrt.<\/p>\n<p>Die kalligrafische Gravur hingegen bringt die Kunst in jeden Strich und schafft interessante Motive,<strong> sch\u00f6ne und zeitlose Linien,<\/strong> die jedem Buchstaben Leben und Charakter verleihen. Siehe auch die Galerie der anderen handgravierten Parfums.<\/p>\n<p>Diese traditionelle Technik erm\u00f6glicht die Kreation komplexer und individueller Formen, die das Auge und das Herz ansprechen und dem Parf\u00fcm Tiefe und Raffinesse verleihen. <strong>Coco Chanel.<\/strong><\/p>\n<p><strong>Der Preis beinhaltet:<\/strong><\/p>\n<ol>\n<li>Das Parf\u00fcm Ihrer Wahl.<\/li>\n<li>Vorschau auf den handgravierten Text.<\/li>\n<li>Handkalligrafische Gravur Ihres Textes auf der Flasche.<\/li>\n<li>Dauerhafte Goldbeschichtung der Gravuren.<\/li>\n<\/ol>\n<p><strong>Die Produktionsfrist betr\u00e4gt zehn (10) Arbeitstage.\u00a0<\/strong><\/p>\n<p>&nbsp;<\/p>\n<div id=\"attachment_7903\" style=\"width: 1510px\" class=\"wp-caption alignnone\"><img loading=\"lazy\" decoding=\"async\" aria-describedby=\"caption-attachment-7903\" class=\"wp-image-7903 size-full\" title=\"Parf\u00fcm mit Personalisierung\" src=\"https:\/\/literaskaligrafija.si\/wp-content\/uploads\/2022\/10\/graviranje_na_parfum_kaligrafija-rotated.jpg\" alt=\"Coco Chanel Mademoiselle mit Personalisierung\" width=\"1500\" height=\"1500\" srcset=\"https:\/\/literaskaligrafija.si\/wp-content\/uploads\/2022\/10\/graviranje_na_parfum_kaligrafija-rotated.jpg 1500w, https:\/\/literaskaligrafija.si\/wp-content\/uploads\/2022\/10\/graviranje_na_parfum_kaligrafija-300x300.jpg 300w, https:\/\/literaskaligrafija.si\/wp-content\/uploads\/2022\/10\/graviranje_na_parfum_kaligrafija-1024x1024.jpg 1024w, https:\/\/literaskaligrafija.si\/wp-content\/uploads\/2022\/10\/graviranje_na_parfum_kaligrafija-150x150.jpg 150w, https:\/\/literaskaligrafija.si\/wp-content\/uploads\/2022\/10\/graviranje_na_parfum_kaligrafija-768x768.jpg 768w, https:\/\/literaskaligrafija.si\/wp-content\/uploads\/2022\/10\/graviranje_na_parfum_kaligrafija-12x12.jpg 12w, https:\/\/literaskaligrafija.si\/wp-content\/uploads\/2022\/10\/graviranje_na_parfum_kaligrafija-550x550.jpg 550w, https:\/\/literaskaligrafija.si\/wp-content\/uploads\/2022\/10\/graviranje_na_parfum_kaligrafija-1000x1000.jpg 1000w, https:\/\/literaskaligrafija.si\/wp-content\/uploads\/2022\/10\/graviranje_na_parfum_kaligrafija-400x400.jpg 400w, https:\/\/literaskaligrafija.si\/wp-content\/uploads\/2022\/10\/graviranje_na_parfum_kaligrafija-600x600.jpg 600w, https:\/\/literaskaligrafija.si\/wp-content\/uploads\/2022\/10\/graviranje_na_parfum_kaligrafija-100x100.jpg 100w, https:\/\/literaskaligrafija.si\/wp-content\/uploads\/2022\/10\/graviranje_na_parfum_kaligrafija-50x50.jpg 50w\" sizes=\"auto, (max-width: 1500px) 100vw, 1500px\" \/><p id=\"caption-attachment-7903\" class=\"wp-caption-text\">Coco Chanel Mademoiselle mit Personalisierung<\/p><\/div>\n<p>&nbsp;<\/p>\n<div id=\"attachment_6428\" style=\"width: 1510px\" class=\"wp-caption alignnone\"><img loading=\"lazy\" decoding=\"async\" aria-describedby=\"caption-attachment-6428\" class=\"wp-image-6428 size-full\" title=\"Personalisiertes Parf\u00fcm - kalligraphische Gravur des Namens auf dem Parf\u00fcm\" src=\"https:\/\/literaskaligrafija.si\/wp-content\/uploads\/2022\/11\/Graviranje_detajl.jpg\" alt=\"Parf\u00fcm mit Handgravur\" width=\"1500\" height=\"1500\" srcset=\"https:\/\/literaskaligrafija.si\/wp-content\/uploads\/2022\/11\/Graviranje_detajl.jpg 1500w, https:\/\/literaskaligrafija.si\/wp-content\/uploads\/2022\/11\/Graviranje_detajl-300x300.jpg 300w, https:\/\/literaskaligrafija.si\/wp-content\/uploads\/2022\/11\/Graviranje_detajl-1024x1024.jpg 1024w, https:\/\/literaskaligrafija.si\/wp-content\/uploads\/2022\/11\/Graviranje_detajl-150x150.jpg 150w, https:\/\/literaskaligrafija.si\/wp-content\/uploads\/2022\/11\/Graviranje_detajl-768x768.jpg 768w, https:\/\/literaskaligrafija.si\/wp-content\/uploads\/2022\/11\/Graviranje_detajl-550x550.jpg 550w, https:\/\/literaskaligrafija.si\/wp-content\/uploads\/2022\/11\/Graviranje_detajl-1000x1000.jpg 1000w, https:\/\/literaskaligrafija.si\/wp-content\/uploads\/2022\/11\/Graviranje_detajl-400x400.jpg 400w, https:\/\/literaskaligrafija.si\/wp-content\/uploads\/2022\/11\/Graviranje_detajl-600x600.jpg 600w, https:\/\/literaskaligrafija.si\/wp-content\/uploads\/2022\/11\/Graviranje_detajl-100x100.jpg 100w, https:\/\/literaskaligrafija.si\/wp-content\/uploads\/2022\/11\/Graviranje_detajl-50x50.jpg 50w\" sizes=\"auto, (max-width: 1500px) 100vw, 1500px\" \/><p id=\"caption-attachment-6428\" class=\"wp-caption-text\">Personalisiertes Parf\u00fcm - Kalligrafische Handgravur des Namens. Foto.<\/p><\/div>\n<p>&nbsp;<\/p>\n<p><strong>Coco Chanel Mademoiselle Eau de Parfum<\/strong> Spray ist f\u00fcr mutige und freie Geister. Ein luxuri\u00f6ser Duft, der einen entschlossenen Charakter und \u00fcberraschende Frische widerspiegelt. Die gravierte Parf\u00fcmflasche ist <span style=\"color: #c31f2f\"><a style=\"color: #c31f2f\" href=\"https:\/\/literaskaligrafija.si\/de\/geschenke-verbunden-nur-wer-schenkt-nicht\/\" target=\"_blank\" rel=\"noopener\"><span style=\"text-decoration: underline\"><strong>ein wirklich einzigartiges und wertvolles Geschenk. <\/strong><\/span><\/a><\/span><\/p>\n<p>&nbsp;<\/p>\n<p><span style=\"color: #c31f2f\"><strong>Vorschl\u00e4ge f\u00fcr die Gravur<\/strong><\/span><\/p>\n<p>Sie k\u00f6nnen einzelne positive oder bejahende Worte, kurze Gr\u00fc\u00dfe, Liebeserkl\u00e4rungen, Verlobungstexte oder besondere Urlaubsgr\u00fc\u00dfe eingravieren lassen:<\/p>\n<ul>\n<li><strong>Liebe<\/strong> (*Mit Liebe f\u00fcr dich! *With love. *Ich liebe dich! *Ich liebe dich. *Du bist wundersch\u00f6n. *F\u00fcr immer! * *Hugs &amp; Kisses Hugs &amp; Kisses We love you! *Love Always My Beautiful Love You Babe! *Love you forever! *With Love)<\/li>\n<li><strong>Dankesch\u00f6n <\/strong>(*Danke, dass ihr da wart!  *Du bist gro\u00dfartig! *Danke* Du bist der Beste! *You're so sweet! *Dankesch\u00f6n!<\/li>\n<li><strong>Muttertag<\/strong> (*Beste Mum! *I love you! *Mom, you're the law! *Happy Mother's Day! *Best mom ever! *Liebe dich Mama!!!)<\/li>\n<li><strong>F\u00fcr V\u00e4ter<\/strong> (*Vater, du bist der Zar! *Der beste Daddy! *Der beste Daddy! *Du bist mein Held!)<\/li>\n<li><strong>Freundschaft <\/strong>(*Einfach f\u00fcr dich! *You're my bestie! *Congrats baby! *Best sister! *You're the law! * Friend forever! * *Friends Forever! * *Just for You! *You're fabulous!)<\/li>\n<li><strong>M\u00f6glichkeiten <\/strong>(* Herzlichen Gl\u00fcckwunsch zum Geburtstag! *Gl\u00fcckwunsch! *Gl\u00fcckwunsch zum Jahrestag! *Be my Valentine! *Look who's 40! *Happy Birthday! *Herzlichen Gl\u00fcckwunsch! *Happy Anniversary! *)<\/li>\n<\/ul>\n<p>&nbsp;<\/p>\n<p>Gefahrenklassifizierung nach dem Chemikaliengesetz:<\/p>\n<p>ACHTUNG<\/p>\n<ul>\n<li>H226: Fl\u00fcssigkeit und Dampf leicht entz\u00fcndbar.<\/li>\n<li>P102: Darf nicht in die H\u00e4nde von Kindern gelangen.<\/li>\n<li>P210: Von Hitze\/Funken\/offener Flamme\/hei\u00dfen Oberfl\u00e4chen fernhalten - Nicht rauchen.<\/li>\n<li>P211: Nicht gegen eine offene Flamme oder eine andere Z\u00fcndquelle spr\u00fchen.<\/li>\n<\/ul>","protected":false},"excerpt":{"rendered":"<p><strong>Coco Chanel Mademoiselle - Handgraviertes Parf\u00fcm\u00a0<\/strong><\/p>","protected":false},"featured_media":7946,"comment_status":"open","ping_status":"closed","template":"","meta":{"content-type":"","inline_featured_image":false},"product_brand":[],"product_cat":[251,340,410,413,178,379,403,377,415],"product_tag":[],"class_list":{"0":"post-5919","1":"product","2":"type-product","3":"status-publish","4":"has-post-thumbnail","6":"product_cat-darila","7":"product_cat-graviranje","8":"product_cat-graviranje-na-izdelke","9":"product_cat-materinski-dan","10":"product_cat-nekategorizirano","11":"product_cat-obletnica","12":"product_cat-poroka","13":"product_cat-rojstni-dan","14":"product_cat-valentinovo","15":"product_shipping_class-postnina","17":"first","18":"onbackorder","19":"taxable","20":"shipping-taxable","21":"purchasable","22":"product-type-simple"},"bundled_by":[],"bundle_stock_status":"onbackorder","bundle_stock_quantity":null,"bundle_virtual":false,"bundle_layout":"","bundle_add_to_cart_form_location":"","bundle_editable_in_cart":false,"bundle_sold_individually_context":"","bundle_item_grouping":"","bundle_min_size":"","bundle_max_size":"","bundle_price":[],"bundled_items":[],"bundle_sell_ids":[],"jetpack_sharing_enabled":true,"_links":{"self":[{"href":"https:\/\/literaskaligrafija.si\/de\/wp-json\/wp\/v2\/product\/5919","targetHints":{"allow":["GET"]}}],"collection":[{"href":"https:\/\/literaskaligrafija.si\/de\/wp-json\/wp\/v2\/product"}],"about":[{"href":"https:\/\/literaskaligrafija.si\/de\/wp-json\/wp\/v2\/types\/product"}],"replies":[{"embeddable":true,"href":"https:\/\/literaskaligrafija.si\/de\/wp-json\/wp\/v2\/comments?post=5919"}],"wp:featuredmedia":[{"embeddable":true,"href":"https:\/\/literaskaligrafija.si\/de\/wp-json\/wp\/v2\/media\/7946"}],"wp:attachment":[{"href":"https:\/\/literaskaligrafija.si\/de\/wp-json\/wp\/v2\/media?parent=5919"}],"wp:term":[{"taxonomy":"product_brand","embeddable":true,"href":"https:\/\/literaskaligrafija.si\/de\/wp-json\/wp\/v2\/product_brand?post=5919"},{"taxonomy":"product_cat","embeddable":true,"href":"https:\/\/literaskaligrafija.si\/de\/wp-json\/wp\/v2\/product_cat?post=5919"},{"taxonomy":"product_tag","embeddable":true,"href":"https:\/\/literaskaligrafija.si\/de\/wp-json\/wp\/v2\/product_tag?post=5919"}],"curies":[{"name":"wp","href":"https:\/\/api.w.org\/{rel}","templated":true}]}}