{"id":5949,"date":"2022-10-07T00:10:36","date_gmt":"2022-10-06T22:10:36","guid":{"rendered":"https:\/\/literaskaligrafija.si\/?post_type=product&#038;p=5949"},"modified":"2025-09-02T09:59:28","modified_gmt":"2025-09-02T07:59:28","slug":"hochzeitstisch-kalligraphie-bestellung-geschriebener-sitz","status":"publish","type":"product","link":"https:\/\/literaskaligrafija.si\/de\/izdelek\/porocna-tabla-sedezni-red\/","title":{"rendered":"Hochzeitstafel (Acryl mit farbigem Hintergrund) - Handkalligraphie (Sitzplan)"},"content":{"rendered":"<p style=\"text-align: left\"><strong>Acryl-Hochzeitsplakette mit farbigem Hintergrund und kalligrafischer Aufschrift. <a href=\"https:\/\/literaskaligrafija.si\/de\/geschenke-verbunden-nur-wer-schenkt-nicht-11\/\" target=\"_blank\" rel=\"noopener\"><span style=\"text-decoration: underline;color: #c31f2f\">Hochzeitstisch<\/span><\/a><\/strong> eignet sich f\u00fcr eine Begr\u00fc\u00dfung der G\u00e4ste, eine Zeitleiste oder einen Sitzplan f\u00fcr bis zu ca. 80 Namen der G\u00e4ste Ihrer Veranstaltung. Auf der R\u00fcckseite kann es <strong>Beschichtet mit Acrylfarbe<\/strong>die die Inschrift besonders hervorhebt.<\/p>\n<p>Die Acrylplatte ist 600 mm x 800 mm gro\u00df und zwischen 3 mm und 5 mm dick.<\/p>\n<p><strong>Das Produkt enth\u00e4lt:<\/strong><\/p>\n<ul>\n<li>Eintragung des Namens der Veranstaltung, des Zwecks der Tafel oder der Namen des Brautpaares, des Datums.<\/li>\n<li>Erfassen Sie bis zu ca. 80 Gastnamen.<\/li>\n<li>Sie k\u00f6nnen auch eine Zeitleiste oder ein Men\u00fc auf die Tafel drucken.<\/li>\n<li>Wahl der Farbe des Untergrundes aus Acrylfarbe.<\/li>\n<li>Optionale Metallic-Zusatzausstattung f\u00fcr einen Galaxie-Look.<\/li>\n<li>Die Acrylplatte ist nicht im Preis inbegriffen, kann aber auch zusammen mit dem Stand gemietet werden (bei Abholung ist eine Kaution von 50 EUR zu hinterlegen, die bei Abholung der Platte zur\u00fcckerstattet wird).<\/li>\n<\/ul>\n<div id=\"attachment_7505\" style=\"width: 1510px\" class=\"wp-caption alignnone\"><img loading=\"lazy\" decoding=\"async\" aria-describedby=\"caption-attachment-7505\" class=\"porocna-tabla wp-image-7505 size-full\" title=\"Hochzeitsbegr\u00fc\u00dfungstafel aus Acryl.\" src=\"https:\/\/literaskaligrafija.si\/wp-content\/uploads\/2023\/08\/Dobro.jpg\" alt=\"Hochzeitsschild mit Goldfolien-Kalligrafie auf Acryl, mit einem hellgr\u00fcnen Hintergrund und goldenem Glitzerstaub, zur Begr\u00fc\u00dfung der G\u00e4ste. Hochzeitsschild mit Goldfolien-Kalligrafie auf Acryl, mit einem hellgr\u00fcnen Hintergrund und Goldglitzerstaub, das die G\u00e4ste willkommen hei\u00dft. Hochzeitsschild mit Goldfolien-Kalligrafie auf Acryl, mit einem tealfarbenen Hintergrund und Goldglitzerstaub, das die G\u00e4ste willkommen hei\u00dft.\" width=\"1500\" height=\"1500\" srcset=\"https:\/\/literaskaligrafija.si\/wp-content\/uploads\/2023\/08\/Dobro.jpg 1500w, https:\/\/literaskaligrafija.si\/wp-content\/uploads\/2023\/08\/Dobro-300x300.jpg 300w, https:\/\/literaskaligrafija.si\/wp-content\/uploads\/2023\/08\/Dobro-1024x1024.jpg 1024w, https:\/\/literaskaligrafija.si\/wp-content\/uploads\/2023\/08\/Dobro-150x150.jpg 150w, https:\/\/literaskaligrafija.si\/wp-content\/uploads\/2023\/08\/Dobro-768x768.jpg 768w, https:\/\/literaskaligrafija.si\/wp-content\/uploads\/2023\/08\/Dobro-12x12.jpg 12w, https:\/\/literaskaligrafija.si\/wp-content\/uploads\/2023\/08\/Dobro-550x550.jpg 550w, https:\/\/literaskaligrafija.si\/wp-content\/uploads\/2023\/08\/Dobro-1000x1000.jpg 1000w, https:\/\/literaskaligrafija.si\/wp-content\/uploads\/2023\/08\/Dobro-400x400.jpg 400w, https:\/\/literaskaligrafija.si\/wp-content\/uploads\/2023\/08\/Dobro-600x600.jpg 600w, https:\/\/literaskaligrafija.si\/wp-content\/uploads\/2023\/08\/Dobro-100x100.jpg 100w, https:\/\/literaskaligrafija.si\/wp-content\/uploads\/2023\/08\/Dobro-50x50.jpg 50w\" sizes=\"auto, (max-width: 1500px) 100vw, 1500px\" \/><p id=\"caption-attachment-7505\" class=\"wp-caption-text\">Hochzeitstafel aus Acryl mit farbigem Hintergrund, goldenen Gro\u00dfbuchstaben und goldener Beschriftung, die teilweise mit Kalligraphie erstellt wurde.<\/p><\/div>\n<p>&nbsp;<\/p>\n<div id=\"attachment_5962\" style=\"width: 1510px\" class=\"wp-caption alignnone\"><img loading=\"lazy\" decoding=\"async\" aria-describedby=\"caption-attachment-5962\" class=\"porocna-tabla wp-image-5962 size-full\" title=\"Sitzordnung f\u00fcr die Hochzeit mit den Namen der G\u00e4ste, hergestellt auf Acryl mit rosa Hintergrund und wei\u00dfer Kalligraphie. Die Kreidetafel zeigt die Anordnung der G\u00e4ste auf den Tischen, mit einem eleganten Design, das Ihrer Hochzeitsdekoration einen Hauch von Raffinesse verleiht\" src=\"https:\/\/literaskaligrafija.si\/wp-content\/uploads\/2022\/10\/Porocna_tablaEK.jpg\" alt=\"Hochzeitstisch - Sitzplan. \" width=\"1500\" height=\"1500\" srcset=\"https:\/\/literaskaligrafija.si\/wp-content\/uploads\/2022\/10\/Porocna_tablaEK.jpg 1500w, https:\/\/literaskaligrafija.si\/wp-content\/uploads\/2022\/10\/Porocna_tablaEK-400x400.jpg 400w, https:\/\/literaskaligrafija.si\/wp-content\/uploads\/2022\/10\/Porocna_tablaEK-100x100.jpg 100w, https:\/\/literaskaligrafija.si\/wp-content\/uploads\/2022\/10\/Porocna_tablaEK-600x600.jpg 600w, https:\/\/literaskaligrafija.si\/wp-content\/uploads\/2022\/10\/Porocna_tablaEK-300x300.jpg 300w, https:\/\/literaskaligrafija.si\/wp-content\/uploads\/2022\/10\/Porocna_tablaEK-1024x1024.jpg 1024w, https:\/\/literaskaligrafija.si\/wp-content\/uploads\/2022\/10\/Porocna_tablaEK-150x150.jpg 150w, https:\/\/literaskaligrafija.si\/wp-content\/uploads\/2022\/10\/Porocna_tablaEK-768x768.jpg 768w, https:\/\/literaskaligrafija.si\/wp-content\/uploads\/2022\/10\/Porocna_tablaEK-550x550.jpg 550w, https:\/\/literaskaligrafija.si\/wp-content\/uploads\/2022\/10\/Porocna_tablaEK-1000x1000.jpg 1000w, https:\/\/literaskaligrafija.si\/wp-content\/uploads\/2022\/10\/Porocna_tablaEK-50x50.jpg 50w\" sizes=\"auto, (max-width: 1500px) 100vw, 1500px\" \/><p id=\"caption-attachment-5962\" class=\"wp-caption-text\">Kalligraphie auf der Hochzeitstafel<\/p><\/div>\n<p style=\"text-align: left\"><strong>Der Preis gilt f\u00fcr eine kalligraphische oder Folienbeschriftung. <\/strong>Die Gr\u00f6\u00dfe der Tafel ist geeignet f\u00fcr die Namen des Brautpaares und eine Begr\u00fc\u00dfungs- oder Sitzordnung f\u00fcr bis zu ca. 80 G\u00e4ste. Der Preis richtet sich nach der Anzahl der Zeichen bei der Eingabe Ihres Textes.<\/p>\n<p>Verleihen Sie Ihrem Hochzeitstag mit unseren kalligrafischen Schildern einen Hauch von Eleganz und Raffinesse. Von der Begr\u00fc\u00dfungstafel bis zum Sitzplan oder der Speisekarte k\u00f6nnen Sie jedes Detail Ihres besonderen Tages mit der Sch\u00f6nheit handgeschriebener Kalligraphie aufwerten.<\/p>\n<p>Hochzeitsschilder k\u00f6nnen auf verschiedenen Materialien wie Spiegel, Plexiglas und Holzplatten angefertigt werden, so dass Sie die perfekte Erg\u00e4nzung zu Ihrem Hochzeitsthema und dem Rest Ihrer Einrichtung w\u00e4hlen k\u00f6nnen.<\/p>\n<p style=\"text-align: left\">Sie brauchen sich keine Gedanken dar\u00fcber zu machen, wohin Sie die Schilder nach Ihrer Veranstaltung bringen, denn sie werden mit <span style=\"color: #993300\"><a style=\"color: #993300\" title=\"Hochzeitstafeln\" href=\"https:\/\/literaskaligrafija.si\/de\/tabelle\/\" target=\"_blank\" rel=\"noopener\"><u>Literas f\u00fcr Kalligraphie<\/u><\/a><\/span> k\u00f6nnen sie <strong>kann auch zusammen mit einem Malst\u00e4nder gemietet werden, <\/strong>oder wir k\u00f6nnen Ihr Schild auf Ihrer Tafel anfertigen, die vorher entsprechend behandelt und gereinigt werden muss. Die Farbe und den Stil der Beschriftung w\u00e4hlen wir nach dem Kauf des Produkts gemeinsam mit Ihnen aus.<\/p>\n<p>Da es sich um eine einzigartige handgeschriebene kalligrafische Plakette handelt, ist sie <strong>eine Produktionsfrist von f\u00fcnfzehn (15) Tagen nach Erhalt aller Informationen f\u00fcr den Vorstand. <\/strong><\/p>\n<p>&nbsp;<\/p>\n<p>&nbsp;<\/p>\n<p>&nbsp;<\/p>\n<p><span class=\"VIiyi\" lang=\"sl\"><span class=\"JLqJ4b ChMk0b\"><span class=\"Q4iAWc\">\u00a0<\/span><\/span><\/span><\/p>","protected":false},"excerpt":{"rendered":"<p style=\"text-align: left\"><strong>Acryl-Hochzeitstafel mit kalligrafischer Beschriftung und der M\u00f6glichkeit, einen sch\u00f6nen farbigen Hintergrund Ihrer Wahl zu w\u00e4hlen.<\/strong><\/p>\n<p style=\"text-align: left\">Da es sich um eine einzigartige handgeschriebene kalligrafische Plakette handelt, betr\u00e4gt die Produktionszeit f\u00fcnfzehn (15) Tage.<\/p>","protected":false},"featured_media":5961,"comment_status":"closed","ping_status":"closed","template":"","meta":{"content-type":"","inline_featured_image":false},"product_brand":[],"product_cat":[263,378],"product_tag":[],"class_list":{"0":"post-5949","1":"product","2":"type-product","3":"status-publish","4":"has-post-thumbnail","6":"product_cat-napisi-table","7":"product_cat-poroka-vabila","8":"product_shipping_class-postnina","10":"first","11":"onbackorder","12":"taxable","13":"shipping-taxable","14":"purchasable","15":"product-type-simple"},"bundled_by":[],"bundle_stock_status":"onbackorder","bundle_stock_quantity":null,"bundle_virtual":false,"bundle_layout":"","bundle_add_to_cart_form_location":"","bundle_editable_in_cart":false,"bundle_sold_individually_context":"","bundle_item_grouping":"","bundle_min_size":"","bundle_max_size":"","bundle_price":[],"bundled_items":[],"bundle_sell_ids":[],"jetpack_sharing_enabled":true,"_links":{"self":[{"href":"https:\/\/literaskaligrafija.si\/de\/wp-json\/wp\/v2\/product\/5949","targetHints":{"allow":["GET"]}}],"collection":[{"href":"https:\/\/literaskaligrafija.si\/de\/wp-json\/wp\/v2\/product"}],"about":[{"href":"https:\/\/literaskaligrafija.si\/de\/wp-json\/wp\/v2\/types\/product"}],"replies":[{"embeddable":true,"href":"https:\/\/literaskaligrafija.si\/de\/wp-json\/wp\/v2\/comments?post=5949"}],"wp:featuredmedia":[{"embeddable":true,"href":"https:\/\/literaskaligrafija.si\/de\/wp-json\/wp\/v2\/media\/5961"}],"wp:attachment":[{"href":"https:\/\/literaskaligrafija.si\/de\/wp-json\/wp\/v2\/media?parent=5949"}],"wp:term":[{"taxonomy":"product_brand","embeddable":true,"href":"https:\/\/literaskaligrafija.si\/de\/wp-json\/wp\/v2\/product_brand?post=5949"},{"taxonomy":"product_cat","embeddable":true,"href":"https:\/\/literaskaligrafija.si\/de\/wp-json\/wp\/v2\/product_cat?post=5949"},{"taxonomy":"product_tag","embeddable":true,"href":"https:\/\/literaskaligrafija.si\/de\/wp-json\/wp\/v2\/product_tag?post=5949"}],"curies":[{"name":"wp","href":"https:\/\/api.w.org\/{rel}","templated":true}]}}