{"id":6699,"date":"2023-01-03T18:54:56","date_gmt":"2023-01-03T17:54:56","guid":{"rendered":"https:\/\/literaskaligrafija.si\/?post_type=product&#038;p=6699"},"modified":"2025-09-02T09:57:05","modified_gmt":"2025-09-02T07:57:05","slug":"kalligraphie-kupferstich-buchstaben-cerknica-21-marz-2023","status":"publish","type":"product","link":"https:\/\/literaskaligrafija.si\/de\/izdelek\/kaligrafski-tecaj\/","title":{"rendered":"Einzelkurs Kalligraphie - Kupferstich"},"content":{"rendered":"<p><strong>Einzelkurs Kalligraphie - Kupferstich<\/strong><\/p>\n<p><strong>Standort: <\/strong>Individuelle Kurse in Cerknica oder bequem von zu Hause aus.<\/p>\n<p><strong>Sind Sie bereit, Ihr <a href=\"https:\/\/literaskaligrafija.si\/de\/kurzgeschichte-der-kalligraphie\/\" target=\"_blank\" rel=\"noopener\"><span style=\"text-decoration: underline;color: #c31f2f\">kalligraphisch<\/span><\/a> Ihre F\u00e4higkeiten auf ein neues Niveau bringen? <\/strong><\/p>\n<ul>\n<li>Unser Kurs <strong>es ist nicht billig.<\/strong>\u00a0Aber mit unserem Kurs erhalten Sie <strong>ein einzigartiges Erlebnis und hervorragende Ergebnisse.<\/strong><\/li>\n<li>Unser Kurs ist nicht f\u00fcr alle, sondern f\u00fcr diejenigen, die es wirklich wollen und ausdauernd sind. In unserem Kurs werden Sie auch einige Dinge lernen <strong>Tricks und Geheimnisse,<\/strong> die andere nicht teilen.<\/li>\n<li>Unser Kurs <strong>nicht einfach<\/strong>. Aber auf unserem Kurs <strong>Kalligraphie auf h\u00f6chstem Niveau lernen<\/strong> und erwerben die F\u00e4higkeit, beeindruckende Werke zu schaffen.<\/li>\n<li>In unserem Kurs lernen Sie nicht nur die Linien und Grundstriche. Sondern in unserem Kurs werden Sie konkrete kalligrafische Produkte herstellen, die die <strong>Ihren Fortschritt und Ihre Kreativit\u00e4t.<\/strong><\/li>\n<\/ul>\n<p><strong>Wir bieten eine personalisierte und ma\u00dfgeschneiderte Lernerfahrung<\/strong>egal, ob Sie ein absoluter Anf\u00e4nger sind oder Ihre Grundkenntnisse ausbauen m\u00f6chten. Vielleicht brauchen Sie spezielle Hilfe bei Ihrer Kalligraphie-Herausforderung oder Sie m\u00f6chten die Kalligraphie in ein anderes Projekt integrieren. Wir sind f\u00fcr Sie da.<\/p>\n<p>Der Einzelunterricht wird in Form von Einzel- oder Zweierunterricht organisiert. Ein Einzelkurs kann auch sein <strong>das perfekte Geschenk.<\/strong> F\u00fcr kreative Geschenke k\u00f6nnen wir auch personalisierte <strong>Geschenkgutschein.<\/strong><\/p>\n<p><strong>Hier sind die wichtigsten Vorteile des individuellen Erlernens der Kupferstich-Kalligraphie:<\/strong><\/p>\n<ul>\n<li><strong>Personalisierte Bewertung:<\/strong> Jede Unterrichtsstunde beginnt mit einer umfassenden Beurteilung Ihres derzeitigen Kenntnisstandes. Dies erm\u00f6glicht es uns, Ihre St\u00e4rken und Verbesserungsm\u00f6glichkeiten zu erkennen und den Unterricht auf Ihre speziellen Bed\u00fcrfnisse zuzuschneiden.<\/li>\n<li><strong>Personalisiertes Lernen:<\/strong> Unser individueller Ansatz gew\u00e4hrleistet, dass Sie w\u00e4hrend der gesamten \u00dcbung individuelle Aufmerksamkeit und Anleitung erhalten. Sie werden Zeit haben, zu \u00fcben, Fragen zu stellen und sofortiges Feedback zu erhalten, was Ihren Fortschritt beschleunigen wird.<\/li>\n<li><strong>Gezielte Kompetenzentwicklung:<\/strong> Auf der Grundlage der Bewertung erstellen wir ma\u00dfgeschneiderte Kalligraphie\u00fcbungen, die sich auf die Verbesserung Ihrer spezifischen Herausforderungen konzentrieren. Anhand Ihres Produkts beurteilen wir Ihre Schreibneigung, die Konsistenz der Strichbreite, den Rhythmus und das Verh\u00e4ltnis von d\u00fcnnen zu breiten Strichen, ob Sie die richtige Tintendichte f\u00fcr die Papierbeschaffenheit hatten, die Form der Ovale und auch die Form und Proportion der Majuskeln, w\u00e4hrend Sie schreiben. Ob es um die Perfektionierung der Buchstabenformen, die Verbesserung der Konsistenz oder die Beherrschung komplizierter Verzierungen geht, unser Einzelunterricht konzentriert sich auf pers\u00f6nliche Ziele und die Entwicklung Ihres pers\u00f6nlichen kalligrafischen Stils.<\/li>\n<li><strong>Personalisierte Materialien:<\/strong> Je nach Ihren Zielvorgaben werden wir auch Kalligrafie-Materialien ma\u00dfschneidern und Sie in alle Geheimnisse der Kalligrafie-Fehler einweihen, die Ihnen eine Menge Geld und Zeit sparen werden. Wir verraten Ihnen auch einige Geheimnisse, die andere Kalligraphen nicht preisgeben.<\/li>\n<li><strong>Flexibler Zeitplan:<\/strong> Der Einzelunterricht wird auf Ihren Zeitplan zugeschnitten. Unvorhersehbare Arbeitszeiten? Das ist kein Problem. Wir finden die f\u00fcr Sie g\u00fcnstigste Zeit f\u00fcr Ihren Unterricht, damit Sie sich voll und ganz Ihrer Kalligraphiepraxis widmen k\u00f6nnen.<\/li>\n<li><strong>Schnellerer Fortschritt:<\/strong> Beim Einzelunterricht werden Sie unerwartet schnell Fortschritte machen. Gezielte Aufmerksamkeit und ma\u00dfgeschneiderter Unterricht erm\u00f6glichen effektives Lernen, sodass Sie Ihre Kalligrafieziele schneller erreichen als in einer Gruppe.<\/li>\n<li><strong>Vertrauen aufbauen:<\/strong> Einzelunterricht hilft Ihnen, Selbstvertrauen zu gewinnen, indem Sie pers\u00f6nliche Anleitung erhalten und greifbare Fortschritte in Ihrer Kalligraphie sehen. Sie werden ein tieferes Verst\u00e4ndnis f\u00fcr die Kunstform gewinnen und Ihren eigenen, einzigartigen Stil entwickeln.<\/li>\n<li><strong>Laufende Unterst\u00fctzung:<\/strong> Das Ziel des Einzelunterrichts ist Ihr Fortschritt. Daher bieten wir Ihnen auch nach dem Unterricht kontinuierliche Unterst\u00fctzung, Ressourcen, Tipps, Tricks und Anleitungen, um Ihre kalligrafische Entwicklung zu gew\u00e4hrleisten.<\/li>\n<\/ul>\n<p>Investieren Sie in Ihre Kalligraphie-Reise mit unserem individuellen und pers\u00f6nlichen Kupferstich-Kalligraphieunterricht. Erleben Sie die Vorteile von pers\u00f6nlichem Unterricht, gezielter Kompetenzentwicklung und flexibler Zeitplanung. Entfesseln Sie Ihr kalligrafisches Potenzial und schaffen Sie beeindruckende und unvergessliche Zeilen.<\/p>\n<p><strong>G\u00f6nnen Sie sich eine wunderbare Lernreise, die Ihre kalligraphischen F\u00e4higkeiten auf ein neues Niveau hebt, und erleben Sie den \"Wow\"-Moment.<\/strong><\/p>\n<p><strong>Was Sie auf dem Kurs bekommen:<\/strong><\/p>\n<ul>\n<li>Stift - Griff f\u00fcr Kalligraphiestift<\/li>\n<li>Sumi-Tinte<\/li>\n<li>Kalligraphie-Stift Nikko G<\/li>\n<li>Blei<\/li>\n<li>B\u00fcrste<\/li>\n<li>Personalisiertes Geschenk - Lesezeichen mit Kalligraphie<\/li>\n<li>10 x Kupferstich-Bleistift zum selbstst\u00e4ndigen \u00dcben<\/li>\n<li>Bleistift-Aufw\u00e4rm\u00fcbungen<\/li>\n<li>Schreib\u00fcbungen (Grundstriche, Kleinbuchstaben, Gro\u00dfbuchstaben, Zahlen und Satzzeichen, Satzbau, Mustertext)<\/li>\n<li>Eine Brosch\u00fcre mit folgendem Inhalt:<\/li>\n<\/ul>\n<p>Kalligraphie-Glossar<br \/>\nEinkaufsliste<br \/>\nK\u00f6rperhaltung und Sitzen<br \/>\nVorbereiten des Schreibens<br \/>\nPapier-Layout<br \/>\nStifthaltung - Kalligraphie-Griff<br \/>\nVorbereitung von Stiften - Verschiedene Arten der Vorbereitung von Stiften<br \/>\nWie setze ich den Stift richtig in den Griff ein?<br \/>\nWartung der Stifte<br \/>\nBriefbeziehungen<br \/>\nWie man die Cursorfelder berechnet<br \/>\nNeigung der Buchstaben<br \/>\nVor dem Schreiben mit Tinte<br \/>\nGrundstriche - die Bausteine der Buchstaben<br \/>\nBenennung der Z\u00fcge<br \/>\nBeschreibung, wie man Z\u00fcge schreibt<br \/>\nStrichformen: Die Buchstaben sind in vier Gruppen unterteilt<br \/>\nAus Strichen werden Buchstaben und W\u00f6rter<br \/>\nVerschiedene Buchstabendarstellungen (Aussehen der Buchstaben, auf dem Cursor, Zahlenstriche):<br \/>\n3 x Anzeige von Minuskeln<br \/>\n3 x Demonstration von Majuskeln<br \/>\n3 x Anzeige von Zahlen und Interpunktionszeichen<\/p>\n<p>&nbsp;<\/p>\n<p>&nbsp;<\/p>\n<p>&nbsp;<\/p>\n<p>&nbsp;<\/p>\n<p>&nbsp;<\/p>","protected":false},"excerpt":{"rendered":"<p><strong>Individueller Kalligraphiekurs - Schreibschrift\u00a0<span style=\"color: #a3081d\"><a style=\"color: #a3081d\" href=\"https:\/\/literaskaligrafija.si\/de\/kurzgeschichte-der-kalligraphie\/\" target=\"_blank\" rel=\"noopener\"><span style=\"text-decoration: underline\">Kupferstich. <\/span><\/a><\/span><\/strong><\/p>\n<p>Jetzt auch bei Ihnen zu Hause.<\/p>\n<p>&nbsp;<\/p>\n<p>&nbsp;<\/p>\n<p>&nbsp;<\/p>","protected":false},"featured_media":8737,"comment_status":"open","ping_status":"closed","template":"","meta":{"content-type":"","inline_featured_image":false},"product_brand":[],"product_cat":[259,178],"product_tag":[244],"class_list":{"0":"post-6699","1":"product","2":"type-product","3":"status-publish","4":"has-post-thumbnail","6":"product_cat-kaligrafski-tecaj","7":"product_cat-nekategorizirano","8":"product_tag-kaligrafski-tecaj","10":"first","11":"onbackorder","12":"virtual","13":"purchasable","14":"product-type-simple"},"bundled_by":[],"bundle_stock_status":"onbackorder","bundle_stock_quantity":null,"bundle_virtual":false,"bundle_layout":"","bundle_add_to_cart_form_location":"","bundle_editable_in_cart":false,"bundle_sold_individually_context":"","bundle_item_grouping":"","bundle_min_size":"","bundle_max_size":"","bundle_price":[],"bundled_items":[],"bundle_sell_ids":[],"jetpack_sharing_enabled":true,"_links":{"self":[{"href":"https:\/\/literaskaligrafija.si\/de\/wp-json\/wp\/v2\/product\/6699","targetHints":{"allow":["GET"]}}],"collection":[{"href":"https:\/\/literaskaligrafija.si\/de\/wp-json\/wp\/v2\/product"}],"about":[{"href":"https:\/\/literaskaligrafija.si\/de\/wp-json\/wp\/v2\/types\/product"}],"replies":[{"embeddable":true,"href":"https:\/\/literaskaligrafija.si\/de\/wp-json\/wp\/v2\/comments?post=6699"}],"wp:featuredmedia":[{"embeddable":true,"href":"https:\/\/literaskaligrafija.si\/de\/wp-json\/wp\/v2\/media\/8737"}],"wp:attachment":[{"href":"https:\/\/literaskaligrafija.si\/de\/wp-json\/wp\/v2\/media?parent=6699"}],"wp:term":[{"taxonomy":"product_brand","embeddable":true,"href":"https:\/\/literaskaligrafija.si\/de\/wp-json\/wp\/v2\/product_brand?post=6699"},{"taxonomy":"product_cat","embeddable":true,"href":"https:\/\/literaskaligrafija.si\/de\/wp-json\/wp\/v2\/product_cat?post=6699"},{"taxonomy":"product_tag","embeddable":true,"href":"https:\/\/literaskaligrafija.si\/de\/wp-json\/wp\/v2\/product_tag?post=6699"}],"curies":[{"name":"wp","href":"https:\/\/api.w.org\/{rel}","templated":true}]}}