{"id":7236,"date":"2023-05-31T15:18:29","date_gmt":"2023-05-31T13:18:29","guid":{"rendered":"https:\/\/literaskaligrafija.si\/?post_type=product&#038;p=7236"},"modified":"2023-11-19T12:35:55","modified_gmt":"2023-11-19T11:35:55","slug":"kalligraphische-auflistung-uberschrift-2","status":"publish","type":"product","link":"https:\/\/literaskaligrafija.si\/de\/izdelek\/kaligrafija-na-kuverti-copperplate-rocno-napisano\/","title":{"rendered":"Kalligraphie auf Umschlag (Kupferstich) - Handschriftlich"},"content":{"rendered":"<p>Kalligrafie auf Umschlag (Kupferstich) - Handschriftlich.<\/p>\n<p>Kalligraphierte Adresse auf einem C5-Umschlag in einer Farbe Ihrer Wahl.<\/p>\n<p><strong>Wenn Sie eine andere Umschlaggr\u00f6\u00dfe w\u00fcnschen, teilen Sie uns dies bitte zum Zeitpunkt der Kaufabwicklung mit.<\/strong><\/p>\n<p><strong>Der Personalisierungsprozess ist in Lose unterteilt:<\/strong><\/p>\n<ol>\n<li>W\u00e4hlen Sie die Farbe des Umschlags.<\/li>\n<li>W\u00e4hlen Sie Ihre Schriftfarbe und gehen Sie zur Kasse.<\/li>\n<\/ol>\n<p><strong>Der Bausatz enth\u00e4lt:<\/strong><\/p>\n<ul>\n<li>Kalligrafischer Ausdruck des Titels in der gew\u00e4hlten Schrift.<\/li>\n<li>Hochwertige Briefumschl\u00e4ge im Format C5 (162 x 229 mm) 120 oder 140 g\/m2 in der Farbe Ihrer Wahl.<\/li>\n<\/ul>\n<p>&nbsp;<\/p>\n<p>Sie k\u00f6nnen mehr \u00fcber den Herstellungsprozess lesen<strong><a href=\"https:\/\/literaskaligrafija.si\/de\/kaligrafija-ali-je-res-tako-draga\/\" target=\"_blank\" rel=\"noopener\"><span style=\"text-decoration: underline;color: #c31f2f\"> hier<\/span><\/a>.<\/strong><\/p>\n<p><strong><span style=\"color: #c31f2f\"><a style=\"color: #c31f2f\" href=\"https:\/\/www.tiktok.com\/@literaskaligrafija\/video\/7234550077581298970?is_from_webapp=1&amp;sender_device=pc&amp;web_id=7239341852942894619\" target=\"_blank\" rel=\"noopener\"><span style=\"text-decoration: underline\">Handgeschrieben von<\/span><\/a> <\/span>- kalligraphische Adressen auf Briefumschl\u00e4gen<\/strong> sind eine wunderbare M\u00f6glichkeit, Ihre Einladungen, Gr\u00fc\u00dfe oder Danksagungen zu personalisieren. Der Preis gilt f\u00fcr einen kalligrafischen Ausdruck von bis zu vier (4) Zeilen und einen hochwertigen Umschlag. W\u00e4hlen Sie aus <strong>dreizehn (13) Farben von Briefumschl\u00e4gen.\u00a0<\/strong><\/p>\n<p><strong>Mindestbestellmenge f\u00fcr dieses Produkt\u00a0<\/strong><strong>ist 10.<\/strong><\/p>\n<p>F\u00fcr Adressen, die in <strong>Perle<\/strong> oder Metallicfarben werden berechnet <strong>einmaliger Zuschlag 2 EUR<\/strong> unabh\u00e4ngig von der Anzahl der bestellten Briefumschl\u00e4ge.<\/p>\n<p>Wie es ist <strong>einzigartig handgefertigt<\/strong> Ihre Bestellung wird versandt <strong>innerhalb von vierzehn (14) Arbeitstagen <\/strong>nach Erhalt der Bestellung und aller<strong> die gew\u00fcnschten Informationen <\/strong><strong>f\u00fcr Bestellungen von bis zu 50 Briefumschl\u00e4gen. <\/strong><\/p>\n<p><strong>Bei gr\u00f6\u00dferen Bestellungen ist die Lieferzeit verhandelbar.<\/strong><\/p>\n<p>Die Hochzeitseinladungen sind der erste Kontakt mit Ihren G\u00e4sten und verraten den Zauber Ihrer Hochzeit. Die handgeschriebenen Adressen auf den Umschl\u00e4gen vermitteln einen besonderen Eindruck. Der pers\u00f6nliche Service strahlt zwar Emotionen aus, kann aber bei gr\u00f6\u00dferen Hochzeiten oder anderen Veranstaltungen zeitaufw\u00e4ndig sein. Wir empfehlen daher den Versand per Post.<\/p>\n<p>Wenn Sie Verwandte aus verschiedenen Orten oder sogar aus dem Ausland haben, ist es sicher eine gute Idee, Ihren Besuch zu planen.  In diesem Fall k\u00f6nnen wir einfach die Namen der eingeladenen Personen auf die Umschl\u00e4ge schreiben.<\/p>\n<p>Ein Umschlag mit handgeschriebener Adresse wird Ihre G\u00e4ste erfreuen und sie wissen lassen, dass Sie sich besonders viel Zeit f\u00fcr sie genommen haben und dass Sie sie f\u00fcr diese unvergesslichen Momente gerne an Ihrer Seite haben m\u00f6chten. Die Adresse auf dem Umschlag ist wichtig, denn sie vermittelt den Eindruck einer sorgf\u00e4ltigen Auswahl der Eingeladenen.<\/p>\n<p>Normalerweise drucken Paare eine bestimmte Anzahl von Einladungen und ein paar Ersatzeinladungen f\u00fcr den Fall der F\u00e4lle. Achten Sie darauf, dass die Eingeladenen nicht das Gef\u00fchl bekommen, dass Sie sie mit einer Ersatzeinladung eingeladen haben, nur weil Sie sie beim Verteilen der Einladungen zuf\u00e4llig getroffen haben.<\/p>\n<p>&nbsp;<\/p>\n<p>Verzieren Sie die Umschl\u00e4ge mit Backenstempeln. \u00dcberlassen Sie diese Aufgabe nicht den Postangestellten, denn sie werden die Briefmarken in aller Eile aufkleben.<\/p>","protected":false},"excerpt":{"rendered":"<p style=\"margin: 0cm\"><strong>Kalligrafie auf Umschlag (Kupferstich) - Handschriftlich.<\/strong><\/p>\n<p style=\"margin: 0cm\">Handkalligraphischer Ausdruck der Adresse + Umschlag<\/p>\n<p>Lesen Sie mehr \u00fcber das Produkt in der Beschreibung unten.<\/p>\n<p>&nbsp;<\/p>\n<p>&nbsp;<\/p>","protected":false},"featured_media":7211,"comment_status":"open","ping_status":"closed","template":"","meta":{"content-type":"","inline_featured_image":false},"product_brand":[],"product_cat":[178,258,285],"product_tag":[363,366,362,364,365],"class_list":{"0":"post-7236","1":"product","2":"type-product","3":"status-publish","4":"has-post-thumbnail","6":"product_cat-nekategorizirano","7":"product_cat-poslovna-sodelovanja","8":"product_cat-oblikovanje-in-tisk-zahval","9":"product_tag-envelope-addressing","10":"product_tag-kaligraifja","11":"product_tag-kuverte-z-naslovi","12":"product_tag-naslavljanje","13":"product_tag-oblikovanje-poste","14":"product_shipping_class-postnina","16":"first","17":"onbackorder","18":"taxable","19":"shipping-taxable","20":"purchasable","21":"product-type-simple"},"bundled_by":[],"bundle_stock_status":"onbackorder","bundle_stock_quantity":null,"bundle_virtual":false,"bundle_layout":"","bundle_add_to_cart_form_location":"","bundle_editable_in_cart":false,"bundle_sold_individually_context":"","bundle_item_grouping":"","bundle_min_size":"","bundle_max_size":"","bundle_price":[],"bundled_items":[],"bundle_sell_ids":[],"jetpack_sharing_enabled":true,"_links":{"self":[{"href":"https:\/\/literaskaligrafija.si\/de\/wp-json\/wp\/v2\/product\/7236","targetHints":{"allow":["GET"]}}],"collection":[{"href":"https:\/\/literaskaligrafija.si\/de\/wp-json\/wp\/v2\/product"}],"about":[{"href":"https:\/\/literaskaligrafija.si\/de\/wp-json\/wp\/v2\/types\/product"}],"replies":[{"embeddable":true,"href":"https:\/\/literaskaligrafija.si\/de\/wp-json\/wp\/v2\/comments?post=7236"}],"wp:featuredmedia":[{"embeddable":true,"href":"https:\/\/literaskaligrafija.si\/de\/wp-json\/wp\/v2\/media\/7211"}],"wp:attachment":[{"href":"https:\/\/literaskaligrafija.si\/de\/wp-json\/wp\/v2\/media?parent=7236"}],"wp:term":[{"taxonomy":"product_brand","embeddable":true,"href":"https:\/\/literaskaligrafija.si\/de\/wp-json\/wp\/v2\/product_brand?post=7236"},{"taxonomy":"product_cat","embeddable":true,"href":"https:\/\/literaskaligrafija.si\/de\/wp-json\/wp\/v2\/product_cat?post=7236"},{"taxonomy":"product_tag","embeddable":true,"href":"https:\/\/literaskaligrafija.si\/de\/wp-json\/wp\/v2\/product_tag?post=7236"}],"curies":[{"name":"wp","href":"https:\/\/api.w.org\/{rel}","templated":true}]}}