{"id":7330,"date":"2023-06-22T08:07:11","date_gmt":"2023-06-22T06:07:11","guid":{"rendered":"https:\/\/literaskaligrafija.si\/?post_type=product&#038;p=7330"},"modified":"2025-07-10T09:47:59","modified_gmt":"2025-07-10T07:47:59","slug":"kalligraphische-auflistung-uberschrift-3","status":"publish","type":"product","link":"https:\/\/literaskaligrafija.si\/de\/izdelek\/kaligrafija-na-certifikatih-vpis-imen-kaligrafija-po-meri-na-vase-listine\/","title":{"rendered":"Kalligraphie auf Urkunden (Namenseintragung) - auf Ihren Dokumenten (verschiedene Schriftarten)"},"content":{"rendered":"<p><strong>Kalligraphie auf <\/strong><a href=\"https:\/\/literaskaligrafija.si\/de\/geschenke-verbunden-nur-wer-schenkt-nicht-6\/\" target=\"_blank\" rel=\"noopener\"><span style=\"text-decoration: underline\">Zertifikate<\/span><\/a><strong> (Eintragung von Namen) - individuelle Kalligraphie (auf Ihren Dokumenten)<\/strong><\/p>\n<p>Pri Literas kaligrafija se zavedamo <strong>visokega pomena posebnih prilo\u017enosti<\/strong>, dose\u017ekov in \u017eivljenjskih mejnikov.<\/p>\n<ul>\n<li><strong>Kaligrafski vpis imen<\/strong> na certifikatih in listinah &#8211; imena, nazivi, posebna sporo\u010dila<\/li>\n<li><strong>Izbor pisave glede na dogodek<\/strong> &#8211; od elegantnih in tradicionalnih, do drznih modernih slogov.<\/li>\n<li><strong>Prilagoditev tiskovin<\/strong> naro\u010dnika &#8211; oblikovanje tiskovin z grafi\u010dnimi elementi naro\u010dnika.<\/li>\n<li><strong>Izpis listine<\/strong> &#8211; celoten izpis ro\u010dno, v kombinaciji dveh slogov kaligrafije.<\/li>\n<li><strong>Kombinacija<\/strong> grafi\u010dnega oblikovanja, tiska in dodatka kaligrafije za klju\u010dne elemente listine &#8211; primerno za ve\u010dje \u0161tevilo listin.<\/li>\n<\/ul>\n<p>&nbsp;<\/p>\n<p><b>Na\u0161e izku\u0161nje s protokolarnimi dogodki nam omogo\u010da izbiro primernih slogov tipografije in kaligrafije za uradne in slavnostne prilo\u017enosti.<\/b><\/p>\n<p>&nbsp;<\/p>\n<p>&nbsp;<\/p>","protected":false},"excerpt":{"rendered":"<p style=\"margin: 0cm\"><strong>Kaligrafija na certifikatih (vpis imen) &#8211; kaligrafija po meri (na va\u0161e listine).<\/strong><\/p>\n<p>Die Mindestanzahl f\u00fcr eine Bestellung betr\u00e4gt <strong>10.<\/strong><\/p>\n<p>&nbsp;<\/p>\n<p>&nbsp;<\/p>\n<p>&nbsp;<\/p>","protected":false},"featured_media":9446,"comment_status":"open","ping_status":"closed","template":"","meta":{"content-type":"","inline_featured_image":false},"product_brand":[],"product_cat":[329,178,258,285],"product_tag":[355,358,356,359,357,279,360],"class_list":{"0":"post-7330","1":"product","2":"type-product","3":"status-publish","4":"has-post-thumbnail","6":"product_cat-kaligrafija","7":"product_cat-nekategorizirano","8":"product_cat-poslovna-sodelovanja","9":"product_cat-oblikovanje-in-tisk-zahval","10":"product_tag-certifikat","11":"product_tag-imena-na-certifikatih","12":"product_tag-listina","13":"product_tag-oblikovanje-in-tisk","14":"product_tag-tisk-priznanja","15":"product_tag-tiskovine","16":"product_tag-zahvale-in-priznanja","17":"product_shipping_class-postnina","19":"first","20":"instock","21":"virtual","22":"taxable","23":"purchasable","24":"product-type-simple"},"bundled_by":[],"bundle_stock_status":"instock","bundle_stock_quantity":null,"bundle_virtual":false,"bundle_layout":"","bundle_add_to_cart_form_location":"","bundle_editable_in_cart":false,"bundle_sold_individually_context":"","bundle_item_grouping":"","bundle_min_size":"","bundle_max_size":"","bundle_price":[],"bundled_items":[],"bundle_sell_ids":[],"jetpack_sharing_enabled":true,"_links":{"self":[{"href":"https:\/\/literaskaligrafija.si\/de\/wp-json\/wp\/v2\/product\/7330","targetHints":{"allow":["GET"]}}],"collection":[{"href":"https:\/\/literaskaligrafija.si\/de\/wp-json\/wp\/v2\/product"}],"about":[{"href":"https:\/\/literaskaligrafija.si\/de\/wp-json\/wp\/v2\/types\/product"}],"replies":[{"embeddable":true,"href":"https:\/\/literaskaligrafija.si\/de\/wp-json\/wp\/v2\/comments?post=7330"}],"wp:featuredmedia":[{"embeddable":true,"href":"https:\/\/literaskaligrafija.si\/de\/wp-json\/wp\/v2\/media\/9446"}],"wp:attachment":[{"href":"https:\/\/literaskaligrafija.si\/de\/wp-json\/wp\/v2\/media?parent=7330"}],"wp:term":[{"taxonomy":"product_brand","embeddable":true,"href":"https:\/\/literaskaligrafija.si\/de\/wp-json\/wp\/v2\/product_brand?post=7330"},{"taxonomy":"product_cat","embeddable":true,"href":"https:\/\/literaskaligrafija.si\/de\/wp-json\/wp\/v2\/product_cat?post=7330"},{"taxonomy":"product_tag","embeddable":true,"href":"https:\/\/literaskaligrafija.si\/de\/wp-json\/wp\/v2\/product_tag?post=7330"}],"curies":[{"name":"wp","href":"https:\/\/api.w.org\/{rel}","templated":true}]}}