{"id":7358,"date":"2023-06-23T05:12:24","date_gmt":"2023-06-23T03:12:24","guid":{"rendered":"https:\/\/literaskaligrafija.si\/?post_type=product&#038;p=7358"},"modified":"2026-02-17T10:53:16","modified_gmt":"2026-02-17T09:53:16","slug":"kalligraphische-auflistung-uberschrift-4","status":"publish","type":"product","link":"https:\/\/literaskaligrafija.si\/de\/izdelek\/porocni-kozarci-za-penino-z-imeni-in-voscilom-rocna-kaligrafija-gravirana\/","title":{"rendered":"Hochzeitssektgl\u00e4ser (mit Namen und Gru\u00df) - Handkalligraphie (graviert)"},"content":{"rendered":"<p><strong>Hochzeitssektgl\u00e4ser (mit Namen und Gru\u00df) - Handkalligraphie (graviert)<\/strong><\/p>\n<p><strong>Satz mit zwei<\/strong> Hochzeitsgl\u00e4ser f\u00fcr besondere Anl\u00e4sse. Diese raffinierten <span style=\"color: #000000\">Gl\u00e4ser <\/span>sind das perfekte Geschenk f\u00fcr alle Paare, die ihr gemeinsames Leben beginnen, oder eine unvergessliche Erg\u00e4nzung zu Ihrem pers\u00f6nlichen Hochzeitstag. Jedes Glas wird von Hand mit Kalligraphie graviert.  Es spiegelt die gleiche Einzigartigkeit wie jede Liebesgeschichte wider.<\/p>\n<p><strong>Dieses wundersch\u00f6ne Hochzeitsset enth\u00e4lt:<\/strong><\/p>\n<ul>\n<li>2 Sektgl\u00e4ser.<\/li>\n<li>Handgefertigte Gravur nach dem gew\u00e4hlten Motiv.<\/li>\n<li>Namenskarten mit handgeschriebenen Namen, die mit einem Band an den beiden Gl\u00e4sern befestigt sind.<\/li>\n<li>Dekorative Schleife auf beiden Gl\u00e4sern.<\/li>\n<li>Eine kalligraphisch geschriebene Gru\u00dfkarte mit den Namen der Gr\u00fc\u00dfenden.<\/li>\n<li>Geschenkkarton in Wei\u00df.<\/li>\n<\/ul>\n<p>Die Gravur wird mit h\u00f6chster kalligrafischer Pr\u00e4zision ausgef\u00fchrt, damit jedes Glas perfekt graviert ist. Trotz der Pr\u00e4zision der Gravur spiegeln die Striche die Realit\u00e4t und die Identit\u00e4t des handgefertigten Werks wider und verleihen dem von Ihnen gew\u00e4hlten Set noch mehr Wert.<\/p>\n<p><strong>Personalisierungsprozess:<\/strong><\/p>\n<ol>\n<li>Geben Sie den Text, den Sie auf den Gl\u00e4sern haben m\u00f6chten, in das Feld ein. <strong>Das k\u00f6nnen Namen, Initialen oder ein Monogramm sein.<\/strong><\/li>\n<\/ol>\n<ul>\n<li>Namen - ein Name wird auf jedem Glas eingraviert.<\/li>\n<li>Initialen - der erste Buchstabe des Namens wird auf jedem Glas eingraviert.<\/li>\n<li>Monogramm - jedes Glas wird mit einem Monogramm graviert, das das Motiv von zwei ineinander verschlungenen Buchstaben, den Initialen der Namen des Paares, darstellt; auf Wunsch k\u00f6nnen Sie auch das Hochzeitsdatum hinzuf\u00fcgen.<\/li>\n<\/ul>\n<p>2. eine 200 x 250 x 73 mm gro\u00dfe Geschenkverpackung in Wei\u00df hinzuf\u00fcgen.<\/p>\n<p>3. schlie\u00dfen Sie Ihren Kauf ab.<\/p>\n<p>&nbsp;<\/p>\n<div id=\"attachment_9671\" style=\"width: 1510px\" class=\"wp-caption alignnone\"><img loading=\"lazy\" decoding=\"async\" aria-describedby=\"caption-attachment-9671\" class=\"wp-image-9671 size-full\" src=\"https:\/\/literaskaligrafija.si\/wp-content\/uploads\/2023\/06\/Sampanjec-monogram.jpg\" alt=\"\" width=\"1500\" height=\"1500\" srcset=\"https:\/\/literaskaligrafija.si\/wp-content\/uploads\/2023\/06\/Sampanjec-monogram.jpg 1500w, https:\/\/literaskaligrafija.si\/wp-content\/uploads\/2023\/06\/Sampanjec-monogram-300x300.jpg 300w, https:\/\/literaskaligrafija.si\/wp-content\/uploads\/2023\/06\/Sampanjec-monogram-1024x1024.jpg 1024w, https:\/\/literaskaligrafija.si\/wp-content\/uploads\/2023\/06\/Sampanjec-monogram-150x150.jpg 150w, https:\/\/literaskaligrafija.si\/wp-content\/uploads\/2023\/06\/Sampanjec-monogram-768x768.jpg 768w, https:\/\/literaskaligrafija.si\/wp-content\/uploads\/2023\/06\/Sampanjec-monogram-12x12.jpg 12w, https:\/\/literaskaligrafija.si\/wp-content\/uploads\/2023\/06\/Sampanjec-monogram-550x550.jpg 550w, https:\/\/literaskaligrafija.si\/wp-content\/uploads\/2023\/06\/Sampanjec-monogram-1000x1000.jpg 1000w, https:\/\/literaskaligrafija.si\/wp-content\/uploads\/2023\/06\/Sampanjec-monogram-400x400.jpg 400w, https:\/\/literaskaligrafija.si\/wp-content\/uploads\/2023\/06\/Sampanjec-monogram-600x600.jpg 600w, https:\/\/literaskaligrafija.si\/wp-content\/uploads\/2023\/06\/Sampanjec-monogram-100x100.jpg 100w, https:\/\/literaskaligrafija.si\/wp-content\/uploads\/2023\/06\/Sampanjec-monogram-50x50.jpg 50w\" sizes=\"auto, (max-width: 1500px) 100vw, 1500px\" \/><p id=\"caption-attachment-9671\" class=\"wp-caption-text\">Champagnergl\u00e4ser von links nach rechts nach Kelchform: Coupe Flute Tulip<\/p><\/div>\n<p>&nbsp;<\/p>\n<div id=\"attachment_7614\" style=\"width: 1034px\" class=\"wp-caption alignnone\"><img loading=\"lazy\" decoding=\"async\" aria-describedby=\"caption-attachment-7614\" class=\"wp-image-7614 size-large\" title=\"Hochzeitsgl\u00e4ser f\u00fcr Sekt\" src=\"https:\/\/literaskaligrafija.si\/wp-content\/uploads\/2023\/06\/IMG_3179-1024x1024.jpeg\" alt=\"Gl\u00e4ser mit Namen - Hochzeitsgeschenk - Geschenkideen\" width=\"1024\" height=\"1024\" srcset=\"https:\/\/literaskaligrafija.si\/wp-content\/uploads\/2023\/06\/IMG_3179-1024x1024.jpeg 1024w, https:\/\/literaskaligrafija.si\/wp-content\/uploads\/2023\/06\/IMG_3179-300x300.jpeg 300w, https:\/\/literaskaligrafija.si\/wp-content\/uploads\/2023\/06\/IMG_3179-150x150.jpeg 150w, https:\/\/literaskaligrafija.si\/wp-content\/uploads\/2023\/06\/IMG_3179-768x768.jpeg 768w, https:\/\/literaskaligrafija.si\/wp-content\/uploads\/2023\/06\/IMG_3179-1536x1536.jpeg 1536w, https:\/\/literaskaligrafija.si\/wp-content\/uploads\/2023\/06\/IMG_3179-12x12.jpeg 12w, https:\/\/literaskaligrafija.si\/wp-content\/uploads\/2023\/06\/IMG_3179-550x550.jpeg 550w, https:\/\/literaskaligrafija.si\/wp-content\/uploads\/2023\/06\/IMG_3179-1000x1000.jpeg 1000w, https:\/\/literaskaligrafija.si\/wp-content\/uploads\/2023\/06\/IMG_3179-400x400.jpeg 400w, https:\/\/literaskaligrafija.si\/wp-content\/uploads\/2023\/06\/IMG_3179-600x600.jpeg 600w, https:\/\/literaskaligrafija.si\/wp-content\/uploads\/2023\/06\/IMG_3179-100x100.jpeg 100w, https:\/\/literaskaligrafija.si\/wp-content\/uploads\/2023\/06\/IMG_3179-50x50.jpeg 50w\" sizes=\"auto, (max-width: 1024px) 100vw, 1024px\" \/><p id=\"caption-attachment-7614\" class=\"wp-caption-text\">Set von Hochzeitsgl\u00e4sern mit handkalligraphischer Gravur und Dekoration<\/p><\/div>\n<p>&nbsp;<\/p>\n<div id=\"attachment_7627\" style=\"width: 1034px\" class=\"wp-caption alignnone\"><img loading=\"lazy\" decoding=\"async\" aria-describedby=\"caption-attachment-7627\" class=\"wp-image-7627 size-large\" title=\"Hochzeitsumschlag mit einem Gru\u00df\" src=\"https:\/\/literaskaligrafija.si\/wp-content\/uploads\/2023\/06\/poroka-voscilo-1024x1024.jpg\" alt=\"Hochzeitsgr\u00fc\u00dfe - Hochzeitsgl\u00e4ser\" width=\"1024\" height=\"1024\" srcset=\"https:\/\/literaskaligrafija.si\/wp-content\/uploads\/2023\/06\/poroka-voscilo-1024x1024.jpg 1024w, https:\/\/literaskaligrafija.si\/wp-content\/uploads\/2023\/06\/poroka-voscilo-300x300.jpg 300w, https:\/\/literaskaligrafija.si\/wp-content\/uploads\/2023\/06\/poroka-voscilo-150x150.jpg 150w, https:\/\/literaskaligrafija.si\/wp-content\/uploads\/2023\/06\/poroka-voscilo-768x768.jpg 768w, https:\/\/literaskaligrafija.si\/wp-content\/uploads\/2023\/06\/poroka-voscilo-12x12.jpg 12w, https:\/\/literaskaligrafija.si\/wp-content\/uploads\/2023\/06\/poroka-voscilo-550x550.jpg 550w, https:\/\/literaskaligrafija.si\/wp-content\/uploads\/2023\/06\/poroka-voscilo-1000x1000.jpg 1000w, https:\/\/literaskaligrafija.si\/wp-content\/uploads\/2023\/06\/poroka-voscilo-400x400.jpg 400w, https:\/\/literaskaligrafija.si\/wp-content\/uploads\/2023\/06\/poroka-voscilo-600x600.jpg 600w, https:\/\/literaskaligrafija.si\/wp-content\/uploads\/2023\/06\/poroka-voscilo-100x100.jpg 100w, https:\/\/literaskaligrafija.si\/wp-content\/uploads\/2023\/06\/poroka-voscilo-50x50.jpg 50w, https:\/\/literaskaligrafija.si\/wp-content\/uploads\/2023\/06\/poroka-voscilo.jpg 1500w\" sizes=\"auto, (max-width: 1024px) 100vw, 1024px\" \/><p id=\"caption-attachment-7627\" class=\"wp-caption-text\">Hochzeitseinladung UNIKAT - Moderne Kalligraphie: Zlatka Trstenjak Rampre<\/p><\/div>\n<p>&nbsp;<\/p>\n<div id=\"attachment_7487\" style=\"width: 1034px\" class=\"wp-caption alignnone\"><img loading=\"lazy\" decoding=\"async\" aria-describedby=\"caption-attachment-7487\" class=\"wp-image-7487 size-large\" title=\"Hochzeitsgl\u00e4ser mit Personalisierung\" src=\"https:\/\/literaskaligrafija.si\/wp-content\/uploads\/2023\/06\/Ime-na-kozarcu-1024x1024.jpg\" alt=\"\" width=\"1024\" height=\"1024\" srcset=\"https:\/\/literaskaligrafija.si\/wp-content\/uploads\/2023\/06\/Ime-na-kozarcu-1024x1024.jpg 1024w, https:\/\/literaskaligrafija.si\/wp-content\/uploads\/2023\/06\/Ime-na-kozarcu-300x300.jpg 300w, https:\/\/literaskaligrafija.si\/wp-content\/uploads\/2023\/06\/Ime-na-kozarcu-150x150.jpg 150w, https:\/\/literaskaligrafija.si\/wp-content\/uploads\/2023\/06\/Ime-na-kozarcu-768x768.jpg 768w, https:\/\/literaskaligrafija.si\/wp-content\/uploads\/2023\/06\/Ime-na-kozarcu-12x12.jpg 12w, https:\/\/literaskaligrafija.si\/wp-content\/uploads\/2023\/06\/Ime-na-kozarcu-550x550.jpg 550w, https:\/\/literaskaligrafija.si\/wp-content\/uploads\/2023\/06\/Ime-na-kozarcu-1000x1000.jpg 1000w, https:\/\/literaskaligrafija.si\/wp-content\/uploads\/2023\/06\/Ime-na-kozarcu-400x400.jpg 400w, https:\/\/literaskaligrafija.si\/wp-content\/uploads\/2023\/06\/Ime-na-kozarcu-600x600.jpg 600w, https:\/\/literaskaligrafija.si\/wp-content\/uploads\/2023\/06\/Ime-na-kozarcu-100x100.jpg 100w, https:\/\/literaskaligrafija.si\/wp-content\/uploads\/2023\/06\/Ime-na-kozarcu-50x50.jpg 50w, https:\/\/literaskaligrafija.si\/wp-content\/uploads\/2023\/06\/Ime-na-kozarcu.jpg 1500w\" sizes=\"auto, (max-width: 1024px) 100vw, 1024px\" \/><p id=\"caption-attachment-7487\" class=\"wp-caption-text\">Hochzeitsgl\u00e4ser mit Namen. Moderne Kalligrafie von Zlatka Trstenjak Rampre<\/p><\/div>\n<div id=\"attachment_7490\" style=\"width: 1034px\" class=\"wp-caption alignnone\"><img loading=\"lazy\" decoding=\"async\" aria-describedby=\"caption-attachment-7490\" class=\"wp-image-7490 size-large\" title=\"Hochzeitsgl\u00e4ser mit Monogramm\" src=\"https:\/\/literaskaligrafija.si\/wp-content\/uploads\/2023\/06\/Monogram-1024x1024.jpg\" alt=\"Hochzeitsgl\u00e4ser mit Monogramm - Geschenkideen\" width=\"1024\" height=\"1024\" srcset=\"https:\/\/literaskaligrafija.si\/wp-content\/uploads\/2023\/06\/Monogram-1024x1024.jpg 1024w, https:\/\/literaskaligrafija.si\/wp-content\/uploads\/2023\/06\/Monogram-300x300.jpg 300w, https:\/\/literaskaligrafija.si\/wp-content\/uploads\/2023\/06\/Monogram-150x150.jpg 150w, https:\/\/literaskaligrafija.si\/wp-content\/uploads\/2023\/06\/Monogram-768x768.jpg 768w, https:\/\/literaskaligrafija.si\/wp-content\/uploads\/2023\/06\/Monogram-12x12.jpg 12w, https:\/\/literaskaligrafija.si\/wp-content\/uploads\/2023\/06\/Monogram-550x550.jpg 550w, https:\/\/literaskaligrafija.si\/wp-content\/uploads\/2023\/06\/Monogram-1000x1000.jpg 1000w, https:\/\/literaskaligrafija.si\/wp-content\/uploads\/2023\/06\/Monogram-400x400.jpg 400w, https:\/\/literaskaligrafija.si\/wp-content\/uploads\/2023\/06\/Monogram-600x600.jpg 600w, https:\/\/literaskaligrafija.si\/wp-content\/uploads\/2023\/06\/Monogram-100x100.jpg 100w, https:\/\/literaskaligrafija.si\/wp-content\/uploads\/2023\/06\/Monogram-50x50.jpg 50w, https:\/\/literaskaligrafija.si\/wp-content\/uploads\/2023\/06\/Monogram.jpg 1500w\" sizes=\"auto, (max-width: 1024px) 100vw, 1024px\" \/><p id=\"caption-attachment-7490\" class=\"wp-caption-text\">Hochzeitsgl\u00e4ser mit Namen. Moderne Kalligrafie von Zlatka Trstenjak Rampre<\/p><\/div>\n<div id=\"attachment_7488\" style=\"width: 1034px\" class=\"wp-caption alignnone\"><img loading=\"lazy\" decoding=\"async\" aria-describedby=\"caption-attachment-7488\" class=\"wp-image-7488 size-large\" title=\"Hochzeitsgl\u00e4ser mit Perle\" src=\"https:\/\/literaskaligrafija.si\/wp-content\/uploads\/2023\/06\/Inicialka-1024x1024.jpg\" alt=\"Hochzeitsgl\u00e4ser mit Namen. Moderne Kalligrafie von Zlatka Trstenjak Rampre\" width=\"1024\" height=\"1024\" srcset=\"https:\/\/literaskaligrafija.si\/wp-content\/uploads\/2023\/06\/Inicialka-1024x1024.jpg 1024w, https:\/\/literaskaligrafija.si\/wp-content\/uploads\/2023\/06\/Inicialka-300x300.jpg 300w, https:\/\/literaskaligrafija.si\/wp-content\/uploads\/2023\/06\/Inicialka-150x150.jpg 150w, https:\/\/literaskaligrafija.si\/wp-content\/uploads\/2023\/06\/Inicialka-768x768.jpg 768w, https:\/\/literaskaligrafija.si\/wp-content\/uploads\/2023\/06\/Inicialka-12x12.jpg 12w, https:\/\/literaskaligrafija.si\/wp-content\/uploads\/2023\/06\/Inicialka-550x550.jpg 550w, https:\/\/literaskaligrafija.si\/wp-content\/uploads\/2023\/06\/Inicialka-1000x1000.jpg 1000w, https:\/\/literaskaligrafija.si\/wp-content\/uploads\/2023\/06\/Inicialka-400x400.jpg 400w, https:\/\/literaskaligrafija.si\/wp-content\/uploads\/2023\/06\/Inicialka-600x600.jpg 600w, https:\/\/literaskaligrafija.si\/wp-content\/uploads\/2023\/06\/Inicialka-100x100.jpg 100w, https:\/\/literaskaligrafija.si\/wp-content\/uploads\/2023\/06\/Inicialka-50x50.jpg 50w, https:\/\/literaskaligrafija.si\/wp-content\/uploads\/2023\/06\/Inicialka.jpg 1500w\" sizes=\"auto, (max-width: 1024px) 100vw, 1024px\" \/><p id=\"caption-attachment-7488\" class=\"wp-caption-text\">Hochzeitsgl\u00e4ser mit Namen. Moderne Kalligrafie von Zlatka Trstenjak Rampre<\/p><\/div>\n<div id=\"attachment_7489\" style=\"width: 1034px\" class=\"wp-caption alignnone\"><img loading=\"lazy\" decoding=\"async\" aria-describedby=\"caption-attachment-7489\" class=\"wp-image-7489 size-large\" title=\"Hochzeitsgl\u00e4ser mit Perle\" src=\"https:\/\/literaskaligrafija.si\/wp-content\/uploads\/2023\/06\/Inicialka-A-1024x1024.jpg\" alt=\"Hochzeitsgl\u00e4ser mit Namen. Moderne Kalligrafie von Zlatka Trstenjak Rampre\" width=\"1024\" height=\"1024\" srcset=\"https:\/\/literaskaligrafija.si\/wp-content\/uploads\/2023\/06\/Inicialka-A-1024x1024.jpg 1024w, https:\/\/literaskaligrafija.si\/wp-content\/uploads\/2023\/06\/Inicialka-A-300x300.jpg 300w, https:\/\/literaskaligrafija.si\/wp-content\/uploads\/2023\/06\/Inicialka-A-150x150.jpg 150w, https:\/\/literaskaligrafija.si\/wp-content\/uploads\/2023\/06\/Inicialka-A-768x768.jpg 768w, https:\/\/literaskaligrafija.si\/wp-content\/uploads\/2023\/06\/Inicialka-A-12x12.jpg 12w, https:\/\/literaskaligrafija.si\/wp-content\/uploads\/2023\/06\/Inicialka-A-550x550.jpg 550w, https:\/\/literaskaligrafija.si\/wp-content\/uploads\/2023\/06\/Inicialka-A-1000x1000.jpg 1000w, https:\/\/literaskaligrafija.si\/wp-content\/uploads\/2023\/06\/Inicialka-A-400x400.jpg 400w, https:\/\/literaskaligrafija.si\/wp-content\/uploads\/2023\/06\/Inicialka-A-600x600.jpg 600w, https:\/\/literaskaligrafija.si\/wp-content\/uploads\/2023\/06\/Inicialka-A-100x100.jpg 100w, https:\/\/literaskaligrafija.si\/wp-content\/uploads\/2023\/06\/Inicialka-A-50x50.jpg 50w, https:\/\/literaskaligrafija.si\/wp-content\/uploads\/2023\/06\/Inicialka-A.jpg 1500w\" sizes=\"auto, (max-width: 1024px) 100vw, 1024px\" \/><p id=\"caption-attachment-7489\" class=\"wp-caption-text\">Hochzeitsgl\u00e4ser mit Namen. Moderne Kalligrafie von Zlatka Trstenjak Rampre<\/p><\/div>\n<p>Feiern Sie das ewige Band der Liebe mit einem Set aus Sektgl\u00e4sern. Die Gl\u00e4ser sind mit einer handgravierten Kalligrafie personalisiert.<\/p>\n<p>Hochzeitsgl\u00e4ser mit kalligraphisch eingravierten Namen sind eine ausgezeichnete Wahl als Hochzeitsgeschenk f\u00fcr das Brautpaar oder als elegantes Accessoire auf dem Hochzeitstisch.<\/p>\n<p>Dieses personalisierte Geschenk ist ein Symbol f\u00fcr ihre ewige Verbundenheit, eine st\u00e4ndige Erinnerung an die Liebe, die sie teilen.<\/p>\n<p>&nbsp;<\/p>\n<p>&nbsp;<\/p>\n<p>&nbsp;<\/p>","protected":false},"excerpt":{"rendered":"<p style=\"margin: 0cm\"><strong>Hochzeitssektgl\u00e4ser (mit Namen) - Handkalligraphie (eingraviert).<\/strong><\/p>\n<p>Handgravierte Hochzeitsgl\u00e4ser mit Namen und kalligraphischem Gru\u00df.<\/p>\n<p>Die Produktionsfrist betr\u00e4gt sieben (7) Arbeitstage.<\/p>\n<p>&nbsp;<\/p>\n<p>&nbsp;<\/p>","protected":false},"featured_media":9669,"comment_status":"open","ping_status":"closed","template":"","meta":{"content-type":"","inline_featured_image":false},"product_brand":[],"product_cat":[251,340,410,379,403],"product_tag":[352,351,353,276],"class_list":{"0":"post-7358","1":"product","2":"type-product","3":"status-publish","4":"has-post-thumbnail","6":"product_cat-darila","7":"product_cat-graviranje","8":"product_cat-graviranje-na-izdelke","9":"product_cat-obletnica","10":"product_cat-poroka","11":"product_tag-kozarci-z-imenom","12":"product_tag-porocni-kozarci","13":"product_tag-porocno-darilo","14":"product_tag-unikatno-darilo","15":"product_shipping_class-postnina","17":"first","18":"onbackorder","19":"taxable","20":"shipping-taxable","21":"purchasable","22":"product-type-simple"},"bundled_by":[],"bundle_stock_status":"onbackorder","bundle_stock_quantity":null,"bundle_virtual":false,"bundle_layout":"","bundle_add_to_cart_form_location":"","bundle_editable_in_cart":false,"bundle_sold_individually_context":"","bundle_item_grouping":"","bundle_min_size":"","bundle_max_size":"","bundle_price":[],"bundled_items":[],"bundle_sell_ids":[],"jetpack_sharing_enabled":true,"_links":{"self":[{"href":"https:\/\/literaskaligrafija.si\/de\/wp-json\/wp\/v2\/product\/7358","targetHints":{"allow":["GET"]}}],"collection":[{"href":"https:\/\/literaskaligrafija.si\/de\/wp-json\/wp\/v2\/product"}],"about":[{"href":"https:\/\/literaskaligrafija.si\/de\/wp-json\/wp\/v2\/types\/product"}],"replies":[{"embeddable":true,"href":"https:\/\/literaskaligrafija.si\/de\/wp-json\/wp\/v2\/comments?post=7358"}],"wp:featuredmedia":[{"embeddable":true,"href":"https:\/\/literaskaligrafija.si\/de\/wp-json\/wp\/v2\/media\/9669"}],"wp:attachment":[{"href":"https:\/\/literaskaligrafija.si\/de\/wp-json\/wp\/v2\/media?parent=7358"}],"wp:term":[{"taxonomy":"product_brand","embeddable":true,"href":"https:\/\/literaskaligrafija.si\/de\/wp-json\/wp\/v2\/product_brand?post=7358"},{"taxonomy":"product_cat","embeddable":true,"href":"https:\/\/literaskaligrafija.si\/de\/wp-json\/wp\/v2\/product_cat?post=7358"},{"taxonomy":"product_tag","embeddable":true,"href":"https:\/\/literaskaligrafija.si\/de\/wp-json\/wp\/v2\/product_tag?post=7358"}],"curies":[{"name":"wp","href":"https:\/\/api.w.org\/{rel}","templated":true}]}}