{"id":7462,"date":"2023-07-18T17:39:09","date_gmt":"2023-07-18T15:39:09","guid":{"rendered":"https:\/\/literaskaligrafija.si\/?post_type=product&#038;p=7462"},"modified":"2025-11-23T09:35:48","modified_gmt":"2025-11-23T08:35:48","slug":"kalligraphie-kupferstich-buchstaben-cerknica-21-marz-2","status":"publish","type":"product","link":"https:\/\/literaskaligrafija.si\/de\/izdelek\/bozicna-kaligrafija-2025\/","title":{"rendered":"Weihnachtskalligraphie - 22 NOVEMBER 2025 (Ljubljana)"},"content":{"rendered":"<p><strong>Bo\u017ei\u010dna kaligrafija &#8211; V soboto, 22. novembra v Ljubljani<\/strong><\/p>\n<p>&nbsp;<\/p>\n<p><span style=\"color: #a30808\"><strong>Kje bo <span style=\"color: #a30808\">delavnica<\/span>?<\/strong><\/span><\/p>\n<p><strong>1. Lokacija: Dol pri Ljubljani<\/strong> &#8211; Osnovna \u0161ola Janka Modra, Videm 17, 1262 Dol pri Ljubljani<\/p>\n<p>&nbsp;<\/p>\n<p><span style=\"color: #961a1a\"><strong>Kako dolgo bo trajala?<\/strong><\/span><\/p>\n<p>Delavnica bo potekala od <strong>10. do 13. ure.<\/strong><\/p>\n<p>&nbsp;<\/p>\n<p><span style=\"color: #9e0e0e\"><strong>Wie kann ich meinen Platz buchen?<\/strong><\/span><\/p>\n<p>Svoje mesto si zagotovite z nakupom tega izdelka. Za kvalitetno izvedbo je \u0161tevilo\u00a0 omejeno na najve\u010d 12 udele\u017eencev<\/p>\n<p>&nbsp;<\/p>\n<p><span style=\"color: #a30808\"><strong>Was werden wir auf dem Workshop tun?<\/strong><\/span><\/p>\n<ul>\n<li>Z markerjem bomo naredili prve poteze.<\/li>\n<li>Spoznali bomo celotno abecedo in magi\u010dnost \u010dopi\u010d markerjev.<\/li>\n<li>Najpogumnej\u0161i boste lahko preizkusili pisanje s pravim kaligrafskim peresom.<\/li>\n<li>Naredili boste tri razli\u010dne oblike prazni\u010dnih okraskov.<\/li>\n<li>Razkrila vam bom tudi skrivnosti, kako jih narediti brez kompliciranja.<\/li>\n<li>Vsak bo izdelal svoje okraske, ki jih lahko uporabi za decembrske ali druge praznike.<\/li>\n<\/ul>\n<p>Werfen wir also einen Blick auf Dekorationen, die f\u00fcr verschiedene Feiertage verwendet werden k\u00f6nnen.<\/p>\n<p>Nat\u00fcrlich liegt der Schwerpunkt auf Weihnachten, aber mit ein paar Tricks k\u00f6nnen Sie alle Jahreszeiten und Feiertage abdecken.<\/p>\n<div id=\"attachment_9583\" style=\"width: 1510px\" class=\"wp-caption alignnone\"><img loading=\"lazy\" decoding=\"async\" aria-describedby=\"caption-attachment-9583\" class=\"wp-image-9583 size-full\" src=\"https:\/\/literaskaligrafija.si\/wp-content\/uploads\/2023\/07\/1.jpg\" alt=\"Festliche Kalligraphie\" width=\"1500\" height=\"1500\" srcset=\"https:\/\/literaskaligrafija.si\/wp-content\/uploads\/2023\/07\/1.jpg 1500w, https:\/\/literaskaligrafija.si\/wp-content\/uploads\/2023\/07\/1-300x300.jpg 300w, https:\/\/literaskaligrafija.si\/wp-content\/uploads\/2023\/07\/1-1024x1024.jpg 1024w, https:\/\/literaskaligrafija.si\/wp-content\/uploads\/2023\/07\/1-150x150.jpg 150w, https:\/\/literaskaligrafija.si\/wp-content\/uploads\/2023\/07\/1-768x768.jpg 768w, https:\/\/literaskaligrafija.si\/wp-content\/uploads\/2023\/07\/1-12x12.jpg 12w, https:\/\/literaskaligrafija.si\/wp-content\/uploads\/2023\/07\/1-550x550.jpg 550w, https:\/\/literaskaligrafija.si\/wp-content\/uploads\/2023\/07\/1-1000x1000.jpg 1000w, https:\/\/literaskaligrafija.si\/wp-content\/uploads\/2023\/07\/1-400x400.jpg 400w, https:\/\/literaskaligrafija.si\/wp-content\/uploads\/2023\/07\/1-600x600.jpg 600w, https:\/\/literaskaligrafija.si\/wp-content\/uploads\/2023\/07\/1-100x100.jpg 100w, https:\/\/literaskaligrafija.si\/wp-content\/uploads\/2023\/07\/1-50x50.jpg 50w\" sizes=\"auto, (max-width: 1500px) 100vw, 1500px\" \/><p id=\"caption-attachment-9583\" class=\"wp-caption-text\">Kaligrafska sne\u017einka &#8211; bo\u017ei\u010dni okrasek. Kaligrafija in foto: Zlatka Trstenjak Rampre<\/p><\/div>\n<p><span style=\"color: #a30808\"><strong>Kaj prejmete na delavnici?<\/strong><\/span><\/p>\n<ul>\n<li>Prejeli boste abecedo majhnih, in velikih \u010drk ter \u0161tevil.<\/li>\n<li>\u010copi\u010d marker.<\/li>\n<li>Material za 3 razli\u010dne okraske.<\/li>\n<\/ul>\n<p><span style=\"color: #a30808\"><strong>Kaj vse bom \u0161e lahko preizkusil\/-a?<\/strong><\/span><\/p>\n<p>Na izposojo bodo tudi razli\u010dne barve za izdelavo okraskov, kaligrafski peresniki, nalivniki.<\/p>\n<p>&nbsp;<\/p>\n<div id=\"attachment_9585\" style=\"width: 1510px\" class=\"wp-caption alignnone\"><img loading=\"lazy\" decoding=\"async\" aria-describedby=\"caption-attachment-9585\" class=\"wp-image-9585 size-full\" src=\"https:\/\/literaskaligrafija.si\/wp-content\/uploads\/2023\/07\/3.jpg\" alt=\"Moderna kaligrafija z markerjem na akrilni plo\u0161\u010dici\" width=\"1500\" height=\"1500\" srcset=\"https:\/\/literaskaligrafija.si\/wp-content\/uploads\/2023\/07\/3.jpg 1500w, https:\/\/literaskaligrafija.si\/wp-content\/uploads\/2023\/07\/3-300x300.jpg 300w, https:\/\/literaskaligrafija.si\/wp-content\/uploads\/2023\/07\/3-1024x1024.jpg 1024w, https:\/\/literaskaligrafija.si\/wp-content\/uploads\/2023\/07\/3-150x150.jpg 150w, https:\/\/literaskaligrafija.si\/wp-content\/uploads\/2023\/07\/3-768x768.jpg 768w, https:\/\/literaskaligrafija.si\/wp-content\/uploads\/2023\/07\/3-12x12.jpg 12w, https:\/\/literaskaligrafija.si\/wp-content\/uploads\/2023\/07\/3-550x550.jpg 550w, https:\/\/literaskaligrafija.si\/wp-content\/uploads\/2023\/07\/3-1000x1000.jpg 1000w, https:\/\/literaskaligrafija.si\/wp-content\/uploads\/2023\/07\/3-400x400.jpg 400w, https:\/\/literaskaligrafija.si\/wp-content\/uploads\/2023\/07\/3-600x600.jpg 600w, https:\/\/literaskaligrafija.si\/wp-content\/uploads\/2023\/07\/3-100x100.jpg 100w, https:\/\/literaskaligrafija.si\/wp-content\/uploads\/2023\/07\/3-50x50.jpg 50w\" sizes=\"auto, (max-width: 1500px) 100vw, 1500px\" \/><p id=\"caption-attachment-9585\" class=\"wp-caption-text\">Kaligrafija in foto: Zlatka Trstenjak Rampre<\/p><\/div>\n<p>&nbsp;<\/p>\n<p><span style=\"color: #a30808\"><strong>Warum sollten Sie den Kurs besuchen?<\/strong><\/span><\/p>\n<p>Odkrijte, zakaj je<strong> moderna<\/strong> <strong>Kalligraphie<\/strong> postala tako priljubljena in kako lahko obogati va\u0161e vsakdanje \u017eivljenje. Nau\u010dite se tehnik, ki jih Zlatka uporablja pri svojih kreacijah, ter <strong>skrivnosti<\/strong>, ki jih mnogi kaligrafi ne delijo. Razumeli boste, kako tudi za\u010detniki z nekaj vaje, pravilno izbiro materialov in prijaznim pristopom, <strong>dose\u017eejo izjemne rezultate.<\/strong><\/p>\n<p>Die moderne Kalligrafie mit ihrer entspannten und flexiblen \u00c4sthetik ist auf dem Vormarsch und bietet eine einzigartige Kombination aus Tradition und Frische. Sie ist ideal f\u00fcr alle, die von Gru\u00dfkarten bis hin zu t\u00e4glichen Notizen eine pers\u00f6nliche Note verleihen wollen.<\/p>\n<p><strong>Melden Sie sich noch heute an und schlie\u00dfen Sie sich einer Gruppe von Enthusiasten an, die die Magie des handgeschriebenen Wortes wiederentdeckt haben!<\/strong><\/p>\n<p><span style=\"color: #a30808\"><strong>F\u00fcr weitere Informationen rufen Sie bitte 041 753 305 - Zlatka<\/strong><\/span><\/p>\n<p>Zlatka, se s kaligrafijo ukvarja \u017ee 18 let, na podjetni\u0161ko pot se je s kaligrafijo podala leta 2013. Njena dela krasi \u010dudovita moderna kaligrafija, ki jo pi\u0161e na papir, gravira na steklo, tiska na majice ali pripravi napise za tatuje.<\/p>\n<p>&nbsp;<\/p>\n<p>&nbsp;<\/p>\n<p>&nbsp;<\/p>\n<p>&nbsp;<\/p>","protected":false},"excerpt":{"rendered":"<p><strong>Bo\u017ei\u010dna kaligrafija &#8211; Sobota,\u00a0 22 NOVEMBER 2025 (Ljubljana)<\/strong><\/p>\n<p>Svoje mesto rezervira\u0161 z nakupom izdelka.<\/p>\n<p>&nbsp;<\/p>\n<p>&nbsp;<\/p>\n<p>&nbsp;<\/p>","protected":false},"featured_media":9583,"comment_status":"open","ping_status":"closed","template":"","meta":{"content-type":"","inline_featured_image":false},"product_brand":[],"product_cat":[339,259],"product_tag":[244],"class_list":{"0":"post-7462","1":"product","2":"type-product","3":"status-publish","4":"has-post-thumbnail","6":"product_cat-bozicna-darila","7":"product_cat-kaligrafski-tecaj","8":"product_tag-kaligrafski-tecaj","10":"first","11":"instock","12":"virtual","13":"purchasable","14":"product-type-simple"},"bundled_by":[],"bundle_stock_status":"instock","bundle_stock_quantity":6,"bundle_virtual":false,"bundle_layout":"","bundle_add_to_cart_form_location":"","bundle_editable_in_cart":false,"bundle_sold_individually_context":"","bundle_item_grouping":"","bundle_min_size":"","bundle_max_size":"","bundle_price":[],"bundled_items":[],"bundle_sell_ids":[],"jetpack_sharing_enabled":true,"_links":{"self":[{"href":"https:\/\/literaskaligrafija.si\/de\/wp-json\/wp\/v2\/product\/7462","targetHints":{"allow":["GET"]}}],"collection":[{"href":"https:\/\/literaskaligrafija.si\/de\/wp-json\/wp\/v2\/product"}],"about":[{"href":"https:\/\/literaskaligrafija.si\/de\/wp-json\/wp\/v2\/types\/product"}],"replies":[{"embeddable":true,"href":"https:\/\/literaskaligrafija.si\/de\/wp-json\/wp\/v2\/comments?post=7462"}],"wp:featuredmedia":[{"embeddable":true,"href":"https:\/\/literaskaligrafija.si\/de\/wp-json\/wp\/v2\/media\/9583"}],"wp:attachment":[{"href":"https:\/\/literaskaligrafija.si\/de\/wp-json\/wp\/v2\/media?parent=7462"}],"wp:term":[{"taxonomy":"product_brand","embeddable":true,"href":"https:\/\/literaskaligrafija.si\/de\/wp-json\/wp\/v2\/product_brand?post=7462"},{"taxonomy":"product_cat","embeddable":true,"href":"https:\/\/literaskaligrafija.si\/de\/wp-json\/wp\/v2\/product_cat?post=7462"},{"taxonomy":"product_tag","embeddable":true,"href":"https:\/\/literaskaligrafija.si\/de\/wp-json\/wp\/v2\/product_tag?post=7462"}],"curies":[{"name":"wp","href":"https:\/\/api.w.org\/{rel}","templated":true}]}}