{"id":7472,"date":"2023-07-27T14:43:47","date_gmt":"2023-07-27T12:43:47","guid":{"rendered":"https:\/\/literaskaligrafija.si\/?post_type=product&#038;p=7472"},"modified":"2025-09-02T10:08:24","modified_gmt":"2025-09-02T08:08:24","slug":"t-shirt-druck","status":"publish","type":"product","link":"https:\/\/literaskaligrafija.si\/de\/izdelek\/tisk-majic\/","title":{"rendered":"T-Shirt-Druck - f\u00fcr Unternehmen, Vereine, Verb\u00e4nde und Privatpersonen"},"content":{"rendered":"<p><strong>Druck von T-Shirts f\u00fcr Unternehmen, Vereine und Verb\u00e4nde.<\/strong><\/p>\n<p>Hochwertiger Druck auf T-Shirts f\u00fcr Unternehmen, Verb\u00e4nde und Vereine.<\/p>\n<p>Wir bieten mehr als nur den Druck von T-Shirts - wir bieten eine Erfahrung, die Ihren Stil und Ihre Identit\u00e4t neu definiert. Wir drucken Ihre bestehenden Designs oder erg\u00e4nzen sie. Heben Sie sich von der Masse ab mit personalisierter Kalligrafie, die Ihre bestehenden Designs nahtlos erg\u00e4nzt.<\/p>\n<p>Sie wollen etwas Neues, Anderes und Einzigartiges? Wenn Sie es w\u00fcnschen, k\u00f6nnen wir Ihre bestehenden Entw\u00fcrfe mit handgefertigter Kalligrafie erg\u00e4nzen und so die Sch\u00f6nheit handgefertigter Kunstwerke mit Ihrer bestehenden grafischen Identit\u00e4t kombinieren.<\/p>\n<p>Wie im folgenden Beispiel.<\/p>\n<p>Zur Feier des 30-j\u00e4hrigen Bestehens des Unternehmens bedruckten wir T-Shirts, bei denen wir das bestehende Logo mit ein wenig Kalligrafie erg\u00e4nzten und eine Reihe von T-Shirts f\u00fcr 30 Jahre Erfolg entwarfen.<\/p>\n<div class=\"x11i5rnm xat24cr x1mh8g0r x1vvkbs xtlvy1s x126k92a\">Der Text \"30 Jahre\" ist handschriftlich in Kalligraphie geschrieben,<\/div>\n<div class=\"x11i5rnm xat24cr x1mh8g0r x1vvkbs xtlvy1s x126k92a\">\n<div dir=\"auto\">Die Kalligrafie kann als moderne Form der Kreativit\u00e4t genutzt werden, die digitalisiert und zur Erg\u00e4nzung des zeitgen\u00f6ssischen Designs eingesetzt werden kann, wodurch dessen Einzigartigkeit verst\u00e4rkt wird.<\/div>\n<div dir=\"auto\"><\/div>\n<\/div>\n<p>&nbsp;<\/p>\n<div id=\"attachment_7479\" style=\"width: 1510px\" class=\"wp-caption alignnone\"><img loading=\"lazy\" decoding=\"async\" aria-describedby=\"caption-attachment-7479\" class=\"wp-image-7479 size-full\" title=\"Druck auf T-Shirts Logos f\u00fcr Unternehmen\" src=\"https:\/\/literaskaligrafija.si\/wp-content\/uploads\/2023\/07\/aSTI-T-SHIRT.jpg\" alt=\"Logo f\u00fcr das Unternehmen\" width=\"1500\" height=\"1500\" srcset=\"https:\/\/literaskaligrafija.si\/wp-content\/uploads\/2023\/07\/aSTI-T-SHIRT.jpg 1500w, https:\/\/literaskaligrafija.si\/wp-content\/uploads\/2023\/07\/aSTI-T-SHIRT-300x300.jpg 300w, https:\/\/literaskaligrafija.si\/wp-content\/uploads\/2023\/07\/aSTI-T-SHIRT-1024x1024.jpg 1024w, https:\/\/literaskaligrafija.si\/wp-content\/uploads\/2023\/07\/aSTI-T-SHIRT-150x150.jpg 150w, https:\/\/literaskaligrafija.si\/wp-content\/uploads\/2023\/07\/aSTI-T-SHIRT-768x768.jpg 768w, https:\/\/literaskaligrafija.si\/wp-content\/uploads\/2023\/07\/aSTI-T-SHIRT-12x12.jpg 12w, https:\/\/literaskaligrafija.si\/wp-content\/uploads\/2023\/07\/aSTI-T-SHIRT-550x550.jpg 550w, https:\/\/literaskaligrafija.si\/wp-content\/uploads\/2023\/07\/aSTI-T-SHIRT-1000x1000.jpg 1000w, https:\/\/literaskaligrafija.si\/wp-content\/uploads\/2023\/07\/aSTI-T-SHIRT-400x400.jpg 400w, https:\/\/literaskaligrafija.si\/wp-content\/uploads\/2023\/07\/aSTI-T-SHIRT-600x600.jpg 600w, https:\/\/literaskaligrafija.si\/wp-content\/uploads\/2023\/07\/aSTI-T-SHIRT-100x100.jpg 100w, https:\/\/literaskaligrafija.si\/wp-content\/uploads\/2023\/07\/aSTI-T-SHIRT-50x50.jpg 50w\" sizes=\"auto, (max-width: 1500px) 100vw, 1500px\" \/><p id=\"caption-attachment-7479\" class=\"wp-caption-text\">Bedruckt auf einem T-Shirt mit einer Kombination aus Logo und handgeschriebener Kalligraphie.<\/p><\/div>\n<p>&nbsp;<\/p>\n<div id=\"attachment_7477\" style=\"width: 1510px\" class=\"wp-caption alignnone\"><img loading=\"lazy\" decoding=\"async\" aria-describedby=\"caption-attachment-7477\" class=\"wp-image-7477 size-full\" title=\"T-Shirt Druck Logos f\u00fcr Unternehmen\" src=\"https:\/\/literaskaligrafija.si\/wp-content\/uploads\/2023\/07\/Asti-majica.jpg\" alt=\"T-Shirt-Druck f\u00fcr Unternehmen\" width=\"1500\" height=\"1500\" srcset=\"https:\/\/literaskaligrafija.si\/wp-content\/uploads\/2023\/07\/Asti-majica.jpg 1500w, https:\/\/literaskaligrafija.si\/wp-content\/uploads\/2023\/07\/Asti-majica-300x300.jpg 300w, https:\/\/literaskaligrafija.si\/wp-content\/uploads\/2023\/07\/Asti-majica-1024x1024.jpg 1024w, https:\/\/literaskaligrafija.si\/wp-content\/uploads\/2023\/07\/Asti-majica-150x150.jpg 150w, https:\/\/literaskaligrafija.si\/wp-content\/uploads\/2023\/07\/Asti-majica-768x768.jpg 768w, https:\/\/literaskaligrafija.si\/wp-content\/uploads\/2023\/07\/Asti-majica-12x12.jpg 12w, https:\/\/literaskaligrafija.si\/wp-content\/uploads\/2023\/07\/Asti-majica-550x550.jpg 550w, https:\/\/literaskaligrafija.si\/wp-content\/uploads\/2023\/07\/Asti-majica-1000x1000.jpg 1000w, https:\/\/literaskaligrafija.si\/wp-content\/uploads\/2023\/07\/Asti-majica-400x400.jpg 400w, https:\/\/literaskaligrafija.si\/wp-content\/uploads\/2023\/07\/Asti-majica-600x600.jpg 600w, https:\/\/literaskaligrafija.si\/wp-content\/uploads\/2023\/07\/Asti-majica-100x100.jpg 100w, https:\/\/literaskaligrafija.si\/wp-content\/uploads\/2023\/07\/Asti-majica-50x50.jpg 50w\" sizes=\"auto, (max-width: 1500px) 100vw, 1500px\" \/><p id=\"caption-attachment-7477\" class=\"wp-caption-text\">Bedruckt auf einem T-Shirt mit einer Kombination aus Logo und handgeschriebener Kalligraphie.<\/p><\/div>\n<p><img loading=\"lazy\" decoding=\"async\" class=\"size-full wp-image-8784\" src=\"https:\/\/literaskaligrafija.si\/wp-content\/uploads\/2023\/07\/LITERASFront.jpg\" alt=\"Logo-Design T-Shirt-Druck\" width=\"1500\" height=\"1500\" srcset=\"https:\/\/literaskaligrafija.si\/wp-content\/uploads\/2023\/07\/LITERASFront.jpg 1500w, https:\/\/literaskaligrafija.si\/wp-content\/uploads\/2023\/07\/LITERASFront-300x300.jpg 300w, https:\/\/literaskaligrafija.si\/wp-content\/uploads\/2023\/07\/LITERASFront-1024x1024.jpg 1024w, https:\/\/literaskaligrafija.si\/wp-content\/uploads\/2023\/07\/LITERASFront-150x150.jpg 150w, https:\/\/literaskaligrafija.si\/wp-content\/uploads\/2023\/07\/LITERASFront-768x768.jpg 768w, https:\/\/literaskaligrafija.si\/wp-content\/uploads\/2023\/07\/LITERASFront-12x12.jpg 12w, https:\/\/literaskaligrafija.si\/wp-content\/uploads\/2023\/07\/LITERASFront-550x550.jpg 550w, https:\/\/literaskaligrafija.si\/wp-content\/uploads\/2023\/07\/LITERASFront-1000x1000.jpg 1000w, https:\/\/literaskaligrafija.si\/wp-content\/uploads\/2023\/07\/LITERASFront-400x400.jpg 400w, https:\/\/literaskaligrafija.si\/wp-content\/uploads\/2023\/07\/LITERASFront-600x600.jpg 600w, https:\/\/literaskaligrafija.si\/wp-content\/uploads\/2023\/07\/LITERASFront-100x100.jpg 100w, https:\/\/literaskaligrafija.si\/wp-content\/uploads\/2023\/07\/LITERASFront-50x50.jpg 50w\" sizes=\"auto, (max-width: 1500px) 100vw, 1500px\" \/><\/p>\n<p>&nbsp;<\/p>","protected":false},"excerpt":{"rendered":"<p><strong>Druck von T-Shirts - f\u00fcr Unternehmen, Vereine, Verb\u00e4nde und Privatpersonen. Logo Entwurf<\/strong><\/p>\n<p>Entwerfen und bedrucken Sie T-Shirts f\u00fcr verschiedene Anl\u00e4sse.<\/p>\n<p><a href=\"https:\/\/literaskaligrafija.si\/de\/kontakt\/\" target=\"_blank\" rel=\"noopener\"><span style=\"text-decoration: underline;color: #c31f2f\"><strong>Senden Sie Ihre Anfrage.<\/strong><\/span><\/a><\/p>\n<p>&nbsp;<\/p>","protected":false},"featured_media":7477,"comment_status":"open","ping_status":"closed","template":"","meta":{"content-type":"","inline_featured_image":false},"product_brand":[],"product_cat":[258,404,409],"product_tag":[371,372,359,373,299],"class_list":{"0":"post-7472","1":"product","2":"type-product","3":"status-publish","4":"has-post-thumbnail","6":"product_cat-poslovna-sodelovanja","7":"product_cat-poslovne-storitve","8":"product_cat-tisk-na-majice","9":"product_tag-logotip","10":"product_tag-oblikovanje","11":"product_tag-oblikovanje-in-tisk","12":"product_tag-promocijski-tisk","13":"product_tag-tisk-majic","14":"product_shipping_class-postnina","16":"first","17":"onbackorder","18":"virtual","19":"taxable","20":"product-type-simple"},"bundled_by":[],"bundle_stock_status":"onbackorder","bundle_stock_quantity":null,"bundle_virtual":false,"bundle_layout":"","bundle_add_to_cart_form_location":"","bundle_editable_in_cart":false,"bundle_sold_individually_context":"","bundle_item_grouping":"","bundle_min_size":"","bundle_max_size":"","bundle_price":[],"bundled_items":[],"bundle_sell_ids":[],"jetpack_sharing_enabled":true,"_links":{"self":[{"href":"https:\/\/literaskaligrafija.si\/de\/wp-json\/wp\/v2\/product\/7472","targetHints":{"allow":["GET"]}}],"collection":[{"href":"https:\/\/literaskaligrafija.si\/de\/wp-json\/wp\/v2\/product"}],"about":[{"href":"https:\/\/literaskaligrafija.si\/de\/wp-json\/wp\/v2\/types\/product"}],"replies":[{"embeddable":true,"href":"https:\/\/literaskaligrafija.si\/de\/wp-json\/wp\/v2\/comments?post=7472"}],"wp:featuredmedia":[{"embeddable":true,"href":"https:\/\/literaskaligrafija.si\/de\/wp-json\/wp\/v2\/media\/7477"}],"wp:attachment":[{"href":"https:\/\/literaskaligrafija.si\/de\/wp-json\/wp\/v2\/media?parent=7472"}],"wp:term":[{"taxonomy":"product_brand","embeddable":true,"href":"https:\/\/literaskaligrafija.si\/de\/wp-json\/wp\/v2\/product_brand?post=7472"},{"taxonomy":"product_cat","embeddable":true,"href":"https:\/\/literaskaligrafija.si\/de\/wp-json\/wp\/v2\/product_cat?post=7472"},{"taxonomy":"product_tag","embeddable":true,"href":"https:\/\/literaskaligrafija.si\/de\/wp-json\/wp\/v2\/product_tag?post=7472"}],"curies":[{"name":"wp","href":"https:\/\/api.w.org\/{rel}","templated":true}]}}