{"id":7522,"date":"2023-08-03T12:51:02","date_gmt":"2023-08-03T10:51:02","guid":{"rendered":"https:\/\/literaskaligrafija.si\/?post_type=product&#038;p=7522"},"modified":"2025-09-02T10:07:53","modified_gmt":"2025-09-02T08:07:53","slug":"hochzeitstisch-kalligraphie-bestellung-geschriebener-sitz-3","status":"publish","type":"product","link":"https:\/\/literaskaligrafija.si\/de\/izdelek\/himna\/","title":{"rendered":"Hymne der Republik Slowenien (Geschenk) - Zdravljica (Originalkalligraphie)"},"content":{"rendered":"<p><strong>Hymne der Republik Slowenien (Geschenk) - Zdravljica (Originalkalligraphie) <\/strong><\/p>\n<p><span style=\"color: #c31f2f\"><a style=\"color: #c31f2f\" href=\"https:\/\/literaskaligrafija.si\/de\/geschenke-verbunden-nur-wer-schenkt-nicht-8\/\" target=\"_blank\" rel=\"noopener\"><span style=\"text-decoration: underline\"><strong>Text der Nationalhymne der Republik Slowenien<\/strong><\/span><\/a><\/span> ist die siebte Strophe des Gedichts <strong>Gr\u00fc\u00dfe<\/strong>geschrieben von <strong>Frankreich Pre\u0161eren<\/strong>. Der Text geht durch seine Gestaltung \u00fcber den slowenischen nationalen Rahmen hinaus, da seine Botschaft die Friedfertigkeit und Weltoffenheit betont.<\/p>\n<p>Das gesamte Gedicht ist auch in einer speziellen visuellen poetischen Form geschrieben <strong><em>carmen figuratum<\/em>,<\/strong> die das Bild eines Weinkelches darstellt, da es sich um einen Trinkbrunnen handelt.<\/p>\n<p>Es ist eine der wenigen Hymnen, die nicht \u00e4ngstlich sind. Sie lehnt Kampf und Zwietracht ab und sucht die Einheit und Freundschaft aller Nationen. Sie unterstreicht Solidarit\u00e4t, Gastfreundschaft, Freiheit und Toleranz.  Werte, die mit dem nationalen Geist verwoben sind. <strong>Komponist Stanko Premrl<\/strong> hat die Botschaft der Hymne, die den Stolz der Nation zum Ausdruck bringt, musikalisch untermalt.<\/p>\n<p><strong>Etwas, das Sie einfach in Ihrem Haus haben m\u00fcssen.<\/strong><\/p>\n<p>Bestellungen, die w\u00e4hrend der Gesch\u00e4ftszeiten vor 12 Uhr mittags aufgegeben werden, werden in den meisten F\u00e4llen innerhalb von f\u00fcnf (5) Arbeitstagen versandt.<\/p>\n<p>Der Rahmen ist nicht im Lieferumfang des Produkts enthalten, das Bild ist symbolisch.<\/p>\n<div id=\"attachment_7512\" style=\"width: 1510px\" class=\"wp-caption alignnone\"><img loading=\"lazy\" decoding=\"async\" aria-describedby=\"caption-attachment-7512\" class=\"wp-image-7512 size-full\" title=\"Kalligraphisch geschriebene Nationalhymne der Republik Slowenien. Einzigartiges Geschenk - Nationalhymne der Republik Slowenien in einem Rahmen - handgeschrieben mit Tinte.\" src=\"https:\/\/literaskaligrafija.si\/wp-content\/uploads\/2021\/01\/All-white-frame-SO.jpg\" alt=\"Hymne der Republik Slowenien - handgeschrieben in moderner Kalligraphie - Einzigartiges Produkt.\" width=\"1500\" height=\"1500\" srcset=\"https:\/\/literaskaligrafija.si\/wp-content\/uploads\/2021\/01\/All-white-frame-SO.jpg 1500w, https:\/\/literaskaligrafija.si\/wp-content\/uploads\/2021\/01\/All-white-frame-SO-300x300.jpg 300w, https:\/\/literaskaligrafija.si\/wp-content\/uploads\/2021\/01\/All-white-frame-SO-1024x1024.jpg 1024w, https:\/\/literaskaligrafija.si\/wp-content\/uploads\/2021\/01\/All-white-frame-SO-150x150.jpg 150w, https:\/\/literaskaligrafija.si\/wp-content\/uploads\/2021\/01\/All-white-frame-SO-768x768.jpg 768w, https:\/\/literaskaligrafija.si\/wp-content\/uploads\/2021\/01\/All-white-frame-SO-12x12.jpg 12w, https:\/\/literaskaligrafija.si\/wp-content\/uploads\/2021\/01\/All-white-frame-SO-550x550.jpg 550w, https:\/\/literaskaligrafija.si\/wp-content\/uploads\/2021\/01\/All-white-frame-SO-1000x1000.jpg 1000w, https:\/\/literaskaligrafija.si\/wp-content\/uploads\/2021\/01\/All-white-frame-SO-400x400.jpg 400w, https:\/\/literaskaligrafija.si\/wp-content\/uploads\/2021\/01\/All-white-frame-SO-600x600.jpg 600w, https:\/\/literaskaligrafija.si\/wp-content\/uploads\/2021\/01\/All-white-frame-SO-100x100.jpg 100w, https:\/\/literaskaligrafija.si\/wp-content\/uploads\/2021\/01\/All-white-frame-SO-50x50.jpg 50w\" sizes=\"auto, (max-width: 1500px) 100vw, 1500px\" \/><p id=\"caption-attachment-7512\" class=\"wp-caption-text\">Die Nationalhymne der Republik Slowenien, geschrieben in moderner Kalligraphie - handgemacht in Slowenien<\/p><\/div>\n<p>&nbsp;<\/p>","protected":false},"excerpt":{"rendered":"<p style=\"text-align: left\"><strong>Nationalhymne der Republik Slowenien (Geschenk) - Zdravljica (Originalkalligraphie) A4 oder A3.<\/strong><\/p>\n<p style=\"text-align: left\">Lesen Sie mehr in der Produktbeschreibung unten.<\/p>","protected":false},"featured_media":7512,"comment_status":"closed","ping_status":"closed","template":"","meta":{"content-type":"","inline_featured_image":false},"product_brand":[],"product_cat":[251,329,258,412],"product_tag":[307,306,305,310,308,304],"class_list":{"0":"post-7522","1":"product","2":"type-product","3":"status-publish","4":"has-post-thumbnail","6":"product_cat-darila","7":"product_cat-kaligrafija","8":"product_cat-poslovna-sodelovanja","9":"product_cat-slovenska-dediscina-in-ponos","10":"product_tag-darilo","11":"product_tag-france-preseren","12":"product_tag-himna-rs","13":"product_tag-protokolarna-darila","14":"product_tag-rocno-napisano","15":"product_tag-zdravljica","16":"product_shipping_class-postnina","18":"first","19":"onbackorder","20":"taxable","21":"shipping-taxable","22":"purchasable","23":"product-type-simple"},"bundled_by":[],"bundle_stock_status":"onbackorder","bundle_stock_quantity":null,"bundle_virtual":false,"bundle_layout":"","bundle_add_to_cart_form_location":"","bundle_editable_in_cart":false,"bundle_sold_individually_context":"","bundle_item_grouping":"","bundle_min_size":"","bundle_max_size":"","bundle_price":[],"bundled_items":[],"bundle_sell_ids":[],"jetpack_sharing_enabled":true,"_links":{"self":[{"href":"https:\/\/literaskaligrafija.si\/de\/wp-json\/wp\/v2\/product\/7522","targetHints":{"allow":["GET"]}}],"collection":[{"href":"https:\/\/literaskaligrafija.si\/de\/wp-json\/wp\/v2\/product"}],"about":[{"href":"https:\/\/literaskaligrafija.si\/de\/wp-json\/wp\/v2\/types\/product"}],"replies":[{"embeddable":true,"href":"https:\/\/literaskaligrafija.si\/de\/wp-json\/wp\/v2\/comments?post=7522"}],"wp:featuredmedia":[{"embeddable":true,"href":"https:\/\/literaskaligrafija.si\/de\/wp-json\/wp\/v2\/media\/7512"}],"wp:attachment":[{"href":"https:\/\/literaskaligrafija.si\/de\/wp-json\/wp\/v2\/media?parent=7522"}],"wp:term":[{"taxonomy":"product_brand","embeddable":true,"href":"https:\/\/literaskaligrafija.si\/de\/wp-json\/wp\/v2\/product_brand?post=7522"},{"taxonomy":"product_cat","embeddable":true,"href":"https:\/\/literaskaligrafija.si\/de\/wp-json\/wp\/v2\/product_cat?post=7522"},{"taxonomy":"product_tag","embeddable":true,"href":"https:\/\/literaskaligrafija.si\/de\/wp-json\/wp\/v2\/product_tag?post=7522"}],"curies":[{"name":"wp","href":"https:\/\/api.w.org\/{rel}","templated":true}]}}