{"id":7562,"date":"2023-08-30T16:33:24","date_gmt":"2023-08-30T14:33:24","guid":{"rendered":"https:\/\/literaskaligrafija.si\/?post_type=product&#038;p=7562"},"modified":"2026-02-17T19:09:00","modified_gmt":"2026-02-17T18:09:00","slug":"hochzeitstisch-kalligraphie-bestellung-geschriebener-sitz-4","status":"publish","type":"product","link":"https:\/\/literaskaligrafija.si\/de\/izdelek\/porocna-zaobljuba-2\/","title":{"rendered":"Hochzeitsgel\u00fcbde - Original Kalligraphie"},"content":{"rendered":"<p><strong>Hochzeitsgel\u00fcbde - Originelle Kalligrafie f\u00fcr einen zeitlosen Ausdruck der Liebe.<\/strong><\/p>\n<p>Ihr Hochzeitstag ist der Beginn einer wunderbaren gemeinsamen Reise. Z <strong>moderne Kalligraphie<\/strong> Ein schriftliches Gel\u00fcbde ist der beste Weg, um diesen wichtigen Anlass zu markieren.<\/p>\n<p><strong>Personalisierungsprozess:<\/strong><\/p>\n<ol>\n<li>Geben Sie den Namen Ihres zuk\u00fcnftigen Ehepartners und Ihr Eheversprechen in das Textfeld ein (bis zu 380 Zeichen)<\/li>\n<li>Schriftfarbe w\u00e4hlen (schwarz oder gold)<\/li>\n<li>\u00a0Auf Wunsch eine Geschenkverpackung hinzuf\u00fcgen (wei\u00df)<\/li>\n<\/ol>\n<p><strong>Das Produkt enth\u00e4lt:<\/strong><\/p>\n<ul>\n<li>Kalligrafischer Ausdruck Ihres Gel\u00fcbdes in moderner Kalligrafie in der Farbe Ihrer Wahl.<\/li>\n<li>Geschenkbox (optional).<\/li>\n<li>Wei\u00dfes Band<\/li>\n<li>Siegel<\/li>\n<\/ul>\n<p>S <strong>Kalligraphie<\/strong> Ein schriftliches Gel\u00fcbde ist eine wertvolle Erinnerung und eine st\u00e4ndige Mahnung an die versprochene Liebe. <strong>Sie steht f\u00fcr das Erbe,<\/strong> die von Generation zu Generation weitergegeben werden k\u00f6nnen.<\/p>\n<p><strong>Ihre Worte, Ihr Gel\u00fcbde,<\/strong> Die zwischen Ihnen und Ihrem Partner ausgetauschten Briefe werden in wundersch\u00f6nen kalligrafischen Strichen geschrieben, die die Bedeutung Ihres Engagements transportieren, \u00fcber das Gew\u00f6hnliche hinausgehen und zu einem Kunstwerk werden, das die Essenz Ihrer Liebesgeschichte einf\u00e4ngt.<\/p>\n<p><strong>Versch\u00f6nern Sie Ihren Hochzeitstag<\/strong> mit diesem minimalistischen und kostbaren Kunstwerk Ihres Ehegel\u00fcbdes und genie\u00dfen Sie die Sch\u00f6nheit Ihres Versprechens, elegant f\u00fcr die Ewigkeit festgehalten.<\/p>\n<p>&nbsp;<\/p>\n<div id=\"attachment_8528\" style=\"width: 1510px\" class=\"wp-caption alignnone\"><img loading=\"lazy\" decoding=\"async\" aria-describedby=\"caption-attachment-8528\" class=\"size-full wp-image-8528\" src=\"https:\/\/literaskaligrafija.si\/wp-content\/uploads\/2023\/08\/Zaobljuba-porocna.jpg\" alt=\"Hochzeitsgel\u00fcbde\" width=\"1500\" height=\"1500\" srcset=\"https:\/\/literaskaligrafija.si\/wp-content\/uploads\/2023\/08\/Zaobljuba-porocna.jpg 1500w, https:\/\/literaskaligrafija.si\/wp-content\/uploads\/2023\/08\/Zaobljuba-porocna-300x300.jpg 300w, https:\/\/literaskaligrafija.si\/wp-content\/uploads\/2023\/08\/Zaobljuba-porocna-1024x1024.jpg 1024w, https:\/\/literaskaligrafija.si\/wp-content\/uploads\/2023\/08\/Zaobljuba-porocna-150x150.jpg 150w, https:\/\/literaskaligrafija.si\/wp-content\/uploads\/2023\/08\/Zaobljuba-porocna-768x768.jpg 768w, https:\/\/literaskaligrafija.si\/wp-content\/uploads\/2023\/08\/Zaobljuba-porocna-12x12.jpg 12w, https:\/\/literaskaligrafija.si\/wp-content\/uploads\/2023\/08\/Zaobljuba-porocna-550x550.jpg 550w, https:\/\/literaskaligrafija.si\/wp-content\/uploads\/2023\/08\/Zaobljuba-porocna-1000x1000.jpg 1000w, https:\/\/literaskaligrafija.si\/wp-content\/uploads\/2023\/08\/Zaobljuba-porocna-400x400.jpg 400w, https:\/\/literaskaligrafija.si\/wp-content\/uploads\/2023\/08\/Zaobljuba-porocna-600x600.jpg 600w, https:\/\/literaskaligrafija.si\/wp-content\/uploads\/2023\/08\/Zaobljuba-porocna-100x100.jpg 100w, https:\/\/literaskaligrafija.si\/wp-content\/uploads\/2023\/08\/Zaobljuba-porocna-50x50.jpg 50w\" sizes=\"auto, (max-width: 1500px) 100vw, 1500px\" \/><p id=\"caption-attachment-8528\" class=\"wp-caption-text\">Hochzeitsgel\u00fcbde - das Bild ist symbolisch - das Gel\u00fcbde kann mit Ihrem Text versehen werden.<\/p><\/div>\n<p>&nbsp;<\/p>\n<p><strong>Entwurf des Textes:<\/strong><\/p>\n<p><strong>Petri<\/strong><\/p>\n<p>Von dem Moment an, als sich unsere Wege kreuzten, wusste ich, dass mein Herz einen Seelenverwandten gefunden hatte.<\/p>\n<p>Heute, umgeben von Liebe und unseren Lieben, nehme ich dich an die Hand und verspreche dir, dass wir gemeinsam diesen sch\u00f6nen Weg gehen werden.<\/p>\n<p>Ich verspreche dir, in Freude und Gl\u00fcck an deiner Seite zu sein, dir in all deinen Pr\u00fcfungen beizustehen und jeden Moment, den wir gemeinsam erleben, zu sch\u00e4tzen.<\/p>\n<p>Mit diesem Ring schenke ich dir nicht nur meine Liebe, sondern auch meine unersch\u00fctterliche Hingabe, f\u00fcr alle Tage meines Lebens.<\/p>\n<p>Tomas, 12. August 2023<\/p>\n<p>&nbsp;<\/p>\n<p><strong>Thomas<\/strong><\/p>\n<p>Meine Liebe, wenn ich hier stehe und in deine Augen schaue, ist mein Herz so voller Liebe, dass Worte \u00fcberfl\u00fcssig sind.<\/p>\n<p>Ich verspreche Ihnen, dass ich Ihnen zur Seite stehe, Ihnen vertraue und Ihr gr\u00f6\u00dfter F\u00fcrsprecher bin.<\/p>\n<p>Ich verspreche, jeden Sonnenaufgang und Sonnenuntergang mit dir zu genie\u00dfen. Ich werde jeden Sieg mit dir feiern und deine Hand in Zeiten der gr\u00f6\u00dften Herausforderung halten.<\/p>\n<p>Mit diesem Ring schenke ich dir die Ewigkeit, die Zuneigung meiner Seele und eine Liebe, die jeden Tag st\u00e4rker wird.<\/p>\n<p>Petra, 12. August 2023<\/p>\n<p>&nbsp;<\/p>\n<p>&nbsp;<\/p>\n<p>&nbsp;<\/p>\n<p><span class=\"VIiyi\" lang=\"sl\"><span class=\"JLqJ4b ChMk0b\"><span class=\"Q4iAWc\">\u00a0<\/span><\/span><\/span><\/p>","protected":false},"excerpt":{"rendered":"<p style=\"text-align: left\"><strong>Hochzeitsgel\u00fcbde - Original Kalligraphie <\/strong><\/p>\n<p style=\"text-align: left\">Mehr in der Produktbeschreibung unten (Galerie in Arbeit)<\/p>","protected":false},"featured_media":7838,"comment_status":"closed","ping_status":"closed","template":"","meta":{"content-type":"","inline_featured_image":false},"product_brand":[],"product_cat":[251,329,403,378,422],"product_tag":[307,313,277,308,312],"class_list":{"0":"post-7562","1":"product","2":"type-product","3":"status-publish","4":"has-post-thumbnail","6":"product_cat-darila","7":"product_cat-kaligrafija","8":"product_cat-poroka","9":"product_cat-poroka-vabila","10":"product_cat-zaobljuba","11":"product_tag-darilo","12":"product_tag-porocna-zaobljuba","13":"product_tag-poroka","14":"product_tag-rocno-napisano","15":"product_tag-zaobljuba","16":"product_shipping_class-postnina","18":"first","19":"onbackorder","20":"taxable","21":"shipping-taxable","22":"purchasable","23":"product-type-simple"},"bundled_by":[],"bundle_stock_status":"onbackorder","bundle_stock_quantity":null,"bundle_virtual":false,"bundle_layout":"","bundle_add_to_cart_form_location":"","bundle_editable_in_cart":false,"bundle_sold_individually_context":"","bundle_item_grouping":"","bundle_min_size":"","bundle_max_size":"","bundle_price":[],"bundled_items":[],"bundle_sell_ids":[],"jetpack_sharing_enabled":true,"_links":{"self":[{"href":"https:\/\/literaskaligrafija.si\/de\/wp-json\/wp\/v2\/product\/7562","targetHints":{"allow":["GET"]}}],"collection":[{"href":"https:\/\/literaskaligrafija.si\/de\/wp-json\/wp\/v2\/product"}],"about":[{"href":"https:\/\/literaskaligrafija.si\/de\/wp-json\/wp\/v2\/types\/product"}],"replies":[{"embeddable":true,"href":"https:\/\/literaskaligrafija.si\/de\/wp-json\/wp\/v2\/comments?post=7562"}],"wp:featuredmedia":[{"embeddable":true,"href":"https:\/\/literaskaligrafija.si\/de\/wp-json\/wp\/v2\/media\/7838"}],"wp:attachment":[{"href":"https:\/\/literaskaligrafija.si\/de\/wp-json\/wp\/v2\/media?parent=7562"}],"wp:term":[{"taxonomy":"product_brand","embeddable":true,"href":"https:\/\/literaskaligrafija.si\/de\/wp-json\/wp\/v2\/product_brand?post=7562"},{"taxonomy":"product_cat","embeddable":true,"href":"https:\/\/literaskaligrafija.si\/de\/wp-json\/wp\/v2\/product_cat?post=7562"},{"taxonomy":"product_tag","embeddable":true,"href":"https:\/\/literaskaligrafija.si\/de\/wp-json\/wp\/v2\/product_tag?post=7562"}],"curies":[{"name":"wp","href":"https:\/\/api.w.org\/{rel}","templated":true}]}}