{"id":8090,"date":"2023-12-13T14:36:12","date_gmt":"2023-12-13T13:36:12","guid":{"rendered":"https:\/\/literaskaligrafija.si\/?post_type=product&#038;p=8090"},"modified":"2026-04-01T08:21:49","modified_gmt":"2026-04-01T06:21:49","slug":"kalligraphisch-gravierte-wein-exto-gredic-2","status":"publish","type":"product","link":"https:\/\/literaskaligrafija.si\/de\/izdelek\/unikatno-darilo\/","title":{"rendered":"Einzigartiges Geschenk (Set) - Flasche mit Handgravur und kalligraphischem Gru\u00df"},"content":{"rendered":"<p><strong>Ein einzigartiges Geschenk <\/strong>- mit einer handschriftlichen Botschaft und einer Gru\u00dfkarte in goldener handschriftlicher Kalligraphie.<\/p>\n<p>Sie suchen nach einem au\u00dfergew\u00f6hnlichen und einzigartigen Geschenk f\u00fcr einen besonderen Menschen? Unser <a href=\"https:\/\/www.tiktok.com\/@literaskaligrafija\/video\/7121403176913341702\" target=\"_blank\" rel=\"noopener\"><span style=\"text-decoration: underline;color: #c31f2f\"><strong>kalligraphisch graviert<\/strong><\/span> <\/a>eine Flasche ist eine gute Wahl!<\/p>\n<p><strong>Diese sch\u00f6ne und perfekte\u00a0 <a href=\"https:\/\/literaskaligrafija.si\/de\/geschenke-verbunden-nur-wer-schenkt-nicht\/\" target=\"_blank\" rel=\"noopener\"><span style=\"text-decoration: underline;color: #c31f2f\">Geschenk<\/span><\/a>wird jeden begeistern. <\/strong>Geeignet f\u00fcr besondere Anl\u00e4sse.<\/p>\n<p>Dieses sch\u00f6ne Geschenkpaket enth\u00e4lt:<\/p>\n<ul>\n<li>Botschaft - vollst\u00e4ndig handgravierte Botschaft in Gold<\/li>\n<li>Ein handgeschriebener Gru\u00df in goldener Kalligraphie: <strong>Jedes Jahrzehnt des menschlichen Lebens hat sein eigenes Gl\u00fcck, seine eigenen Hoffnungen, seine eigenen Perspektiven.<\/strong><\/li>\n<li>Umschlag mit handgeschriebenem Namen<\/li>\n<li>Geschenkbox mit Goldtropfen - handkoloriert<\/li>\n<li>Geschenkband<\/li>\n<li>Geschenkkarte mit Namen - handgeschriebener Name in Kalligraphie<\/li>\n<li>Flasche Rodica<\/li>\n<\/ul>\n<p><strong>Die Frist f\u00fcr die Produktion betr\u00e4gt 10 Arbeitstage.<\/strong><\/p>\n<p>&nbsp;<\/p>\n<div id=\"attachment_8099\" style=\"width: 1510px\" class=\"wp-caption alignnone\"><img loading=\"lazy\" decoding=\"async\" aria-describedby=\"caption-attachment-8099\" class=\"wp-image-8099 size-full\" src=\"https:\/\/literaskaligrafija.si\/wp-content\/uploads\/2023\/12\/Darilo07.jpg\" alt=\"Einzigartige Gru\u00dfkarte - handgeschrieben in Kalligraphie Copperplate - Einzigartige Geschenke\" width=\"1500\" height=\"1500\" srcset=\"https:\/\/literaskaligrafija.si\/wp-content\/uploads\/2023\/12\/Darilo07.jpg 1500w, https:\/\/literaskaligrafija.si\/wp-content\/uploads\/2023\/12\/Darilo07-300x300.jpg 300w, https:\/\/literaskaligrafija.si\/wp-content\/uploads\/2023\/12\/Darilo07-1024x1024.jpg 1024w, https:\/\/literaskaligrafija.si\/wp-content\/uploads\/2023\/12\/Darilo07-150x150.jpg 150w, https:\/\/literaskaligrafija.si\/wp-content\/uploads\/2023\/12\/Darilo07-768x768.jpg 768w, https:\/\/literaskaligrafija.si\/wp-content\/uploads\/2023\/12\/Darilo07-12x12.jpg 12w, https:\/\/literaskaligrafija.si\/wp-content\/uploads\/2023\/12\/Darilo07-550x550.jpg 550w, https:\/\/literaskaligrafija.si\/wp-content\/uploads\/2023\/12\/Darilo07-1000x1000.jpg 1000w, https:\/\/literaskaligrafija.si\/wp-content\/uploads\/2023\/12\/Darilo07-400x400.jpg 400w, https:\/\/literaskaligrafija.si\/wp-content\/uploads\/2023\/12\/Darilo07-600x600.jpg 600w, https:\/\/literaskaligrafija.si\/wp-content\/uploads\/2023\/12\/Darilo07-100x100.jpg 100w, https:\/\/literaskaligrafija.si\/wp-content\/uploads\/2023\/12\/Darilo07-50x50.jpg 50w\" sizes=\"auto, (max-width: 1500px) 100vw, 1500px\" \/><p id=\"caption-attachment-8099\" class=\"wp-caption-text\">Eine einzigartige Gru\u00dfkarte, geschrieben in Kupferstich-Kalligraphie.<\/p><\/div>\n<p>&nbsp;<\/p>\n<div id=\"attachment_8097\" style=\"width: 1510px\" class=\"wp-caption alignnone\"><img loading=\"lazy\" decoding=\"async\" aria-describedby=\"caption-attachment-8097\" class=\"wp-image-8097 size-full\" title=\"Ein einzigartiges Geschenk - eine Flasche mit einer eingravierten Botschaft. Personalisiertes Geschenk.\" src=\"https:\/\/literaskaligrafija.si\/wp-content\/uploads\/2023\/12\/Darilo01.jpg\" alt=\"Einzigartiges Geschenk mit personalisierter Botschaft - kalligraphisch geschrieben - Unique Gifts\" width=\"1500\" height=\"1500\" srcset=\"https:\/\/literaskaligrafija.si\/wp-content\/uploads\/2023\/12\/Darilo01.jpg 1500w, https:\/\/literaskaligrafija.si\/wp-content\/uploads\/2023\/12\/Darilo01-300x300.jpg 300w, https:\/\/literaskaligrafija.si\/wp-content\/uploads\/2023\/12\/Darilo01-1024x1024.jpg 1024w, https:\/\/literaskaligrafija.si\/wp-content\/uploads\/2023\/12\/Darilo01-150x150.jpg 150w, https:\/\/literaskaligrafija.si\/wp-content\/uploads\/2023\/12\/Darilo01-768x768.jpg 768w, https:\/\/literaskaligrafija.si\/wp-content\/uploads\/2023\/12\/Darilo01-12x12.jpg 12w, https:\/\/literaskaligrafija.si\/wp-content\/uploads\/2023\/12\/Darilo01-550x550.jpg 550w, https:\/\/literaskaligrafija.si\/wp-content\/uploads\/2023\/12\/Darilo01-1000x1000.jpg 1000w, https:\/\/literaskaligrafija.si\/wp-content\/uploads\/2023\/12\/Darilo01-400x400.jpg 400w, https:\/\/literaskaligrafija.si\/wp-content\/uploads\/2023\/12\/Darilo01-600x600.jpg 600w, https:\/\/literaskaligrafija.si\/wp-content\/uploads\/2023\/12\/Darilo01-100x100.jpg 100w, https:\/\/literaskaligrafija.si\/wp-content\/uploads\/2023\/12\/Darilo01-50x50.jpg 50w\" sizes=\"auto, (max-width: 1500px) 100vw, 1500px\" \/><p id=\"caption-attachment-8097\" class=\"wp-caption-text\">Ein einzigartiges Geschenk mit einer pers\u00f6nlichen Botschaft - kalligraphisch geschrieben. Foto von Zlatka Trstenjak rampre<\/p><\/div>","protected":false},"excerpt":{"rendered":"<p><strong>Einzigartiges Geschenk (Set) - Glasbox mit Handgravur und kalligraphischem Gru\u00df<\/strong><\/p>\n<p>&nbsp;<\/p>\n<p>&nbsp;<\/p>","protected":false},"featured_media":8096,"comment_status":"open","ping_status":"closed","template":"","meta":{"content-type":"","inline_featured_image":false},"product_brand":[],"product_cat":[339,251,340,410,379,403,378,377],"product_tag":[437,439,167,176,438,173,349,276],"class_list":{"0":"post-8090","1":"product","2":"type-product","3":"status-publish","4":"has-post-thumbnail","6":"product_cat-bozicna-darila","7":"product_cat-darila","8":"product_cat-graviranje","9":"product_cat-graviranje-na-izdelke","10":"product_cat-obletnica","11":"product_cat-poroka","12":"product_cat-poroka-vabila","13":"product_cat-rojstni-dan","14":"product_tag-darila-za-obletnice","15":"product_tag-graviranje-na-steklo","16":"product_tag-kaligrafsko-graviranje","17":"product_tag-rocno-izdelano","18":"product_tag-rojstni-dan","19":"product_tag-steklo","20":"product_tag-unikatna-darila","21":"product_tag-unikatno-darilo","22":"product_shipping_class-postnina","24":"first","25":"instock","26":"featured","27":"taxable","28":"shipping-taxable","29":"purchasable","30":"product-type-simple"},"bundled_by":[],"bundle_stock_status":"instock","bundle_stock_quantity":null,"bundle_virtual":false,"bundle_layout":"","bundle_add_to_cart_form_location":"","bundle_editable_in_cart":false,"bundle_sold_individually_context":"","bundle_item_grouping":"","bundle_min_size":"","bundle_max_size":"","bundle_price":[],"bundled_items":[],"bundle_sell_ids":[],"jetpack_sharing_enabled":true,"_links":{"self":[{"href":"https:\/\/literaskaligrafija.si\/de\/wp-json\/wp\/v2\/product\/8090","targetHints":{"allow":["GET"]}}],"collection":[{"href":"https:\/\/literaskaligrafija.si\/de\/wp-json\/wp\/v2\/product"}],"about":[{"href":"https:\/\/literaskaligrafija.si\/de\/wp-json\/wp\/v2\/types\/product"}],"replies":[{"embeddable":true,"href":"https:\/\/literaskaligrafija.si\/de\/wp-json\/wp\/v2\/comments?post=8090"}],"wp:featuredmedia":[{"embeddable":true,"href":"https:\/\/literaskaligrafija.si\/de\/wp-json\/wp\/v2\/media\/8096"}],"wp:attachment":[{"href":"https:\/\/literaskaligrafija.si\/de\/wp-json\/wp\/v2\/media?parent=8090"}],"wp:term":[{"taxonomy":"product_brand","embeddable":true,"href":"https:\/\/literaskaligrafija.si\/de\/wp-json\/wp\/v2\/product_brand?post=8090"},{"taxonomy":"product_cat","embeddable":true,"href":"https:\/\/literaskaligrafija.si\/de\/wp-json\/wp\/v2\/product_cat?post=8090"},{"taxonomy":"product_tag","embeddable":true,"href":"https:\/\/literaskaligrafija.si\/de\/wp-json\/wp\/v2\/product_tag?post=8090"}],"curies":[{"name":"wp","href":"https:\/\/api.w.org\/{rel}","templated":true}]}}