{"id":8204,"date":"2024-02-01T15:08:34","date_gmt":"2024-02-01T14:08:34","guid":{"rendered":"https:\/\/literaskaligrafija.si\/?post_type=product&#038;p=8204"},"modified":"2025-09-02T10:11:18","modified_gmt":"2025-09-02T08:11:18","slug":"tasse-mit-namen-moderne-kalligraphie-personalisierung","status":"publish","type":"product","link":"https:\/\/literaskaligrafija.si\/de\/izdelek\/vsem-slovencem\/","title":{"rendered":"F\u00fcr alle Slowenen - eine Tasse - In Kalligraphie geschrieben"},"content":{"rendered":"<p><strong>Cup - Nationalhymne der Republik Slowenien - In Kalligraphie geschrieben<\/strong><\/p>\n<p><strong>Becher - An alle Slowenen - In Kalligraphie geschrieben<\/strong><\/p>\n<p>Entdecken Sie die Sch\u00f6nheit der slowenischen Kultur mit einer sch\u00f6nen Tasse mit der Nationalhymne der Republik Slowenien oder der Alle Slowenen. Sie ist hergestellt <strong>mit der au\u00dfergew\u00f6hnlichen Kunst der echten Kalligraphie.<\/strong> Dieses exklusive Souvenir vereint Nationalstolz und k\u00fcnstlerische Ausdruckskraft, dargestellt durch unsere wertvolle Nationalhymne.<\/p>\n<p><strong>Hauptmerkmale:<\/strong><\/p>\n<ul>\n<li><strong>Einzigartige Kalligrafie:<\/strong> Die Kalligraphie der Hymne sorgt f\u00fcr Einzigartigkeit und tr\u00e4gt eine pers\u00f6nliche Handschrift.<\/li>\n<li><strong>Hochwertige Keramiken:<\/strong> Sie ist aus Keramik gefertigt, garantiert eine lange Lebensdauer und h\u00e4lt Ihr Lieblingsgetr\u00e4nk warm.<\/li>\n<li><strong>Das perfekte Geschenk:<\/strong> Ideal als Geschenk f\u00fcr besondere Anl\u00e4sse wie Nationalfeiertage, Geburtstage oder als Souvenir f\u00fcr Liebhaber der slowenischen Kultur und Geschichte.<\/li>\n<li><strong>Ein patriotischer Touch f\u00fcr Ihr Zuhause:<\/strong> Genie\u00dfen Sie Ihren Morgenkaffee oder Abendtee, w\u00e4hrend Sie vom Geist des slowenischen Stolzes und der slowenischen Kultur umgeben sind.<\/li>\n<\/ul>\n<p>Diese Tasse ist nicht nur ein praktischer Gegenstand, sondern auch ein Symbol f\u00fcr das slowenische Kulturerbe und die Kunst. Mit dem Kauf dieser Tasse bereichern Sie Ihre Sammlung einzigartiger Produkte und unterst\u00fctzen lokale K\u00fcnstler und Handwerker, die die Tradition der Kalligrafie mit ihren eigenen H\u00e4nden bewahren und fortf\u00fchren.<\/p>\n<div id=\"attachment_7528\" style=\"width: 1510px\" class=\"wp-caption alignnone\"><img loading=\"lazy\" decoding=\"async\" aria-describedby=\"caption-attachment-7528\" class=\"wp-image-7528 size-full\" title=\"Pokal mit Kalligraphie - Hymne der Republik Slowenien\" src=\"https:\/\/literaskaligrafija.si\/wp-content\/uploads\/2023\/08\/Mug-Himna-RS.jpg\" alt=\"Nationalhymne der Republik Slowenien - Einzigartige Geschenke\" width=\"1500\" height=\"1500\" srcset=\"https:\/\/literaskaligrafija.si\/wp-content\/uploads\/2023\/08\/Mug-Himna-RS.jpg 1500w, https:\/\/literaskaligrafija.si\/wp-content\/uploads\/2023\/08\/Mug-Himna-RS-300x300.jpg 300w, https:\/\/literaskaligrafija.si\/wp-content\/uploads\/2023\/08\/Mug-Himna-RS-1024x1024.jpg 1024w, https:\/\/literaskaligrafija.si\/wp-content\/uploads\/2023\/08\/Mug-Himna-RS-150x150.jpg 150w, https:\/\/literaskaligrafija.si\/wp-content\/uploads\/2023\/08\/Mug-Himna-RS-768x768.jpg 768w, https:\/\/literaskaligrafija.si\/wp-content\/uploads\/2023\/08\/Mug-Himna-RS-12x12.jpg 12w, https:\/\/literaskaligrafija.si\/wp-content\/uploads\/2023\/08\/Mug-Himna-RS-550x550.jpg 550w, https:\/\/literaskaligrafija.si\/wp-content\/uploads\/2023\/08\/Mug-Himna-RS-1000x1000.jpg 1000w, https:\/\/literaskaligrafija.si\/wp-content\/uploads\/2023\/08\/Mug-Himna-RS-400x400.jpg 400w, https:\/\/literaskaligrafija.si\/wp-content\/uploads\/2023\/08\/Mug-Himna-RS-600x600.jpg 600w, https:\/\/literaskaligrafija.si\/wp-content\/uploads\/2023\/08\/Mug-Himna-RS-100x100.jpg 100w, https:\/\/literaskaligrafija.si\/wp-content\/uploads\/2023\/08\/Mug-Himna-RS-50x50.jpg 50w\" sizes=\"auto, (max-width: 1500px) 100vw, 1500px\" \/><p id=\"caption-attachment-7528\" class=\"wp-caption-text\">Nationalhymne der Republik Slowenien - Pokal. Visualisierung von Zlatka Trstenjak Rampre<\/p><\/div>\n<p>&nbsp;<\/p>\n<div id=\"attachment_8965\" style=\"width: 1510px\" class=\"wp-caption alignnone\"><img loading=\"lazy\" decoding=\"async\" aria-describedby=\"caption-attachment-8965\" class=\"size-full wp-image-8965\" src=\"https:\/\/literaskaligrafija.si\/wp-content\/uploads\/2024\/02\/Vsem-Slo.jpg\" alt=\"\" width=\"1500\" height=\"1500\" srcset=\"https:\/\/literaskaligrafija.si\/wp-content\/uploads\/2024\/02\/Vsem-Slo.jpg 1500w, https:\/\/literaskaligrafija.si\/wp-content\/uploads\/2024\/02\/Vsem-Slo-300x300.jpg 300w, https:\/\/literaskaligrafija.si\/wp-content\/uploads\/2024\/02\/Vsem-Slo-1024x1024.jpg 1024w, https:\/\/literaskaligrafija.si\/wp-content\/uploads\/2024\/02\/Vsem-Slo-150x150.jpg 150w, https:\/\/literaskaligrafija.si\/wp-content\/uploads\/2024\/02\/Vsem-Slo-768x768.jpg 768w, https:\/\/literaskaligrafija.si\/wp-content\/uploads\/2024\/02\/Vsem-Slo-12x12.jpg 12w, https:\/\/literaskaligrafija.si\/wp-content\/uploads\/2024\/02\/Vsem-Slo-550x550.jpg 550w, https:\/\/literaskaligrafija.si\/wp-content\/uploads\/2024\/02\/Vsem-Slo-1000x1000.jpg 1000w, https:\/\/literaskaligrafija.si\/wp-content\/uploads\/2024\/02\/Vsem-Slo-400x400.jpg 400w, https:\/\/literaskaligrafija.si\/wp-content\/uploads\/2024\/02\/Vsem-Slo-600x600.jpg 600w, https:\/\/literaskaligrafija.si\/wp-content\/uploads\/2024\/02\/Vsem-Slo-100x100.jpg 100w, https:\/\/literaskaligrafija.si\/wp-content\/uploads\/2024\/02\/Vsem-Slo-50x50.jpg 50w\" sizes=\"auto, (max-width: 1500px) 100vw, 1500px\" \/><p id=\"caption-attachment-8965\" class=\"wp-caption-text\">An alle Slowenen - Ein Pokal Kalligraphie und Visualisierung von Zlatka Trstenjak Rampre<\/p><\/div>\n<p><strong>Verwendung und Pflege:<\/strong><\/p>\n<p>Die Tasse ist f\u00fcr die Hand- und Maschinenw\u00e4sche geeignet.<\/p>\n<p><strong>Der Bausatz enth\u00e4lt:<\/strong><\/p>\n<ul>\n<li>Nachdruck der Kalligraphie der Nationalhymne der Republik Slowenien oder<\/li>\n<li>Nachdruck der Kalligraphie An alle Slowenen<\/li>\n<li>Box<\/li>\n<\/ul>\n<p>&nbsp;<\/p>\n<p>&nbsp;<\/p>","protected":false},"excerpt":{"rendered":"<p><strong>F\u00fcr alle Slowenen - eine Tasse - In Kalligraphie geschrieben<\/strong><\/p>\n<p>Lesen Sie mehr in der Beschreibung unten.<\/p>","protected":false},"featured_media":8965,"comment_status":"open","ping_status":"closed","template":"","meta":{"content-type":"","inline_featured_image":false},"product_brand":[],"product_cat":[251,178,412,414],"product_tag":[435,434,310,433,349,436],"class_list":{"0":"post-8204","1":"product","2":"type-product","3":"status-publish","4":"has-post-thumbnail","6":"product_cat-darila","7":"product_cat-nekategorizirano","8":"product_cat-slovenska-dediscina-in-ponos","9":"product_cat-za-uciteljice","10":"product_tag-domoljubje","11":"product_tag-hinma","12":"product_tag-protokolarna-darila","13":"product_tag-skodelica","14":"product_tag-unikatna-darila","15":"product_tag-unikatna-kaligrafija","16":"product_shipping_class-postnina","18":"first","19":"onbackorder","20":"taxable","21":"shipping-taxable","22":"purchasable","23":"product-type-simple"},"bundled_by":[],"bundle_stock_status":"onbackorder","bundle_stock_quantity":null,"bundle_virtual":false,"bundle_layout":"","bundle_add_to_cart_form_location":"","bundle_editable_in_cart":false,"bundle_sold_individually_context":"","bundle_item_grouping":"","bundle_min_size":"","bundle_max_size":"","bundle_price":[],"bundled_items":[],"bundle_sell_ids":[],"jetpack_sharing_enabled":true,"_links":{"self":[{"href":"https:\/\/literaskaligrafija.si\/de\/wp-json\/wp\/v2\/product\/8204","targetHints":{"allow":["GET"]}}],"collection":[{"href":"https:\/\/literaskaligrafija.si\/de\/wp-json\/wp\/v2\/product"}],"about":[{"href":"https:\/\/literaskaligrafija.si\/de\/wp-json\/wp\/v2\/types\/product"}],"replies":[{"embeddable":true,"href":"https:\/\/literaskaligrafija.si\/de\/wp-json\/wp\/v2\/comments?post=8204"}],"wp:featuredmedia":[{"embeddable":true,"href":"https:\/\/literaskaligrafija.si\/de\/wp-json\/wp\/v2\/media\/8965"}],"wp:attachment":[{"href":"https:\/\/literaskaligrafija.si\/de\/wp-json\/wp\/v2\/media?parent=8204"}],"wp:term":[{"taxonomy":"product_brand","embeddable":true,"href":"https:\/\/literaskaligrafija.si\/de\/wp-json\/wp\/v2\/product_brand?post=8204"},{"taxonomy":"product_cat","embeddable":true,"href":"https:\/\/literaskaligrafija.si\/de\/wp-json\/wp\/v2\/product_cat?post=8204"},{"taxonomy":"product_tag","embeddable":true,"href":"https:\/\/literaskaligrafija.si\/de\/wp-json\/wp\/v2\/product_tag?post=8204"}],"curies":[{"name":"wp","href":"https:\/\/api.w.org\/{rel}","templated":true}]}}