{"id":8278,"date":"2024-02-20T00:31:43","date_gmt":"2024-02-19T23:31:43","guid":{"rendered":"https:\/\/literaskaligrafija.si\/?post_type=product&#038;p=8278"},"modified":"2025-08-28T12:31:58","modified_gmt":"2025-08-28T10:31:58","slug":"hochzeitstisch-kalligraphie-bestellung-geschriebener-sitz-8","status":"publish","type":"product","link":"https:\/\/literaskaligrafija.si\/de\/izdelek\/oce-nas\/","title":{"rendered":"Vaterunser (Kalligraphie-Gebet) - Wanddekoration (selbst ausdrucken)\u00a0"},"content":{"rendered":"<p><strong>Vaterunser (Kalligraphie-Gebet) - Wanddekoration (selbst ausdrucken)\u00a0<\/strong><\/p>\n<p>Der handgeschriebene Druck mit moderner Kalligraphie ist eine Verflechtung von Gebet <strong>\"Vater unser\",<\/strong>\u00a0und Blumendekorationen. Es bringt W\u00e4rme in Ihr Zuhause oder in das Leben des Empf\u00e4ngers. Das Gebet wurde mit der Absicht geschaffen <strong>alle, die Glauben und Tradition sch\u00e4tzen,<\/strong> bot eine einzigartige und pers\u00f6nliche Erfahrung.<\/p>\n<p>&nbsp;<\/p>\n<div id=\"attachment_8282\" style=\"width: 1510px\" class=\"wp-caption alignnone\"><img loading=\"lazy\" decoding=\"async\" aria-describedby=\"caption-attachment-8282\" class=\"wp-image-8282 size-full\" title=\"Vater unser im Himmel, geheiligt werde dein Name, dein Reich komme zu uns, dein Wille geschehe, wie im Himmel so auf Erden. Unser t\u00e4gliches Brot gib uns heute, und vergib uns unsere Schuld, wie auch wir vergeben unseren Schuldigern; und f\u00fchre uns nicht in Versuchung, sondern erl\u00f6se uns von dem B\u00f6sen. Amen.\" src=\"https:\/\/literaskaligrafija.si\/wp-content\/uploads\/2024\/02\/Oce-nas.jpg\" alt=\"Vaterunser - Gebet - geschrieben in Acryl - Einzigartige Geschenke\" width=\"1500\" height=\"1500\" srcset=\"https:\/\/literaskaligrafija.si\/wp-content\/uploads\/2024\/02\/Oce-nas.jpg 1500w, https:\/\/literaskaligrafija.si\/wp-content\/uploads\/2024\/02\/Oce-nas-300x300.jpg 300w, https:\/\/literaskaligrafija.si\/wp-content\/uploads\/2024\/02\/Oce-nas-1024x1024.jpg 1024w, https:\/\/literaskaligrafija.si\/wp-content\/uploads\/2024\/02\/Oce-nas-150x150.jpg 150w, https:\/\/literaskaligrafija.si\/wp-content\/uploads\/2024\/02\/Oce-nas-768x768.jpg 768w, https:\/\/literaskaligrafija.si\/wp-content\/uploads\/2024\/02\/Oce-nas-12x12.jpg 12w, https:\/\/literaskaligrafija.si\/wp-content\/uploads\/2024\/02\/Oce-nas-550x550.jpg 550w, https:\/\/literaskaligrafija.si\/wp-content\/uploads\/2024\/02\/Oce-nas-1000x1000.jpg 1000w, https:\/\/literaskaligrafija.si\/wp-content\/uploads\/2024\/02\/Oce-nas-400x400.jpg 400w, https:\/\/literaskaligrafija.si\/wp-content\/uploads\/2024\/02\/Oce-nas-600x600.jpg 600w, https:\/\/literaskaligrafija.si\/wp-content\/uploads\/2024\/02\/Oce-nas-100x100.jpg 100w, https:\/\/literaskaligrafija.si\/wp-content\/uploads\/2024\/02\/Oce-nas-50x50.jpg 50w\" sizes=\"auto, (max-width: 1500px) 100vw, 1500px\" \/><p id=\"caption-attachment-8282\" class=\"wp-caption-text\">Vaterunser - ein Gebet in Kalligraphie geschrieben. Visualisierung von Zlatka Trstenjak Rampre<\/p><\/div>\n<p>&nbsp;<\/p>\n<p>Bringen Sie Eleganz und ein Symbol des Glaubens in Ihr Zuhause mit diesem sch\u00f6nen kalligraphischen Kunstwerk. Unser Wandschmuck <strong>\"Heiliger Schutzengel\"<\/strong> kombiniert sanfte Gebetsworte, moderne Kalligrafie und zarte Blumendekoration in Form eines Kreuzes. Dieses Kunstwerk ist handgefertigt und bietet jedem, der Glauben und Tradition sch\u00e4tzt, ein einzigartiges und pers\u00f6nliches Erlebnis.<\/p>\n<p><strong>Produktmerkmale:<\/strong><\/p>\n<ul>\n<li><strong>Datei\u00fcbertragung:<\/strong> Sie erhalten einen Link zum Herunterladen der Datei, wenn Sie sie kaufen. Sie werden keine physische Kopie erhalten.<\/li>\n<\/ul>\n<p><strong>Dateizugriff<\/strong><\/p>\n<ul>\n<li>Sie erhalten den Zugang zur Datei in der Kaufbest\u00e4tigungs-E-Mail in der Spalte <strong>\u00dcbertragung.<\/strong><\/li>\n<li>Die Datei wird 7 Tage lang verf\u00fcgbar sein, wir empfehlen Ihnen, sie rechtzeitig zu speichern.<\/li>\n<\/ul>\n<ul>\n<li><strong>Dateityp:<\/strong> Sie erhalten einen Link zu einer PDF-Datei, die Sie im Format A4 oder A3 ausdrucken k\u00f6nnen.<\/li>\n<li><strong>Unmittelbarer Zugang zum Produkt:<\/strong> Laden Sie die digitale PDF-Datei sofort nach dem Kauf herunter und drucken Sie sie in der Gr\u00f6\u00dfe Ihrer Wahl aus, ohne auf die Lieferung zu warten.<\/li>\n<li><strong>G\u00fcltigkeit der Verbindung:<\/strong> Der Link ist 7 Tage lang g\u00fcltig.<\/li>\n<li><strong>Drucken:<\/strong> Um optimale Ergebnisse zu erzielen, empfehlen wir, auf hochwertigem Papier zu drucken. Die Farben k\u00f6nnen aufgrund von unterschiedlichen Monitoren und Druckern variieren.<\/li>\n<li><strong>Rahmen nicht enthalten:<\/strong> Bitte beachten Sie, dass wir nur die digitale Version verkaufen, die Sie nach Belieben einrahmen k\u00f6nnen.<\/li>\n<li><strong>Das perfekte Geschenk:<\/strong> Ideal f\u00fcr religi\u00f6se Anl\u00e4sse wie Taufe, Kommunion, Konfirmation oder einfach als Ausdruck des Glaubens und der Zugeh\u00f6rigkeit. Ein wunderbares Geschenk f\u00fcr alle, die die tiefere Bedeutung des Glaubens sch\u00e4tzen.<\/li>\n<\/ul>\n<p><strong>Warum dieses Produkt w\u00e4hlen?<\/strong> Dieses kalligrafische Kunstwerk \"Heiliger Schutzengel\" ist nicht nur ein dekoratives Element, sondern ein Symbol des Glaubens, das in Wort und Bild zu Herzen und Seele spricht. Seine Anwesenheit in Ihrem Zuhause oder als Geschenk f\u00fcr einen besonderen Menschen bringt ein Gef\u00fchl der Ruhe, regt zum Nachdenken an und dient als Erinnerung an die Kraft und den Trost des Glaubens.<\/p>\n<p><strong>Copyright-Hinweis<\/strong><\/p>\n<p>Der Inhalt ist\u00a0 <strong>urheberrechtlich gesch\u00fctzt<\/strong>\u00a0in \u00dcbereinstimmung mit <strong>Gesetz \u00fcber Urheberrecht und verwandte Schutzrechte (CRA)<\/strong> und sind das alleinige Eigentum des Urhebers.<\/p>\n<p><strong>Es ist untersagt<\/strong><\/p>\n<ul>\n<li><strong>Wiederverkauf<\/strong>die an Dritte weitergegeben werden oder <strong>jede Verteilung<\/strong> ohne die schriftliche Genehmigung des Autors.<\/li>\n<li>Verwendung von Inhalten zu kommerziellen Zwecken ohne vorherige Zustimmung.<\/li>\n<li>Durch den Kauf oder Zugriff auf dieses Material erhalten Sie <strong>das Recht auf pers\u00f6nliche Nutzung<\/strong>aber nicht das Eigentum an den Inhalten.<\/li>\n<li>Jede Verletzung des Urheberrechts ist <strong>kriminell<\/strong> und kann dazu f\u00fchren, dass <strong>Schadensersatzpflicht<\/strong>.<\/li>\n<li>Kopieren, Vervielf\u00e4ltigen, Anpassen, \u00c4ndern oder Digitalisieren von Inhalten.<\/li>\n<\/ul>\n<p><strong>Wichtiger Hinweis vor dem Kauf<\/strong><\/p>\n<ul>\n<li>Mit dem Kauf erkl\u00e4ren Sie sich mit dem Erhalt der digitalen Inhalte (PDF) einverstanden und haben somit kein R\u00fccktrittsrecht vom Vertrag.<\/li>\n<li>Im Falle von Fehlern garantieren wir, den Inhalt zu korrigieren.<\/li>\n<\/ul>","protected":false},"excerpt":{"rendered":"<p style=\"text-align: left\"><strong>Vaterunser (Kalligraphie-Gebet) - Wanddekoration (selbst ausdrucken)\u00a0<\/strong><\/p>\n<p>Der Text ist handgeschrieben in moderner Kalligraphie - sofortiger Zugang zu einer druckbaren PDF-Datei.<\/p>\n<p>&nbsp;<\/p>","protected":false},"featured_media":8304,"comment_status":"closed","ping_status":"closed","template":"","meta":{"content-type":"","inline_featured_image":false},"product_brand":[],"product_cat":[251,398,515],"product_tag":[430,307,428,308,432,431,349,429],"class_list":{"0":"post-8278","1":"product","2":"type-product","3":"status-publish","4":"has-post-thumbnail","6":"product_cat-darila","7":"product_cat-krst-obhajilo-birma","8":"product_cat-ob-rojstvu","9":"product_tag-birma","10":"product_tag-darilo","11":"product_tag-natisni-sam","12":"product_tag-rocno-napisano","13":"product_tag-stenska-dekoracija","14":"product_tag-sveti-krst","15":"product_tag-unikatna-darila","16":"product_tag-verska-umetnost","18":"first","19":"instock","20":"downloadable","21":"virtual","22":"taxable","23":"purchasable","24":"product-type-simple"},"bundled_by":[],"bundle_stock_status":"instock","bundle_stock_quantity":null,"bundle_virtual":false,"bundle_layout":"","bundle_add_to_cart_form_location":"","bundle_editable_in_cart":false,"bundle_sold_individually_context":"","bundle_item_grouping":"","bundle_min_size":"","bundle_max_size":"","bundle_price":[],"bundled_items":[],"bundle_sell_ids":[],"jetpack_sharing_enabled":true,"_links":{"self":[{"href":"https:\/\/literaskaligrafija.si\/de\/wp-json\/wp\/v2\/product\/8278","targetHints":{"allow":["GET"]}}],"collection":[{"href":"https:\/\/literaskaligrafija.si\/de\/wp-json\/wp\/v2\/product"}],"about":[{"href":"https:\/\/literaskaligrafija.si\/de\/wp-json\/wp\/v2\/types\/product"}],"replies":[{"embeddable":true,"href":"https:\/\/literaskaligrafija.si\/de\/wp-json\/wp\/v2\/comments?post=8278"}],"wp:featuredmedia":[{"embeddable":true,"href":"https:\/\/literaskaligrafija.si\/de\/wp-json\/wp\/v2\/media\/8304"}],"wp:attachment":[{"href":"https:\/\/literaskaligrafija.si\/de\/wp-json\/wp\/v2\/media?parent=8278"}],"wp:term":[{"taxonomy":"product_brand","embeddable":true,"href":"https:\/\/literaskaligrafija.si\/de\/wp-json\/wp\/v2\/product_brand?post=8278"},{"taxonomy":"product_cat","embeddable":true,"href":"https:\/\/literaskaligrafija.si\/de\/wp-json\/wp\/v2\/product_cat?post=8278"},{"taxonomy":"product_tag","embeddable":true,"href":"https:\/\/literaskaligrafija.si\/de\/wp-json\/wp\/v2\/product_tag?post=8278"}],"curies":[{"name":"wp","href":"https:\/\/api.w.org\/{rel}","templated":true}]}}