{"id":8283,"date":"2024-02-20T01:38:59","date_gmt":"2024-02-20T00:38:59","guid":{"rendered":"https:\/\/literaskaligrafija.si\/?post_type=product&#038;p=8283"},"modified":"2025-08-28T12:31:30","modified_gmt":"2025-08-28T10:31:30","slug":"hochzeitstisch-kalligraphie-bestellung-geschriebener-sitz-9","status":"publish","type":"product","link":"https:\/\/literaskaligrafija.si\/de\/izdelek\/sveti-angel\/","title":{"rendered":"Heiliger Schutzengel (Kalligraphie Gebet) - Wanddekoration (selbst drucken)"},"content":{"rendered":"<p><strong>Heiliger Schutzengel (Kalligraphie Gebet) - Wanddekoration (selbst drucken)<\/strong><\/p>\n<p>Handgedruckt in moderner Kalligraphie, mit einer zarten Verflechtung der Gebetsworte <strong>\"Heiliger Engel\", in <\/strong>bringt ein Symbol des Glaubens in Ihr Zuhause. Dieses Kunstwerk ist das Ergebnis einer handwerklichen Arbeit, die mit der Absicht geschaffen wurde <strong>alle, die Glauben und Tradition sch\u00e4tzen,<\/strong> bietet eine einzigartige und pers\u00f6nliche Erfahrung. Es erg\u00e4nzt den Raum perfekt und sorgt f\u00fcr ein Gef\u00fchl der Ruhe.<\/p>\n<div id=\"attachment_8309\" style=\"width: 1510px\" class=\"wp-caption alignnone\"><img loading=\"lazy\" decoding=\"async\" aria-describedby=\"caption-attachment-8309\" class=\"wp-image-8309 size-full\" title=\"Heiliger Schutzengel - Die Gabe, das Allerheiligste Sakrament zu empfangen\" src=\"https:\/\/literaskaligrafija.si\/wp-content\/uploads\/2024\/02\/SvetiAngel.jpg\" alt=\"Einzigartige Geschenke - Heiliger Schutzengel - In Kalligraphie geschrieben\" width=\"1500\" height=\"1500\" srcset=\"https:\/\/literaskaligrafija.si\/wp-content\/uploads\/2024\/02\/SvetiAngel.jpg 1500w, https:\/\/literaskaligrafija.si\/wp-content\/uploads\/2024\/02\/SvetiAngel-300x300.jpg 300w, https:\/\/literaskaligrafija.si\/wp-content\/uploads\/2024\/02\/SvetiAngel-1024x1024.jpg 1024w, https:\/\/literaskaligrafija.si\/wp-content\/uploads\/2024\/02\/SvetiAngel-150x150.jpg 150w, https:\/\/literaskaligrafija.si\/wp-content\/uploads\/2024\/02\/SvetiAngel-768x768.jpg 768w, https:\/\/literaskaligrafija.si\/wp-content\/uploads\/2024\/02\/SvetiAngel-12x12.jpg 12w, https:\/\/literaskaligrafija.si\/wp-content\/uploads\/2024\/02\/SvetiAngel-550x550.jpg 550w, https:\/\/literaskaligrafija.si\/wp-content\/uploads\/2024\/02\/SvetiAngel-1000x1000.jpg 1000w, https:\/\/literaskaligrafija.si\/wp-content\/uploads\/2024\/02\/SvetiAngel-400x400.jpg 400w, https:\/\/literaskaligrafija.si\/wp-content\/uploads\/2024\/02\/SvetiAngel-600x600.jpg 600w, https:\/\/literaskaligrafija.si\/wp-content\/uploads\/2024\/02\/SvetiAngel-100x100.jpg 100w, https:\/\/literaskaligrafija.si\/wp-content\/uploads\/2024\/02\/SvetiAngel-50x50.jpg 50w\" sizes=\"auto, (max-width: 1500px) 100vw, 1500px\" \/><p id=\"caption-attachment-8309\" class=\"wp-caption-text\">Heiliger Engel - Ein einzigartiges Geschenk beim Empfang des Allerheiligsten Sakraments. Visualisierung.<\/p><\/div>\n<h4>Produktmerkmale:<\/h4>\n<ul>\n<li>Sie erhalten einen Link zu <strong>Datei\u00fcbertragung. Sie werden keine physische Kopie erhalten.<\/strong><\/li>\n<li><strong>Gr\u00f6\u00dfe:<\/strong> Sie erhalten einen Link zu einer druckbaren PDF-Datei, die Sie zum Ausdrucken im Format A4 oder A3 verwenden k\u00f6nnen.<\/li>\n<li><strong>Unmittelbarer Zugang zum Produkt:<\/strong> Sie erhalten sofort nach dem Kauf einen Link zur PDF-Datei in Ihrer Best\u00e4tigungs-E-Mail. Drucken Sie das Design in der gew\u00fcnschten A4- oder A3-Gr\u00f6\u00dfe aus.<\/li>\n<li><strong>Die G\u00fcltigkeit:<\/strong> Der Link ist g\u00fcltig <strong>7 Tage.<\/strong><\/li>\n<li><strong>Drucken:<\/strong>\u00a0F\u00fcr optimale Ergebnisse empfehlen wir <strong>Druck auf hochwertigem Papier. <\/strong>Die Farben k\u00f6nnen aufgrund unterschiedlicher Monitore und Drucker variieren.<\/li>\n<li><strong>Rahmen nicht enthalten:<\/strong> Bitte beachten Sie, dass wir nur die digitale Version verkaufen, die Sie nach Belieben einrahmen k\u00f6nnen.<\/li>\n<li><strong>Copyright - Verwendung:<\/strong> Dieser Kauf ist ausschlie\u00dflich bestimmt f\u00fcr <strong>zum pers\u00f6nlichen Gebrauch.<\/strong> <strong>Weiteres Kopieren, Verkaufen oder Vermarkten in jeglicher Form ist verboten, um die Einzigartigkeit und die Achtung des Urheberrechts zu gew\u00e4hrleisten.<\/strong><\/li>\n<li><strong>Das perfekte Geschenk:<\/strong> Perfekt f\u00fcr religi\u00f6se Anl\u00e4sse wie Taufe, Kommunion, Konfirmation oder einfach als Ausdruck des Glaubens und der Zugeh\u00f6rigkeit ist dieses Kunstwerk ein wunderbares Geschenk f\u00fcr jeden, der die tiefere Bedeutung des Glaubens zu sch\u00e4tzen wei\u00df.<\/li>\n<\/ul>\n<h4>Warum dieses Produkt w\u00e4hlen?<\/h4>\n<p>Dieses kalligraphische Kunstwerk \"Heiliger Engel\" ist nicht nur ein dekoratives Element, sondern ein Symbol des Glaubens, das in Wort und Bild zu Herzen und Seele spricht. Seine Anwesenheit in Ihrem Zuhause oder als Geschenk f\u00fcr einen besonderen Menschen bringt ein Gef\u00fchl von Frieden, regt zum Nachdenken an und dient als Erinnerung an die Kraft und den Trost des Glaubens.<\/p>\n<p>&nbsp;<\/p>","protected":false},"excerpt":{"rendered":"<p style=\"text-align: left\"><strong>Heiliger Schutzengel - Kalligraphie Gebet (Wanddekoration)<\/strong><\/p>\n<p><strong>Der Text ist handschriftlich,<\/strong> mit moderner Kalligrafie - sofortiger Zugang zu einer druckbaren PDF-Datei<strong>.<\/strong><\/p>\n<p>&nbsp;<\/p>","protected":false},"featured_media":8308,"comment_status":"closed","ping_status":"closed","template":"","meta":{"content-type":"","inline_featured_image":false},"product_brand":[],"product_cat":[251,398,515],"product_tag":[307,375,428,426,308,425,349,424,427],"class_list":{"0":"post-8283","1":"product","2":"type-product","3":"status-publish","4":"has-post-thumbnail","6":"product_cat-darila","7":"product_cat-krst-obhajilo-birma","8":"product_cat-ob-rojstvu","9":"product_tag-darilo","10":"product_tag-krst","11":"product_tag-natisni-sam","12":"product_tag-obhajilo","13":"product_tag-rocno-napisano","14":"product_tag-sveto-pismo","15":"product_tag-unikatna-darila","16":"product_tag-verska-umetnos","17":"product_tag-zakrament","19":"first","20":"instock","21":"downloadable","22":"virtual","23":"purchasable","24":"product-type-simple"},"bundled_by":[],"bundle_stock_status":"instock","bundle_stock_quantity":null,"bundle_virtual":false,"bundle_layout":"","bundle_add_to_cart_form_location":"","bundle_editable_in_cart":false,"bundle_sold_individually_context":"","bundle_item_grouping":"","bundle_min_size":"","bundle_max_size":"","bundle_price":[],"bundled_items":[],"bundle_sell_ids":[],"jetpack_sharing_enabled":true,"_links":{"self":[{"href":"https:\/\/literaskaligrafija.si\/de\/wp-json\/wp\/v2\/product\/8283","targetHints":{"allow":["GET"]}}],"collection":[{"href":"https:\/\/literaskaligrafija.si\/de\/wp-json\/wp\/v2\/product"}],"about":[{"href":"https:\/\/literaskaligrafija.si\/de\/wp-json\/wp\/v2\/types\/product"}],"replies":[{"embeddable":true,"href":"https:\/\/literaskaligrafija.si\/de\/wp-json\/wp\/v2\/comments?post=8283"}],"wp:featuredmedia":[{"embeddable":true,"href":"https:\/\/literaskaligrafija.si\/de\/wp-json\/wp\/v2\/media\/8308"}],"wp:attachment":[{"href":"https:\/\/literaskaligrafija.si\/de\/wp-json\/wp\/v2\/media?parent=8283"}],"wp:term":[{"taxonomy":"product_brand","embeddable":true,"href":"https:\/\/literaskaligrafija.si\/de\/wp-json\/wp\/v2\/product_brand?post=8283"},{"taxonomy":"product_cat","embeddable":true,"href":"https:\/\/literaskaligrafija.si\/de\/wp-json\/wp\/v2\/product_cat?post=8283"},{"taxonomy":"product_tag","embeddable":true,"href":"https:\/\/literaskaligrafija.si\/de\/wp-json\/wp\/v2\/product_tag?post=8283"}],"curies":[{"name":"wp","href":"https:\/\/api.w.org\/{rel}","templated":true}]}}