{"id":8289,"date":"2024-02-20T04:12:01","date_gmt":"2024-02-20T03:12:01","guid":{"rendered":"https:\/\/literaskaligrafija.si\/?post_type=product&#038;p=8289"},"modified":"2025-08-28T12:30:47","modified_gmt":"2025-08-28T10:30:47","slug":"hochzeitstisch-kalligraphie-bestellung-geschriebener-sitz-10","status":"publish","type":"product","link":"https:\/\/literaskaligrafija.si\/de\/izdelek\/stenska-dekoracija-ime\/","title":{"rendered":"Kalligraphie-Namensgeschenk (handgeschrieben) - Wanddekoration (selbst drucken)"},"content":{"rendered":"<p><strong>Kalligraphie-Namensgeschenk (handgeschrieben) - Wanddekoration (selbst drucken)<\/strong><\/p>\n<p>Ein personalisiertes Geschenk ist ein Zusammenspiel <strong>ein gew\u00e4hlter Stil der Kalligraphie<\/strong> und einfach <strong>P\u00e4onienbl\u00fcte<\/strong> in Aquarell. Dieses Kunstwerk ist das Ergebnis von <strong>Handkalligraphie<\/strong> und Illustrationen.<\/p>\n<p>Es ist ein wundersch\u00f6nes Motiv und das perfekte personalisierte Geschenk, um zu beeindrucken.<\/p>\n<div id=\"attachment_8295\" style=\"width: 1510px\" class=\"wp-caption alignnone\"><img loading=\"lazy\" decoding=\"async\" aria-describedby=\"caption-attachment-8295\" class=\"wp-image-8295 size-full\" title=\"Einzigartige personalisierte Geschenke - Name mit Kalligraphie\" src=\"https:\/\/literaskaligrafija.si\/wp-content\/uploads\/2024\/02\/Pisave.jpg\" alt=\"Kalligraphie Geschenk - handgeschriebener Name - Einzigartige Geschenke\" width=\"1500\" height=\"1500\" srcset=\"https:\/\/literaskaligrafija.si\/wp-content\/uploads\/2024\/02\/Pisave.jpg 1500w, https:\/\/literaskaligrafija.si\/wp-content\/uploads\/2024\/02\/Pisave-300x300.jpg 300w, https:\/\/literaskaligrafija.si\/wp-content\/uploads\/2024\/02\/Pisave-1024x1024.jpg 1024w, https:\/\/literaskaligrafija.si\/wp-content\/uploads\/2024\/02\/Pisave-150x150.jpg 150w, https:\/\/literaskaligrafija.si\/wp-content\/uploads\/2024\/02\/Pisave-768x768.jpg 768w, https:\/\/literaskaligrafija.si\/wp-content\/uploads\/2024\/02\/Pisave-12x12.jpg 12w, https:\/\/literaskaligrafija.si\/wp-content\/uploads\/2024\/02\/Pisave-550x550.jpg 550w, https:\/\/literaskaligrafija.si\/wp-content\/uploads\/2024\/02\/Pisave-1000x1000.jpg 1000w, https:\/\/literaskaligrafija.si\/wp-content\/uploads\/2024\/02\/Pisave-400x400.jpg 400w, https:\/\/literaskaligrafija.si\/wp-content\/uploads\/2024\/02\/Pisave-600x600.jpg 600w, https:\/\/literaskaligrafija.si\/wp-content\/uploads\/2024\/02\/Pisave-100x100.jpg 100w, https:\/\/literaskaligrafija.si\/wp-content\/uploads\/2024\/02\/Pisave-50x50.jpg 50w\" sizes=\"auto, (max-width: 1500px) 100vw, 1500px\" \/><p id=\"caption-attachment-8295\" class=\"wp-caption-text\">Kalligraphie-Namensgeschenk (handgeschrieben) - Wanddekoration (selbst drucken)<\/p><\/div>\n<p>&nbsp;<\/p>\n<h4>Produktmerkmale:<\/h4>\n<ul>\n<li>Zum Zeitpunkt des Kaufs geben Sie Folgendes ein <strong>einen Namen und w\u00e4hlen Sie zwischen drei Schriftarten.<\/strong>\u00a0Nach dem Kauf erhalten Sie innerhalb von 1 Werktag einen Link zu <strong>Datei\u00fcbertragung. Sie werden keine physische Kopie erhalten.<\/strong><\/li>\n<li><strong>Gr\u00f6\u00dfe:<\/strong> Sie erhalten einen Link zu <strong>PDF-Dateien zum Ausdrucken auf A4 oder A3<\/strong>\u00a0v <strong>aufrecht.\u00a0<\/strong><\/li>\n<li><strong>Zugang zum Produkt:<\/strong> Es ist ein handgeschriebener Name, also werden Sie <strong>Sie erhalten die digitale Version am Tag nach dem Kauf.<\/strong><\/li>\n<li><strong>Die G\u00fcltigkeit:<\/strong> Der Link ist g\u00fcltig <strong>7 Tage.<\/strong><\/li>\n<li><strong>Drucken:<\/strong>\u00a0F\u00fcr optimale Ergebnisse empfehlen wir <strong>Druck auf hochwertigem Papier. <\/strong>Die Farben k\u00f6nnen aufgrund unterschiedlicher Monitore und Drucker variieren.<\/li>\n<li><strong>Rahmen nicht enthalten:<\/strong> Bitte beachten Sie, dass wir nur die digitale Version verkaufen, die Sie nach Belieben einrahmen k\u00f6nnen.<\/li>\n<li><strong>Urheberrecht und Nutzung:<\/strong> Dieser Kauf ist ausschlie\u00dflich bestimmt f\u00fcr <strong>pers\u00f6nlichen Gebrauch.<\/strong> <strong>Weiteres Kopieren, Verkaufen oder Vermarkten in jeglicher Form ist verboten, um die Einzigartigkeit des Produkts und die Achtung des Urheberrechts zu gew\u00e4hrleisten.<\/strong><\/li>\n<li><strong>Das perfekte Geschenk:<\/strong> Perfekt f\u00fcr verschiedene Anl\u00e4sse oder zur Heimdekoration.<\/li>\n<\/ul>\n<h4>Warum dieses Produkt w\u00e4hlen?<\/h4>\n<p>Dieses Kalligraphie-Kunstwerk ist ein wunderbares pers\u00f6nliches Geschenk, das <strong>drucken Sie es selbst.<\/strong><\/p>\n<p>&nbsp;<\/p>","protected":false},"excerpt":{"rendered":"<p style=\"text-align: left\"><strong>Kalligraphie-Namensgeschenk (handgeschrieben) - Wanddekoration (selbst drucken) <\/strong><\/p>\n<p>Der Text ist handgeschrieben in moderner Kalligraphie - <strong>druckbare PDF-Datei.<\/strong><\/p>\n<p>&nbsp;<\/p>\n<p>&nbsp;<\/p>","protected":false},"featured_media":8307,"comment_status":"closed","ping_status":"closed","template":"","meta":{"content-type":"","inline_featured_image":false},"product_brand":[],"product_cat":[251,413,515,377,415],"product_tag":[307,308],"class_list":{"0":"post-8289","1":"product","2":"type-product","3":"status-publish","4":"has-post-thumbnail","6":"product_cat-darila","7":"product_cat-materinski-dan","8":"product_cat-ob-rojstvu","9":"product_cat-rojstni-dan","10":"product_cat-valentinovo","11":"product_tag-darilo","12":"product_tag-rocno-napisano","14":"first","15":"onbackorder","16":"downloadable","17":"virtual","18":"taxable","19":"purchasable","20":"product-type-simple"},"bundled_by":[],"bundle_stock_status":"onbackorder","bundle_stock_quantity":null,"bundle_virtual":false,"bundle_layout":"","bundle_add_to_cart_form_location":"","bundle_editable_in_cart":false,"bundle_sold_individually_context":"","bundle_item_grouping":"","bundle_min_size":"","bundle_max_size":"","bundle_price":[],"bundled_items":[],"bundle_sell_ids":[],"jetpack_sharing_enabled":true,"_links":{"self":[{"href":"https:\/\/literaskaligrafija.si\/de\/wp-json\/wp\/v2\/product\/8289","targetHints":{"allow":["GET"]}}],"collection":[{"href":"https:\/\/literaskaligrafija.si\/de\/wp-json\/wp\/v2\/product"}],"about":[{"href":"https:\/\/literaskaligrafija.si\/de\/wp-json\/wp\/v2\/types\/product"}],"replies":[{"embeddable":true,"href":"https:\/\/literaskaligrafija.si\/de\/wp-json\/wp\/v2\/comments?post=8289"}],"wp:featuredmedia":[{"embeddable":true,"href":"https:\/\/literaskaligrafija.si\/de\/wp-json\/wp\/v2\/media\/8307"}],"wp:attachment":[{"href":"https:\/\/literaskaligrafija.si\/de\/wp-json\/wp\/v2\/media?parent=8289"}],"wp:term":[{"taxonomy":"product_brand","embeddable":true,"href":"https:\/\/literaskaligrafija.si\/de\/wp-json\/wp\/v2\/product_brand?post=8289"},{"taxonomy":"product_cat","embeddable":true,"href":"https:\/\/literaskaligrafija.si\/de\/wp-json\/wp\/v2\/product_cat?post=8289"},{"taxonomy":"product_tag","embeddable":true,"href":"https:\/\/literaskaligrafija.si\/de\/wp-json\/wp\/v2\/product_tag?post=8289"}],"curies":[{"name":"wp","href":"https:\/\/api.w.org\/{rel}","templated":true}]}}