{"id":8311,"date":"2024-02-23T06:31:48","date_gmt":"2024-02-23T05:31:48","guid":{"rendered":"https:\/\/literaskaligrafija.si\/?post_type=product&#038;p=8311"},"modified":"2025-08-28T12:29:44","modified_gmt":"2025-08-28T10:29:44","slug":"name-card-calligraphic-listing-5","status":"publish","type":"product","link":"https:\/\/literaskaligrafija.si\/de\/izdelek\/primoz-trubar\/","title":{"rendered":"T-Shirt Primo\u017e Trubar - Kalligrafische Beschriftung"},"content":{"rendered":"<p><strong>T-Shirt Primo\u017e Trubar - Kalligrafische Beschriftung<\/strong><\/p>\n<p><strong>Die Aufschrift auf dem T-Shirt wird erstellt<\/strong> <span style=\"text-decoration: underline\"><span style=\"color: #c31f2f;text-decoration: underline\"><a style=\"color: #c31f2f;text-decoration: underline\" href=\"https:\/\/literaskaligrafija.si\/de\/kurzgeschichte-der-kalligraphie\/\" target=\"_blank\" rel=\"noopener\"><strong>Kalligraphie.<\/strong> <\/a><\/span><\/span>Jeder Zug ist handgemacht und einzigartig. Wir bieten mehr als nur den Druck von T-Shirts - wir bieten ein Erlebnis, das Ihren Stil und Ihre Identit\u00e4t neu definiert.<\/p>\n<div class=\"x11i5rnm xat24cr x1mh8g0r x1vvkbs xtlvy1s x126k92a\">\n<div dir=\"auto\">\n<p>Entdecken Sie Einzigartigkeit und pers\u00f6nlichen Stil mit unserem personalisierten T-Shirt, das handgefertigte <span style=\"text-decoration: underline\"><span style=\"color: #c31f2f;text-decoration: underline\"><a style=\"color: #c31f2f;text-decoration: underline\" href=\"https:\/\/literaskaligrafija.si\/de\/kurzgeschichte-der-kalligraphie\/\" target=\"_blank\" rel=\"noopener\"><strong>Kalligraphie. <\/strong><\/a><\/span><\/span>\u00a0Dieses T-Shirt ist nicht nur ein Kleidungsst\u00fcck, sondern ein Ausdruck Ihrer Individualit\u00e4t.<\/p>\n<p>Respektiere das Erbe der slowenischen Sprache und Kultur mit einem exklusiven T-Shirt, das von den Worten von Primo\u017e Trubar inspiriert ist, <strong>\"Lubi Slovenici\" und An alle Slowenen. <\/strong>Jede Inschrift spiegelt Trubars tiefe Verbundenheit und seinen Respekt f\u00fcr die slowenische Nation wider und verweist auf seine Bem\u00fchungen, die slowenische Sprache und Identit\u00e4t durch die Reformation und die Literatur zu bewahren.<\/p>\n<p><strong>Primo\u017e Trubar<\/strong>ein Pionier des slowenischen Protestantismus, setzte mit seinem Werk die <strong>die Grundlagen der slowenischen Sprache und Kultur<\/strong>Dies zeigt sich in seinen historischen Werken wie <strong>\"Katechismus\"<\/strong> und <strong>\"Alphabetisches Verzeichnis\"<\/strong>und seine Bem\u00fchungen, religi\u00f6se Texte in der Volkssprache verf\u00fcgbar zu machen.<\/p>\n<p>Unser T-Shirt <strong>\"Lubi Slovenici\" und An alle Slowenen<\/strong> sind in den klassischen Farben Schwarz und Wei\u00df erh\u00e4ltlich, so dass der Schriftzug besonders gut zur Geltung kommt. Jedes St\u00fcck wird sorgf\u00e4ltig entworfen und mit einer einzigartigen Inschrift versehen, <strong>von Hand erstellt, mit einer Kombination aus gotischer und moderner Kalligrafie<\/strong><\/p>\n<p><strong>Wesentliche Merkmale:<\/strong><\/p>\n<ul>\n<li><strong>Einzigartige kalligraphische Inschrift:<\/strong> Die Inschrift lautet <strong>zun\u00e4chst handschriftlich, dann digitalisiert,<\/strong> was eine pr\u00e4zise \u00dcbertragung auf das T-Shirt erm\u00f6glicht.<\/li>\n<li><strong>Hochwertige Gewebefolie:<\/strong> Damit der Schriftzug auch nach mehreren W\u00e4schen noch h\u00e4lt, verwenden wir nur die beste Stofffolie. Diese Folie l\u00e4sst die Beschriftung wie einen Teil des Stoffes aussehen.<\/li>\n<\/ul>\n<p>&nbsp;<\/p>\n<div id=\"attachment_8398\" style=\"width: 1510px\" class=\"wp-caption alignnone\"><img loading=\"lazy\" decoding=\"async\" aria-describedby=\"caption-attachment-8398\" class=\"wp-image-8398 size-full\" title=\"Schwarzes T-Shirt mit der Aufschrift - Primo\u017e Trubar To All Slovenians\" src=\"https:\/\/literaskaligrafija.si\/wp-content\/uploads\/2024\/02\/Vsem-Slovencem-CRNA.jpg\" alt=\"Einzigartige Geschenke - T-Shirt mit der Aufschrift Primo\u017e trubar To All Slovenians\" width=\"1500\" height=\"1500\" srcset=\"https:\/\/literaskaligrafija.si\/wp-content\/uploads\/2024\/02\/Vsem-Slovencem-CRNA.jpg 1500w, https:\/\/literaskaligrafija.si\/wp-content\/uploads\/2024\/02\/Vsem-Slovencem-CRNA-300x300.jpg 300w, https:\/\/literaskaligrafija.si\/wp-content\/uploads\/2024\/02\/Vsem-Slovencem-CRNA-1024x1024.jpg 1024w, https:\/\/literaskaligrafija.si\/wp-content\/uploads\/2024\/02\/Vsem-Slovencem-CRNA-150x150.jpg 150w, https:\/\/literaskaligrafija.si\/wp-content\/uploads\/2024\/02\/Vsem-Slovencem-CRNA-768x768.jpg 768w, https:\/\/literaskaligrafija.si\/wp-content\/uploads\/2024\/02\/Vsem-Slovencem-CRNA-12x12.jpg 12w, https:\/\/literaskaligrafija.si\/wp-content\/uploads\/2024\/02\/Vsem-Slovencem-CRNA-550x550.jpg 550w, https:\/\/literaskaligrafija.si\/wp-content\/uploads\/2024\/02\/Vsem-Slovencem-CRNA-1000x1000.jpg 1000w, https:\/\/literaskaligrafija.si\/wp-content\/uploads\/2024\/02\/Vsem-Slovencem-CRNA-400x400.jpg 400w, https:\/\/literaskaligrafija.si\/wp-content\/uploads\/2024\/02\/Vsem-Slovencem-CRNA-600x600.jpg 600w, https:\/\/literaskaligrafija.si\/wp-content\/uploads\/2024\/02\/Vsem-Slovencem-CRNA-100x100.jpg 100w, https:\/\/literaskaligrafija.si\/wp-content\/uploads\/2024\/02\/Vsem-Slovencem-CRNA-50x50.jpg 50w\" sizes=\"auto, (max-width: 1500px) 100vw, 1500px\" \/><p id=\"caption-attachment-8398\" class=\"wp-caption-text\">F\u00fcr alle Slowenen - Primo\u017e Trubar. Visualisierung von Zlatka Trstenjak Rampre<\/p><\/div>\n<p>&nbsp;<\/p>\n<div id=\"attachment_8396\" style=\"width: 1510px\" class=\"wp-caption alignnone\"><img loading=\"lazy\" decoding=\"async\" aria-describedby=\"caption-attachment-8396\" class=\"wp-image-8396 size-full\" title=\"Schwarzes T-Shirt mit der Aufschrift Alle Slowenen - Primo\u017e Trubar\" src=\"https:\/\/literaskaligrafija.si\/wp-content\/uploads\/2024\/02\/Vsem-Slovencem-GOLD1.jpg\" alt=\"Einzigartige Geschenke - T-Shirt mit der Aufschrift Alle Slowenen - Primo\u017e Trubar\" width=\"1500\" height=\"1500\" srcset=\"https:\/\/literaskaligrafija.si\/wp-content\/uploads\/2024\/02\/Vsem-Slovencem-GOLD1.jpg 1500w, https:\/\/literaskaligrafija.si\/wp-content\/uploads\/2024\/02\/Vsem-Slovencem-GOLD1-300x300.jpg 300w, https:\/\/literaskaligrafija.si\/wp-content\/uploads\/2024\/02\/Vsem-Slovencem-GOLD1-1024x1024.jpg 1024w, https:\/\/literaskaligrafija.si\/wp-content\/uploads\/2024\/02\/Vsem-Slovencem-GOLD1-150x150.jpg 150w, https:\/\/literaskaligrafija.si\/wp-content\/uploads\/2024\/02\/Vsem-Slovencem-GOLD1-768x768.jpg 768w, https:\/\/literaskaligrafija.si\/wp-content\/uploads\/2024\/02\/Vsem-Slovencem-GOLD1-12x12.jpg 12w, https:\/\/literaskaligrafija.si\/wp-content\/uploads\/2024\/02\/Vsem-Slovencem-GOLD1-550x550.jpg 550w, https:\/\/literaskaligrafija.si\/wp-content\/uploads\/2024\/02\/Vsem-Slovencem-GOLD1-1000x1000.jpg 1000w, https:\/\/literaskaligrafija.si\/wp-content\/uploads\/2024\/02\/Vsem-Slovencem-GOLD1-400x400.jpg 400w, https:\/\/literaskaligrafija.si\/wp-content\/uploads\/2024\/02\/Vsem-Slovencem-GOLD1-600x600.jpg 600w, https:\/\/literaskaligrafija.si\/wp-content\/uploads\/2024\/02\/Vsem-Slovencem-GOLD1-100x100.jpg 100w, https:\/\/literaskaligrafija.si\/wp-content\/uploads\/2024\/02\/Vsem-Slovencem-GOLD1-50x50.jpg 50w\" sizes=\"auto, (max-width: 1500px) 100vw, 1500px\" \/><p id=\"caption-attachment-8396\" class=\"wp-caption-text\">F\u00fcr alle Slowenen - Primo\u017e Trubar. Visualisierung von Zlatka Trstenjak Rampre<\/p><\/div>\n<p>&nbsp;<\/p>\n<div id=\"attachment_8397\" style=\"width: 1510px\" class=\"wp-caption alignnone\"><img loading=\"lazy\" decoding=\"async\" aria-describedby=\"caption-attachment-8397\" class=\"wp-image-8397 size-full\" src=\"https:\/\/literaskaligrafija.si\/wp-content\/uploads\/2024\/02\/Vsem-Slovencem.jpg\" alt=\"An alle Slowenen - Primo\u017e Trubar - Einzigartiges T-Shirt mit Aufschrift, wei\u00df. Geschenkideen\" width=\"1500\" height=\"1500\" srcset=\"https:\/\/literaskaligrafija.si\/wp-content\/uploads\/2024\/02\/Vsem-Slovencem.jpg 1500w, https:\/\/literaskaligrafija.si\/wp-content\/uploads\/2024\/02\/Vsem-Slovencem-300x300.jpg 300w, https:\/\/literaskaligrafija.si\/wp-content\/uploads\/2024\/02\/Vsem-Slovencem-1024x1024.jpg 1024w, https:\/\/literaskaligrafija.si\/wp-content\/uploads\/2024\/02\/Vsem-Slovencem-150x150.jpg 150w, https:\/\/literaskaligrafija.si\/wp-content\/uploads\/2024\/02\/Vsem-Slovencem-768x768.jpg 768w, https:\/\/literaskaligrafija.si\/wp-content\/uploads\/2024\/02\/Vsem-Slovencem-12x12.jpg 12w, https:\/\/literaskaligrafija.si\/wp-content\/uploads\/2024\/02\/Vsem-Slovencem-550x550.jpg 550w, https:\/\/literaskaligrafija.si\/wp-content\/uploads\/2024\/02\/Vsem-Slovencem-1000x1000.jpg 1000w, https:\/\/literaskaligrafija.si\/wp-content\/uploads\/2024\/02\/Vsem-Slovencem-400x400.jpg 400w, https:\/\/literaskaligrafija.si\/wp-content\/uploads\/2024\/02\/Vsem-Slovencem-600x600.jpg 600w, https:\/\/literaskaligrafija.si\/wp-content\/uploads\/2024\/02\/Vsem-Slovencem-100x100.jpg 100w, https:\/\/literaskaligrafija.si\/wp-content\/uploads\/2024\/02\/Vsem-Slovencem-50x50.jpg 50w\" sizes=\"auto, (max-width: 1500px) 100vw, 1500px\" \/><p id=\"caption-attachment-8397\" class=\"wp-caption-text\">F\u00fcr alle Slowenen - Primo\u017e Trubar. Visualisierung von Zlatka Trstenjak Rampre<\/p><\/div>\n<p><strong>Ideal f\u00fcr:<\/strong><\/p>\n<ul>\n<li>Geschenke.<\/li>\n<li>Besondere Ereignisse.<\/li>\n<li>Pers\u00f6nlicher Gebrauch.<\/li>\n<\/ul>\n<p><strong>Pflegehinweise:<\/strong> Wir empfehlen, das T-Shirt bei niedrigen Temperaturen (40\u00b0) zu waschen und an der Luft zu trocknen, um die Druckqualit\u00e4t und die Farbe des T-Shirts zu erhalten.<\/p>\n<p>Maschinenwaschbar, 40 \u00b0C.<br \/>\nVerwenden Sie kein Bleichmittel.<br \/>\nNicht im Trockner trocknen.<br \/>\nB\u00fcgeln Sie bei niedriger Temperatur (maximal 110 \u00b0C).<br \/>\nNicht chemisch reinigen.<br \/>\nB\u00fcgeln Sie kein gemustertes Design.<\/p>\n<\/div>\n<\/div>\n<div class=\"mt15\">\n<p><b>Grammatur:<\/b><\/p>\n<div>Farbe: 170 g\/m\u00b2, Wei\u00df: 170 g\/m\u00b2<\/div>\n<\/div>\n<div class=\"product-info-switch-xs-row\">\n<div class=\"description strip-uls\"><b>Zusammensetzung: <\/b>95% Baumwolle, 5% Elastan<\/div>\n<\/div>\n<div><\/div>\n<div><\/div>\n<div><\/div>\n<p>&nbsp;<\/p>\n<p>&nbsp;<\/p>","protected":false},"excerpt":{"rendered":"<p><strong>T-Shirt Primo\u017e Trubar - Kalligrafische Beschriftung<\/strong><\/p>\n<p>Herren-T-Shirt <strong>Primo\u017e Trubar An alle Slowenen. <\/strong>Die Inschrift wird erstellt <strong>von Hand - Kalligraphie.<\/strong><\/p>\n<p>Die Lieferfrist betr\u00e4gt f\u00fcnf (5) Arbeitstage.<\/p>\n<p>&nbsp;<\/p>","protected":false},"featured_media":8396,"comment_status":"open","ping_status":"closed","template":"","meta":{"content-type":"","inline_featured_image":false},"product_brand":[],"product_cat":[377,412,409],"product_tag":[372,359,376,299],"class_list":{"0":"post-8311","1":"product","2":"type-product","3":"status-publish","4":"has-post-thumbnail","6":"product_cat-rojstni-dan","7":"product_cat-slovenska-dediscina-in-ponos","8":"product_cat-tisk-na-majice","9":"product_tag-oblikovanje","10":"product_tag-oblikovanje-in-tisk","11":"product_tag-personalizirana-darila","12":"product_tag-tisk-majic","13":"product_shipping_class-postnina","15":"first","16":"onbackorder","17":"taxable","18":"shipping-taxable","19":"purchasable","20":"product-type-simple"},"bundled_by":[],"bundle_stock_status":"onbackorder","bundle_stock_quantity":null,"bundle_virtual":false,"bundle_layout":"","bundle_add_to_cart_form_location":"","bundle_editable_in_cart":false,"bundle_sold_individually_context":"","bundle_item_grouping":"","bundle_min_size":"","bundle_max_size":"","bundle_price":[],"bundled_items":[],"bundle_sell_ids":[],"jetpack_sharing_enabled":true,"_links":{"self":[{"href":"https:\/\/literaskaligrafija.si\/de\/wp-json\/wp\/v2\/product\/8311","targetHints":{"allow":["GET"]}}],"collection":[{"href":"https:\/\/literaskaligrafija.si\/de\/wp-json\/wp\/v2\/product"}],"about":[{"href":"https:\/\/literaskaligrafija.si\/de\/wp-json\/wp\/v2\/types\/product"}],"replies":[{"embeddable":true,"href":"https:\/\/literaskaligrafija.si\/de\/wp-json\/wp\/v2\/comments?post=8311"}],"wp:featuredmedia":[{"embeddable":true,"href":"https:\/\/literaskaligrafija.si\/de\/wp-json\/wp\/v2\/media\/8396"}],"wp:attachment":[{"href":"https:\/\/literaskaligrafija.si\/de\/wp-json\/wp\/v2\/media?parent=8311"}],"wp:term":[{"taxonomy":"product_brand","embeddable":true,"href":"https:\/\/literaskaligrafija.si\/de\/wp-json\/wp\/v2\/product_brand?post=8311"},{"taxonomy":"product_cat","embeddable":true,"href":"https:\/\/literaskaligrafija.si\/de\/wp-json\/wp\/v2\/product_cat?post=8311"},{"taxonomy":"product_tag","embeddable":true,"href":"https:\/\/literaskaligrafija.si\/de\/wp-json\/wp\/v2\/product_tag?post=8311"}],"curies":[{"name":"wp","href":"https:\/\/api.w.org\/{rel}","templated":true}]}}