{"id":8355,"date":"2024-03-19T16:30:59","date_gmt":"2024-03-19T15:30:59","guid":{"rendered":"https:\/\/literaskaligrafija.si\/?post_type=product&#038;p=8355"},"modified":"2026-02-17T18:56:49","modified_gmt":"2026-02-17T17:56:49","slug":"einzigartiges-geschenk-wein-refosk-handgravierte-kalligraphie-personalisierte-botschaft-2","status":"publish","type":"product","link":"https:\/\/literaskaligrafija.si\/de\/izdelek\/gravirana-steklenica\/","title":{"rendered":"Hochzeitseinladung - Gravierte Einladung auf einer Flasche (Kalligraphie - Buchdruck)"},"content":{"rendered":"<p><strong>Unikatno gravirano vabilo na steklenici &#8211;\u00a0 umetnost, ki napoveduje izjemen dogodek.<\/strong><\/p>\n<p>Entdecken Sie <strong>Vabilo na steklenici<\/strong>eine revolution\u00e4re Verschmelzung der Kunst der Kalligraphie und des Prestiges der Weinkultur, ideal f\u00fcr Ihre unvergessliche Feier. Unsere besonderen Einladungen werden mit einer Kombination aus echter Kalligraphie und Gravur hergestellt. <strong>Die Einladungen auf der Flasche sind ein Meisterwerk,<\/strong> ki bo zagotovo navdu\u0161ila in pustila trajen vtis na va\u0161e goste. Vsaka gravura je pozla\u010dena, kar daje ob\u010dutek razko\u0161ja in presti\u017ea \u017ee ob prvem pogledu.<\/p>\n<p><strong>Wie kann ich bestellen?<\/strong><\/p>\n<ul>\n<li><strong>Geben Sie den Text ein,<\/strong> die Sie auf der Flasche eingravieren lassen m\u00f6chten.<\/li>\n<li>Auf der Grundlage Ihres Beitrags werden wir Folgendes vorbereiten <strong>Entwurf,<\/strong> die Sie erhalten werden <strong>zur \u00dcberpr\u00fcfung und Genehmigung,<\/strong> bevor Sie mit der eigentlichen Gravur fortfahren.<\/li>\n<li><strong>Namen<\/strong> oder andere Details werden von Hand entworfen und ausgedruckt,<strong> mit echter Kalligrafie.<\/strong> Sie heben Ihre Veranstaltung auf eine ganz neue Ebene.<\/li>\n<li>Die fertigen Einladungen werden sorgf\u00e4ltig verpackt in<strong> Geschenkboxen in wei\u00df oder schwarz<\/strong> (Galerie in Arbeit).<\/li>\n<li>Ihre Einladungen werden direkt zu Ihnen nach Hause geliefert.<\/li>\n<\/ul>\n<p><strong>Produktmerkmale:<\/strong><\/p>\n<ul>\n<li><strong>V ceno je zajeta steklenica,<\/strong> (Gemeinsam k\u00f6nnen wir eine andere ausw\u00e4hlen, die Ihrem Geschmack oder dem Thema der Hochzeit besser entspricht.<\/li>\n<li>Die kalligraphische Beschriftung der Namen wird erstellt<strong> mit echter handschriftlicher Kalligraphie.<\/strong> Dar\u00fcber hinaus wird auf dieselbe Weise <strong>Monogramme oder Symbole entwerfen,<\/strong> die f\u00fcr Sie eine besondere Bedeutung haben.<\/li>\n<li>Geschenkkarton - Jede Flasche wird pr\u00e4sentiert <strong>in einer attraktiven Geschenkbox,<\/strong> die nicht nur die Einladung sch\u00fctzt, sondern auch als hervorragende Pr\u00e4sentations- und <strong>l\u00e4utet ein au\u00dfergew\u00f6hnliches Ereignis ein.<\/strong><\/li>\n<li><strong>Flexibilit\u00e4t:<\/strong> Razumemo, da je vsaka poroka edinstvena, zato ponujamo mo\u017enost, da po dogovoru izberete svojo steklenico ali prilagodite dizajn vabila po svojih \u017eeljah. Kak\u0161ne steklenice so primerne si lahko preberete v nadaljevanju.<\/li>\n<\/ul>\n<p><strong>Ali lahko izberete drugo steklenico?<\/strong><\/p>\n<ul>\n<li>Ja, nat\u00fcrlich. Aber was z\u00e4hlt, ist die Flasche.<\/li>\n<li><strong>Die eingravierte Kalligraphie ist auf der dunklen Flasche besser sichtbar,<\/strong> vendar je prekrasna tudi na svetlej\u0161ih<\/li>\n<li>Die Oberfl\u00e4che der Flasche sollte sein<strong>\u00a0glatt, frei von Vertiefungen und Reliefs.<\/strong><\/li>\n<li>Je nach den Farben des Etiketts k\u00f6nnen Sie <strong>Ich f\u00e4rbe auch die Gravur ein.<\/strong><\/li>\n<\/ul>\n<p>&nbsp;<\/p>\n<div id=\"attachment_8365\" style=\"width: 1510px\" class=\"wp-caption alignnone\"><img loading=\"lazy\" decoding=\"async\" aria-describedby=\"caption-attachment-8365\" class=\"size-full wp-image-8365\" src=\"https:\/\/literaskaligrafija.si\/wp-content\/uploads\/2024\/03\/VinoVabilo5.jpg\" alt=\"Eingravierte Einladung\" width=\"1500\" height=\"1500\" srcset=\"https:\/\/literaskaligrafija.si\/wp-content\/uploads\/2024\/03\/VinoVabilo5.jpg 1500w, https:\/\/literaskaligrafija.si\/wp-content\/uploads\/2024\/03\/VinoVabilo5-300x300.jpg 300w, https:\/\/literaskaligrafija.si\/wp-content\/uploads\/2024\/03\/VinoVabilo5-1024x1024.jpg 1024w, https:\/\/literaskaligrafija.si\/wp-content\/uploads\/2024\/03\/VinoVabilo5-150x150.jpg 150w, https:\/\/literaskaligrafija.si\/wp-content\/uploads\/2024\/03\/VinoVabilo5-768x768.jpg 768w, https:\/\/literaskaligrafija.si\/wp-content\/uploads\/2024\/03\/VinoVabilo5-12x12.jpg 12w, https:\/\/literaskaligrafija.si\/wp-content\/uploads\/2024\/03\/VinoVabilo5-550x550.jpg 550w, https:\/\/literaskaligrafija.si\/wp-content\/uploads\/2024\/03\/VinoVabilo5-1000x1000.jpg 1000w, https:\/\/literaskaligrafija.si\/wp-content\/uploads\/2024\/03\/VinoVabilo5-400x400.jpg 400w, https:\/\/literaskaligrafija.si\/wp-content\/uploads\/2024\/03\/VinoVabilo5-600x600.jpg 600w, https:\/\/literaskaligrafija.si\/wp-content\/uploads\/2024\/03\/VinoVabilo5-100x100.jpg 100w, https:\/\/literaskaligrafija.si\/wp-content\/uploads\/2024\/03\/VinoVabilo5-50x50.jpg 50w\" sizes=\"auto, (max-width: 1500px) 100vw, 1500px\" \/><p id=\"caption-attachment-8365\" class=\"wp-caption-text\">Eingravierte Einladung auf der Flasche. Die Namen des Hochzeitspaares sind in Kalligraphie erstellt.<\/p><\/div>\n<p>&nbsp;<\/p>\n<p><strong>Lassen Sie Ihr besonderes Ereignis von Einzigartigkeit gepr\u00e4gt sein.<\/strong><\/p>\n<p>Gravirano vabilo je simbol izjemnosti in zavezanosti k brez\u010dasnosti. Ta edinstvena izbira za poro\u010dna vabila in posebne prilo\u017enosti odseva va\u0161o \u017eeljo po izstopanju in ustvarja osebno povezavo, ki jo lahko gostje ob\u010dutijo in cenijo. Bodisi za poroko, obletnico ali pomemben korporativni dogodek.<\/p>\n<p><strong>Poro\u010dna vabila, ki postanejo ve\u010dni spominki.<\/strong><\/p>\n<p>Vabilo je pripravljeno v darilni embala\u017ei v beli ali \u010drni barvi &#8211; po dogovoru.<\/p>\n<p>&nbsp;<\/p>\n<p>Bei LITERAS Calligraphy wissen wir, dass es die kleinen Dinge sind, die z\u00e4hlen. <strong>Vabilo na steklenici<\/strong>\u00a0ist so gestaltet, dass sie nicht nur zur \u00c4sthetik Ihrer Feier passt, sondern auch zu einem wertvollen Andenken wird.\u00a0 <strong>Imena na vabilu so oblikovana s pravo, ro\u010dno zapisano kaligrafijo &#8211; lepopisjem.\u00a0<\/strong><\/p>\n<p>&nbsp;<\/p>\n<p>&nbsp;<\/p>\n<p>&nbsp;<\/p>","protected":false},"excerpt":{"rendered":"<p><strong>Vabilo na steklenici &#8211; Gravirano poro\u010dno vabilo na steklenici (kaligrafija &#8211; lepopisje).<\/strong><\/p>\n<p>Die Mindestbestellmenge f\u00fcr das Produkt betr\u00e4gt <strong>10 St\u00fcck.<\/strong><\/p>\n<p>&nbsp;<\/p>\n<p>&nbsp;<\/p>","protected":false},"featured_media":8363,"comment_status":"open","ping_status":"closed","template":"","meta":{"content-type":"","inline_featured_image":false},"product_brand":[],"product_cat":[251,340,178,403,378,377,416],"product_tag":[168,167,277,176,173],"class_list":{"0":"post-8355","1":"product","2":"type-product","3":"status-publish","4":"has-post-thumbnail","6":"product_cat-darila","7":"product_cat-graviranje","8":"product_cat-nekategorizirano","9":"product_cat-poroka","10":"product_cat-poroka-vabila","11":"product_cat-rojstni-dan","12":"product_cat-vabila","13":"product_tag-kaligrafska-pisava","14":"product_tag-kaligrafsko-graviranje","15":"product_tag-poroka","16":"product_tag-rocno-izdelano","17":"product_tag-steklo","19":"first","20":"onbackorder","21":"taxable","22":"shipping-taxable","23":"purchasable","24":"product-type-simple"},"bundled_by":[],"bundle_stock_status":"onbackorder","bundle_stock_quantity":null,"bundle_virtual":false,"bundle_layout":"","bundle_add_to_cart_form_location":"","bundle_editable_in_cart":false,"bundle_sold_individually_context":"","bundle_item_grouping":"","bundle_min_size":"","bundle_max_size":"","bundle_price":[],"bundled_items":[],"bundle_sell_ids":[],"jetpack_sharing_enabled":true,"_links":{"self":[{"href":"https:\/\/literaskaligrafija.si\/de\/wp-json\/wp\/v2\/product\/8355","targetHints":{"allow":["GET"]}}],"collection":[{"href":"https:\/\/literaskaligrafija.si\/de\/wp-json\/wp\/v2\/product"}],"about":[{"href":"https:\/\/literaskaligrafija.si\/de\/wp-json\/wp\/v2\/types\/product"}],"replies":[{"embeddable":true,"href":"https:\/\/literaskaligrafija.si\/de\/wp-json\/wp\/v2\/comments?post=8355"}],"wp:featuredmedia":[{"embeddable":true,"href":"https:\/\/literaskaligrafija.si\/de\/wp-json\/wp\/v2\/media\/8363"}],"wp:attachment":[{"href":"https:\/\/literaskaligrafija.si\/de\/wp-json\/wp\/v2\/media?parent=8355"}],"wp:term":[{"taxonomy":"product_brand","embeddable":true,"href":"https:\/\/literaskaligrafija.si\/de\/wp-json\/wp\/v2\/product_brand?post=8355"},{"taxonomy":"product_cat","embeddable":true,"href":"https:\/\/literaskaligrafija.si\/de\/wp-json\/wp\/v2\/product_cat?post=8355"},{"taxonomy":"product_tag","embeddable":true,"href":"https:\/\/literaskaligrafija.si\/de\/wp-json\/wp\/v2\/product_tag?post=8355"}],"curies":[{"name":"wp","href":"https:\/\/api.w.org\/{rel}","templated":true}]}}