{"id":8475,"date":"2024-06-26T16:08:26","date_gmt":"2024-06-26T14:08:26","guid":{"rendered":"https:\/\/literaskaligrafija.si\/?post_type=product&#038;p=8475"},"modified":"2025-08-28T11:02:37","modified_gmt":"2025-08-28T09:02:37","slug":"baumwolltasche-mit-kalligrafischer-aufschrift-handgeschrieben","status":"publish","type":"product","link":"https:\/\/literaskaligrafija.si\/de\/izdelek\/vrecka-z-napisom\/","title":{"rendered":"Baumwolltasche mit kalligraphischer Aufschrift - handgeschrieben"},"content":{"rendered":"<p>Baumwolltasche mit kalligraphischer Aufschrift - handgeschrieben<\/p>\n<p>Entdecken Sie Eleganz und Zweckm\u00e4\u00dfigkeit mit unserer Baumwolltasche, die die klassische schwarze Farbe mit kalligraphischen Schriftz\u00fcgen kombiniert. Der Name wird von Hand mit sch\u00f6ner Kalligrafie erstellt und dann mit einem Vinyl-Aufkleber gedruckt.<\/p>\n<p>Diese s\u00fc\u00dfe Baumwolltasche <strong>ist mein kalligrafisches Werk.<\/strong> Ich gestalte jede Beschriftung von Hand und schneide sie dann aus hochwertiger, haltbarer Folie aus.<\/p>\n<div class=\"x11i5rnm xat24cr x1mh8g0r x1vvkbs xtlvy1s x126k92a\">\n<div dir=\"auto\">\n<p>Unterstreichen Sie Ihren pers\u00f6nlichen Stil mit einer Baumwolltasche, die Trend und Handwerkskunst vereint <span style=\"text-decoration: underline\"><span style=\"color: #c31f2f;text-decoration: underline\"><a style=\"color: #c31f2f;text-decoration: underline\" href=\"https:\/\/literaskaligrafija.si\/de\/kurzgeschichte-der-kalligraphie\/\" target=\"_blank\" rel=\"noopener\"><strong>\u00a0Kalligraphie. <\/strong><\/a><\/span><\/span>\u00a0Diese Tasche ist nicht nur ein Accessoire zum Einkaufen, sondern ein Ausdruck Ihrer Individualit\u00e4t.<\/p>\n<p><strong>Produktionsfrist:<\/strong> F\u00fcnf (5) Arbeitstage.<\/p>\n<p><strong>Sie k\u00f6nnen zwischen zwei verschiedenen Kalligrafieschriften w\u00e4hlen.<\/strong><\/p>\n<p><strong>Warum sollten Sie unsere Baumwolltasche w\u00e4hlen?<\/strong><\/p>\n<ul>\n<li><b>Einzigartigkeit:<\/b> die Aufschrift auf der Tasche wird erstellt <strong>Handkalligraphie.<\/strong> <strong>Der Text ist nicht getippt.<\/strong><\/li>\n<li><strong>Stil und Funktionalit\u00e4t:<\/strong> Ein elegantes und praktisches Accessoire f\u00fcr den t\u00e4glichen Gebrauch.<\/li>\n<li><strong>Umweltfreundlich:<\/strong> Wenn Sie weniger Plastikt\u00fcten verwenden, tragen Sie zum Schutz der Umwelt bei.<\/li>\n<li><strong>Ideal als Geschenk:<\/strong> Das perfekte Geschenk mit einer pers\u00f6nlichen Note f\u00fcr Ihre Liebsten.<\/li>\n<\/ul>\n<p>Entdecken Sie die Sch\u00f6nheit der Kalligrafie und verleihen Sie Ihrem Alltag eine pers\u00f6nliche Note.<\/p>\n<\/div>\n<\/div>\n<p><strong>Produktmerkmale:<\/strong><\/p>\n<ul>\n<li>Material: 100 % Baumwolle<\/li>\n<li>Farbe: klassisch schwarz<\/li>\n<li>Beschriftung: kalligrafische Schrift, bedruckt mit Vinyl-Aufkleber<\/li>\n<li>Gr\u00f6\u00dfe: 38 cm x 42 cm<\/li>\n<li>L\u00e4nge der Griffe: 30 cm<\/li>\n<\/ul>\n<p><strong>Wartung:<\/strong><\/p>\n<ul>\n<li>Waschen: maschinenwaschbar bis zu 40<\/li>\n<li>Trocknung: maschinelle Trocknung bei niedriger Temperatur<\/li>\n<li>Keine Bleiche oder chemische Reinigung<\/li>\n<li>Aufschrift: B\u00fcgeln bis zu 110 erlaubt. Um das Motiv zu sch\u00fctzen, auf der R\u00fcckseite b\u00fcgeln.<\/li>\n<\/ul>\n<div class=\"x11i5rnm xat24cr x1mh8g0r x1vvkbs xtlvy1s x126k92a\">\n<div dir=\"auto\">\n<p>&nbsp;<\/p>\n<\/div>\n<\/div>\n<p>&nbsp;<\/p>\n<div id=\"attachment_8456\" style=\"width: 1510px\" class=\"wp-caption alignnone\"><img loading=\"lazy\" decoding=\"async\" aria-describedby=\"caption-attachment-8456\" class=\"wp-image-8456 size-full\" title=\"Schwarze Baumwolltasche mit Namen - Wei\u00dfer Druck eines handgeschriebenen Zitats, erstellt mit Copperpalte-Kalligraphie \" src=\"https:\/\/literaskaligrafija.si\/wp-content\/uploads\/2023\/09\/Vrecka_1-COPPERPLATE.jpg\" alt=\"Baumwolltasche mit Namen - Einzigartige Geschenke\" width=\"1500\" height=\"1500\" srcset=\"https:\/\/literaskaligrafija.si\/wp-content\/uploads\/2023\/09\/Vrecka_1-COPPERPLATE.jpg 1500w, https:\/\/literaskaligrafija.si\/wp-content\/uploads\/2023\/09\/Vrecka_1-COPPERPLATE-300x300.jpg 300w, https:\/\/literaskaligrafija.si\/wp-content\/uploads\/2023\/09\/Vrecka_1-COPPERPLATE-1024x1024.jpg 1024w, https:\/\/literaskaligrafija.si\/wp-content\/uploads\/2023\/09\/Vrecka_1-COPPERPLATE-150x150.jpg 150w, https:\/\/literaskaligrafija.si\/wp-content\/uploads\/2023\/09\/Vrecka_1-COPPERPLATE-768x768.jpg 768w, https:\/\/literaskaligrafija.si\/wp-content\/uploads\/2023\/09\/Vrecka_1-COPPERPLATE-12x12.jpg 12w, https:\/\/literaskaligrafija.si\/wp-content\/uploads\/2023\/09\/Vrecka_1-COPPERPLATE-550x550.jpg 550w, https:\/\/literaskaligrafija.si\/wp-content\/uploads\/2023\/09\/Vrecka_1-COPPERPLATE-1000x1000.jpg 1000w, https:\/\/literaskaligrafija.si\/wp-content\/uploads\/2023\/09\/Vrecka_1-COPPERPLATE-400x400.jpg 400w, https:\/\/literaskaligrafija.si\/wp-content\/uploads\/2023\/09\/Vrecka_1-COPPERPLATE-600x600.jpg 600w, https:\/\/literaskaligrafija.si\/wp-content\/uploads\/2023\/09\/Vrecka_1-COPPERPLATE-100x100.jpg 100w, https:\/\/literaskaligrafija.si\/wp-content\/uploads\/2023\/09\/Vrecka_1-COPPERPLATE-50x50.jpg 50w\" sizes=\"auto, (max-width: 1500px) 100vw, 1500px\" \/><p id=\"caption-attachment-8456\" class=\"wp-caption-text\">Baumwolltasche mit Namen<\/p><\/div>\n<div id=\"attachment_8457\" style=\"width: 1510px\" class=\"wp-caption alignnone\"><img loading=\"lazy\" decoding=\"async\" aria-describedby=\"caption-attachment-8457\" class=\"wp-image-8457 size-full\" title=\"Schwarze Baumwolltasche mit Namen \" src=\"https:\/\/literaskaligrafija.si\/wp-content\/uploads\/2023\/09\/Vrecka_2-GOTICA.jpg\" alt=\"Einzigartige Geschenke - Geschenke mit Kalligraphie\" width=\"1500\" height=\"1500\" srcset=\"https:\/\/literaskaligrafija.si\/wp-content\/uploads\/2023\/09\/Vrecka_2-GOTICA.jpg 1500w, https:\/\/literaskaligrafija.si\/wp-content\/uploads\/2023\/09\/Vrecka_2-GOTICA-300x300.jpg 300w, https:\/\/literaskaligrafija.si\/wp-content\/uploads\/2023\/09\/Vrecka_2-GOTICA-1024x1024.jpg 1024w, https:\/\/literaskaligrafija.si\/wp-content\/uploads\/2023\/09\/Vrecka_2-GOTICA-150x150.jpg 150w, https:\/\/literaskaligrafija.si\/wp-content\/uploads\/2023\/09\/Vrecka_2-GOTICA-768x768.jpg 768w, https:\/\/literaskaligrafija.si\/wp-content\/uploads\/2023\/09\/Vrecka_2-GOTICA-12x12.jpg 12w, https:\/\/literaskaligrafija.si\/wp-content\/uploads\/2023\/09\/Vrecka_2-GOTICA-550x550.jpg 550w, https:\/\/literaskaligrafija.si\/wp-content\/uploads\/2023\/09\/Vrecka_2-GOTICA-1000x1000.jpg 1000w, https:\/\/literaskaligrafija.si\/wp-content\/uploads\/2023\/09\/Vrecka_2-GOTICA-400x400.jpg 400w, https:\/\/literaskaligrafija.si\/wp-content\/uploads\/2023\/09\/Vrecka_2-GOTICA-600x600.jpg 600w, https:\/\/literaskaligrafija.si\/wp-content\/uploads\/2023\/09\/Vrecka_2-GOTICA-100x100.jpg 100w, https:\/\/literaskaligrafija.si\/wp-content\/uploads\/2023\/09\/Vrecka_2-GOTICA-50x50.jpg 50w\" sizes=\"auto, (max-width: 1500px) 100vw, 1500px\" \/><p id=\"caption-attachment-8457\" class=\"wp-caption-text\">Einzigartiges Geschenk - Tasche mit Namen - der Name ist in Kalligraphie geschrieben<\/p><\/div>","protected":false},"excerpt":{"rendered":"<p><strong>Baumwolltasche mit kalligraphischer Aufschrift - handgeschrieben<\/strong><\/p>\n<p>Lesen Sie mehr \u00fcber das Produkt in der Beschreibung unten.<\/p>","protected":false},"featured_media":8456,"comment_status":"open","ping_status":"closed","template":"","meta":{"content-type":"","inline_featured_image":false},"product_brand":[],"product_cat":[339,251,329,413,178,377,535,415,414],"product_tag":[537,538,536],"class_list":{"0":"post-8475","1":"product","2":"type-product","3":"status-publish","4":"has-post-thumbnail","6":"product_cat-bozicna-darila","7":"product_cat-darila","8":"product_cat-kaligrafija","9":"product_cat-materinski-dan","10":"product_cat-nekategorizirano","11":"product_cat-rojstni-dan","12":"product_cat-tisk-bombaznih-vreck","13":"product_cat-valentinovo","14":"product_cat-za-uciteljice","15":"product_tag-bombazne-vrecke","16":"product_tag-promocijski-tekstil","17":"product_tag-tisk-na-vrecke","18":"product_shipping_class-postnina","20":"first","21":"onbackorder","22":"taxable","23":"shipping-taxable","24":"purchasable","25":"product-type-simple"},"bundled_by":[],"bundle_stock_status":"onbackorder","bundle_stock_quantity":null,"bundle_virtual":false,"bundle_layout":"","bundle_add_to_cart_form_location":"","bundle_editable_in_cart":false,"bundle_sold_individually_context":"","bundle_item_grouping":"","bundle_min_size":"","bundle_max_size":"","bundle_price":[],"bundled_items":[],"bundle_sell_ids":[],"jetpack_sharing_enabled":true,"_links":{"self":[{"href":"https:\/\/literaskaligrafija.si\/de\/wp-json\/wp\/v2\/product\/8475","targetHints":{"allow":["GET"]}}],"collection":[{"href":"https:\/\/literaskaligrafija.si\/de\/wp-json\/wp\/v2\/product"}],"about":[{"href":"https:\/\/literaskaligrafija.si\/de\/wp-json\/wp\/v2\/types\/product"}],"replies":[{"embeddable":true,"href":"https:\/\/literaskaligrafija.si\/de\/wp-json\/wp\/v2\/comments?post=8475"}],"wp:featuredmedia":[{"embeddable":true,"href":"https:\/\/literaskaligrafija.si\/de\/wp-json\/wp\/v2\/media\/8456"}],"wp:attachment":[{"href":"https:\/\/literaskaligrafija.si\/de\/wp-json\/wp\/v2\/media?parent=8475"}],"wp:term":[{"taxonomy":"product_brand","embeddable":true,"href":"https:\/\/literaskaligrafija.si\/de\/wp-json\/wp\/v2\/product_brand?post=8475"},{"taxonomy":"product_cat","embeddable":true,"href":"https:\/\/literaskaligrafija.si\/de\/wp-json\/wp\/v2\/product_cat?post=8475"},{"taxonomy":"product_tag","embeddable":true,"href":"https:\/\/literaskaligrafija.si\/de\/wp-json\/wp\/v2\/product_tag?post=8475"}],"curies":[{"name":"wp","href":"https:\/\/api.w.org\/{rel}","templated":true}]}}