{"id":8515,"date":"2024-05-17T13:16:38","date_gmt":"2024-05-17T11:16:38","guid":{"rendered":"https:\/\/literaskaligrafija.si\/?post_type=product&#038;p=8515"},"modified":"2026-03-19T16:16:20","modified_gmt":"2026-03-19T15:16:20","slug":"kalligraphie-kupferstich-buchstaben-cerknica-21-marz-5","status":"publish","type":"product","link":"https:\/\/literaskaligrafija.si\/de\/izdelek\/komplet-za-kaligrafijo\/","title":{"rendered":"Kreatives Geschenk (Unikat) - Kalligraphie-Set (personalisiert)"},"content":{"rendered":"<p>Sie suchen das perfekte Geschenk zum Muttertag? Das perfekte Kalligrafie-Set, das Sch\u00f6nheit und Kreativit\u00e4t in einem Paket vereint!<\/p>\n<p><strong>Was ist in dem kreativen Geschenk enthalten?<\/strong><\/p>\n<ul>\n<li><strong>Sch\u00f6nes handgefertigtes Holzm\u00e4ppchen f\u00fcr Rechtsh\u00e4nder<\/strong>Die abgeschr\u00e4gte Feder, in die die flexible Spitzfeder eingesetzt ist, sorgt f\u00fcr Komfort und Pr\u00e4zision bei jedem Strich.<\/li>\n<li><strong>Hochwertiger spitzer Stift - <\/strong>Der Nikko g Kalligrafiestift ist f\u00fcr Anf\u00e4nger und erfahrene Enthusiasten geeignet.<\/li>\n<li><strong>Tachikawa-Tinte<\/strong> - Hochwertige japanische Tinte.<\/li>\n<li><strong>Kalligraphie-Leitfaden<\/strong>Qualit\u00e4t: Anleitung zur Vorbereitung eines Stiftes.<\/li>\n<li><strong>Das komplette Alphabet der sch\u00f6nen modernen Kalligrafie<\/strong>Ein Beispiel des gesamten Alphabets ist enthalten, um Sie beim Erlernen und Perfektionieren der Kalligraphie zu unterst\u00fctzen.<\/li>\n<li><strong>Anleitung zum Schreiben moderner Kalligrafie - <\/strong>Marker zum \u00dcben von Buchstaben.<\/li>\n<li><strong>Personalisiertes Buchverzeichnis<\/strong>: ein Buchregister mit Ihrem Namen - die perfekte Personalisierung dieses wunderbaren Pakets.<\/li>\n<li><strong>Elegante Stift-Geschenkbox<\/strong>Jeder Griff ist sorgf\u00e4ltig in einer h\u00fcbschen Geschenkbox verpackt.<\/li>\n<\/ul>\n<p><strong>Warum sollten Sie sich f\u00fcr unseren Bausatz entscheiden?<\/strong><\/p>\n<ul>\n<li><strong>Originalit\u00e4t<\/strong>: Handverlesene und handgefertigte Schreibger\u00e4te, die die Kreativit\u00e4t anregen.<\/li>\n<li><strong>Qualit\u00e4t<\/strong>A: Wir verwenden nur die besten Materialien, um Zufriedenheit und Haltbarkeit zu gew\u00e4hrleisten.<\/li>\n<li><strong>Pers\u00f6nliche Notiz<\/strong>Personalisierung: Sie verleiht dem Geschenk eine besondere Bedeutung und zeigt, wie viel Ihnen ein Mensch bedeutet.<\/li>\n<\/ul>\n<p><strong>Perfekt f\u00fcr den t\u00e4glichen Gebrauch oder ein besonderes Projekt<\/strong> Lassen Sie Ihren Lehrer die Freude an der Kalligraphie erleben und etwas Neues ausprobieren. Das Set ist f\u00fcr Anf\u00e4nger und erfahrene Kalligraphen gleicherma\u00dfen geeignet, so dass jeder seine Kreativit\u00e4t zum Ausdruck bringen kann.<\/p>\n<p><strong>Lieferung<\/strong><\/p>\n<p>Aus Gr\u00fcnden der Personalisierung wird das Produkt innerhalb einer Woche fertiggestellt und versandt. <strong>5 bis 7 Arbeitstage.<\/strong> Wenn das Produkt als Geschenk gedacht ist, kontaktieren Sie uns bitte f\u00fcr eine fr\u00fchzeitige Produktion.<\/p>\n<div id=\"attachment_8520\" style=\"width: 1510px\" class=\"wp-caption alignnone\"><img loading=\"lazy\" decoding=\"async\" aria-describedby=\"caption-attachment-8520\" class=\"wp-image-8520 size-full\" title=\"Eleganter handgefertigter Kalligraphie-Stift aus Holz in einer stilvollen schwarzen Geschenkbox\" src=\"https:\/\/literaskaligrafija.si\/wp-content\/uploads\/2024\/05\/IMG_2768.jpg\" alt=\"Geschenk zum Muttertag - Einzigartige Geschenke\" width=\"1500\" height=\"1500\" srcset=\"https:\/\/literaskaligrafija.si\/wp-content\/uploads\/2024\/05\/IMG_2768.jpg 1500w, https:\/\/literaskaligrafija.si\/wp-content\/uploads\/2024\/05\/IMG_2768-300x300.jpg 300w, https:\/\/literaskaligrafija.si\/wp-content\/uploads\/2024\/05\/IMG_2768-1024x1024.jpg 1024w, https:\/\/literaskaligrafija.si\/wp-content\/uploads\/2024\/05\/IMG_2768-150x150.jpg 150w, https:\/\/literaskaligrafija.si\/wp-content\/uploads\/2024\/05\/IMG_2768-768x768.jpg 768w, https:\/\/literaskaligrafija.si\/wp-content\/uploads\/2024\/05\/IMG_2768-12x12.jpg 12w, https:\/\/literaskaligrafija.si\/wp-content\/uploads\/2024\/05\/IMG_2768-550x550.jpg 550w, https:\/\/literaskaligrafija.si\/wp-content\/uploads\/2024\/05\/IMG_2768-1000x1000.jpg 1000w, https:\/\/literaskaligrafija.si\/wp-content\/uploads\/2024\/05\/IMG_2768-400x400.jpg 400w, https:\/\/literaskaligrafija.si\/wp-content\/uploads\/2024\/05\/IMG_2768-600x600.jpg 600w, https:\/\/literaskaligrafija.si\/wp-content\/uploads\/2024\/05\/IMG_2768-100x100.jpg 100w, https:\/\/literaskaligrafija.si\/wp-content\/uploads\/2024\/05\/IMG_2768-50x50.jpg 50w\" sizes=\"auto, (max-width: 1500px) 100vw, 1500px\" \/><p id=\"caption-attachment-8520\" class=\"wp-caption-text\">Handgefertigter Kalligraphie-Stiftgriff<\/p><\/div>\n<p>&nbsp;<\/p>\n<div id=\"attachment_8471\" style=\"width: 1510px\" class=\"wp-caption alignnone\"><img loading=\"lazy\" decoding=\"async\" aria-describedby=\"caption-attachment-8471\" class=\"wp-image-8471 size-full\" src=\"https:\/\/literaskaligrafija.si\/wp-content\/uploads\/2024\/05\/Moderna-kaligrafija2.jpg\" alt=\"Einzigartige Geschenke - Kreative Geschenke\" width=\"1500\" height=\"1500\" srcset=\"https:\/\/literaskaligrafija.si\/wp-content\/uploads\/2024\/05\/Moderna-kaligrafija2.jpg 1500w, https:\/\/literaskaligrafija.si\/wp-content\/uploads\/2024\/05\/Moderna-kaligrafija2-300x300.jpg 300w, https:\/\/literaskaligrafija.si\/wp-content\/uploads\/2024\/05\/Moderna-kaligrafija2-1024x1024.jpg 1024w, https:\/\/literaskaligrafija.si\/wp-content\/uploads\/2024\/05\/Moderna-kaligrafija2-150x150.jpg 150w, https:\/\/literaskaligrafija.si\/wp-content\/uploads\/2024\/05\/Moderna-kaligrafija2-768x768.jpg 768w, https:\/\/literaskaligrafija.si\/wp-content\/uploads\/2024\/05\/Moderna-kaligrafija2-12x12.jpg 12w, https:\/\/literaskaligrafija.si\/wp-content\/uploads\/2024\/05\/Moderna-kaligrafija2-550x550.jpg 550w, https:\/\/literaskaligrafija.si\/wp-content\/uploads\/2024\/05\/Moderna-kaligrafija2-1000x1000.jpg 1000w, https:\/\/literaskaligrafija.si\/wp-content\/uploads\/2024\/05\/Moderna-kaligrafija2-400x400.jpg 400w, https:\/\/literaskaligrafija.si\/wp-content\/uploads\/2024\/05\/Moderna-kaligrafija2-600x600.jpg 600w, https:\/\/literaskaligrafija.si\/wp-content\/uploads\/2024\/05\/Moderna-kaligrafija2-100x100.jpg 100w, https:\/\/literaskaligrafija.si\/wp-content\/uploads\/2024\/05\/Moderna-kaligrafija2-50x50.jpg 50w\" sizes=\"auto, (max-width: 1500px) 100vw, 1500px\" \/><p id=\"caption-attachment-8471\" class=\"wp-caption-text\">Das Alphabet der modernen Kalligraphie - Minuskeln<\/p><\/div>\n<div id=\"attachment_8472\" style=\"width: 1510px\" class=\"wp-caption alignnone\"><img loading=\"lazy\" decoding=\"async\" aria-describedby=\"caption-attachment-8472\" class=\"wp-image-8472 size-full\" title=\"Moderne Kalligraphie - Kreative Geschenke mit Personalisierung - Alphabet\" src=\"https:\/\/literaskaligrafija.si\/wp-content\/uploads\/2024\/05\/Moderna-kaligrafija3.jpg\" alt=\"Einzigartige Geschenke - Kreative Geschenke mit Personalisierung\" width=\"1500\" height=\"1500\" srcset=\"https:\/\/literaskaligrafija.si\/wp-content\/uploads\/2024\/05\/Moderna-kaligrafija3.jpg 1500w, https:\/\/literaskaligrafija.si\/wp-content\/uploads\/2024\/05\/Moderna-kaligrafija3-300x300.jpg 300w, https:\/\/literaskaligrafija.si\/wp-content\/uploads\/2024\/05\/Moderna-kaligrafija3-1024x1024.jpg 1024w, https:\/\/literaskaligrafija.si\/wp-content\/uploads\/2024\/05\/Moderna-kaligrafija3-150x150.jpg 150w, https:\/\/literaskaligrafija.si\/wp-content\/uploads\/2024\/05\/Moderna-kaligrafija3-768x768.jpg 768w, https:\/\/literaskaligrafija.si\/wp-content\/uploads\/2024\/05\/Moderna-kaligrafija3-12x12.jpg 12w, https:\/\/literaskaligrafija.si\/wp-content\/uploads\/2024\/05\/Moderna-kaligrafija3-550x550.jpg 550w, https:\/\/literaskaligrafija.si\/wp-content\/uploads\/2024\/05\/Moderna-kaligrafija3-1000x1000.jpg 1000w, https:\/\/literaskaligrafija.si\/wp-content\/uploads\/2024\/05\/Moderna-kaligrafija3-400x400.jpg 400w, https:\/\/literaskaligrafija.si\/wp-content\/uploads\/2024\/05\/Moderna-kaligrafija3-600x600.jpg 600w, https:\/\/literaskaligrafija.si\/wp-content\/uploads\/2024\/05\/Moderna-kaligrafija3-100x100.jpg 100w, https:\/\/literaskaligrafija.si\/wp-content\/uploads\/2024\/05\/Moderna-kaligrafija3-50x50.jpg 50w\" sizes=\"auto, (max-width: 1500px) 100vw, 1500px\" \/><p id=\"caption-attachment-8472\" class=\"wp-caption-text\">Das Alphabet der modernen Kalligraphie<\/p><\/div>\n<p>&nbsp;<\/p>\n<p>&nbsp;<\/p>\n<p>&nbsp;<\/p>\n<p>&nbsp;<\/p>\n<p>&nbsp;<\/p>\n<p>&nbsp;<\/p>\n<p>&nbsp;<\/p>\n<p>&nbsp;<\/p>","protected":false},"excerpt":{"rendered":"<p><strong>Kreatives Geschenk (Unikat) - Kalligraphie-Set (personalisiert) - F\u00dcR M\u00c4DCHEN<\/strong><\/p>\n<p>Auch als Geschenk f\u00fcr Lehrer oder Erzieher geeignet.<\/p>\n<p>&nbsp;<\/p>","protected":false},"featured_media":8520,"comment_status":"open","ping_status":"closed","template":"","meta":{"content-type":"","inline_featured_image":false},"product_brand":[],"product_cat":[339,329,526,413,412,414],"product_tag":[244],"class_list":{"0":"post-8515","1":"product","2":"type-product","3":"status-publish","4":"has-post-thumbnail","6":"product_cat-bozicna-darila","7":"product_cat-kaligrafija","8":"product_cat-komplet-za-kaligrafijo","9":"product_cat-materinski-dan","10":"product_cat-slovenska-dediscina-in-ponos","11":"product_cat-za-uciteljice","12":"product_tag-kaligrafski-tecaj","13":"product_shipping_class-postnina","15":"first","16":"instock","17":"featured","18":"taxable","19":"shipping-taxable","20":"purchasable","21":"product-type-simple"},"bundled_by":[],"bundle_stock_status":"instock","bundle_stock_quantity":12,"bundle_virtual":false,"bundle_layout":"","bundle_add_to_cart_form_location":"","bundle_editable_in_cart":false,"bundle_sold_individually_context":"","bundle_item_grouping":"","bundle_min_size":"","bundle_max_size":"","bundle_price":[],"bundled_items":[],"bundle_sell_ids":[],"jetpack_sharing_enabled":true,"_links":{"self":[{"href":"https:\/\/literaskaligrafija.si\/de\/wp-json\/wp\/v2\/product\/8515","targetHints":{"allow":["GET"]}}],"collection":[{"href":"https:\/\/literaskaligrafija.si\/de\/wp-json\/wp\/v2\/product"}],"about":[{"href":"https:\/\/literaskaligrafija.si\/de\/wp-json\/wp\/v2\/types\/product"}],"replies":[{"embeddable":true,"href":"https:\/\/literaskaligrafija.si\/de\/wp-json\/wp\/v2\/comments?post=8515"}],"wp:featuredmedia":[{"embeddable":true,"href":"https:\/\/literaskaligrafija.si\/de\/wp-json\/wp\/v2\/media\/8520"}],"wp:attachment":[{"href":"https:\/\/literaskaligrafija.si\/de\/wp-json\/wp\/v2\/media?parent=8515"}],"wp:term":[{"taxonomy":"product_brand","embeddable":true,"href":"https:\/\/literaskaligrafija.si\/de\/wp-json\/wp\/v2\/product_brand?post=8515"},{"taxonomy":"product_cat","embeddable":true,"href":"https:\/\/literaskaligrafija.si\/de\/wp-json\/wp\/v2\/product_cat?post=8515"},{"taxonomy":"product_tag","embeddable":true,"href":"https:\/\/literaskaligrafija.si\/de\/wp-json\/wp\/v2\/product_tag?post=8515"}],"curies":[{"name":"wp","href":"https:\/\/api.w.org\/{rel}","templated":true}]}}