{"id":8537,"date":"2024-05-23T23:20:04","date_gmt":"2024-05-23T21:20:04","guid":{"rendered":"https:\/\/literaskaligrafija.si\/?post_type=product&#038;p=8537"},"modified":"2025-10-23T18:16:57","modified_gmt":"2025-10-23T16:16:57","slug":"kalligraphie-kupferstich-buchstaben-cerknica-21-marz-6","status":"publish","type":"product","link":"https:\/\/literaskaligrafija.si\/de\/izdelek\/moderna-kaligrafija-2\/","title":{"rendered":"Kalligrafie-Bausatz - Moderne Kalligrafie"},"content":{"rendered":"<div class=\"flex-shrink-0 flex flex-col relative items-end\">\n<div class=\"pt-0\">\n<div class=\"gizmo-bot-avatar flex h-8 w-8 items-center justify-center overflow-hidden rounded-full\">\n<div class=\"relative p-1 rounded-sm flex items-center justify-center bg-token-main-surface-primary text-token-text-primary h-8 w-8\">\n<p><strong>Kalligrafie-Bausatz - Moderne Kalligrafie<\/strong> enth\u00e4lt alles, was Sie brauchen, um Ihre eigene kreative Reise zu beginnen.<\/p>\n<p><strong>Kalligraphie ist die Kunst des sch\u00f6nen Schreibens<\/strong> mit speziellen Werkzeugen. Dieses Kit ist f\u00fcr diejenigen gedacht, die <strong>sch\u00f6ne und personalisierte Kunstwerke schaffen<\/strong> Sie k\u00f6nnen bequem von zu Hause aus \u00fcben, ohne Gesch\u00e4fte oder Werkst\u00e4tten aufsuchen zu m\u00fcssen, und in ihrem eigenen Tempo \u00fcben, wie es ihnen am besten passt.<\/p>\n<p><strong>Der Bausatz enth\u00e4lt:<\/strong><\/p>\n<ul>\n<li>1x Stift - Kalligraphiehalter (schr\u00e4g f\u00fcr Rechtsh\u00e4nder, gerade f\u00fcr Linksh\u00e4nder).<\/li>\n<li>2x Kalligrafiestift Nikko G - flexibler spitzer Stift.<\/li>\n<li>1x Kalligraphie-Tusche 15 ml.<\/li>\n<li>1x Pinselmarker - f\u00fcr die Gestaltung mit einem Pinselmarker.<\/li>\n<li>Ein geheftetes Heft mit Kalligraphie-Kenntnissen, Proportionen, Grundstrichen, Buchstabenbildung, Anleitungen zur Werkzeugvorbereitung und einem kompletten Alphabet, das vorcollagiert ist.<\/li>\n<li>Lines - eigenst\u00e4ndige \u00dcbungsbl\u00e4tter mit vorgedruckten Aufw\u00e4rm\u00fcbungen, Grundstrichen und Buchstaben zum \u00dcberschreiben.<\/li>\n<li>Ein Beispiel f\u00fcr einen k\u00fcrzeren schriftlichen Text.<\/li>\n<li>Namenskarte mit Ihrem Namen.<\/li>\n<\/ul>\n<p><strong>Produktmerkmale:<\/strong><\/p>\n<ul>\n<li>Das perfekte Geschenk: ideal f\u00fcr Geburtstage, Jubil\u00e4en oder f\u00fcr alle, die sich f\u00fcr Kunst und Kunsthandwerk begeistern.<\/li>\n<li>Universell einsetzbar: geeignet f\u00fcr alle K\u00f6nnensstufen - vom Anf\u00e4nger bis zum erfahrenen Enthusiasten.<\/li>\n<li>Elegantes Design: Jedes Element ist mit viel Liebe zum Detail gestaltet.<\/li>\n<li>Inspiration und Kreativit\u00e4t: Das Kit f\u00f6rdert den k\u00fcnstlerischen Ausdruck und die Erkundung kalligrafischer Stile.<\/li>\n<\/ul>\n<p><strong>Lieferung<\/strong><\/p>\n<ul>\n<li>Aus Gr\u00fcnden der Personalisierung wird das Produkt innerhalb einer Woche fertiggestellt und versandt. <strong>5 bis 7 Arbeitstage.<\/strong> Wenn das Produkt als Geschenk gedacht ist, kontaktieren Sie uns bitte f\u00fcr eine fr\u00fchzeitige Produktion.<\/li>\n<\/ul>\n<p><strong>Wie \u00fcben wir?<\/strong><\/p>\n<ul>\n<li>Es ist auf jeden Fall eine gute Idee, sich etwas Zeit zu nehmen, um die Grundlagen der Kalligrafie zu erlernen. Ich wei\u00df, es gibt eine Menge Nervenkitzel, aber lassen Sie das Notwendige nicht aus:<\/li>\n<li>Zur K\u00f6rperhaltung beim Schreiben<\/li>\n<li>W\u00f6rterb\u00fccher f\u00fcr kalligrafische W\u00f6rter<\/li>\n<li>Halten Sie den Stift<\/li>\n<li>Halten Sie Ihre Stifte bereit<\/li>\n<li>Was kann ich tun, damit die Tinte \u00fcberhaupt eine Spur hinterl\u00e4sst?<\/li>\n<li>Ein paar grundlegende Schritte<\/li>\n<li>Zur Gruppierung in Buchstaben.<\/li>\n<\/ul>\n<p><strong>Es k\u00f6nnen auch einige Nebenwirkungen auftreten, f\u00fcr die wir nicht verantwortlich sind:<\/strong><\/p>\n<ul>\n<li>Erh\u00f6htes Sedierungsrisiko: Regelm\u00e4\u00dfiges \u00dcben der Kalligraphie kann zu unerwarteten<\/li>\n<li>Ausbr\u00fcche von Frieden und Ruhe, die in einen angenehmen meditativen Zustand \u00fcbergehen k\u00f6nnen.<\/li>\n<li>Pl\u00f6tzliche Sensibilit\u00e4t f\u00fcr Sch\u00f6nheit: Sie haben vielleicht eine erh\u00f6hte F\u00e4higkeit, Sch\u00f6nheit in den Formen und Mustern, die Sie umgeben, wahrzunehmen.<\/li>\n<li>Verbesserte Konzentration: Erwarten Sie, dass Sie sich besser konzentrieren k\u00f6nnen, so dass Sie auch die kleinsten Details in Ihrer Umgebung wahrnehmen k\u00f6nnen.<\/li>\n<li>Kreativit\u00e4tssch\u00fcbe mit zus\u00e4tzlichem Risiko: Rechnen Sie mit einer erh\u00f6hten Wahrscheinlichkeit, dass Sie anfangen, personalisierte Karten f\u00fcr alle Feiertage anzufertigen, auch f\u00fcr die, die Sie noch nicht gefeiert haben - nur als Vorwand, um mehr Kalligrafie zu machen.<\/li>\n<li>Ein ver\u00e4ndertes Weltbild: Diese T\u00e4tigkeit kann Ihr Weltbild dauerhaft ver\u00e4ndern, Ihre Lebensqualit\u00e4t verbessern und Ihre Schreibwarensammlung schlagartig vergr\u00f6\u00dfern.<\/li>\n<\/ul>\n<\/div>\n<\/div>\n<\/div>\n<\/div>\n<div id=\"attachment_9103\" style=\"width: 1510px\" class=\"wp-caption alignnone\"><img loading=\"lazy\" decoding=\"async\" aria-describedby=\"caption-attachment-9103\" class=\"wp-image-9103 size-full\" src=\"https:\/\/literaskaligrafija.si\/wp-content\/uploads\/2024\/05\/Moderna-prikaz.jpg\" alt=\"Moderne Kalligrafie mit Zlatka\" width=\"1500\" height=\"1500\" srcset=\"https:\/\/literaskaligrafija.si\/wp-content\/uploads\/2024\/05\/Moderna-prikaz.jpg 1500w, https:\/\/literaskaligrafija.si\/wp-content\/uploads\/2024\/05\/Moderna-prikaz-300x300.jpg 300w, https:\/\/literaskaligrafija.si\/wp-content\/uploads\/2024\/05\/Moderna-prikaz-1024x1024.jpg 1024w, https:\/\/literaskaligrafija.si\/wp-content\/uploads\/2024\/05\/Moderna-prikaz-150x150.jpg 150w, https:\/\/literaskaligrafija.si\/wp-content\/uploads\/2024\/05\/Moderna-prikaz-768x768.jpg 768w, https:\/\/literaskaligrafija.si\/wp-content\/uploads\/2024\/05\/Moderna-prikaz-12x12.jpg 12w, https:\/\/literaskaligrafija.si\/wp-content\/uploads\/2024\/05\/Moderna-prikaz-550x550.jpg 550w, https:\/\/literaskaligrafija.si\/wp-content\/uploads\/2024\/05\/Moderna-prikaz-1000x1000.jpg 1000w, https:\/\/literaskaligrafija.si\/wp-content\/uploads\/2024\/05\/Moderna-prikaz-400x400.jpg 400w, https:\/\/literaskaligrafija.si\/wp-content\/uploads\/2024\/05\/Moderna-prikaz-600x600.jpg 600w, https:\/\/literaskaligrafija.si\/wp-content\/uploads\/2024\/05\/Moderna-prikaz-100x100.jpg 100w, https:\/\/literaskaligrafija.si\/wp-content\/uploads\/2024\/05\/Moderna-prikaz-50x50.jpg 50w\" sizes=\"auto, (max-width: 1500px) 100vw, 1500px\" \/><p id=\"caption-attachment-9103\" class=\"wp-caption-text\">Modern Calligraphy Workbook. Kalligrafie und Visualisierung von Zlatka Trstenjak Rampre<\/p><\/div>\n<p>&nbsp;<\/p>\n<p>&nbsp;<\/p>\n<div id=\"attachment_8538\" style=\"width: 1071px\" class=\"wp-caption aligncenter\"><img loading=\"lazy\" decoding=\"async\" aria-describedby=\"caption-attachment-8538\" class=\"wp-image-8538 size-full\" src=\"https:\/\/literaskaligrafija.si\/wp-content\/uploads\/2024\/05\/Modernaset1.jpg\" alt=\"Moderne Kalligrafie - Kreativset\" width=\"1061\" height=\"1500\" srcset=\"https:\/\/literaskaligrafija.si\/wp-content\/uploads\/2024\/05\/Modernaset1.jpg 1061w, https:\/\/literaskaligrafija.si\/wp-content\/uploads\/2024\/05\/Modernaset1-212x300.jpg 212w, https:\/\/literaskaligrafija.si\/wp-content\/uploads\/2024\/05\/Modernaset1-724x1024.jpg 724w, https:\/\/literaskaligrafija.si\/wp-content\/uploads\/2024\/05\/Modernaset1-768x1086.jpg 768w, https:\/\/literaskaligrafija.si\/wp-content\/uploads\/2024\/05\/Modernaset1-8x12.jpg 8w, https:\/\/literaskaligrafija.si\/wp-content\/uploads\/2024\/05\/Modernaset1-600x848.jpg 600w\" sizes=\"auto, (max-width: 1061px) 100vw, 1061px\" \/><p id=\"caption-attachment-8538\" class=\"wp-caption-text\">Ein kursiver Stift mit vorgedruckten Buchstaben zum \u00dcben.<\/p><\/div>\n<p><img loading=\"lazy\" decoding=\"async\" class=\"size-full wp-image-8471\" src=\"https:\/\/literaskaligrafija.si\/wp-content\/uploads\/2024\/05\/Moderna-kaligrafija2.jpg\" alt=\"Moderne Kalligraphie\" width=\"1500\" height=\"1500\" srcset=\"https:\/\/literaskaligrafija.si\/wp-content\/uploads\/2024\/05\/Moderna-kaligrafija2.jpg 1500w, https:\/\/literaskaligrafija.si\/wp-content\/uploads\/2024\/05\/Moderna-kaligrafija2-300x300.jpg 300w, https:\/\/literaskaligrafija.si\/wp-content\/uploads\/2024\/05\/Moderna-kaligrafija2-1024x1024.jpg 1024w, https:\/\/literaskaligrafija.si\/wp-content\/uploads\/2024\/05\/Moderna-kaligrafija2-150x150.jpg 150w, https:\/\/literaskaligrafija.si\/wp-content\/uploads\/2024\/05\/Moderna-kaligrafija2-768x768.jpg 768w, https:\/\/literaskaligrafija.si\/wp-content\/uploads\/2024\/05\/Moderna-kaligrafija2-12x12.jpg 12w, https:\/\/literaskaligrafija.si\/wp-content\/uploads\/2024\/05\/Moderna-kaligrafija2-550x550.jpg 550w, https:\/\/literaskaligrafija.si\/wp-content\/uploads\/2024\/05\/Moderna-kaligrafija2-1000x1000.jpg 1000w, https:\/\/literaskaligrafija.si\/wp-content\/uploads\/2024\/05\/Moderna-kaligrafija2-400x400.jpg 400w, https:\/\/literaskaligrafija.si\/wp-content\/uploads\/2024\/05\/Moderna-kaligrafija2-600x600.jpg 600w, https:\/\/literaskaligrafija.si\/wp-content\/uploads\/2024\/05\/Moderna-kaligrafija2-100x100.jpg 100w, https:\/\/literaskaligrafija.si\/wp-content\/uploads\/2024\/05\/Moderna-kaligrafija2-50x50.jpg 50w\" sizes=\"auto, (max-width: 1500px) 100vw, 1500px\" \/><\/p>\n<p>&nbsp;<\/p>\n<p>&nbsp;<\/p>\n<div id=\"attachment_8223\" style=\"width: 1510px\" class=\"wp-caption alignnone\"><img loading=\"lazy\" decoding=\"async\" aria-describedby=\"caption-attachment-8223\" class=\"wp-image-8223 size-full\" src=\"https:\/\/literaskaligrafija.si\/wp-content\/uploads\/2024\/01\/1Rocaj-za-kaligrafijo-rotated.jpg\" alt=\"Kalligraphie-Stift - Schr\u00e4ger Stifthalter - geeignet f\u00fcr Rechtsh\u00e4nder\" width=\"1500\" height=\"1500\" srcset=\"https:\/\/literaskaligrafija.si\/wp-content\/uploads\/2024\/01\/1Rocaj-za-kaligrafijo-rotated.jpg 1500w, https:\/\/literaskaligrafija.si\/wp-content\/uploads\/2024\/01\/1Rocaj-za-kaligrafijo-300x300.jpg 300w, https:\/\/literaskaligrafija.si\/wp-content\/uploads\/2024\/01\/1Rocaj-za-kaligrafijo-1024x1024.jpg 1024w, https:\/\/literaskaligrafija.si\/wp-content\/uploads\/2024\/01\/1Rocaj-za-kaligrafijo-150x150.jpg 150w, https:\/\/literaskaligrafija.si\/wp-content\/uploads\/2024\/01\/1Rocaj-za-kaligrafijo-768x768.jpg 768w, https:\/\/literaskaligrafija.si\/wp-content\/uploads\/2024\/01\/1Rocaj-za-kaligrafijo-12x12.jpg 12w, https:\/\/literaskaligrafija.si\/wp-content\/uploads\/2024\/01\/1Rocaj-za-kaligrafijo-550x550.jpg 550w, https:\/\/literaskaligrafija.si\/wp-content\/uploads\/2024\/01\/1Rocaj-za-kaligrafijo-1000x1000.jpg 1000w, https:\/\/literaskaligrafija.si\/wp-content\/uploads\/2024\/01\/1Rocaj-za-kaligrafijo-400x400.jpg 400w, https:\/\/literaskaligrafija.si\/wp-content\/uploads\/2024\/01\/1Rocaj-za-kaligrafijo-600x600.jpg 600w, https:\/\/literaskaligrafija.si\/wp-content\/uploads\/2024\/01\/1Rocaj-za-kaligrafijo-100x100.jpg 100w, https:\/\/literaskaligrafija.si\/wp-content\/uploads\/2024\/01\/1Rocaj-za-kaligrafijo-50x50.jpg 50w\" sizes=\"auto, (max-width: 1500px) 100vw, 1500px\" \/><p id=\"caption-attachment-8223\" class=\"wp-caption-text\">Kalligraphie-Stift - Schr\u00e4ger Stifthalter - geeignet f\u00fcr Rechtsh\u00e4nder<\/p><\/div>\n<p>&nbsp;<\/p>\n<div id=\"attachment_8688\" style=\"width: 1510px\" class=\"wp-caption alignnone\"><img loading=\"lazy\" decoding=\"async\" aria-describedby=\"caption-attachment-8688\" class=\"wp-image-8688 size-full\" src=\"https:\/\/literaskaligrafija.si\/wp-content\/uploads\/2024\/05\/Raven.jpg\" alt=\"Kalligrafie - Kreativ-Kit\" width=\"1500\" height=\"1500\" srcset=\"https:\/\/literaskaligrafija.si\/wp-content\/uploads\/2024\/05\/Raven.jpg 1500w, https:\/\/literaskaligrafija.si\/wp-content\/uploads\/2024\/05\/Raven-300x300.jpg 300w, https:\/\/literaskaligrafija.si\/wp-content\/uploads\/2024\/05\/Raven-1024x1024.jpg 1024w, https:\/\/literaskaligrafija.si\/wp-content\/uploads\/2024\/05\/Raven-150x150.jpg 150w, https:\/\/literaskaligrafija.si\/wp-content\/uploads\/2024\/05\/Raven-768x768.jpg 768w, https:\/\/literaskaligrafija.si\/wp-content\/uploads\/2024\/05\/Raven-12x12.jpg 12w, https:\/\/literaskaligrafija.si\/wp-content\/uploads\/2024\/05\/Raven-550x550.jpg 550w, https:\/\/literaskaligrafija.si\/wp-content\/uploads\/2024\/05\/Raven-1000x1000.jpg 1000w, https:\/\/literaskaligrafija.si\/wp-content\/uploads\/2024\/05\/Raven-400x400.jpg 400w, https:\/\/literaskaligrafija.si\/wp-content\/uploads\/2024\/05\/Raven-600x600.jpg 600w, https:\/\/literaskaligrafija.si\/wp-content\/uploads\/2024\/05\/Raven-100x100.jpg 100w, https:\/\/literaskaligrafija.si\/wp-content\/uploads\/2024\/05\/Raven-50x50.jpg 50w\" sizes=\"auto, (max-width: 1500px) 100vw, 1500px\" \/><p id=\"caption-attachment-8688\" class=\"wp-caption-text\">Flacher Stift f\u00fcr Kalligraphie - geeignet f\u00fcr Links- und Rechtsh\u00e4nder.<\/p><\/div>\n<p>&nbsp;<\/p>\n<p>&nbsp;<\/p>\n<p>&nbsp;<\/p>\n<p>&nbsp;<\/p>\n<p>&nbsp;<\/p>","protected":false},"excerpt":{"rendered":"<p><strong>Kalligrafie-Bausatz - Moderne Kalligrafie<\/strong> enth\u00e4lt alles, was Sie brauchen, um Ihre eigene kreative Reise zu beginnen.<\/p>\n<p>&nbsp;<\/p>","protected":false},"featured_media":9103,"comment_status":"open","ping_status":"closed","template":"","meta":{"content-type":"","inline_featured_image":false},"product_brand":[],"product_cat":[339,251,329,526,398,413,379,377,415,414],"product_tag":[244],"class_list":{"0":"post-8537","1":"product","2":"type-product","3":"status-publish","4":"has-post-thumbnail","6":"product_cat-bozicna-darila","7":"product_cat-darila","8":"product_cat-kaligrafija","9":"product_cat-komplet-za-kaligrafijo","10":"product_cat-krst-obhajilo-birma","11":"product_cat-materinski-dan","12":"product_cat-obletnica","13":"product_cat-rojstni-dan","14":"product_cat-valentinovo","15":"product_cat-za-uciteljice","16":"product_tag-kaligrafski-tecaj","17":"product_shipping_class-postnina","19":"first","20":"instock","21":"featured","22":"purchasable","23":"product-type-simple"},"bundled_by":[],"bundle_stock_status":"instock","bundle_stock_quantity":null,"bundle_virtual":false,"bundle_layout":"","bundle_add_to_cart_form_location":"","bundle_editable_in_cart":false,"bundle_sold_individually_context":"","bundle_item_grouping":"","bundle_min_size":"","bundle_max_size":"","bundle_price":[],"bundled_items":[],"bundle_sell_ids":[],"jetpack_sharing_enabled":true,"_links":{"self":[{"href":"https:\/\/literaskaligrafija.si\/de\/wp-json\/wp\/v2\/product\/8537","targetHints":{"allow":["GET"]}}],"collection":[{"href":"https:\/\/literaskaligrafija.si\/de\/wp-json\/wp\/v2\/product"}],"about":[{"href":"https:\/\/literaskaligrafija.si\/de\/wp-json\/wp\/v2\/types\/product"}],"replies":[{"embeddable":true,"href":"https:\/\/literaskaligrafija.si\/de\/wp-json\/wp\/v2\/comments?post=8537"}],"wp:featuredmedia":[{"embeddable":true,"href":"https:\/\/literaskaligrafija.si\/de\/wp-json\/wp\/v2\/media\/9103"}],"wp:attachment":[{"href":"https:\/\/literaskaligrafija.si\/de\/wp-json\/wp\/v2\/media?parent=8537"}],"wp:term":[{"taxonomy":"product_brand","embeddable":true,"href":"https:\/\/literaskaligrafija.si\/de\/wp-json\/wp\/v2\/product_brand?post=8537"},{"taxonomy":"product_cat","embeddable":true,"href":"https:\/\/literaskaligrafija.si\/de\/wp-json\/wp\/v2\/product_cat?post=8537"},{"taxonomy":"product_tag","embeddable":true,"href":"https:\/\/literaskaligrafija.si\/de\/wp-json\/wp\/v2\/product_tag?post=8537"}],"curies":[{"name":"wp","href":"https:\/\/api.w.org\/{rel}","templated":true}]}}