{"id":8663,"date":"2024-06-26T10:35:02","date_gmt":"2024-06-26T08:35:02","guid":{"rendered":"https:\/\/literaskaligrafija.si\/?post_type=product&#038;p=8663"},"modified":"2025-10-23T18:11:53","modified_gmt":"2025-10-23T16:11:53","slug":"kalligraphie-kupferstich-buchstaben-cerknica-21-marz-7","status":"publish","type":"product","link":"https:\/\/literaskaligrafija.si\/de\/izdelek\/kaligrafija-crtalnik\/","title":{"rendered":"Kalligrafie Kupferstich - Verschiedene A4 hoch (25 Bl\u00e4tter)"},"content":{"rendered":"<p><strong>Kalligrafie Kupferstich - Verschiedene A4 hoch (25 Bl\u00e4tter)<\/strong><\/p>\n<p>Haben Sie die Grundlagen der Kupferstich-Kalligraphie in verschiedenen Kursen oder Workshops erlernt?  M\u00f6chten Sie Ihre F\u00e4higkeiten auf die n\u00e4chste Stufe heben?<\/p>\n<p>Wir haben eine Reihe von Markierstiften, die Ihnen die Zeit und M\u00fche ersparen, st\u00e4ndig auf Papier schlechter Qualit\u00e4t zu drucken oder Linien zu zeichnen.  Mit diesem Stift, der auf hochwertigem 120-g-Papier gedruckt ist, damit die Tinte nicht versch\u00fcttet wird, erzielen Sie beste Ergebnisse.<\/p>\n<p>Sie k\u00f6nnen sie auch \u00fcber die Lichtleiste verwenden, um zeitaufw\u00e4ndiges Zeichnen von Linien zu vermeiden.<\/p>\n<p><strong>Was ist in dem Produkt enthalten?<\/strong><\/p>\n<ul>\n<li>Hochwertiges Papier: gedruckt auf 120 g Papier, damit keine Tinte versch\u00fcttet wird.<\/li>\n<li>55\u00b0 Neigung: perfekte Neigung f\u00fcr die Schriftart Copperplate. Die Neigungslinien sind dunkel genug, um eine gleichm\u00e4\u00dfige Neigung der Schrift \u00fcber die gesamte \u00dcbung oder das gesamte Produkt zu gew\u00e4hrleisten.<\/li>\n<li>Die Packung enth\u00e4lt 25 Blatt hochwertiges Papier. Ihr Stift gleitet, ohne sich zu verhaken.<\/li>\n<\/ul>\n<p><strong>Warum unsere Stifte verwenden?<\/strong><\/p>\n<ul>\n<li>Zeitersparnis: kein Zeichnen und Nachzeichnen von Linien f\u00fcr die Kalligraphie mehr. Kein st\u00e4ndiges Drucken und Suchen nach dem perfekten Papier mehr; \u00fcben Sie auf professionellem Papier.<\/li>\n<li>Ideal f\u00fcr Amateure und fortgeschrittene Kalligraphen: Entwickelt f\u00fcr diejenigen, die bereits die Grundlagen der Kupferstich-Kalligraphie kennen und die Zusammenh\u00e4nge verstehen.<\/li>\n<li>Der beste Effekt: Verwenden Sie die stark deckende Sumi-Tinte, um die besten Ergebnisse zu erzielen.<\/li>\n<li>Sehr glattes Papier: Papier, das sich f\u00fcr pr\u00e4zises \u00dcben eignet und sich beim Kontakt mit der Tinte nicht w\u00f6lbt.<\/li>\n<li>Optimale Papierausnutzung: Dieser Radiergummi hat viele Linien zum \u00dcben und erm\u00f6glicht eine optimale Papierausnutzung.<\/li>\n<\/ul>\n<p><strong>W\u00e4hlen Sie das richtige Bleistiftverh\u00e4ltnis<\/strong><\/p>\n<p>Verh\u00e4ltnis 3:2:3 oder 9\/6\/9 mm (H\u00f6he X 6 mm, Anstieg und Abfall 9 mm)<br \/>\nVerh\u00e4ltnis 1:1:1 oder 6\/6\/6 mm (H\u00f6he X 6 mm, Anstieg und Abfall 6 mm)<br \/>\nVerh\u00e4ltnis 3:2:3 oder 7,5\/5\/7,5 mm (H\u00f6he x 5 mm, Anstieg und Abfall 7,5 mm)<br \/>\nVerh\u00e4ltnis 1:1:1 oder 5\/5\/5 mm (H\u00f6he X 5 mm, Anstieg und Abfall 5 mm)<br \/>\nVerh\u00e4ltnis 3:2:3 oder 6\/4\/6mm (H\u00f6he X 4 mm, Anstieg und Abfall 6 mm)<br \/>\nVerh\u00e4ltnis 1:1:1 oder 4\/4\/4 mm (H\u00f6he X 4 mm, Anstieg und Abfall 4 mm)<\/p>\n<p>&nbsp;<\/p>\n<ul>\n<li>Das f\u00fcr unseren Radiergummi verwendete Papier ist von au\u00dfergew\u00f6hnlicher Qualit\u00e4t. Mit einem Gewicht von 120 g bietet es eine ideale Oberfl\u00e4che f\u00fcr Kalligraphietinte, die nicht versch\u00fcttet wird und pr\u00e4zise Striche erm\u00f6glicht. Das ist besonders wichtig f\u00fcr diejenigen unter Ihnen, die fortgeschrittene Kalligrafie betreiben und professionelle Ergebnisse erzielen wollen. Die sch\u00f6nste Wirkung erzielen Sie mit der hochdeckenden Sumi-Tusche, die Ihren Buchstaben Tiefe und Eleganz verleiht.<\/li>\n<li>Perfekte Proportionen und Tonh\u00f6hen f\u00fcr Meister der Kalligraphie<\/li>\n<li>Dieser Stift ist ideal zum \u00dcben von kalligrafischen Linien mit einer Neigung von 55\u00b0, die optimal f\u00fcr sch\u00f6ne und pr\u00e4zise Kupferstich-Kalligrafie ist.<\/li>\n<li>Die Proportionen sind f\u00fcr optimale \u00dcbung und perfekte Ausf\u00fchrung der kalligrafischen Striche angepasst. Mit diesen Markern erreichen Sie Konsistenz und Pr\u00e4zision in Ihrer Schrift, was f\u00fcr jeden Kalligraphen unerl\u00e4sslich ist.<\/li>\n<li>Einer der gr\u00f6\u00dften Vorteile unseres Bleistiftspitzers ist die Zeit und M\u00fche, die er Ihnen bei der Suche nach dem richtigen Papier oder beim Zeichnen von Linien erspart.  Anstatt st\u00e4ndig Linien auf minderwertigem Papier auszudrucken, k\u00f6nnen Sie jetzt auf hochwertigem Papier \u00fcben, das speziell f\u00fcr die Kalligrafie entwickelt wurde. Auf diese Weise k\u00f6nnen Sie sich voll und ganz Ihrer Kunst widmen und ohne unn\u00f6tige Unterbrechungen und Frustration die besten Ergebnisse erzielen.<\/li>\n<\/ul>\n<p><strong>Ideal f\u00fcr fortgeschrittene Kalligraphen und Kalligraphie-Liebhaber<\/strong><\/p>\n<p>&nbsp;<\/p>","protected":false},"excerpt":{"rendered":"<p><strong>Kalligrafie Kupferstich - Verschiedene A4 hoch (25 Bl\u00e4tter)<\/strong><\/p>\n<p>&nbsp;<\/p>","protected":false},"featured_media":8976,"comment_status":"open","ping_status":"closed","template":"","meta":{"content-type":"","inline_featured_image":false},"product_brand":[],"product_cat":[329,527],"product_tag":[244],"class_list":{"0":"post-8663","1":"product","2":"type-product","3":"status-publish","4":"has-post-thumbnail","6":"product_cat-kaligrafija","7":"product_cat-pripomocki-za-kaligrafijo","8":"product_tag-kaligrafski-tecaj","9":"product_shipping_class-postnina","11":"first","12":"instock","13":"featured","14":"taxable","15":"shipping-taxable","16":"purchasable","17":"product-type-simple"},"bundled_by":[],"bundle_stock_status":"instock","bundle_stock_quantity":28,"bundle_virtual":false,"bundle_layout":"","bundle_add_to_cart_form_location":"","bundle_editable_in_cart":false,"bundle_sold_individually_context":"","bundle_item_grouping":"","bundle_min_size":"","bundle_max_size":"","bundle_price":[],"bundled_items":[],"bundle_sell_ids":[],"jetpack_sharing_enabled":true,"_links":{"self":[{"href":"https:\/\/literaskaligrafija.si\/de\/wp-json\/wp\/v2\/product\/8663","targetHints":{"allow":["GET"]}}],"collection":[{"href":"https:\/\/literaskaligrafija.si\/de\/wp-json\/wp\/v2\/product"}],"about":[{"href":"https:\/\/literaskaligrafija.si\/de\/wp-json\/wp\/v2\/types\/product"}],"replies":[{"embeddable":true,"href":"https:\/\/literaskaligrafija.si\/de\/wp-json\/wp\/v2\/comments?post=8663"}],"wp:featuredmedia":[{"embeddable":true,"href":"https:\/\/literaskaligrafija.si\/de\/wp-json\/wp\/v2\/media\/8976"}],"wp:attachment":[{"href":"https:\/\/literaskaligrafija.si\/de\/wp-json\/wp\/v2\/media?parent=8663"}],"wp:term":[{"taxonomy":"product_brand","embeddable":true,"href":"https:\/\/literaskaligrafija.si\/de\/wp-json\/wp\/v2\/product_brand?post=8663"},{"taxonomy":"product_cat","embeddable":true,"href":"https:\/\/literaskaligrafija.si\/de\/wp-json\/wp\/v2\/product_cat?post=8663"},{"taxonomy":"product_tag","embeddable":true,"href":"https:\/\/literaskaligrafija.si\/de\/wp-json\/wp\/v2\/product_tag?post=8663"}],"curies":[{"name":"wp","href":"https:\/\/api.w.org\/{rel}","templated":true}]}}