{"id":8787,"date":"2024-08-08T08:01:53","date_gmt":"2024-08-08T06:01:53","guid":{"rendered":"https:\/\/literaskaligrafija.si\/?post_type=product&#038;p=8787"},"modified":"2026-02-17T10:52:03","modified_gmt":"2026-02-17T09:52:03","slug":"kalligraphische-auflistung-uberschrift-5","status":"publish","type":"product","link":"https:\/\/literaskaligrafija.si\/de\/izdelek\/kozarci-z-imenom\/","title":{"rendered":"Kristallgl\u00e4ser (mit Namen und Gru\u00df) - Hochzeitsgeschenk (handgraviert)"},"content":{"rendered":"<p><strong>Kristallgl\u00e4ser (mit Namen und Gru\u00df) - Hochzeitsgeschenk (handgraviert)<\/strong><\/p>\n<p><strong>Dieses wundersch\u00f6ne Hochzeitsset enth\u00e4lt auch eine Gru\u00dfkarte:<\/strong><\/p>\n<ul>\n<li>Zwei Sektgl\u00e4ser mit Kristallen.<\/li>\n<li>Hand - Kalligraphie Motiv, vollst\u00e4ndig von Hand graviert.<\/li>\n<li>Eine kalligraphierte A5-Gru\u00dfkarte in einem Umschlag mit dem Namen der Person, die den Gru\u00df \u00fcberbringt.<\/li>\n<li>Der Gru\u00df wird in Gold auf eine wei\u00dfe Karte mit einem Umschlag (wei\u00df oder optional) geschrieben<\/li>\n<\/ul>\n<p>Auswahl der Zitate:<\/p>\n<ul>\n<li><strong>Viel Gl\u00fcck auf eurem gemeinsamen Lebensweg.\u00a0<\/strong><\/li>\n<li><strong>M\u00f6ge eure gemeinsame Reise euch viel Gl\u00fcck, Verst\u00e4ndnis und aufrichtige Momente bringen.\u00a0<\/strong><\/li>\n<li><strong>Aufrichtige W\u00fcnsche f\u00fcr eine Liebe, die w\u00e4chst. M\u00f6ge sie voll Gangart und Vertrauen sein.\u00a0<\/strong><\/li>\n<\/ul>\n<p>Sie k\u00f6nnen auch eine andere Nachricht mit derselben L\u00e4nge ausw\u00e4hlen.<\/p>\n<p><strong>Personalisierungsprozess:<\/strong><\/p>\n<ul>\n<li>Geben Sie den Text, den Sie auf den Gl\u00e4sern haben m\u00f6chten, in das Feld ein. Es k\u00f6nnen Namen, Initialen oder ein Monogramm sein.<\/li>\n<li>Monogramm - jedes Glas wird mit einem Monogramm graviert, das das Motiv zweier ineinander verschlungener Buchstaben, die Initialen der Namen des Paares, darstellt.<\/li>\n<li>Initiale - der erste Buchstabe des Namens wird auf jedem Glas eingraviert.<\/li>\n<li>Name - auf jedem Glas wird ein Name eingraviert.<\/li>\n<li>Wenn Sie m\u00f6chten, k\u00f6nnen Sie auch das Hochzeitsdatum hinzuf\u00fcgen.<\/li>\n<li>W\u00e4hlen Sie ein Angebot aus oder geben Sie Ihr eigenes ein.<\/li>\n<li>In den Warenkorb legen und den Kauf abschlie\u00dfen.<\/li>\n<\/ul>\n<p>Die Gravur wird mit \u00e4u\u00dferster Pr\u00e4zision erstellt <strong>Kalligraphie<\/strong>, so dass jedes Glas perfekt graviert ist.<\/p>\n<p>Ein Set mit zwei Gl\u00e4sern aus Hochzeitskristall f\u00fcr besondere Anl\u00e4sse und einem kalligraphierten Gru\u00df in einem Umschlag.  Das perfekte Geschenk f\u00fcr jedes Paar, das in ein gemeinsames Leben startet.<\/p>\n<p><strong>MONOGRAMM<\/strong><\/p>\n<p>Es handelt sich um eine dekorative Kombination aus zwei oder mehr Buchstaben, in der Regel die Initialen des Vor- und Nachnamens einer Person oder die Initialen der Namen des Hochzeitspaares. Die Buchstaben werden ineinander verschlungen und zu einer einzigen Form zusammengef\u00fcgt. Das Monogramm wird h\u00e4ufig verwendet, um Gegenst\u00e4nde, die zu besonderen Anl\u00e4ssen verschenkt werden, zu personalisieren. Sie wurden auf pers\u00f6nlichen Gegenst\u00e4nden, Urkunden und k\u00f6niglichen Insignien verwendet. Sie waren oft verschlungen und verziert und spiegelten Status und Prestige wider. Die ersten Monogramme gehen auf das antike Griechenland zur\u00fcck. Monogramme wurden zur Kennzeichnung von M\u00fcnzen und als Unterschriften reicher und m\u00e4chtiger Personen verwendet.<\/p>\n<p><img loading=\"lazy\" decoding=\"async\" class=\"alignnone size-full wp-image-9455\" src=\"https:\/\/literaskaligrafija.si\/wp-content\/uploads\/2024\/08\/Kozarcia.jpg\" alt=\"\" width=\"1500\" height=\"1500\" srcset=\"https:\/\/literaskaligrafija.si\/wp-content\/uploads\/2024\/08\/Kozarcia.jpg 1500w, https:\/\/literaskaligrafija.si\/wp-content\/uploads\/2024\/08\/Kozarcia-300x300.jpg 300w, https:\/\/literaskaligrafija.si\/wp-content\/uploads\/2024\/08\/Kozarcia-1024x1024.jpg 1024w, https:\/\/literaskaligrafija.si\/wp-content\/uploads\/2024\/08\/Kozarcia-150x150.jpg 150w, https:\/\/literaskaligrafija.si\/wp-content\/uploads\/2024\/08\/Kozarcia-768x768.jpg 768w, https:\/\/literaskaligrafija.si\/wp-content\/uploads\/2024\/08\/Kozarcia-12x12.jpg 12w, https:\/\/literaskaligrafija.si\/wp-content\/uploads\/2024\/08\/Kozarcia-550x550.jpg 550w, https:\/\/literaskaligrafija.si\/wp-content\/uploads\/2024\/08\/Kozarcia-1000x1000.jpg 1000w, https:\/\/literaskaligrafija.si\/wp-content\/uploads\/2024\/08\/Kozarcia-400x400.jpg 400w, https:\/\/literaskaligrafija.si\/wp-content\/uploads\/2024\/08\/Kozarcia-600x600.jpg 600w, https:\/\/literaskaligrafija.si\/wp-content\/uploads\/2024\/08\/Kozarcia-100x100.jpg 100w, https:\/\/literaskaligrafija.si\/wp-content\/uploads\/2024\/08\/Kozarcia-50x50.jpg 50w\" sizes=\"auto, (max-width: 1500px) 100vw, 1500px\" \/><\/p>\n<div id=\"attachment_8797\" style=\"width: 1510px\" class=\"wp-caption alignnone\"><img loading=\"lazy\" decoding=\"async\" aria-describedby=\"caption-attachment-8797\" class=\"wp-image-8797 size-full\" src=\"https:\/\/literaskaligrafija.si\/wp-content\/uploads\/2024\/08\/KM1.jpg\" alt=\"Hochzeitsgeschenk - Kristallgl\u00e4ser mit Namen oder Monogrammen\" width=\"1500\" height=\"1500\" srcset=\"https:\/\/literaskaligrafija.si\/wp-content\/uploads\/2024\/08\/KM1.jpg 1500w, https:\/\/literaskaligrafija.si\/wp-content\/uploads\/2024\/08\/KM1-300x300.jpg 300w, https:\/\/literaskaligrafija.si\/wp-content\/uploads\/2024\/08\/KM1-1024x1024.jpg 1024w, https:\/\/literaskaligrafija.si\/wp-content\/uploads\/2024\/08\/KM1-150x150.jpg 150w, https:\/\/literaskaligrafija.si\/wp-content\/uploads\/2024\/08\/KM1-768x768.jpg 768w, https:\/\/literaskaligrafija.si\/wp-content\/uploads\/2024\/08\/KM1-12x12.jpg 12w, https:\/\/literaskaligrafija.si\/wp-content\/uploads\/2024\/08\/KM1-550x550.jpg 550w, https:\/\/literaskaligrafija.si\/wp-content\/uploads\/2024\/08\/KM1-1000x1000.jpg 1000w, https:\/\/literaskaligrafija.si\/wp-content\/uploads\/2024\/08\/KM1-400x400.jpg 400w, https:\/\/literaskaligrafija.si\/wp-content\/uploads\/2024\/08\/KM1-600x600.jpg 600w, https:\/\/literaskaligrafija.si\/wp-content\/uploads\/2024\/08\/KM1-100x100.jpg 100w, https:\/\/literaskaligrafija.si\/wp-content\/uploads\/2024\/08\/KM1-50x50.jpg 50w\" sizes=\"auto, (max-width: 1500px) 100vw, 1500px\" \/><p id=\"caption-attachment-8797\" class=\"wp-caption-text\">Monogramm - Hochzeitsgeschenk<\/p><\/div>\n<p>&nbsp;<\/p>\n<p><strong>INITIAL<\/strong><\/p>\n<p>Normalerweise ist es <strong>einen einzigen Anfangsbuchstaben,<\/strong> die dekorativ gestaltet ist und h\u00e4ufig zur Personalisierung von Gegenst\u00e4nden verwendet wird. Initialen wurden im Mittelalter h\u00e4ufig verwendet und waren Teil von illuminierten Aufzeichnungen.  Sie wurden von Hand gemalt und enthielten stilisierte Pflanzen, Tiere, Fantasiewesen und Szenen. Sie waren reichhaltig mit Farben verziert und wurden mit echtem Gold illuminiert.<\/p>\n<p>Unsere Initialen und Monogramme auf den Gl\u00e4sern sind eine Version der verschn\u00f6rkelten Kalligraphie von Copperplate, die dank ihrer Kontraste zwischen zarten und kr\u00e4ftigen Strichen hervorstechen und eine besonders elegante Note haben.<\/p>\n<p><img loading=\"lazy\" decoding=\"async\" class=\"alignnone size-full wp-image-9457\" src=\"https:\/\/literaskaligrafija.si\/wp-content\/uploads\/2024\/08\/Kozarcic.jpg\" alt=\"\" width=\"1500\" height=\"1500\" srcset=\"https:\/\/literaskaligrafija.si\/wp-content\/uploads\/2024\/08\/Kozarcic.jpg 1500w, https:\/\/literaskaligrafija.si\/wp-content\/uploads\/2024\/08\/Kozarcic-300x300.jpg 300w, https:\/\/literaskaligrafija.si\/wp-content\/uploads\/2024\/08\/Kozarcic-1024x1024.jpg 1024w, https:\/\/literaskaligrafija.si\/wp-content\/uploads\/2024\/08\/Kozarcic-150x150.jpg 150w, https:\/\/literaskaligrafija.si\/wp-content\/uploads\/2024\/08\/Kozarcic-768x768.jpg 768w, https:\/\/literaskaligrafija.si\/wp-content\/uploads\/2024\/08\/Kozarcic-12x12.jpg 12w, https:\/\/literaskaligrafija.si\/wp-content\/uploads\/2024\/08\/Kozarcic-550x550.jpg 550w, https:\/\/literaskaligrafija.si\/wp-content\/uploads\/2024\/08\/Kozarcic-1000x1000.jpg 1000w, https:\/\/literaskaligrafija.si\/wp-content\/uploads\/2024\/08\/Kozarcic-400x400.jpg 400w, https:\/\/literaskaligrafija.si\/wp-content\/uploads\/2024\/08\/Kozarcic-600x600.jpg 600w, https:\/\/literaskaligrafija.si\/wp-content\/uploads\/2024\/08\/Kozarcic-100x100.jpg 100w, https:\/\/literaskaligrafija.si\/wp-content\/uploads\/2024\/08\/Kozarcic-50x50.jpg 50w\" sizes=\"auto, (max-width: 1500px) 100vw, 1500px\" \/><\/p>\n<div id=\"attachment_8803\" style=\"width: 1510px\" class=\"wp-caption alignnone\"><img loading=\"lazy\" decoding=\"async\" aria-describedby=\"caption-attachment-8803\" class=\"wp-image-8803 size-full\" src=\"https:\/\/literaskaligrafija.si\/wp-content\/uploads\/2024\/08\/KM61.jpg\" alt=\"Geschenkideen - Kristallgl\u00e4ser mit Namen - Hochzeitsgl\u00e4ser\" width=\"1500\" height=\"1500\" srcset=\"https:\/\/literaskaligrafija.si\/wp-content\/uploads\/2024\/08\/KM61.jpg 1500w, https:\/\/literaskaligrafija.si\/wp-content\/uploads\/2024\/08\/KM61-300x300.jpg 300w, https:\/\/literaskaligrafija.si\/wp-content\/uploads\/2024\/08\/KM61-1024x1024.jpg 1024w, https:\/\/literaskaligrafija.si\/wp-content\/uploads\/2024\/08\/KM61-150x150.jpg 150w, https:\/\/literaskaligrafija.si\/wp-content\/uploads\/2024\/08\/KM61-768x768.jpg 768w, https:\/\/literaskaligrafija.si\/wp-content\/uploads\/2024\/08\/KM61-12x12.jpg 12w, https:\/\/literaskaligrafija.si\/wp-content\/uploads\/2024\/08\/KM61-550x550.jpg 550w, https:\/\/literaskaligrafija.si\/wp-content\/uploads\/2024\/08\/KM61-1000x1000.jpg 1000w, https:\/\/literaskaligrafija.si\/wp-content\/uploads\/2024\/08\/KM61-400x400.jpg 400w, https:\/\/literaskaligrafija.si\/wp-content\/uploads\/2024\/08\/KM61-600x600.jpg 600w, https:\/\/literaskaligrafija.si\/wp-content\/uploads\/2024\/08\/KM61-100x100.jpg 100w, https:\/\/literaskaligrafija.si\/wp-content\/uploads\/2024\/08\/KM61-50x50.jpg 50w\" sizes=\"auto, (max-width: 1500px) 100vw, 1500px\" \/><p id=\"caption-attachment-8803\" class=\"wp-caption-text\">Handkalligraphierte Initialen Kalligraphie von Zlatka Trstenjak Rampre<\/p><\/div>\n<p>&nbsp;<\/p>\n<p><strong>NAME<\/strong><\/p>\n<p>Der Name wird auf jedem Glas vollst\u00e4ndig in einer raffinierten Kalligraphie eingraviert. Anstelle von Initialen oder einem Monogramm tr\u00e4gt jedes Glas den vollst\u00e4ndigen Namen des Brautpaares, was dem Geschenk einen pers\u00f6nlichen und emotionalen Wert verleiht.<\/p>\n<p>Personalisierte Namensgl\u00e4ser sind ein wunderbares Hochzeitsgeschenk, das dem Brautpaar lange in Erinnerung bleiben wird. Eingravierte Namen in eleganter Kalligraphie sind eine einzigartige Dekoration und ein prestigetr\u00e4chtiger Blickfang f\u00fcr Hochzeitsfeiern, Jubil\u00e4en oder besondere Anl\u00e4sse.<\/p>\n<p data-start=\"317\" data-end=\"590\"><img loading=\"lazy\" decoding=\"async\" class=\"alignnone size-full wp-image-9456\" src=\"https:\/\/literaskaligrafija.si\/wp-content\/uploads\/2024\/08\/Kozarcib.jpg\" alt=\"Hochzeitsgeschenk - Gl\u00e4ser mit Namen - von Hand graviert mit Kalligraphie\" width=\"1500\" height=\"1500\" srcset=\"https:\/\/literaskaligrafija.si\/wp-content\/uploads\/2024\/08\/Kozarcib.jpg 1500w, https:\/\/literaskaligrafija.si\/wp-content\/uploads\/2024\/08\/Kozarcib-300x300.jpg 300w, https:\/\/literaskaligrafija.si\/wp-content\/uploads\/2024\/08\/Kozarcib-1024x1024.jpg 1024w, https:\/\/literaskaligrafija.si\/wp-content\/uploads\/2024\/08\/Kozarcib-150x150.jpg 150w, https:\/\/literaskaligrafija.si\/wp-content\/uploads\/2024\/08\/Kozarcib-768x768.jpg 768w, https:\/\/literaskaligrafija.si\/wp-content\/uploads\/2024\/08\/Kozarcib-12x12.jpg 12w, https:\/\/literaskaligrafija.si\/wp-content\/uploads\/2024\/08\/Kozarcib-550x550.jpg 550w, https:\/\/literaskaligrafija.si\/wp-content\/uploads\/2024\/08\/Kozarcib-1000x1000.jpg 1000w, https:\/\/literaskaligrafija.si\/wp-content\/uploads\/2024\/08\/Kozarcib-400x400.jpg 400w, https:\/\/literaskaligrafija.si\/wp-content\/uploads\/2024\/08\/Kozarcib-600x600.jpg 600w, https:\/\/literaskaligrafija.si\/wp-content\/uploads\/2024\/08\/Kozarcib-100x100.jpg 100w, https:\/\/literaskaligrafija.si\/wp-content\/uploads\/2024\/08\/Kozarcib-50x50.jpg 50w\" sizes=\"auto, (max-width: 1500px) 100vw, 1500px\" \/><\/p>\n<div id=\"attachment_8798\" style=\"width: 1510px\" class=\"wp-caption alignnone\"><img loading=\"lazy\" decoding=\"async\" aria-describedby=\"caption-attachment-8798\" class=\"wp-image-8798 size-full\" src=\"https:\/\/literaskaligrafija.si\/wp-content\/uploads\/2024\/08\/KM2.jpg\" alt=\"Champagnergl\u00e4ser - Hochzeitsgeschenk\" width=\"1500\" height=\"1500\" srcset=\"https:\/\/literaskaligrafija.si\/wp-content\/uploads\/2024\/08\/KM2.jpg 1500w, https:\/\/literaskaligrafija.si\/wp-content\/uploads\/2024\/08\/KM2-300x300.jpg 300w, https:\/\/literaskaligrafija.si\/wp-content\/uploads\/2024\/08\/KM2-1024x1024.jpg 1024w, https:\/\/literaskaligrafija.si\/wp-content\/uploads\/2024\/08\/KM2-150x150.jpg 150w, https:\/\/literaskaligrafija.si\/wp-content\/uploads\/2024\/08\/KM2-768x768.jpg 768w, https:\/\/literaskaligrafija.si\/wp-content\/uploads\/2024\/08\/KM2-12x12.jpg 12w, https:\/\/literaskaligrafija.si\/wp-content\/uploads\/2024\/08\/KM2-550x550.jpg 550w, https:\/\/literaskaligrafija.si\/wp-content\/uploads\/2024\/08\/KM2-1000x1000.jpg 1000w, https:\/\/literaskaligrafija.si\/wp-content\/uploads\/2024\/08\/KM2-400x400.jpg 400w, https:\/\/literaskaligrafija.si\/wp-content\/uploads\/2024\/08\/KM2-600x600.jpg 600w, https:\/\/literaskaligrafija.si\/wp-content\/uploads\/2024\/08\/KM2-100x100.jpg 100w, https:\/\/literaskaligrafija.si\/wp-content\/uploads\/2024\/08\/KM2-50x50.jpg 50w\" sizes=\"auto, (max-width: 1500px) 100vw, 1500px\" \/><p id=\"caption-attachment-8798\" class=\"wp-caption-text\">Hochzeitsgl\u00e4ser mit Namen. Kalligraphie von Zlatka Trstenjak Rampre<\/p><\/div>\n<p>&nbsp;<\/p>\n<p>&nbsp;<\/p>\n<p>&nbsp;<\/p>\n<p>&nbsp;<\/p>","protected":false},"excerpt":{"rendered":"<p style=\"margin: 0cm\">Kristallgl\u00e4ser (mit Namen und Gru\u00df) - Hochzeitsgeschenk (handgraviert)<\/p>\n<p>Handgravierte Gl\u00e4ser sind ein wunderbares, einzigartiges Geschenk.<\/p>\n<p>Die Produktionszeit betr\u00e4gt etwa sieben (7) Arbeitstage.<\/p>\n<p>&nbsp;<\/p>\n<p>&nbsp;<\/p>","protected":false},"featured_media":9701,"comment_status":"open","ping_status":"closed","template":"","meta":{"content-type":"","inline_featured_image":false},"product_brand":[],"product_cat":[251,340,410,379,403,378,415],"product_tag":[352,351,353,276],"class_list":{"0":"post-8787","1":"product","2":"type-product","3":"status-publish","4":"has-post-thumbnail","6":"product_cat-darila","7":"product_cat-graviranje","8":"product_cat-graviranje-na-izdelke","9":"product_cat-obletnica","10":"product_cat-poroka","11":"product_cat-poroka-vabila","12":"product_cat-valentinovo","13":"product_tag-kozarci-z-imenom","14":"product_tag-porocni-kozarci","15":"product_tag-porocno-darilo","16":"product_tag-unikatno-darilo","17":"product_shipping_class-postnina","19":"first","20":"instock","21":"taxable","22":"shipping-taxable","23":"purchasable","24":"product-type-simple"},"bundled_by":[],"bundle_stock_status":"instock","bundle_stock_quantity":null,"bundle_virtual":false,"bundle_layout":"","bundle_add_to_cart_form_location":"","bundle_editable_in_cart":false,"bundle_sold_individually_context":"","bundle_item_grouping":"","bundle_min_size":"","bundle_max_size":"","bundle_price":[],"bundled_items":[],"bundle_sell_ids":[],"jetpack_sharing_enabled":true,"_links":{"self":[{"href":"https:\/\/literaskaligrafija.si\/de\/wp-json\/wp\/v2\/product\/8787","targetHints":{"allow":["GET"]}}],"collection":[{"href":"https:\/\/literaskaligrafija.si\/de\/wp-json\/wp\/v2\/product"}],"about":[{"href":"https:\/\/literaskaligrafija.si\/de\/wp-json\/wp\/v2\/types\/product"}],"replies":[{"embeddable":true,"href":"https:\/\/literaskaligrafija.si\/de\/wp-json\/wp\/v2\/comments?post=8787"}],"wp:featuredmedia":[{"embeddable":true,"href":"https:\/\/literaskaligrafija.si\/de\/wp-json\/wp\/v2\/media\/9701"}],"wp:attachment":[{"href":"https:\/\/literaskaligrafija.si\/de\/wp-json\/wp\/v2\/media?parent=8787"}],"wp:term":[{"taxonomy":"product_brand","embeddable":true,"href":"https:\/\/literaskaligrafija.si\/de\/wp-json\/wp\/v2\/product_brand?post=8787"},{"taxonomy":"product_cat","embeddable":true,"href":"https:\/\/literaskaligrafija.si\/de\/wp-json\/wp\/v2\/product_cat?post=8787"},{"taxonomy":"product_tag","embeddable":true,"href":"https:\/\/literaskaligrafija.si\/de\/wp-json\/wp\/v2\/product_tag?post=8787"}],"curies":[{"name":"wp","href":"https:\/\/api.w.org\/{rel}","templated":true}]}}