{"id":8909,"date":"2024-10-04T13:21:18","date_gmt":"2024-10-04T11:21:18","guid":{"rendered":"https:\/\/literaskaligrafija.si\/?post_type=product&#038;p=8909"},"modified":"2026-02-17T18:46:59","modified_gmt":"2026-02-17T17:46:59","slug":"coco-chanel-mademoiselle-parfum-mit-handgravur-2","status":"publish","type":"product","link":"https:\/\/literaskaligrafija.si\/de\/izdelek\/graviranje-na-parfum\/","title":{"rendered":"Kalligrafie-Gravur auf Ihrem Lieblingsparf\u00fcm"},"content":{"rendered":"<div class=\"wpb-content-wrapper\"><div class=\"vc_row wpb_row vc_row-fluid qodef-section qodef-content-aligment-left\" style=\"\"><div class=\"clearfix qodef-full-section-inner\"><div class=\"wpb_column vc_column_container vc_col-sm-6\"><div class=\"vc_column-inner\"><div class=\"wpb_wrapper\"><div class=\"vc_empty_space\"   style=\"height: 32px\"><span class=\"vc_empty_space_inner\"><\/span><\/div>\n\t<div class=\"wpb_video_widget wpb_content_element vc_clearfix   vc_video-aspect-ratio-916 vc_video-el-width-100 vc_video-align-left\" >\n\t\t<div class=\"wpb_wrapper\">\n\t\t\t\n\t\t\t<div class=\"wpb_video_wrapper\"><iframe loading=\"lazy\" title=\"K\u00f6ln Messe POMP #celjskfair 1TP5FairPOMP 1TP5KalligraphieSubstanz #liveKalligraphie 1TP5Veranstaltung\" width=\"500\" height=\"281\" src=\"https:\/\/www.youtube.com\/embed\/9-3UTuJzlIE?feature=oembed\" frameborder=\"0\" allow=\"accelerometer; autoplay; clipboard-write; encrypted-media; gyroscope; picture-in-picture; web-share\" referrerpolicy=\"strict-origin-when-cross-origin\" allowfullscreen><\/iframe><\/div>\n\t\t<\/div>\n\t<\/div>\n<\/div><\/div><\/div><div class=\"wpb_column vc_column_container vc_col-sm-6\"><div class=\"vc_column-inner\"><div class=\"wpb_wrapper\"><div class=\"vc_empty_space\"   style=\"height: 32px\"><span class=\"vc_empty_space_inner\"><\/span><\/div>\n\t<div class=\"wpb_video_widget wpb_content_element vc_clearfix   vc_video-aspect-ratio-916 vc_video-el-width-100 vc_video-align-left\" >\n\t\t<div class=\"wpb_wrapper\">\n\t\t\t\n\t\t\t<div class=\"wpb_video_wrapper\"><iframe loading=\"lazy\" title=\"Handgravierte Fl\u00f6ten @Rogaska by @literaskaligrafija\" width=\"500\" height=\"281\" src=\"https:\/\/www.youtube.com\/embed\/uUjA73oBa1o?feature=oembed\" frameborder=\"0\" allow=\"accelerometer; autoplay; clipboard-write; encrypted-media; gyroscope; picture-in-picture; web-share\" referrerpolicy=\"strict-origin-when-cross-origin\" allowfullscreen><\/iframe><\/div>\n\t\t<\/div>\n\t<\/div>\n<\/div><\/div><\/div><\/div><\/div><div class=\"vc_row wpb_row vc_row-fluid qodef-section qodef-content-aligment-left\" style=\"\"><div class=\"clearfix qodef-full-section-inner\"><div class=\"wpb_column vc_column_container vc_col-sm-12\"><div class=\"vc_column-inner\"><div class=\"wpb_wrapper\"><div class=\"vc_empty_space\"   style=\"height: 32px\"><span class=\"vc_empty_space_inner\"><\/span><\/div>\n\t<div class=\"wpb_video_widget wpb_content_element vc_clearfix   vc_video-aspect-ratio-169 vc_video-el-width-100 vc_video-align-left\" >\n\t\t<div class=\"wpb_wrapper\">\n\t\t\t\n\t\t\t<div class=\"wpb_video_wrapper\"><iframe loading=\"lazy\" title=\"10. Juli 2024\" width=\"500\" height=\"281\" src=\"https:\/\/www.youtube.com\/embed\/38E8bXd7WhU?feature=oembed\" frameborder=\"0\" allow=\"accelerometer; autoplay; clipboard-write; encrypted-media; gyroscope; picture-in-picture; web-share\" referrerpolicy=\"strict-origin-when-cross-origin\" allowfullscreen><\/iframe><\/div>\n\t\t<\/div>\n\t<\/div>\n<div class=\"vc_empty_space\"   style=\"height: 64px\"><span class=\"vc_empty_space_inner\"><\/span><\/div>\n\t<div class=\"wpb_text_column wpb_content_element\" >\n\t\t<div class=\"wpb_wrapper\">\n\t\t\t<p>&nbsp;<\/p>\n<p><strong>Kalligrafie-Gravur auf Ihrem Lieblingsparf\u00fcm.<\/strong><\/p>\n<p>Die Personalisierung Ihres Lieblingsduftes ist ein exklusiver Service, der nur von renommierten Parf\u00fcmerien auf der ganzen Welt angeboten wird.<\/p>\n<p>Machen Sie aus einem Parf\u00fcm nicht nur einen Duft, sondern eine Geschichte. Mit zarten kalligrafischen Strichen wird Ihr Duft zum Leben erweckt - f\u00fcr Sie oder jemanden, den Sie nicht entt\u00e4uschen wollen.<\/p>\n<p>Haben Sie schon einmal ein Parf\u00fcm ge\u00f6ffnet und sich gew\u00fcnscht, dass es Ihren Namen tr\u00e4gt? Um es ganz zu Ihrem zu machen? In einer Welt, in der Prestige in Details gemessen wird, macht die kalligrafische Gravur einen Duft zu einer Erinnerung, einen Flakon zu einem Kunstwerk und ein Geschenk zu einem unvergesslichen Erlebnis.<\/p>\n<p>Es gibt Details, die nicht maschinell hergestellt werden k\u00f6nnen. Die handgravierte Kalligrafie ist eines davon. Ihre Striche sind weich, aber fest. Eine seltene Fertigkeit, die nicht leicht zu beherrschen ist und nicht nebenbei erlernt werden kann. Jeder Buchstabe tr\u00e4gt ein Gef\u00fchl in sich, jede Linie schafft ein Zusammenspiel von Eleganz und Pr\u00e4zision.<\/p>\n<p>Ein Gedanke, ein Monogramm oder ein Name in goldenen Farbt\u00f6nen und in zarten Linien, die f\u00fcr immer im Glas bleiben, wie ein Duft, der Teil der Erinnerung wird.<\/p>\n<p>Wir sind die ersten in Slowenien, die diesen Service anbieten. Wenn Sie glauben, dass der Wert eines Geschenks in den kleinen Details liegt, dann haben Sie die richtige Wahl getroffen.<\/p>\n<p><img loading=\"lazy\" decoding=\"async\" class=\"wp-image-9145 size-full\" src=\"https:\/\/literaskaligrafija.si\/wp-content\/uploads\/2024\/12\/Womens-secret-2.jpg\" alt=\"Handgravierter Name auf Damensekret-Parf\u00fcm\" width=\"1500\" height=\"1500\" srcset=\"https:\/\/literaskaligrafija.si\/wp-content\/uploads\/2024\/12\/Womens-secret-2.jpg 1500w, https:\/\/literaskaligrafija.si\/wp-content\/uploads\/2024\/12\/Womens-secret-2-300x300.jpg 300w, https:\/\/literaskaligrafija.si\/wp-content\/uploads\/2024\/12\/Womens-secret-2-1024x1024.jpg 1024w, https:\/\/literaskaligrafija.si\/wp-content\/uploads\/2024\/12\/Womens-secret-2-150x150.jpg 150w, https:\/\/literaskaligrafija.si\/wp-content\/uploads\/2024\/12\/Womens-secret-2-768x768.jpg 768w, https:\/\/literaskaligrafija.si\/wp-content\/uploads\/2024\/12\/Womens-secret-2-12x12.jpg 12w, https:\/\/literaskaligrafija.si\/wp-content\/uploads\/2024\/12\/Womens-secret-2-550x550.jpg 550w, https:\/\/literaskaligrafija.si\/wp-content\/uploads\/2024\/12\/Womens-secret-2-1000x1000.jpg 1000w, https:\/\/literaskaligrafija.si\/wp-content\/uploads\/2024\/12\/Womens-secret-2-400x400.jpg 400w, https:\/\/literaskaligrafija.si\/wp-content\/uploads\/2024\/12\/Womens-secret-2-600x600.jpg 600w, https:\/\/literaskaligrafija.si\/wp-content\/uploads\/2024\/12\/Womens-secret-2-100x100.jpg 100w, https:\/\/literaskaligrafija.si\/wp-content\/uploads\/2024\/12\/Womens-secret-2-50x50.jpg 50w\" sizes=\"auto, (max-width: 1500px) 100vw, 1500px\" \/><\/p>\n<p>Women's Secret Parf\u00fcm mit handschriftlicher Gravur. Foto: Aleksandra Sa\u0161a Prelesnik\/AML<\/p>\n<p><strong>Wie kann ich eine Dienstleistung bestellen?<\/strong><\/p>\n<ul>\n<li>Schicken Sie uns Ihr Lieblingsparf\u00fcm.<\/li>\n<li>Sie k\u00f6nnen auch eine Vorschau erhalten, nachdem Sie das Parf\u00fcm und Ihren Text erhalten haben.<\/li>\n<li>Die Gravur wird mit Gold oder Silber akzentuiert, um die Details des Stempels optimal zur Geltung zu bringen.<\/li>\n<\/ul>\n<p><strong>Was f\u00fcr ein Parf\u00fcm sollte ich tragen?<\/strong><\/p>\n<ul>\n<li>Die kalligraphische Gravur auf Parf\u00fcm ist auf Glasflaschen m\u00f6glich.<\/li>\n<li>Das Glas sollte frei von Umh\u00fcllungen, Beschichtungen oder Vertiefungen sein.<\/li>\n<li>Auf geschliffenem Glas ist eine Gravur m\u00f6glich, aber die Gravur ist viel weniger sichtbar, weil die Beschichtung nicht m\u00f6glich ist.<\/li>\n<li>Wir k\u00f6nnen auch auf Kosmetikspiegeln gravieren.<\/li>\n<\/ul>\n<div id=\"attachment_6428\" style=\"width: 1510px\" class=\"wp-caption alignnone\"><img loading=\"lazy\" decoding=\"async\" aria-describedby=\"caption-attachment-6428\" class=\"wp-image-6428 size-full\" title=\"Personalisiertes Parf\u00fcm - kalligraphische Gravur des Namens auf dem Parf\u00fcm\" src=\"https:\/\/literaskaligrafija.si\/wp-content\/uploads\/2022\/11\/Graviranje_detajl.jpg\" alt=\"Parf\u00fcm mit Handgravur\" width=\"1500\" height=\"1500\" srcset=\"https:\/\/literaskaligrafija.si\/wp-content\/uploads\/2022\/11\/Graviranje_detajl.jpg 1500w, https:\/\/literaskaligrafija.si\/wp-content\/uploads\/2022\/11\/Graviranje_detajl-300x300.jpg 300w, https:\/\/literaskaligrafija.si\/wp-content\/uploads\/2022\/11\/Graviranje_detajl-1024x1024.jpg 1024w, https:\/\/literaskaligrafija.si\/wp-content\/uploads\/2022\/11\/Graviranje_detajl-150x150.jpg 150w, https:\/\/literaskaligrafija.si\/wp-content\/uploads\/2022\/11\/Graviranje_detajl-768x768.jpg 768w, https:\/\/literaskaligrafija.si\/wp-content\/uploads\/2022\/11\/Graviranje_detajl-550x550.jpg 550w, https:\/\/literaskaligrafija.si\/wp-content\/uploads\/2022\/11\/Graviranje_detajl-1000x1000.jpg 1000w, https:\/\/literaskaligrafija.si\/wp-content\/uploads\/2022\/11\/Graviranje_detajl-400x400.jpg 400w, https:\/\/literaskaligrafija.si\/wp-content\/uploads\/2022\/11\/Graviranje_detajl-600x600.jpg 600w, https:\/\/literaskaligrafija.si\/wp-content\/uploads\/2022\/11\/Graviranje_detajl-100x100.jpg 100w, https:\/\/literaskaligrafija.si\/wp-content\/uploads\/2022\/11\/Graviranje_detajl-50x50.jpg 50w\" sizes=\"auto, (max-width: 1500px) 100vw, 1500px\" \/><p id=\"caption-attachment-6428\" class=\"wp-caption-text\">Personalisiertes Parf\u00fcm - Kalligrafische Handgravur des Namens. Foto.<\/p><\/div>\n<p>&nbsp;<\/p>\n<div id=\"attachment_5030\" style=\"width: 1010px\" class=\"wp-caption alignnone\"><img loading=\"lazy\" decoding=\"async\" aria-describedby=\"caption-attachment-5030\" class=\"wp-image-5030 size-full\" src=\"https:\/\/literaskaligrafija.si\/wp-content\/uploads\/2021\/04\/Graviranje_na_parfum-1.jpg\" alt=\"Gravur auf Parf\u00fcm\" width=\"1000\" height=\"1500\" srcset=\"https:\/\/literaskaligrafija.si\/wp-content\/uploads\/2021\/04\/Graviranje_na_parfum-1.jpg 1000w, https:\/\/literaskaligrafija.si\/wp-content\/uploads\/2021\/04\/Graviranje_na_parfum-1-600x900.jpg 600w, https:\/\/literaskaligrafija.si\/wp-content\/uploads\/2021\/04\/Graviranje_na_parfum-1-200x300.jpg 200w, https:\/\/literaskaligrafija.si\/wp-content\/uploads\/2021\/04\/Graviranje_na_parfum-1-683x1024.jpg 683w, https:\/\/literaskaligrafija.si\/wp-content\/uploads\/2021\/04\/Graviranje_na_parfum-1-768x1152.jpg 768w, https:\/\/literaskaligrafija.si\/wp-content\/uploads\/2021\/04\/Graviranje_na_parfum-1-300x450.jpg 300w\" sizes=\"auto, (max-width: 1000px) 100vw, 1000px\" \/><p id=\"caption-attachment-5030\" class=\"wp-caption-text\">Kalligraphische Gravur von Parf\u00fcm<\/p><\/div>\n<p>&nbsp;<\/p>\n\n\t\t<\/div>\n\t<\/div>\n<\/div><\/div><\/div><\/div><\/div>\n<\/div>","protected":false},"excerpt":{"rendered":"<p><strong>Kalligrafie-Gravur auf Ihrem Lieblingsparf\u00fcm.<\/strong><\/p>\n<p>Geschaffen mit dem Gef\u00fchl des Herzens, das nur die menschliche Hand schaffen kann.<\/p>\n<p>&nbsp;<\/p>","protected":false},"featured_media":9621,"comment_status":"open","ping_status":"closed","template":"","meta":{"content-type":"","inline_featured_image":false},"product_brand":[],"product_cat":[339,251,340,410,413,178,379,403,378,377,415],"product_tag":[307,456,370,167,384,349],"class_list":{"0":"post-8909","1":"product","2":"type-product","3":"status-publish","4":"has-post-thumbnail","6":"product_cat-bozicna-darila","7":"product_cat-darila","8":"product_cat-graviranje","9":"product_cat-graviranje-na-izdelke","10":"product_cat-materinski-dan","11":"product_cat-nekategorizirano","12":"product_cat-obletnica","13":"product_cat-poroka","14":"product_cat-poroka-vabila","15":"product_cat-rojstni-dan","16":"product_cat-valentinovo","17":"product_tag-darilo","18":"product_tag-graviranje","19":"product_tag-kaligrafija","20":"product_tag-kaligrafsko-graviranje","21":"product_tag-personalizirano-darilo","22":"product_tag-unikatna-darila","24":"first","25":"instock","26":"virtual","27":"taxable","28":"purchasable","29":"product-type-simple"},"bundled_by":[],"bundle_stock_status":"instock","bundle_stock_quantity":null,"bundle_virtual":false,"bundle_layout":"","bundle_add_to_cart_form_location":"","bundle_editable_in_cart":false,"bundle_sold_individually_context":"","bundle_item_grouping":"","bundle_min_size":"","bundle_max_size":"","bundle_price":[],"bundled_items":[],"bundle_sell_ids":[],"jetpack_sharing_enabled":true,"_links":{"self":[{"href":"https:\/\/literaskaligrafija.si\/de\/wp-json\/wp\/v2\/product\/8909","targetHints":{"allow":["GET"]}}],"collection":[{"href":"https:\/\/literaskaligrafija.si\/de\/wp-json\/wp\/v2\/product"}],"about":[{"href":"https:\/\/literaskaligrafija.si\/de\/wp-json\/wp\/v2\/types\/product"}],"replies":[{"embeddable":true,"href":"https:\/\/literaskaligrafija.si\/de\/wp-json\/wp\/v2\/comments?post=8909"}],"wp:featuredmedia":[{"embeddable":true,"href":"https:\/\/literaskaligrafija.si\/de\/wp-json\/wp\/v2\/media\/9621"}],"wp:attachment":[{"href":"https:\/\/literaskaligrafija.si\/de\/wp-json\/wp\/v2\/media?parent=8909"}],"wp:term":[{"taxonomy":"product_brand","embeddable":true,"href":"https:\/\/literaskaligrafija.si\/de\/wp-json\/wp\/v2\/product_brand?post=8909"},{"taxonomy":"product_cat","embeddable":true,"href":"https:\/\/literaskaligrafija.si\/de\/wp-json\/wp\/v2\/product_cat?post=8909"},{"taxonomy":"product_tag","embeddable":true,"href":"https:\/\/literaskaligrafija.si\/de\/wp-json\/wp\/v2\/product_tag?post=8909"}],"curies":[{"name":"wp","href":"https:\/\/api.w.org\/{rel}","templated":true}]}}