{"id":9004,"date":"2024-12-25T17:09:35","date_gmt":"2024-12-25T16:09:35","guid":{"rendered":"https:\/\/literaskaligrafija.si\/?post_type=product&#038;p=9004"},"modified":"2026-02-16T17:08:18","modified_gmt":"2026-02-16T16:08:18","slug":"pop-up-kunst-kalligraphie-und-gravur","status":"publish","type":"product","link":"https:\/\/literaskaligrafija.si\/de\/izdelek\/ziva-personalizacija\/","title":{"rendered":"Kalligraphie vor Ort - Live-Personalisierung mit Kalligraphie"},"content":{"rendered":"<p><strong>Kalligraphie vor Ort - Live-Personalisierung mit Kalligraphie<\/strong><\/p>\n<p><b>Was ist Live-Kalligrafie?<\/b><\/p>\n<p><b>Live-Personalisierung auf der Veranstaltung - Kalligraphie oder Handgravur<\/b><\/p>\n<p>Verleihen Sie Ihrer Veranstaltung einen Hauch von Magie, indem Sie Ihre Produkte live vor den Augen Ihrer G\u00e4ste personalisieren. Jeder Besucher erh\u00e4lt ein einzigartiges Produkt, <span style=\"color: #ab0f0f\"><a style=\"color: #ab0f0f\" title=\"Wie sie gebildet wird\" href=\"https:\/\/youtube.com\/shorts\/Hh4R22NrLxk?si=xEJtbEgZOM0luGI0\" target=\"_blank\" rel=\"noopener\"><span style=\"text-decoration: underline\"><strong>handschriftlich oder mit seinem Namen eingraviert,<\/strong><\/span><\/a><\/span> Widmungen oder besondere Mitteilungen.<br \/>\nEs handelt sich nicht nur um eine Dienstleistung, sondern um eine Attraktion, die fesselt, unterh\u00e4lt und unvergessliche Erinnerungen schafft.<\/p>\n<p>Geeignet f\u00fcr Produkteinf\u00fchrungen, Er\u00f6ffnungen, Markenaktivierungen, VIP- und Influencer-Events, Hochzeiten, private Abendessen, Messen und festliche Veranstaltungen.<\/p>\n<ul>\n<li><b><\/b><b>Ein Erlebnis schaffen<\/b>was das Prestige der Marke steigert.<\/li>\n<li><b><\/b><b>Sorgt f\u00fcr eine lang anhaltende Sichtbarkeit Ihrer Marke<\/b>weil personalisierte Produkte bei den Kunden bleiben.<\/li>\n<li><b><\/b><b>Erh\u00f6ht den Wert des Geschenks<\/b> oder Werbeartikel, da die Handgravur eine emotionale Note und Einzigartigkeit verleiht.<\/li>\n<li><strong>Sie ist<\/strong> <strong>Animationsformat<\/strong> und eine angenehme Art, die Zeit zwischen den einzelnen Teilen der Veranstaltung zu \u00fcberbr\u00fccken.<\/li>\n<\/ul>\n<p><b>Was beinhaltet der Dienst?<\/b><\/p>\n<p><strong>1. vorbereitende Ma\u00dfnahmen (im Preis inbegriffen)<\/strong><\/p>\n<ul>\n<li>Produktpr\u00fcfung.<\/li>\n<li>Pr\u00fcfung der Eignung des Produkts f\u00fcr Kalligraphie oder Gravur.<\/li>\n<li>Bestimmung der optimalen Position auf dem Produkt.<\/li>\n<li>Wahl des kalligrafischen Stils im Einklang mit der Markenidentit\u00e4t.<\/li>\n<\/ul>\n<p><strong>2. Live-Personalisierung<\/strong><\/p>\n<ul>\n<li>Pers\u00f6nliche \u00dcbergabe auf der Veranstaltung oder in der Verkaufsstelle.<\/li>\n<li>Verl\u00e4ngerung m\u00f6glich (nach Absprache).<\/li>\n<li>Geschwindigkeit: ca. 20 bis 40 Produkte pro Stunde (je nach Material und Art der Veranstaltung).<\/li>\n<\/ul>\n<p><strong>Was bietet der Kunde?<\/strong><\/p>\n<ul>\n<li>Arbeitstisch (mindestens 120 x 60 cm)<\/li>\n<li>Zus\u00e4tzliche Tabelle f\u00fcr Fertigerzeugnisse.<\/li>\n<li>Zwei Tische<\/li>\n<li>Zugang zu Elektrizit\u00e4t.<\/li>\n<li>Wenn Sie den Aufbau nicht selbst \u00fcbernehmen k\u00f6nnen, werden wir es tun.<\/li>\n<li>Workpoint-Branding-Option.<\/li>\n<\/ul>\n<p><strong>Was ist im Preis nicht enthalten?<\/strong><\/p>\n<ul>\n<li>F\u00fcr Veranstaltungen mit mehr als 60 G\u00e4sten ist eine zus\u00e4tzliche Person - Hostess - erforderlich.<\/li>\n<li>Reisekosten und eventuelle Unterbringung werden gesondert berechnet.<\/li>\n<li>Zus\u00e4tzliche Dienstleistungen oder \u00c4nderungen gelten als Erweiterung des Dienstes und werden in Rechnung gestellt.<\/li>\n<\/ul>\n<p><a title=\"Veranstaltungen\" href=\"https:\/\/literaskaligrafija.si\/de\/kalligraphie-bei-veranstaltungen-fur-unvergessliche-momente\/\"><span style=\"text-decoration: underline\"><strong>Wer traut uns?<\/strong><\/span><\/a><\/p>\n<ul>\n<li><strong>Marles<\/strong><\/li>\n<li><strong>Gutshof Zemono<\/strong><\/li>\n<li><strong>HP Verdienst<\/strong><\/li>\n<li><strong>Golf Bled<\/strong><\/li>\n<li><strong>Mastercard Slowenien<\/strong><\/li>\n<li><strong>Protokoll der Republik Slowenien<\/strong><\/li>\n<li><strong>Verteidigungsministerium<\/strong><\/li>\n<li><strong>Elle Slowenien<\/strong><\/li>\n<li><strong>Be.Vavie<\/strong><\/li>\n<li><strong>Victoria's Secret<\/strong><\/li>\n<li><strong>Dolce Vita Ladies Club<\/strong><\/li>\n<\/ul>\n<div id=\"attachment_9624\" style=\"width: 1510px\" class=\"wp-caption alignnone\"><img loading=\"lazy\" decoding=\"async\" aria-describedby=\"caption-attachment-9624\" class=\"wp-image-9624 size-full\" src=\"https:\/\/literaskaligrafija.si\/wp-content\/uploads\/2024\/12\/13-LITERAS-VS.jpg\" alt=\"Victoria&#039;s Secret Sexbombe\" width=\"1500\" height=\"1500\" srcset=\"https:\/\/literaskaligrafija.si\/wp-content\/uploads\/2024\/12\/13-LITERAS-VS.jpg 1500w, https:\/\/literaskaligrafija.si\/wp-content\/uploads\/2024\/12\/13-LITERAS-VS-300x300.jpg 300w, https:\/\/literaskaligrafija.si\/wp-content\/uploads\/2024\/12\/13-LITERAS-VS-1024x1024.jpg 1024w, https:\/\/literaskaligrafija.si\/wp-content\/uploads\/2024\/12\/13-LITERAS-VS-150x150.jpg 150w, https:\/\/literaskaligrafija.si\/wp-content\/uploads\/2024\/12\/13-LITERAS-VS-768x768.jpg 768w, https:\/\/literaskaligrafija.si\/wp-content\/uploads\/2024\/12\/13-LITERAS-VS-12x12.jpg 12w, https:\/\/literaskaligrafija.si\/wp-content\/uploads\/2024\/12\/13-LITERAS-VS-550x550.jpg 550w, https:\/\/literaskaligrafija.si\/wp-content\/uploads\/2024\/12\/13-LITERAS-VS-1000x1000.jpg 1000w, https:\/\/literaskaligrafija.si\/wp-content\/uploads\/2024\/12\/13-LITERAS-VS-400x400.jpg 400w, https:\/\/literaskaligrafija.si\/wp-content\/uploads\/2024\/12\/13-LITERAS-VS-600x600.jpg 600w, https:\/\/literaskaligrafija.si\/wp-content\/uploads\/2024\/12\/13-LITERAS-VS-100x100.jpg 100w, https:\/\/literaskaligrafija.si\/wp-content\/uploads\/2024\/12\/13-LITERAS-VS-50x50.jpg 50w\" sizes=\"auto, (max-width: 1500px) 100vw, 1500px\" \/><p id=\"caption-attachment-9624\" class=\"wp-caption-text\">Live-Gravur des Victoria's Secret-Kaufs, Dezember 2025. Foto Bla\u017e \u017dnidar\u0161i\u010d<\/p><\/div>\n<p>&nbsp;<\/p>\n<div id=\"attachment_9625\" style=\"width: 1510px\" class=\"wp-caption alignnone\"><img loading=\"lazy\" decoding=\"async\" aria-describedby=\"caption-attachment-9625\" class=\"wp-image-9625 size-full\" src=\"https:\/\/literaskaligrafija.si\/wp-content\/uploads\/2024\/12\/15-LITERAS-VS.jpg\" alt=\"Live-Gravur des Victoria&#039;s Secret-Kaufs, Dezember 2025. Foto Bla\u017e \u017dnidar\u0161i\u010d\" width=\"1500\" height=\"1500\" srcset=\"https:\/\/literaskaligrafija.si\/wp-content\/uploads\/2024\/12\/15-LITERAS-VS.jpg 1500w, https:\/\/literaskaligrafija.si\/wp-content\/uploads\/2024\/12\/15-LITERAS-VS-300x300.jpg 300w, https:\/\/literaskaligrafija.si\/wp-content\/uploads\/2024\/12\/15-LITERAS-VS-1024x1024.jpg 1024w, https:\/\/literaskaligrafija.si\/wp-content\/uploads\/2024\/12\/15-LITERAS-VS-150x150.jpg 150w, https:\/\/literaskaligrafija.si\/wp-content\/uploads\/2024\/12\/15-LITERAS-VS-768x768.jpg 768w, https:\/\/literaskaligrafija.si\/wp-content\/uploads\/2024\/12\/15-LITERAS-VS-12x12.jpg 12w, https:\/\/literaskaligrafija.si\/wp-content\/uploads\/2024\/12\/15-LITERAS-VS-550x550.jpg 550w, https:\/\/literaskaligrafija.si\/wp-content\/uploads\/2024\/12\/15-LITERAS-VS-1000x1000.jpg 1000w, https:\/\/literaskaligrafija.si\/wp-content\/uploads\/2024\/12\/15-LITERAS-VS-400x400.jpg 400w, https:\/\/literaskaligrafija.si\/wp-content\/uploads\/2024\/12\/15-LITERAS-VS-600x600.jpg 600w, https:\/\/literaskaligrafija.si\/wp-content\/uploads\/2024\/12\/15-LITERAS-VS-100x100.jpg 100w, https:\/\/literaskaligrafija.si\/wp-content\/uploads\/2024\/12\/15-LITERAS-VS-50x50.jpg 50w\" sizes=\"auto, (max-width: 1500px) 100vw, 1500px\" \/><p id=\"caption-attachment-9625\" class=\"wp-caption-text\">Live-Gravur des Victoria's Secret-Kaufs, Dezember 2025. Foto Bla\u017e \u017dnidar\u0161i\u010d<\/p><\/div>\n<p>&nbsp;<\/p>\n<div id=\"attachment_9476\" style=\"width: 1510px\" class=\"wp-caption alignnone\"><img loading=\"lazy\" decoding=\"async\" aria-describedby=\"caption-attachment-9476\" class=\"wp-image-9476 size-full\" src=\"https:\/\/literaskaligrafija.si\/wp-content\/uploads\/2025\/01\/Kozarci-poroka.jpg\" alt=\"Personalisierte Gl\u00e4ser - Handgravur mit Kalligraphie\" width=\"1500\" height=\"1500\" srcset=\"https:\/\/literaskaligrafija.si\/wp-content\/uploads\/2025\/01\/Kozarci-poroka.jpg 1500w, https:\/\/literaskaligrafija.si\/wp-content\/uploads\/2025\/01\/Kozarci-poroka-300x300.jpg 300w, https:\/\/literaskaligrafija.si\/wp-content\/uploads\/2025\/01\/Kozarci-poroka-1024x1024.jpg 1024w, https:\/\/literaskaligrafija.si\/wp-content\/uploads\/2025\/01\/Kozarci-poroka-150x150.jpg 150w, https:\/\/literaskaligrafija.si\/wp-content\/uploads\/2025\/01\/Kozarci-poroka-768x768.jpg 768w, https:\/\/literaskaligrafija.si\/wp-content\/uploads\/2025\/01\/Kozarci-poroka-12x12.jpg 12w, https:\/\/literaskaligrafija.si\/wp-content\/uploads\/2025\/01\/Kozarci-poroka-550x550.jpg 550w, https:\/\/literaskaligrafija.si\/wp-content\/uploads\/2025\/01\/Kozarci-poroka-1000x1000.jpg 1000w, https:\/\/literaskaligrafija.si\/wp-content\/uploads\/2025\/01\/Kozarci-poroka-400x400.jpg 400w, https:\/\/literaskaligrafija.si\/wp-content\/uploads\/2025\/01\/Kozarci-poroka-600x600.jpg 600w, https:\/\/literaskaligrafija.si\/wp-content\/uploads\/2025\/01\/Kozarci-poroka-100x100.jpg 100w, https:\/\/literaskaligrafija.si\/wp-content\/uploads\/2025\/01\/Kozarci-poroka-50x50.jpg 50w\" sizes=\"auto, (max-width: 1500px) 100vw, 1500px\" \/><p id=\"caption-attachment-9476\" class=\"wp-caption-text\">Personalisierte Gl\u00e4ser - Handgravur mit Kalligraphie<\/p><\/div>\n<p>&nbsp;<\/p>\n<div id=\"attachment_9144\" style=\"width: 1510px\" class=\"wp-caption alignnone\"><img loading=\"lazy\" decoding=\"async\" aria-describedby=\"caption-attachment-9144\" class=\"wp-image-9144 size-full\" src=\"https:\/\/literaskaligrafija.si\/wp-content\/uploads\/2024\/12\/Womens-secret-1.jpg\" alt=\"Gavirana Kalligraphie live auf der Veranstaltung\" width=\"1500\" height=\"1500\" srcset=\"https:\/\/literaskaligrafija.si\/wp-content\/uploads\/2024\/12\/Womens-secret-1.jpg 1500w, https:\/\/literaskaligrafija.si\/wp-content\/uploads\/2024\/12\/Womens-secret-1-300x300.jpg 300w, https:\/\/literaskaligrafija.si\/wp-content\/uploads\/2024\/12\/Womens-secret-1-1024x1024.jpg 1024w, https:\/\/literaskaligrafija.si\/wp-content\/uploads\/2024\/12\/Womens-secret-1-150x150.jpg 150w, https:\/\/literaskaligrafija.si\/wp-content\/uploads\/2024\/12\/Womens-secret-1-768x768.jpg 768w, https:\/\/literaskaligrafija.si\/wp-content\/uploads\/2024\/12\/Womens-secret-1-12x12.jpg 12w, https:\/\/literaskaligrafija.si\/wp-content\/uploads\/2024\/12\/Womens-secret-1-550x550.jpg 550w, https:\/\/literaskaligrafija.si\/wp-content\/uploads\/2024\/12\/Womens-secret-1-1000x1000.jpg 1000w, https:\/\/literaskaligrafija.si\/wp-content\/uploads\/2024\/12\/Womens-secret-1-400x400.jpg 400w, https:\/\/literaskaligrafija.si\/wp-content\/uploads\/2024\/12\/Womens-secret-1-600x600.jpg 600w, https:\/\/literaskaligrafija.si\/wp-content\/uploads\/2024\/12\/Womens-secret-1-100x100.jpg 100w, https:\/\/literaskaligrafija.si\/wp-content\/uploads\/2024\/12\/Womens-secret-1-50x50.jpg 50w\" sizes=\"auto, (max-width: 1500px) 100vw, 1500px\" \/><p id=\"caption-attachment-9144\" class=\"wp-caption-text\">Live-Gravur. Kalligrafie von Zlatka Trstenjak Rampre. Foto von Aleksandra Sa\u0161a Prelesnik<\/p><\/div>\n<p>&nbsp;<\/p>\n<p><b>Was k\u00f6nnen wir personalisieren?<\/b><\/p>\n<ul>\n<li><b><\/b><b>Erzeugnisse aus Glas:<\/b> Parf\u00fcmflaschen, Sektgl\u00e4ser, Weingl\u00e4ser, Getr\u00e4nkeflaschen.<\/li>\n<li><b><\/b><b>Metallerzeugnisse:<\/b> Lippenstifte, Kosmetikspiegel.<\/li>\n<li><b><\/b><b>Papierprodukte:<\/b> Geschenkboxen, Taschen, Namensschilder, Markenbotschaften, Register.<\/li>\n<li><b><\/b><b>Textilien:<\/b> textile Einkaufstaschen, S\u00e4cke.<\/li>\n<li><b><\/b><b>Materialien aus Acryl: <\/b>dekorative Accessoires.<\/li>\n<li><b><\/b><b>Holzprodukte:<\/b> Haarb\u00fcrsten, Matten.<\/li>\n<li><strong>Lederwaren:<\/strong> Reisekoffer, Anh\u00e4nger.<\/li>\n<\/ul>\n<div id=\"attachment_9012\" style=\"width: 1510px\" class=\"wp-caption alignnone\"><img loading=\"lazy\" decoding=\"async\" aria-describedby=\"caption-attachment-9012\" class=\"wp-image-9012 size-full\" src=\"https:\/\/literaskaligrafija.si\/wp-content\/uploads\/2024\/12\/KRUGZemono2024-Foto_Nejc_Pernek-zigaintihar.com-212.jpg\" alt=\"Live-Personalisierung\" width=\"1500\" height=\"1500\" srcset=\"https:\/\/literaskaligrafija.si\/wp-content\/uploads\/2024\/12\/KRUGZemono2024-Foto_Nejc_Pernek-zigaintihar.com-212.jpg 1500w, https:\/\/literaskaligrafija.si\/wp-content\/uploads\/2024\/12\/KRUGZemono2024-Foto_Nejc_Pernek-zigaintihar.com-212-300x300.jpg 300w, https:\/\/literaskaligrafija.si\/wp-content\/uploads\/2024\/12\/KRUGZemono2024-Foto_Nejc_Pernek-zigaintihar.com-212-1024x1024.jpg 1024w, https:\/\/literaskaligrafija.si\/wp-content\/uploads\/2024\/12\/KRUGZemono2024-Foto_Nejc_Pernek-zigaintihar.com-212-150x150.jpg 150w, https:\/\/literaskaligrafija.si\/wp-content\/uploads\/2024\/12\/KRUGZemono2024-Foto_Nejc_Pernek-zigaintihar.com-212-768x768.jpg 768w, https:\/\/literaskaligrafija.si\/wp-content\/uploads\/2024\/12\/KRUGZemono2024-Foto_Nejc_Pernek-zigaintihar.com-212-12x12.jpg 12w, https:\/\/literaskaligrafija.si\/wp-content\/uploads\/2024\/12\/KRUGZemono2024-Foto_Nejc_Pernek-zigaintihar.com-212-550x550.jpg 550w, https:\/\/literaskaligrafija.si\/wp-content\/uploads\/2024\/12\/KRUGZemono2024-Foto_Nejc_Pernek-zigaintihar.com-212-1000x1000.jpg 1000w, https:\/\/literaskaligrafija.si\/wp-content\/uploads\/2024\/12\/KRUGZemono2024-Foto_Nejc_Pernek-zigaintihar.com-212-400x400.jpg 400w, https:\/\/literaskaligrafija.si\/wp-content\/uploads\/2024\/12\/KRUGZemono2024-Foto_Nejc_Pernek-zigaintihar.com-212-600x600.jpg 600w, https:\/\/literaskaligrafija.si\/wp-content\/uploads\/2024\/12\/KRUGZemono2024-Foto_Nejc_Pernek-zigaintihar.com-212-100x100.jpg 100w, https:\/\/literaskaligrafija.si\/wp-content\/uploads\/2024\/12\/KRUGZemono2024-Foto_Nejc_Pernek-zigaintihar.com-212-50x50.jpg 50w\" sizes=\"auto, (max-width: 1500px) 100vw, 1500px\" \/><p id=\"caption-attachment-9012\" class=\"wp-caption-text\">Kalligraphie bei der Veranstaltung. Personalisierung des Buches. Foto: Nejc Pernik\/\u017diga intihar<\/p><\/div>\n<p>&nbsp;<\/p>\n<p><strong>Ein exklusives Erlebnis f\u00fcr prestigetr\u00e4chtige Veranstaltungen<\/strong><\/p>\n<p>- Kalligrafische Handgravur auf Tiegeln, Flaschen, Parf\u00fcms und neuen Produkten.<br \/>\n- Erstellen von Sitzordnungen, Widmungen und Personalisierung von Geschenken bei der Ankunft der G\u00e4ste.<br \/>\n- Kalligraphie auf Firmengeschenken, Einladungen und Sponsorentaschen.<br \/>\n- Handgeschriebene Gr\u00fc\u00dfe und besondere Botschaften, die die G\u00e4ste als unvergessliche Erinnerung mitnehmen.<\/p>\n<p>&nbsp;<\/p>\n<div id=\"attachment_9018\" style=\"width: 1510px\" class=\"wp-caption alignnone\"><img loading=\"lazy\" decoding=\"async\" aria-describedby=\"caption-attachment-9018\" class=\"wp-image-9018 size-full\" src=\"https:\/\/literaskaligrafija.si\/wp-content\/uploads\/2024\/12\/IMG_6850.jpg\" alt=\"Kalligraphie f\u00fcr Ihre Veranstaltung\" width=\"1500\" height=\"1500\" srcset=\"https:\/\/literaskaligrafija.si\/wp-content\/uploads\/2024\/12\/IMG_6850.jpg 1500w, https:\/\/literaskaligrafija.si\/wp-content\/uploads\/2024\/12\/IMG_6850-300x300.jpg 300w, https:\/\/literaskaligrafija.si\/wp-content\/uploads\/2024\/12\/IMG_6850-1024x1024.jpg 1024w, https:\/\/literaskaligrafija.si\/wp-content\/uploads\/2024\/12\/IMG_6850-150x150.jpg 150w, https:\/\/literaskaligrafija.si\/wp-content\/uploads\/2024\/12\/IMG_6850-768x768.jpg 768w, https:\/\/literaskaligrafija.si\/wp-content\/uploads\/2024\/12\/IMG_6850-12x12.jpg 12w, https:\/\/literaskaligrafija.si\/wp-content\/uploads\/2024\/12\/IMG_6850-550x550.jpg 550w, https:\/\/literaskaligrafija.si\/wp-content\/uploads\/2024\/12\/IMG_6850-1000x1000.jpg 1000w, https:\/\/literaskaligrafija.si\/wp-content\/uploads\/2024\/12\/IMG_6850-400x400.jpg 400w, https:\/\/literaskaligrafija.si\/wp-content\/uploads\/2024\/12\/IMG_6850-600x600.jpg 600w, https:\/\/literaskaligrafija.si\/wp-content\/uploads\/2024\/12\/IMG_6850-100x100.jpg 100w, https:\/\/literaskaligrafija.si\/wp-content\/uploads\/2024\/12\/IMG_6850-50x50.jpg 50w\" sizes=\"auto, (max-width: 1500px) 100vw, 1500px\" \/><p id=\"caption-attachment-9018\" class=\"wp-caption-text\">Kalligraphie auf einer Kreidetafel und Namenskarten f\u00fcr das Mastercard POP-UP Restaurant Event mit der K\u00f6chin Ana Ro\u0161. Foto.<\/p><\/div>\n<p>&nbsp;<\/p>\n<p><strong>Warum Literas w\u00e4hlen<\/strong><br \/>\nIch biete keine Dienstleistung an, ich schaffe ein Erlebnis. Seit mehr als zehn Jahren schreibe ich Namen, Widmungen und Geschichten bei prestigetr\u00e4chtigen Veranstaltungen und in Zusammenarbeit mit Top-Marken. Jede Platte wird speziell f\u00fcr die Person, die sie erh\u00e4lt, angefertigt, so dass sie nie nur ein Produkt ist, sondern ein pers\u00f6nlicher Moment, der bleibt.<\/p>\n<p>Live-Personalisierung ist kein Zusatz zu einer Veranstaltung, sondern ein Moment, in dem ein Gast inneh\u00e4lt, beobachtet und etwas mitnimmt, das f\u00fcr ihn Bedeutung hat. Meine Arbeit passt sich immer an den Raum, die Menschen und die Atmosph\u00e4re an, leise, elegant und ohne Aufdringlichkeit.<\/p>\n<p><strong>Verfahren am Tatort<\/strong><br \/>\nIch komme fr\u00fch genug, um mich einzurichten und alles vorzubereiten, bevor die G\u00e4ste kommen. Alles, was ich brauche, sind ein Tisch, zwei St\u00fchle und ein Stromanschluss, alles andere bringe ich mit. Wenn viele G\u00e4ste kommen, habe ich einen Assistenten dabei, damit die G\u00e4ste sich entspannen und auf die Auswahl der Botschaft konzentrieren k\u00f6nnen und ich mich auf die Gestaltung konzentrieren kann.<\/p>\n<p><strong>Produkte zur Personalisierung<\/strong><br \/>\nDie Produkte werden in der Regel vom Kunden zur Verf\u00fcgung gestellt, und ich helfe gerne bei der Auswahl und teste sie im Vorfeld. Die sch\u00f6nsten Ergebnisse werden auf Weinflaschen, Parf\u00fcms und Kosmetika, Barequipment, Thermoskannen, Textilien, Leder, Holz, Metall und Acryl sowie pulverbeschichteten Oberfl\u00e4chen erzielt.<\/p>\n<p>Einige Materialien sind leider nicht geeignet, zum Beispiel:<\/p>\n<ul>\n<li>geschliffenes oder beschichtetes Glas,<\/li>\n<li>Flaschen unter Druck,<\/li>\n<li>sehr d\u00fcnnes oder extrem hartes Glas,<\/li>\n<li>emaillierte Oberfl\u00e4chen und<\/li>\n<li>weiche Kunststoffrohre.<\/li>\n<\/ul>\n<p><strong>Standort und Reservierungen<\/strong><br \/>\nIch organisiere auch Veranstaltungen im Ausland, wobei Reise- und ggf. Unterbringungskosten gesondert berechnet werden. Wenn ein Termin noch frei ist, kann ich auch auf Eilbuchungen reagieren, aber f\u00fcr komplexere und dringende Projekte k\u00f6nnen zus\u00e4tzliche Kosten anfallen.<\/p>\n<p>&nbsp;<\/p>\n<p>&nbsp;<\/p>","protected":false},"excerpt":{"rendered":"<p><strong>Kalligraphie vor Ort - Live-Personalisierung mit Kalligraphie<\/strong><\/p>\n<p>Personalisierung mit Kalligraphie und Kalligraphie-Gravur bei Ihrer Veranstaltung.<\/p>\n<p>&nbsp;<\/p>","protected":false},"featured_media":9005,"comment_status":"open","ping_status":"closed","template":"","meta":{"content-type":"","inline_featured_image":false},"product_brand":[],"product_cat":[411,514,340,410,329,258],"product_tag":[533,531,530,532,529,534],"class_list":{"0":"post-9004","1":"product","2":"type-product","3":"status-publish","4":"has-post-thumbnail","6":"product_cat-eventi-v-zivo","7":"product_cat-event-kaligrafija-in-graviranje","8":"product_cat-graviranje","9":"product_cat-graviranje-na-izdelke","10":"product_cat-kaligrafija","11":"product_cat-poslovna-sodelovanja","12":"product_tag-event-art","13":"product_tag-graviranje-v-zivo","14":"product_tag-kaligrafija-v-zivo","15":"product_tag-live-events","16":"product_tag-personalizacija-v-zivo","17":"product_tag-popart","19":"first","20":"onbackorder","21":"virtual","22":"taxable","23":"purchasable","24":"product-type-simple"},"bundled_by":[],"bundle_stock_status":"onbackorder","bundle_stock_quantity":null,"bundle_virtual":false,"bundle_layout":"","bundle_add_to_cart_form_location":"","bundle_editable_in_cart":false,"bundle_sold_individually_context":"","bundle_item_grouping":"","bundle_min_size":"","bundle_max_size":"","bundle_price":[],"bundled_items":[],"bundle_sell_ids":[],"jetpack_sharing_enabled":true,"_links":{"self":[{"href":"https:\/\/literaskaligrafija.si\/de\/wp-json\/wp\/v2\/product\/9004","targetHints":{"allow":["GET"]}}],"collection":[{"href":"https:\/\/literaskaligrafija.si\/de\/wp-json\/wp\/v2\/product"}],"about":[{"href":"https:\/\/literaskaligrafija.si\/de\/wp-json\/wp\/v2\/types\/product"}],"replies":[{"embeddable":true,"href":"https:\/\/literaskaligrafija.si\/de\/wp-json\/wp\/v2\/comments?post=9004"}],"wp:featuredmedia":[{"embeddable":true,"href":"https:\/\/literaskaligrafija.si\/de\/wp-json\/wp\/v2\/media\/9005"}],"wp:attachment":[{"href":"https:\/\/literaskaligrafija.si\/de\/wp-json\/wp\/v2\/media?parent=9004"}],"wp:term":[{"taxonomy":"product_brand","embeddable":true,"href":"https:\/\/literaskaligrafija.si\/de\/wp-json\/wp\/v2\/product_brand?post=9004"},{"taxonomy":"product_cat","embeddable":true,"href":"https:\/\/literaskaligrafija.si\/de\/wp-json\/wp\/v2\/product_cat?post=9004"},{"taxonomy":"product_tag","embeddable":true,"href":"https:\/\/literaskaligrafija.si\/de\/wp-json\/wp\/v2\/product_tag?post=9004"}],"curies":[{"name":"wp","href":"https:\/\/api.w.org\/{rel}","templated":true}]}}