{"id":9027,"date":"2024-12-27T16:48:15","date_gmt":"2024-12-27T15:48:15","guid":{"rendered":"https:\/\/literaskaligrafija.si\/?post_type=product&#038;p=9027"},"modified":"2026-01-05T14:40:55","modified_gmt":"2026-01-05T13:40:55","slug":"tachikawa-jet-black-15-ml-kalligraphie-tinte","status":"publish","type":"product","link":"https:\/\/literaskaligrafija.si\/de\/izdelek\/crnilo\/","title":{"rendered":"Tachikawa Jet Black Tinte 15 ml - Tinte"},"content":{"rendered":"<p>Hohe Qualit\u00e4t und beliebte japanische <strong>Tinte <\/strong><strong>Tachikawa Jet Black<\/strong> wurde speziell f\u00fcr Kalligrafie-Enthusiasten und Manga-Zeichner entwickelt, die mit Dip-Pens und Pinseln arbeiten. Diese Premium-Tinte liefert tiefe, satte Schwarzt\u00f6ne, die nach dem Trocknen absolut wasserfest sind. Ideal f\u00fcr Profi- und Hobbyk\u00fcnstler. Die Tinte ist dicht und trocknet etwas l\u00e4nger als andere seltene Tinten, aber schneller als die japanische Sumi-Tinte.<\/p>\n<p><strong>Wesentliche Merkmale:<\/strong><\/p>\n<ul>\n<li><strong>Praktisches Design des Tintenfasses:<\/strong> Das Gef\u00e4\u00df hat einen abgerundeten Boden, so dass auch der letzte Tropfen Tinte genutzt werden kann, was eine maximale Effizienz und minimale Verschwendung gew\u00e4hrleistet.<\/li>\n<li><strong>Hochwertige Kappendichtung:<\/strong> Die Flasche hat einen Metalldeckel mit einer Silikondichtung. Der Beh\u00e4lter ist so konzipiert, dass Ihre Tinte sicher aufbewahrt wird und nicht eintrocknet.<\/li>\n<li><strong>Ausgezeichneter Tintenfluss:<\/strong> Die Mitte des Beh\u00e4lters ist tiefer, so dass mehr Tinte auf den Stift aufgetragen werden kann - ideal f\u00fcr Stifte, die eingetaucht werden.<\/li>\n<li><strong>Nach dem Trocknen ist es wasserfest.<\/strong> Kann bei Kontakt mit Alkoholmarkern verschmieren.<\/li>\n<li><strong>Verursacht kein Versch\u00fctten<\/strong> - Federbildung: Die meisten Tinten auf dem Markt verursachen Federbildung auf einigen g\u00e4ngigen Druckerpapieren. Bei dieser Tinte, wie auch bei Sumi Ink, ist das nicht der Fall.<\/li>\n<li><strong>L\u00e4ngeres Trocknen:<\/strong> trocknet etwas l\u00e4nger als normale F\u00fcllhaltertinte, aber nicht so lange wie Sumi-Tinte.<\/li>\n<li><strong><span style=\"color: #991818\">Nicht f\u00fcr Springbrunnen geeignet<\/span> (F\u00fcllfederhalter)<\/strong><\/li>\n<\/ul>\n<div id=\"attachment_9030\" style=\"width: 1510px\" class=\"wp-caption alignnone\"><img loading=\"lazy\" decoding=\"async\" aria-describedby=\"caption-attachment-9030\" class=\"wp-image-9030 size-full\" src=\"https:\/\/literaskaligrafija.si\/wp-content\/uploads\/2024\/12\/Ink-Jar-Tachikawa.png\" alt=\"Tinte f\u00fcr Mangazeichner und Kalligraphen\" width=\"1500\" height=\"1500\" srcset=\"https:\/\/literaskaligrafija.si\/wp-content\/uploads\/2024\/12\/Ink-Jar-Tachikawa.png 1500w, https:\/\/literaskaligrafija.si\/wp-content\/uploads\/2024\/12\/Ink-Jar-Tachikawa-300x300.png 300w, https:\/\/literaskaligrafija.si\/wp-content\/uploads\/2024\/12\/Ink-Jar-Tachikawa-1024x1024.png 1024w, https:\/\/literaskaligrafija.si\/wp-content\/uploads\/2024\/12\/Ink-Jar-Tachikawa-150x150.png 150w, https:\/\/literaskaligrafija.si\/wp-content\/uploads\/2024\/12\/Ink-Jar-Tachikawa-768x768.png 768w, https:\/\/literaskaligrafija.si\/wp-content\/uploads\/2024\/12\/Ink-Jar-Tachikawa-12x12.png 12w, https:\/\/literaskaligrafija.si\/wp-content\/uploads\/2024\/12\/Ink-Jar-Tachikawa-550x550.png 550w, https:\/\/literaskaligrafija.si\/wp-content\/uploads\/2024\/12\/Ink-Jar-Tachikawa-1000x1000.png 1000w, https:\/\/literaskaligrafija.si\/wp-content\/uploads\/2024\/12\/Ink-Jar-Tachikawa-400x400.png 400w, https:\/\/literaskaligrafija.si\/wp-content\/uploads\/2024\/12\/Ink-Jar-Tachikawa-600x600.png 600w, https:\/\/literaskaligrafija.si\/wp-content\/uploads\/2024\/12\/Ink-Jar-Tachikawa-100x100.png 100w, https:\/\/literaskaligrafija.si\/wp-content\/uploads\/2024\/12\/Ink-Jar-Tachikawa-50x50.png 50w\" sizes=\"auto, (max-width: 1500px) 100vw, 1500px\" \/><p id=\"caption-attachment-9030\" class=\"wp-caption-text\">Der Boden des Beh\u00e4lters ist eif\u00f6rmig. So k\u00f6nnen Sie auch den letzten Tropfen des Produkts nutzen.<\/p><\/div>\n<p>&nbsp;<\/p>\n<p><strong>Anwendung:<\/strong><\/p>\n<ul>\n<li><strong>Eine beliebte Tinte f\u00fcr Manga-Zeichner und Kalligraphen.<\/strong><\/li>\n<li>Diese Verwendungszwecke dienen nur als Anhaltspunkte, verwenden Sie sie also entsprechend Ihrem Stil und Ihren Gewohnheiten.<\/li>\n<\/ul>\n<p>&nbsp;<\/p>","protected":false},"excerpt":{"rendered":"<p>Tachikawa Jet Black 15 ml - Kalligraphie-Tinte<\/p>","protected":false},"featured_media":8593,"comment_status":"open","ping_status":"closed","template":"","meta":{"content-type":"","inline_featured_image":false},"product_brand":[],"product_cat":[524,329,259,178,527],"product_tag":[],"class_list":{"0":"post-9027","1":"product","2":"type-product","3":"status-publish","4":"has-post-thumbnail","6":"product_cat-crnilo-za-kaligrafijo","7":"product_cat-kaligrafija","8":"product_cat-kaligrafski-tecaj","9":"product_cat-nekategorizirano","10":"product_cat-pripomocki-za-kaligrafijo","11":"product_shipping_class-postnina","13":"first","14":"instock","15":"taxable","16":"shipping-taxable","17":"purchasable","18":"product-type-simple"},"bundled_by":[],"bundle_stock_status":"instock","bundle_stock_quantity":null,"bundle_virtual":false,"bundle_layout":"","bundle_add_to_cart_form_location":"","bundle_editable_in_cart":false,"bundle_sold_individually_context":"","bundle_item_grouping":"","bundle_min_size":"","bundle_max_size":"","bundle_price":[],"bundled_items":[],"bundle_sell_ids":[],"jetpack_sharing_enabled":true,"_links":{"self":[{"href":"https:\/\/literaskaligrafija.si\/de\/wp-json\/wp\/v2\/product\/9027","targetHints":{"allow":["GET"]}}],"collection":[{"href":"https:\/\/literaskaligrafija.si\/de\/wp-json\/wp\/v2\/product"}],"about":[{"href":"https:\/\/literaskaligrafija.si\/de\/wp-json\/wp\/v2\/types\/product"}],"replies":[{"embeddable":true,"href":"https:\/\/literaskaligrafija.si\/de\/wp-json\/wp\/v2\/comments?post=9027"}],"wp:featuredmedia":[{"embeddable":true,"href":"https:\/\/literaskaligrafija.si\/de\/wp-json\/wp\/v2\/media\/8593"}],"wp:attachment":[{"href":"https:\/\/literaskaligrafija.si\/de\/wp-json\/wp\/v2\/media?parent=9027"}],"wp:term":[{"taxonomy":"product_brand","embeddable":true,"href":"https:\/\/literaskaligrafija.si\/de\/wp-json\/wp\/v2\/product_brand?post=9027"},{"taxonomy":"product_cat","embeddable":true,"href":"https:\/\/literaskaligrafija.si\/de\/wp-json\/wp\/v2\/product_cat?post=9027"},{"taxonomy":"product_tag","embeddable":true,"href":"https:\/\/literaskaligrafija.si\/de\/wp-json\/wp\/v2\/product_tag?post=9027"}],"curies":[{"name":"wp","href":"https:\/\/api.w.org\/{rel}","templated":true}]}}