{"id":9109,"date":"2025-02-25T12:52:31","date_gmt":"2025-02-25T11:52:31","guid":{"rendered":"https:\/\/literaskaligrafija.si\/?post_type=product&#038;p=9109"},"modified":"2026-05-11T08:36:05","modified_gmt":"2026-05-11T06:36:05","slug":"abraham-feier-einladung-mit-einzigartiger-kalligraphie-set-von-25","status":"publish","type":"product","link":"https:\/\/literaskaligrafija.si\/de\/izdelek\/vabila-za-rojstni-dan\/","title":{"rendered":"Geburtstagseinladungen - Mit einzigartiger Kalligraphie"},"content":{"rendered":"<div dir=\"ltr\">\n<p><strong>Geburtstagseinladungen - Mit einzigartiger Kalligraphie\u00a0<\/strong><\/p>\n<ul>\n<li>Unsere moderne, minimalistische Einladung hat einen Hauch von Kalligrafie.<\/li>\n<li>Das Farbschema kann an den Stil und die Atmosph\u00e4re der Abraham-Feier angepasst werden.<\/li>\n<li>Sie k\u00f6nnen auch den Stil der Kalligraphie w\u00e4hlen, die diesen besonderen Umschlag schm\u00fccken wird.<\/li>\n<li>Das Gesamtbild Ihrer Einladungen, anderer Drucksachen und der Beschriftung sollte Ihren pers\u00f6nlichen Stil widerspiegeln.<\/li>\n<li>Unsere Einladungen sind auf das Thema Ihrer Feier abgestimmt - ganz gleich, ob es sich um ein intimes Abendessen, eine lebhafte Party, ein entspanntes Picknick oder eine repr\u00e4sentative Veranstaltung handelt.<\/li>\n<\/ul>\n<p><strong>Wie funktioniert die Bestellung?<\/strong><\/p>\n<ul>\n<li>Sobald Sie Ihre Bestellung aufgegeben haben, werden wir uns so schnell wie m\u00f6glich mit Ihnen in Verbindung setzen, um die fehlenden Informationen zu erfragen.<\/li>\n<li>Nach Pr\u00fcfung und Genehmigung erstellen wir innerhalb von 5 Arbeitstagen eine Visualisierung Ihrer Einladung.<\/li>\n<li>Die Produktion umfasst die Gestaltung und eine geringf\u00fcgige Korrektur (\u00c4nderung der Farbe, Korrektur des Textes oder des Stils der kalligrafischen Erg\u00e4nzung).<\/li>\n<li>Bei zus\u00e4tzlichen \u00c4nderungen k\u00f6nnen zus\u00e4tzliche Kosten anfallen, die im Voraus mit Ihnen besprochen werden.<\/li>\n<li>Nach der endg\u00fcltigen Genehmigung wird die Einladung gedruckt, und es sind keine Folgeauftr\u00e4ge f\u00fcr die Ausleihe m\u00f6glich.<\/li>\n<li>Es werden Einladungen verschickt und eine pers\u00f6nliche Abholung ist m\u00f6glich.<\/li>\n<\/ul>\n<p><strong>Der Einladungspreis beinhaltet<\/strong><\/p>\n<ul>\n<li>Einladungsdesign einseitig.<\/li>\n<li>Motiv (Illustration verschiedener Blumen)<\/li>\n<li>Kalligrafische Notation von Namen oder W\u00f6rtern und Vorbereitung der Kalligrafie f\u00fcr den Druck.<\/li>\n<li>Digitaldruck - einseitig im Format A5, 250 g mattes Papier.<\/li>\n<li>Eine Korrektur, weitere werden in Rechnung gestellt.<\/li>\n<\/ul>\n<p><strong>Einladungszus\u00e4tze<\/strong><\/p>\n<ul>\n<li>Umschlag 140 g - Gr\u00f6\u00dfe und Farbe entsprechend der Gr\u00f6\u00dfe der Einladung.<\/li>\n<li>Umschlag - Die Tasche ist h\u00e4rter und kompakter als der Umschlag.<\/li>\n<li>Wachssiegel - verleihen Sie Ihren Einladungen mit Siegellack eine einzigartige und zeitlose Note.<\/li>\n<li>Transparente Abdeckung - ohne oder mit Motiv.<\/li>\n<li>Dekorative Schnur - f\u00fcr die romantischsten Seelen.<\/li>\n<li>Getrocknete Blumen - getrocknete Zweige von Wiesenblumen, Eukalyptus oder Lavendel.<\/li>\n<li>Seiden- oder Chiffonband - weiche B\u00e4nder mit einer nat\u00fcrlichen Kante verleihen einen Hauch von Vintage oder Romantik.<\/li>\n<\/ul>\n<p><strong>Bei der Auswahl einer Einladung entscheiden wir gemeinsam:<\/strong><\/p>\n<ul>\n<li>Wahl des Papiers<\/li>\n<li>Gedruckt von<\/li>\n<li>Farbliche Anpassung<\/li>\n<li>Motive und<\/li>\n<li>Kalligraphie<\/li>\n<\/ul>\n<p><strong>Kalligraphie<\/strong><\/p>\n<ul>\n<li>Handschriftliche Kalligraphie, die auf jeder Einladung handgeschrieben oder f\u00fcr den Druck vorbereitet werden kann.<\/li>\n<li>Es gibt verschiedene Stile: klassisch und romantisch oder modern und k\u00fchn kalligraphisch.<\/li>\n<li>Wir verwenden Kalligraphie auf Einladungen als subtile Erg\u00e4nzung, um das Wesen und die Lesbarkeit der Einladung zu erhalten.<\/li>\n<li>W\u00e4hlen Sie f\u00fcr die Kalligrafie eine Zahl, ein Wort oder einen Namen. Wenn die gesamte Einladung in Kalligraphie gehalten ist, halten Sie den Text kurz.<\/li>\n<\/ul>\n<p><strong>Verschiedene Layouts und Formen<\/strong><\/p>\n<ul>\n<li>A5 (148 x 210 mm) - die h\u00e4ufigste Wahl, elegant und gro\u00df genug f\u00fcr einen minimalistischen Look.<\/li>\n<li>A6 (105 x 148 mm) - eine kleinere, kompakte Einladung, die sich f\u00fcr einen minimalistischen Stil eignet.<\/li>\n<li>Runde oder halbrunde Einladung.<\/li>\n<li>Formen Sie nach Belieben.<\/li>\n<li>Ausgefranste Kanten<\/li>\n<\/ul>\n<p><strong>Papiere<\/strong><\/p>\n<ul>\n<li>Glattes oder strukturiertes Papier - von feinem, mattem Papier bis hin zu einer ausgepr\u00e4gten rauen Textur.<\/li>\n<li>Papier von 250 bis 350 g.<\/li>\n<\/ul>\n<p><strong>\u00a0Gedruckt von<\/strong><\/p>\n<ul>\n<li>Digitaldruck - f\u00fcr pr\u00e4zise Details und kleinere Auflagen<\/li>\n<li>Buchdruck (Stichtiefdruck) - ein \u00e4u\u00dferst prestigetr\u00e4chtiger Druck auf Papier.<\/li>\n<li>Goldfolie oder Digitaldruck.<\/li>\n<\/ul>\n<p><img loading=\"lazy\" decoding=\"async\" class=\"alignnone size-full wp-image-9422\" src=\"https:\/\/literaskaligrafija.si\/wp-content\/uploads\/2025\/06\/Barve-SCHIFFON.jpg\" alt=\"\" width=\"1500\" height=\"1500\" srcset=\"https:\/\/literaskaligrafija.si\/wp-content\/uploads\/2025\/06\/Barve-SCHIFFON.jpg 1500w, https:\/\/literaskaligrafija.si\/wp-content\/uploads\/2025\/06\/Barve-SCHIFFON-300x300.jpg 300w, https:\/\/literaskaligrafija.si\/wp-content\/uploads\/2025\/06\/Barve-SCHIFFON-1024x1024.jpg 1024w, https:\/\/literaskaligrafija.si\/wp-content\/uploads\/2025\/06\/Barve-SCHIFFON-150x150.jpg 150w, https:\/\/literaskaligrafija.si\/wp-content\/uploads\/2025\/06\/Barve-SCHIFFON-768x768.jpg 768w, https:\/\/literaskaligrafija.si\/wp-content\/uploads\/2025\/06\/Barve-SCHIFFON-12x12.jpg 12w, https:\/\/literaskaligrafija.si\/wp-content\/uploads\/2025\/06\/Barve-SCHIFFON-550x550.jpg 550w, https:\/\/literaskaligrafija.si\/wp-content\/uploads\/2025\/06\/Barve-SCHIFFON-1000x1000.jpg 1000w, https:\/\/literaskaligrafija.si\/wp-content\/uploads\/2025\/06\/Barve-SCHIFFON-400x400.jpg 400w, https:\/\/literaskaligrafija.si\/wp-content\/uploads\/2025\/06\/Barve-SCHIFFON-600x600.jpg 600w, https:\/\/literaskaligrafija.si\/wp-content\/uploads\/2025\/06\/Barve-SCHIFFON-100x100.jpg 100w, https:\/\/literaskaligrafija.si\/wp-content\/uploads\/2025\/06\/Barve-SCHIFFON-50x50.jpg 50w\" sizes=\"auto, (max-width: 1500px) 100vw, 1500px\" \/><\/p>\n<div id=\"attachment_9236\" style=\"width: 1510px\" class=\"wp-caption alignnone\"><img loading=\"lazy\" decoding=\"async\" aria-describedby=\"caption-attachment-9236\" class=\"size-full wp-image-9236\" src=\"https:\/\/literaskaligrafija.si\/wp-content\/uploads\/2022\/10\/Naslov-na-kuverti.jpg\" alt=\"Umschl\u00e4ge f\u00fcr Hochzeiten\" width=\"1500\" height=\"1500\" srcset=\"https:\/\/literaskaligrafija.si\/wp-content\/uploads\/2022\/10\/Naslov-na-kuverti.jpg 1500w, https:\/\/literaskaligrafija.si\/wp-content\/uploads\/2022\/10\/Naslov-na-kuverti-300x300.jpg 300w, https:\/\/literaskaligrafija.si\/wp-content\/uploads\/2022\/10\/Naslov-na-kuverti-1024x1024.jpg 1024w, https:\/\/literaskaligrafija.si\/wp-content\/uploads\/2022\/10\/Naslov-na-kuverti-150x150.jpg 150w, https:\/\/literaskaligrafija.si\/wp-content\/uploads\/2022\/10\/Naslov-na-kuverti-768x768.jpg 768w, https:\/\/literaskaligrafija.si\/wp-content\/uploads\/2022\/10\/Naslov-na-kuverti-12x12.jpg 12w, https:\/\/literaskaligrafija.si\/wp-content\/uploads\/2022\/10\/Naslov-na-kuverti-550x550.jpg 550w, https:\/\/literaskaligrafija.si\/wp-content\/uploads\/2022\/10\/Naslov-na-kuverti-1000x1000.jpg 1000w, https:\/\/literaskaligrafija.si\/wp-content\/uploads\/2022\/10\/Naslov-na-kuverti-400x400.jpg 400w, https:\/\/literaskaligrafija.si\/wp-content\/uploads\/2022\/10\/Naslov-na-kuverti-600x600.jpg 600w, https:\/\/literaskaligrafija.si\/wp-content\/uploads\/2022\/10\/Naslov-na-kuverti-100x100.jpg 100w, https:\/\/literaskaligrafija.si\/wp-content\/uploads\/2022\/10\/Naslov-na-kuverti-50x50.jpg 50w\" sizes=\"auto, (max-width: 1500px) 100vw, 1500px\" \/><p id=\"caption-attachment-9236\" class=\"wp-caption-text\">Gesch\u00e4ftsdrucksachen<\/p><\/div>\n<\/div>","protected":false},"excerpt":{"rendered":"<p>Einladungen zum Feiern - Mit einzigartiger Kalligraphie<\/p>\n<p>&nbsp;<\/p>\n<p>&nbsp;<\/p>","protected":false},"featured_media":9124,"comment_status":"open","ping_status":"closed","template":"","meta":{"content-type":"","inline_featured_image":false},"product_brand":[],"product_cat":[469,403,378,377,416],"product_tag":[542,438,279,541],"class_list":{"0":"post-9109","1":"product","2":"type-product","3":"status-publish","4":"has-post-thumbnail","6":"product_cat-abraham","7":"product_cat-poroka","8":"product_cat-poroka-vabila","9":"product_cat-rojstni-dan","10":"product_cat-vabila","11":"product_tag-abraham","12":"product_tag-rojstni-dan","13":"product_tag-tiskovine","14":"product_tag-vabila-za-praznovanje","15":"product_shipping_class-postnina","17":"first","18":"instock","19":"taxable","20":"shipping-taxable","21":"purchasable","22":"product-type-simple"},"bundled_by":[],"bundle_stock_status":"instock","bundle_stock_quantity":null,"bundle_virtual":false,"bundle_layout":"","bundle_add_to_cart_form_location":"","bundle_editable_in_cart":false,"bundle_sold_individually_context":"","bundle_item_grouping":"","bundle_min_size":"","bundle_max_size":"","bundle_price":[],"bundled_items":[],"bundle_sell_ids":[],"jetpack_sharing_enabled":true,"_links":{"self":[{"href":"https:\/\/literaskaligrafija.si\/de\/wp-json\/wp\/v2\/product\/9109","targetHints":{"allow":["GET"]}}],"collection":[{"href":"https:\/\/literaskaligrafija.si\/de\/wp-json\/wp\/v2\/product"}],"about":[{"href":"https:\/\/literaskaligrafija.si\/de\/wp-json\/wp\/v2\/types\/product"}],"replies":[{"embeddable":true,"href":"https:\/\/literaskaligrafija.si\/de\/wp-json\/wp\/v2\/comments?post=9109"}],"wp:featuredmedia":[{"embeddable":true,"href":"https:\/\/literaskaligrafija.si\/de\/wp-json\/wp\/v2\/media\/9124"}],"wp:attachment":[{"href":"https:\/\/literaskaligrafija.si\/de\/wp-json\/wp\/v2\/media?parent=9109"}],"wp:term":[{"taxonomy":"product_brand","embeddable":true,"href":"https:\/\/literaskaligrafija.si\/de\/wp-json\/wp\/v2\/product_brand?post=9109"},{"taxonomy":"product_cat","embeddable":true,"href":"https:\/\/literaskaligrafija.si\/de\/wp-json\/wp\/v2\/product_cat?post=9109"},{"taxonomy":"product_tag","embeddable":true,"href":"https:\/\/literaskaligrafija.si\/de\/wp-json\/wp\/v2\/product_tag?post=9109"}],"curies":[{"name":"wp","href":"https:\/\/api.w.org\/{rel}","templated":true}]}}