{"id":9172,"date":"2025-03-31T16:49:15","date_gmt":"2025-03-31T14:49:15","guid":{"rendered":"https:\/\/literaskaligrafija.si\/?post_type=product&#038;p=9172"},"modified":"2026-01-19T10:15:37","modified_gmt":"2026-01-19T09:15:37","slug":"kalligraphie-kupferstich-buchstaben-cerknica-21-marz-9","status":"publish","type":"product","link":"https:\/\/literaskaligrafija.si\/de\/izdelek\/kaligrafija-za-doma\/","title":{"rendered":"Kalligraphie f\u00fcr Zuhause - Kupferstich MAJUSKULE PDF - digitales Produkt"},"content":{"rendered":"<div class=\"flex-shrink-0 flex flex-col relative items-end\">\n<div class=\"pt-0\">\n<div class=\"gizmo-bot-avatar flex h-8 w-8 items-center justify-center overflow-hidden rounded-full\">\n<div class=\"relative p-1 rounded-sm flex items-center justify-center bg-token-main-surface-primary text-token-text-primary h-8 w-8\">\n<p><strong>Kaligrafija za doma &#8211; Copperplate MAJUSKULE PDF &#8211; digitalni izdelek<\/strong><\/p>\n<div class=\"flex-shrink-0 flex flex-col relative items-end\">\n<div class=\"pt-0\">\n<div class=\"gizmo-bot-avatar flex h-8 w-8 items-center justify-center overflow-hidden rounded-full\">\n<div class=\"relative p-1 rounded-sm flex items-center justify-center bg-token-main-surface-primary text-token-text-primary h-8 w-8\">\n<p><strong>Izdelek je v digitalni PDF obliki.<\/strong> Zasnovan je za tiste, ki ste \u017ee osvojili osnove Copperplate kaligrafije, poznate osnovne poteze &#8211; gradnike \u010drk, imate vsa potrebna orodja in poznate njihovo pripravo.<\/p>\n<p>Potrebujete \u0161e:<\/p>\n<\/div>\n<\/div>\n<\/div>\n<\/div>\n<div class=\"group\/conversation-turn relative flex w-full min-w-0 flex-col agent-turn\">\n<div class=\"flex-col gap-1 md:gap-3\">\n<div class=\"flex max-w-full flex-col flex-grow\">\n<div class=\"min-h-[20px] text-message flex w-full flex-col items-end gap-2 break-words [.text-message+&amp;]:mt-5 overflow-x-auto whitespace-normal\" dir=\"auto\" data-message-author-role=\"assistant\" data-message-id=\"5dee0080-2d13-4695-906f-8ac558f6a115\">\n<div class=\"flex w-full flex-col gap-1 empty:hidden first:pt-[3px]\">\n<div class=\"markdown prose w-full break-words dark:prose-invert light\">\n<ul>\n<li><a title=\"Nakup dr\u017eala epoksi\" href=\"https:\/\/literaskaligrafija.si\/trgovina\/kategorija-izdelka\/rocaj-za-kaligrafijo-peresnik-poseven-kaligrafski-rocaj-epoksi\/\" target=\"_blank\" rel=\"noopener\"><strong>kaligrafsko dr\u017ealo<\/strong><\/a> &#8211; ravno ali po\u0161evno,<\/li>\n<li><a title=\"Nakup peres\" href=\"https:\/\/literaskaligrafija.si\/trgovina\/kategorija-izdelka\/kaligrafska-peresa-tachikawa-komplet-3\/\" target=\"_blank\" rel=\"noopener\"><span style=\"text-decoration: underline\"><strong>pro\u017eno koni\u010dasto pero<\/strong><\/span><\/a>,<\/li>\n<li><strong><a title=\"Nakup japonskega \u010drnila\" href=\"https:\/\/literaskaligrafija.si\/trgovina\/kategorija-izdelka\/tachikawa-jet-black-15-ml-crnilo-za-kaligrafijo\/\" target=\"_blank\" rel=\"noopener\"><span style=\"text-decoration: underline\">\u010drnilo<\/span><\/a>.<\/strong><\/li>\n<\/ul>\n<\/div>\n<\/div>\n<\/div>\n<\/div>\n<\/div>\n<\/div>\n<p><strong>Komu je izdelek namenjen?<\/strong><\/p>\n<ul>\n<li>Kaligrafskim navdu\u0161encem, ki \u017ee poznajo osnove Copperplate kaligrafije.<\/li>\n<li>Za kaligrafe, ki radi vadijo doma in ne v skupinah.<\/li>\n<li>Za srame\u017eljive umetnike, ki ne marajo te\u010dajev v \u017eivo in raje vadijo v doma\u010di ti\u0161ini.<\/li>\n<li>Za vse, ki so jim te\u010daji predale\u010d.<\/li>\n<\/ul>\n<\/div>\n<\/div>\n<\/div>\n<\/div>\n<div class=\"group\/conversation-turn relative flex w-full min-w-0 flex-col agent-turn\">\n<div class=\"flex-col gap-1 md:gap-3\">\n<div class=\"flex max-w-full flex-col flex-grow\">\n<div class=\"min-h-[20px] text-message flex w-full flex-col items-end gap-2 break-words [.text-message+&amp;]:mt-5 overflow-x-auto whitespace-normal\" dir=\"auto\" data-message-author-role=\"assistant\" data-message-id=\"5dee0080-2d13-4695-906f-8ac558f6a115\">\n<div class=\"flex w-full flex-col gap-1 empty:hidden first:pt-[3px]\">\n<div class=\"markdown prose w-full break-words dark:prose-invert light\">\n<p><strong>Izdelek vsebuje<\/strong><\/p>\n<ul>\n<li>Vzor\u010dni list &#8211; sampler celotne abecede majuskul.<\/li>\n<li>List za ogrevanje rok.<\/li>\n<li>Osnovne poteze\u00a0 in stebla MAJUSKUL &#8211; velikih \u010drk.<\/li>\n<li>Celotno abecedo majuskul, brez \u0161umnikov, s \u010drkami \u00a0angle\u0161ke abecede (q, w, x, y).<\/li>\n<li>Izberite slovensko ali angle\u0161ko verzijo.<\/li>\n<\/ul>\n<p><strong>Izdelek ne vsebuje<\/strong><\/p>\n<ul>\n<li>Izdelek ne vsebuje \u010drnila, dr\u017eala in peres.<\/li>\n<li>Osnovnega znanja o kaligrafiji in pisavi Copperplate.<\/li>\n<\/ul>\n<p><strong>Lastnosti izdelka<\/strong><\/p>\n<ul>\n<li>Izdelek je PDF datoteka.<\/li>\n<li>\u010crke so razporejene tako, da ena stran zajema dve \u010drki abecede.<\/li>\n<li>Za vsako \u010drko je tudi prikaz osnovnih potez.<\/li>\n<li>Za la\u017ejo vajo so \u010drke natisnjene v sivini.<\/li>\n<\/ul>\n<p><strong>Ali je izdelek primeren kot darilo?<\/strong><\/p>\n<ul>\n<li>Da, vendar za popolne za\u010detnike priporo\u010dam tudi knji\u017eico znanja.<\/li>\n<\/ul>\n<p><strong>Dostop do datoteke<\/strong><\/p>\n<ul>\n<li>Dostop do datoteke prejmete v\u00a0 e-sporo\u010dilu o nakupu v stolpcu Prenos.<\/li>\n<li>Datoteka bo na voljo 7 dni, priporo\u010damo, da si jo pravo\u010dasno shranite.<\/li>\n<\/ul>\n<p><strong>Obvestilo o avtorskih pravicah<\/strong><\/p>\n<p>Vsebina je\u00a0 avtorsko za\u0161\u010ditena\u00a0v skladu z Zakonom o avtorski in sorodnih pravicah (ZASP) in so izklju\u010dna last ustvarjalca.<\/p>\n<p><strong>Prepovedana je<\/strong><\/p>\n<ul>\n<li>Nadaljnja prodaja, podajanje tretjim osebam ali kakr\u0161nakoli distribucija brez pisnega dovoljenja avtorja.<\/li>\n<li>Uporaba vsebin v komercialne namene brez predhodnega soglasja.<\/li>\n<li>Z nakupom ali dostopom do tega gradiva pridobite pravico do osebne uporabe, ne pa lastni\u0161tva nad vsebino.<\/li>\n<li>Vsaka kr\u0161itev avtorskih pravic je kazniva in lahko vodi v od\u0161kodninsko odgovornost.<\/li>\n<li>Kopiranje, razmno\u017eevanje, prilagajanje, predelava ali digitalizacija vsebin.<\/li>\n<\/ul>\n<p><strong>Pomembno obvestilo pred nakupom<\/strong><\/p>\n<ul>\n<li>Z nakupom se strinjate, da prejmete digitalno vsebino (PDF) in s tem nimate pravice do odstopa do pogodbe.<\/li>\n<li>V primeru napak zagotavljamo popravek vsebine.<\/li>\n<\/ul>\n<p><strong>Tisk datoteke<\/strong><\/p>\n<ul>\n<li>Priporo\u010damo tisk na kvaliteten gladek papir papir za tiskanje 120 g.<\/li>\n<\/ul>\n<\/div>\n<\/div>\n<\/div>\n<\/div>\n<\/div>\n<\/div>\n","protected":false},"excerpt":{"rendered":"<p><strong>Kalligraphie f\u00fcr Zuhause - Kupferstich MAJUSKULE PDF - digitales Produkt\u00a0<\/strong><\/p>\n<p>Nach dem Kauf erhalten Sie eine PDF-Datei, die Sie selbst ausdrucken k\u00f6nnen.<\/p>\n<p>W\u00e4hlen Sie Slowenisch oder Englisch.<\/p>\n<p>&nbsp;<\/p>\n<p>&nbsp;<\/p>","protected":false},"featured_media":9173,"comment_status":"open","ping_status":"closed","template":"","meta":{"content-type":"","inline_featured_image":false},"product_brand":[],"product_cat":[339,251,329,259,413,377,415,414],"product_tag":[473,465,244],"class_list":{"0":"post-9172","1":"product","2":"type-product","3":"status-publish","4":"has-post-thumbnail","6":"product_cat-bozicna-darila","7":"product_cat-darila","8":"product_cat-kaligrafija","9":"product_cat-kaligrafski-tecaj","10":"product_cat-materinski-dan","11":"product_cat-rojstni-dan","12":"product_cat-valentinovo","13":"product_cat-za-uciteljice","14":"product_tag-copperplate-kaligrafija","15":"product_tag-kaligrafija-abeceda","16":"product_tag-kaligrafski-tecaj","17":"product_shipping_class-postnina","19":"first","20":"instock","21":"featured","22":"purchasable","23":"product-type-variable","24":"has-default-attributes"},"bundled_by":[],"bundle_stock_status":"instock","bundle_stock_quantity":null,"bundle_virtual":false,"bundle_layout":"","bundle_add_to_cart_form_location":"","bundle_editable_in_cart":false,"bundle_sold_individually_context":"","bundle_item_grouping":"","bundle_min_size":"","bundle_max_size":"","bundle_price":[],"bundled_items":[],"bundle_sell_ids":[9027,9024,8162],"jetpack_sharing_enabled":true,"_links":{"self":[{"href":"https:\/\/literaskaligrafija.si\/de\/wp-json\/wp\/v2\/product\/9172","targetHints":{"allow":["GET"]}}],"collection":[{"href":"https:\/\/literaskaligrafija.si\/de\/wp-json\/wp\/v2\/product"}],"about":[{"href":"https:\/\/literaskaligrafija.si\/de\/wp-json\/wp\/v2\/types\/product"}],"replies":[{"embeddable":true,"href":"https:\/\/literaskaligrafija.si\/de\/wp-json\/wp\/v2\/comments?post=9172"}],"wp:featuredmedia":[{"embeddable":true,"href":"https:\/\/literaskaligrafija.si\/de\/wp-json\/wp\/v2\/media\/9173"}],"wp:attachment":[{"href":"https:\/\/literaskaligrafija.si\/de\/wp-json\/wp\/v2\/media?parent=9172"}],"wp:term":[{"taxonomy":"product_brand","embeddable":true,"href":"https:\/\/literaskaligrafija.si\/de\/wp-json\/wp\/v2\/product_brand?post=9172"},{"taxonomy":"product_cat","embeddable":true,"href":"https:\/\/literaskaligrafija.si\/de\/wp-json\/wp\/v2\/product_cat?post=9172"},{"taxonomy":"product_tag","embeddable":true,"href":"https:\/\/literaskaligrafija.si\/de\/wp-json\/wp\/v2\/product_tag?post=9172"}],"curies":[{"name":"wp","href":"https:\/\/api.w.org\/{rel}","templated":true}]}}