{"id":9226,"date":"2025-04-25T14:22:16","date_gmt":"2025-04-25T12:22:16","guid":{"rendered":"https:\/\/literaskaligrafija.si\/?post_type=product&#038;p=9226"},"modified":"2026-03-19T16:10:01","modified_gmt":"2026-03-19T15:10:01","slug":"kalligraphie-kupferstich-buchstaben-cerknica-21-marz-10","status":"publish","type":"product","link":"https:\/\/literaskaligrafija.si\/de\/izdelek\/copperplate-kaligrafija\/","title":{"rendered":"Kupferstich-Kalligraphie - Buch des Wissens - PRIDE KMALU"},"content":{"rendered":"<h3>Kupferstich-Kalligraphie - Buch des Wissens - PRIDE KMALU<\/h3>\n<p><span style=\"color: #c31f2f\"><a style=\"color: #c31f2f\" href=\"https:\/\/literaskaligrafija.si\/de\/kurzgeschichte-der-kalligraphie\/\" target=\"_blank\" rel=\"noopener\"><span style=\"text-decoration: underline\"><strong>Kalligraphie<\/strong><\/span><\/a><\/span> ist eine wunderbare F\u00e4higkeit, die nicht jeder beherrscht, aber jeder kann sie. Dieses Wissensbuch ist die perfekte Gelegenheit, die Welt der eleganten Schriftarten kennenzulernen.<\/p>\n<p><strong>Inhalt des Wissenshefts zum Selbststudium von Copperplate\u00a0<\/strong><\/p>\n<ul>\n<li>Kalligraphie-Glossar<\/li>\n<li>K\u00f6rperhaltung und Sitzen<\/li>\n<li>Vorbereiten des Schreibens<\/li>\n<li>Papier-Layout<\/li>\n<li>Stifthaltung - Kalligraphie-Griff<\/li>\n<li>Vorbereitung von Stiften - Verschiedene Arten der Vorbereitung von Stiften<\/li>\n<li>Korrekte Positionierung des Stiftes im Griff<\/li>\n<li>Wartung der Stifte<\/li>\n<li>Briefbeziehungen<\/li>\n<li>Wie man die Cursorfelder berechnet<\/li>\n<li>Schriftgradient und \u00c4nderungen des Standardgradienten<\/li>\n<li>Vor dem Schreiben mit Tinte<\/li>\n<li>Grundstriche - die Bausteine der Buchstaben<\/li>\n<li>Benennung der Z\u00fcge<\/li>\n<li>Beschreibung, wie man Z\u00fcge schreibt<\/li>\n<li>Strichformen: Die Buchstaben sind in vier Gruppen unterteilt<\/li>\n<li>Aus Strichen werden Buchstaben und W\u00f6rter<\/li>\n<li>Verschiedene Darstellungen von Buchstaben und Zahlen: allein, auf einem Textmarker, mit Richtungspfeilen<\/li>\n<\/ul>\n<p>Sie k\u00f6nnen das Heft mit allen Materialien ausf\u00fcllen, die Sie ben\u00f6tigen, um Ihre kreative Reise zu einem wunderbaren Erlebnis zu machen.<\/p>\n<ul>\n<li>Tinte<\/li>\n<li>Peresnik-Ebene<\/li>\n<li>Schr\u00e4ger Stift<\/li>\n<li>Nikko G flexibler Kugelschreiber - am besten f\u00fcr Anf\u00e4nger<\/li>\n<li>Minuskeln \u00fcben - die Kleinbuchstaben des Alphabets<\/li>\n<li>Majuskeln - Gro\u00dfbuchstaben des Alphabets<\/li>\n<li>\u00dcben, Buchstaben zu W\u00f6rtern und Text zu kombinieren<\/li>\n<\/ul>\n<p>&nbsp;<\/p>\n<p><strong>F: Warum ist das Erlernen der Kalligraphie n\u00fctzlich?<\/strong><br \/>\n<strong>O:<\/strong> Hier sind sechs wichtige Gr\u00fcnde, Kalligrafie zu lernen, sowie Gr\u00fcnde, warum mehr Handschrift n\u00fctzlich ist:<\/p>\n<ul>\n<li><strong>Verbesserung der Gehirnaktivit\u00e4t:<\/strong> Handschrift aktiviert das Gehirn, insbesondere die Bereiche, die f\u00fcr Sprache, Wahrnehmung und Bewegung zust\u00e4ndig sind. Durch die Stimulierung dieser neuronalen Schaltkreise kann das Handschreiben Ihre kognitiven Funktionen, Ihre Kreativit\u00e4t und Ihre Probleml\u00f6sungsf\u00e4higkeiten verbessern.<\/li>\n<li><strong>Verbesserung des Ged\u00e4chtnisses:<\/strong> Studien haben gezeigt, dass Handschrift das Ged\u00e4chtnis und den Abruf von Informationen verbessern kann, die durch das Notieren von Notizen gelernt wurden. Indem Sie Ihre motorischen und kognitiven Prozesse aktivieren, kann das Handschreiben Ihnen helfen, Informationen effizienter zu \"kodieren\" und zu speichern als das Tippen oder Lesen.<\/li>\n<li><strong>Personalisierung von anderen Projekten:<\/strong> Kalligrafiekenntnisse und Handschrift\u00fcbungen k\u00f6nnen Ihren Projekten, Notizen und schriftlichen Texten eine pers\u00f6nliche Note verleihen. Indem Sie Ihren eigenen Stil entwickeln, k\u00f6nnen Sie einzigartige und unvergessliche Kreationen f\u00fcr Ihre Arbeit oder andere Hobbys schaffen und Projekte produzieren, die sich abheben.<\/li>\n<li><strong>Motorische F\u00e4higkeiten:<\/strong> Das Erlernen der Kalligraphie und das \u00dcben der Handschrift k\u00f6nnen die Feinmotorik, die Auge-Hand-Koordination und die manuelle Geschicklichkeit verbessern. Diese F\u00e4higkeiten sind nicht nur f\u00fcr das Schreiben wichtig, sondern auch f\u00fcr andere Aufgaben, die manuelles Geschick und Pr\u00e4zision erfordern, wie zum Beispiel Zeichnen, Malen oder das Spielen eines Instruments.<\/li>\n<li><strong>Meditation:<\/strong> Das \u00dcben von Kalligraphie und Handschrift kann eine meditative T\u00e4tigkeit sein, die Entspannung, Achtsamkeit und Konzentration f\u00f6rdert. Indem Sie sich auf die Striche, Formen und Rhythmen der Buchstaben konzentrieren, k\u00f6nnen Sie in einen Zustand eintreten, der Ihren Geist beruhigt und Stress abbaut.<\/li>\n<li><strong>K\u00fcnstlerischer Ausdruck:<\/strong> Kalligrafie und Handschrift k\u00f6nnen auch eine Form des k\u00fcnstlerischen Ausdrucks sein, mit der Sie Ihre Kreativit\u00e4t, Ihren Stil und Ihre Pers\u00f6nlichkeit ausleben k\u00f6nnen. Ganz gleich, ob Sie traditionelle Kalligrafiestile oder moderne Handschrift-Trends bevorzugen, Sie k\u00f6nnen einen Weg finden, sich durch das sch\u00f6n geschriebene Wort auszudr\u00fccken.<\/li>\n<li><strong>Ein weiterer Grund<\/strong> - Auswirkungen auf Kinder mit ADHS und PTSD:<\/li>\n<\/ul>\n<p><strong>Kalligraphie lernen hat positive Auswirkungen<\/strong> tudi na otroke z ADHD (Motnja pozornosti s hiperaktivnostjo ali motnja hiperaktivnosti in pomanjkanja pozornosti) in PTSD (Posttravmatska stresna motnja).\u0160tudije so pokazale, da kaligrafija izbolj\u0161uje pozornost, senzorno-perceptualno ostrino, kognitivne in razumske sposobnosti, \u010dustveno stabilnost in samokontrolo. Vadba kaligrafije lahko pomaga otrokom z ADHD izbolj\u0161ati osredoto\u010denost in zmanj\u0161ati hiperaktivnost. Prav tako ima kaligrafija terapevtski u\u010dinek na otroke s PTSD, saj zmanj\u0161uje simptome hiperaktivnosti in izbolj\u0161uje splo\u0161no \u010dustveno stabilnost. Ve\u010d o tem si lahko preberete v naslednjih \u0161tudijah:<\/p>\n<ul>\n<li><span class=\"\" data-state=\"closed\"><span class=\"text-token-text-secondary\">Dovepress &#8211; Effect of calligraphy training on hyperarousal symptoms for childhood\u200b (<\/span><a class=\"text-green-600 !no-underline\" href=\"https:\/\/www.dovepress.com\/effect-of-calligraphy-training-on-hyperarousal-symptoms-for-childhood--peer-reviewed-fulltext-article-NDT\" target=\"_blank\" rel=\"noopener noreferrer\">Dove Med Presse<\/a><span class=\"text-token-text-secondary\">)<\/span><\/span>.<\/li>\n<li>Lupine Publishers &#8211; Calligraphy Treatment of Children with ADHD: A Case Study\u200b<span class=\"\" data-state=\"closed\"><span class=\"text-token-text-secondary\"> (<\/span><a class=\"text-green-600 !no-underline\" href=\"https:\/\/lupinepublishers.com\/complementary-alternative-medicine-journal\/fulltext\/calligraphy-treatment-of-children-with-adhd-a-case-study.ID.000127.php\" target=\"_blank\" rel=\"noopener noreferrer\">Lupine Verlag<\/a><span class=\"text-token-text-secondary\">)<\/span><\/span>.<\/li>\n<\/ul>\n<p>&nbsp;<\/p>\n<div id=\"attachment_8068\" style=\"width: 1510px\" class=\"wp-caption alignnone\"><img loading=\"lazy\" decoding=\"async\" aria-describedby=\"caption-attachment-8068\" class=\"wp-image-8068 size-full\" title=\"Kalligrafie-Kit SkriptStart - Kalligrafie-Selbstlernpaket\" src=\"https:\/\/literaskaligrafija.si\/wp-content\/uploads\/2023\/11\/COPPERPLATEcrna.jpg\" alt=\"Baumwolltasche mit Aufschrift - Kalligraphiekurs - Einzigartige Geschenke\" width=\"1500\" height=\"1500\" srcset=\"https:\/\/literaskaligrafija.si\/wp-content\/uploads\/2023\/11\/COPPERPLATEcrna.jpg 1500w, https:\/\/literaskaligrafija.si\/wp-content\/uploads\/2023\/11\/COPPERPLATEcrna-300x300.jpg 300w, https:\/\/literaskaligrafija.si\/wp-content\/uploads\/2023\/11\/COPPERPLATEcrna-1024x1024.jpg 1024w, https:\/\/literaskaligrafija.si\/wp-content\/uploads\/2023\/11\/COPPERPLATEcrna-150x150.jpg 150w, https:\/\/literaskaligrafija.si\/wp-content\/uploads\/2023\/11\/COPPERPLATEcrna-768x768.jpg 768w, https:\/\/literaskaligrafija.si\/wp-content\/uploads\/2023\/11\/COPPERPLATEcrna-12x12.jpg 12w, https:\/\/literaskaligrafija.si\/wp-content\/uploads\/2023\/11\/COPPERPLATEcrna-550x550.jpg 550w, https:\/\/literaskaligrafija.si\/wp-content\/uploads\/2023\/11\/COPPERPLATEcrna-1000x1000.jpg 1000w, https:\/\/literaskaligrafija.si\/wp-content\/uploads\/2023\/11\/COPPERPLATEcrna-400x400.jpg 400w, https:\/\/literaskaligrafija.si\/wp-content\/uploads\/2023\/11\/COPPERPLATEcrna-600x600.jpg 600w, https:\/\/literaskaligrafija.si\/wp-content\/uploads\/2023\/11\/COPPERPLATEcrna-100x100.jpg 100w, https:\/\/literaskaligrafija.si\/wp-content\/uploads\/2023\/11\/COPPERPLATEcrna-50x50.jpg 50w\" sizes=\"auto, (max-width: 1500px) 100vw, 1500px\" \/><p id=\"caption-attachment-8068\" class=\"wp-caption-text\">Baumwolltasche mit kalligrafischer Aufschrift. Visualisierung von Zlatka Trstenjak Rampre<\/p><\/div>\n<p>&nbsp;<\/p>\n<div id=\"attachment_8155\" style=\"width: 1510px\" class=\"wp-caption alignnone\"><img loading=\"lazy\" decoding=\"async\" aria-describedby=\"caption-attachment-8155\" class=\"wp-image-8155 size-full\" title=\"Kalligraphie - Arbeitsbuch\" src=\"https:\/\/literaskaligrafija.si\/wp-content\/uploads\/2023\/11\/Tecaj-kaligrafije-2024.jpg\" alt=\"Kalligraphie-Set SkriptStart - Einzigartige Geschenke\" width=\"1500\" height=\"1500\" srcset=\"https:\/\/literaskaligrafija.si\/wp-content\/uploads\/2023\/11\/Tecaj-kaligrafije-2024.jpg 1500w, https:\/\/literaskaligrafija.si\/wp-content\/uploads\/2023\/11\/Tecaj-kaligrafije-2024-300x300.jpg 300w, https:\/\/literaskaligrafija.si\/wp-content\/uploads\/2023\/11\/Tecaj-kaligrafije-2024-1024x1024.jpg 1024w, https:\/\/literaskaligrafija.si\/wp-content\/uploads\/2023\/11\/Tecaj-kaligrafije-2024-150x150.jpg 150w, https:\/\/literaskaligrafija.si\/wp-content\/uploads\/2023\/11\/Tecaj-kaligrafije-2024-768x768.jpg 768w, https:\/\/literaskaligrafija.si\/wp-content\/uploads\/2023\/11\/Tecaj-kaligrafije-2024-12x12.jpg 12w, https:\/\/literaskaligrafija.si\/wp-content\/uploads\/2023\/11\/Tecaj-kaligrafije-2024-550x550.jpg 550w, https:\/\/literaskaligrafija.si\/wp-content\/uploads\/2023\/11\/Tecaj-kaligrafije-2024-1000x1000.jpg 1000w, https:\/\/literaskaligrafija.si\/wp-content\/uploads\/2023\/11\/Tecaj-kaligrafije-2024-400x400.jpg 400w, https:\/\/literaskaligrafija.si\/wp-content\/uploads\/2023\/11\/Tecaj-kaligrafije-2024-600x600.jpg 600w, https:\/\/literaskaligrafija.si\/wp-content\/uploads\/2023\/11\/Tecaj-kaligrafije-2024-100x100.jpg 100w, https:\/\/literaskaligrafija.si\/wp-content\/uploads\/2023\/11\/Tecaj-kaligrafije-2024-50x50.jpg 50w\" sizes=\"auto, (max-width: 1500px) 100vw, 1500px\" \/><p id=\"caption-attachment-8155\" class=\"wp-caption-text\">Kupferstich-Kalligraphie - Starterpaket zum Selbststudium - Bild ist symbolisch. Visualisierung von Zlatka Trstenjak Rampre<\/p><\/div>\n<p>&nbsp;<\/p>\n<div id=\"attachment_8167\" style=\"width: 1510px\" class=\"wp-caption alignnone\"><img loading=\"lazy\" decoding=\"async\" aria-describedby=\"caption-attachment-8167\" class=\"wp-image-8167 size-full\" title=\"Kalligraphie-Griffst\u00fcck f\u00fcr flexible Spitzfeder\" src=\"https:\/\/literaskaligrafija.si\/wp-content\/uploads\/2024\/01\/Kaligrafski-rocaj1.jpg\" alt=\"Kalligraphiekurs - Literas calligraphy - Kalligraphiegriff schr\u00e4g - Einzigartige Geschenke\" width=\"1500\" height=\"1500\" srcset=\"https:\/\/literaskaligrafija.si\/wp-content\/uploads\/2024\/01\/Kaligrafski-rocaj1.jpg 1500w, https:\/\/literaskaligrafija.si\/wp-content\/uploads\/2024\/01\/Kaligrafski-rocaj1-300x300.jpg 300w, https:\/\/literaskaligrafija.si\/wp-content\/uploads\/2024\/01\/Kaligrafski-rocaj1-1024x1024.jpg 1024w, https:\/\/literaskaligrafija.si\/wp-content\/uploads\/2024\/01\/Kaligrafski-rocaj1-150x150.jpg 150w, https:\/\/literaskaligrafija.si\/wp-content\/uploads\/2024\/01\/Kaligrafski-rocaj1-768x768.jpg 768w, https:\/\/literaskaligrafija.si\/wp-content\/uploads\/2024\/01\/Kaligrafski-rocaj1-12x12.jpg 12w, https:\/\/literaskaligrafija.si\/wp-content\/uploads\/2024\/01\/Kaligrafski-rocaj1-550x550.jpg 550w, https:\/\/literaskaligrafija.si\/wp-content\/uploads\/2024\/01\/Kaligrafski-rocaj1-1000x1000.jpg 1000w, https:\/\/literaskaligrafija.si\/wp-content\/uploads\/2024\/01\/Kaligrafski-rocaj1-400x400.jpg 400w, https:\/\/literaskaligrafija.si\/wp-content\/uploads\/2024\/01\/Kaligrafski-rocaj1-600x600.jpg 600w, https:\/\/literaskaligrafija.si\/wp-content\/uploads\/2024\/01\/Kaligrafski-rocaj1-100x100.jpg 100w, https:\/\/literaskaligrafija.si\/wp-content\/uploads\/2024\/01\/Kaligrafski-rocaj1-50x50.jpg 50w\" sizes=\"auto, (max-width: 1500px) 100vw, 1500px\" \/><p id=\"caption-attachment-8167\" class=\"wp-caption-text\">Der abgeschr\u00e4gte Kalligraphiegriff des flexiblen Kugelschreibers erm\u00f6glicht es uns, die Kupferstichschrift oder die moderne Kalligraphie leichter und schneller zu erlernen.<\/p><\/div>\n<p>&nbsp;<\/p>\n<div id=\"attachment_8180\" style=\"width: 1510px\" class=\"wp-caption alignnone\"><img loading=\"lazy\" decoding=\"async\" aria-describedby=\"caption-attachment-8180\" class=\"wp-image-8180 size-full\" src=\"https:\/\/literaskaligrafija.si\/wp-content\/uploads\/2024\/01\/Nastavitev-peresa1.jpg\" alt=\"Richtiges Einstellen des Kalligrafiestiftes - Kalligrafie - Einzigartige Geschenke\" width=\"1500\" height=\"1500\" srcset=\"https:\/\/literaskaligrafija.si\/wp-content\/uploads\/2024\/01\/Nastavitev-peresa1.jpg 1500w, https:\/\/literaskaligrafija.si\/wp-content\/uploads\/2024\/01\/Nastavitev-peresa1-300x300.jpg 300w, https:\/\/literaskaligrafija.si\/wp-content\/uploads\/2024\/01\/Nastavitev-peresa1-1024x1024.jpg 1024w, https:\/\/literaskaligrafija.si\/wp-content\/uploads\/2024\/01\/Nastavitev-peresa1-150x150.jpg 150w, https:\/\/literaskaligrafija.si\/wp-content\/uploads\/2024\/01\/Nastavitev-peresa1-768x768.jpg 768w, https:\/\/literaskaligrafija.si\/wp-content\/uploads\/2024\/01\/Nastavitev-peresa1-12x12.jpg 12w, https:\/\/literaskaligrafija.si\/wp-content\/uploads\/2024\/01\/Nastavitev-peresa1-550x550.jpg 550w, https:\/\/literaskaligrafija.si\/wp-content\/uploads\/2024\/01\/Nastavitev-peresa1-1000x1000.jpg 1000w, https:\/\/literaskaligrafija.si\/wp-content\/uploads\/2024\/01\/Nastavitev-peresa1-400x400.jpg 400w, https:\/\/literaskaligrafija.si\/wp-content\/uploads\/2024\/01\/Nastavitev-peresa1-600x600.jpg 600w, https:\/\/literaskaligrafija.si\/wp-content\/uploads\/2024\/01\/Nastavitev-peresa1-100x100.jpg 100w, https:\/\/literaskaligrafija.si\/wp-content\/uploads\/2024\/01\/Nastavitev-peresa1-50x50.jpg 50w\" sizes=\"auto, (max-width: 1500px) 100vw, 1500px\" \/><p id=\"caption-attachment-8180\" class=\"wp-caption-text\">Abgeschr\u00e4gte Kalligrafie-Feder und korrekte Einstellung der Feder. Vermeiden Sie die Feder auf der rechten Seite, da sie die korrekte Einstellung der Kalligrafiefeder nicht zul\u00e4sst.<\/p><\/div>\n<p>&nbsp;<\/p>\n<p>&nbsp;<\/p>\n<p>&nbsp;<\/p>","protected":false},"excerpt":{"rendered":"<p><strong>Kupferstich-Kalligraphie - Buch des Wissens - PRIDE KMALU<\/strong><\/p>\n<p>&nbsp;<\/p>\n<p>&nbsp;<\/p>\n<p>&nbsp;<\/p>\n<p>&nbsp;<\/p>\n<p>&nbsp;<\/p>\n<p>&nbsp;<\/p>\n<p>&nbsp;<\/p>\n<p>&nbsp;<\/p>","protected":false},"featured_media":8155,"comment_status":"open","ping_status":"closed","template":"","meta":{"content-type":"","inline_featured_image":false},"product_brand":[],"product_cat":[251,329,259,377,414],"product_tag":[440,244,346,349],"class_list":{"0":"post-9226","1":"product","2":"type-product","3":"status-publish","4":"has-post-thumbnail","6":"product_cat-darila","7":"product_cat-kaligrafija","8":"product_cat-kaligrafski-tecaj","9":"product_cat-rojstni-dan","10":"product_cat-za-uciteljice","11":"product_tag-darila-za-kreativne","12":"product_tag-kaligrafski-tecaj","13":"product_tag-tecaj-kaligrafije","14":"product_tag-unikatna-darila","15":"product_shipping_class-postnina","17":"first","18":"outofstock","19":"featured","20":"downloadable","21":"virtual","22":"purchasable","23":"product-type-simple"},"bundled_by":[],"bundle_stock_status":"outofstock","bundle_stock_quantity":null,"bundle_virtual":false,"bundle_layout":"","bundle_add_to_cart_form_location":"","bundle_editable_in_cart":false,"bundle_sold_individually_context":"","bundle_item_grouping":"","bundle_min_size":"","bundle_max_size":"","bundle_price":[],"bundled_items":[],"bundle_sell_ids":[],"jetpack_sharing_enabled":true,"_links":{"self":[{"href":"https:\/\/literaskaligrafija.si\/de\/wp-json\/wp\/v2\/product\/9226","targetHints":{"allow":["GET"]}}],"collection":[{"href":"https:\/\/literaskaligrafija.si\/de\/wp-json\/wp\/v2\/product"}],"about":[{"href":"https:\/\/literaskaligrafija.si\/de\/wp-json\/wp\/v2\/types\/product"}],"replies":[{"embeddable":true,"href":"https:\/\/literaskaligrafija.si\/de\/wp-json\/wp\/v2\/comments?post=9226"}],"wp:featuredmedia":[{"embeddable":true,"href":"https:\/\/literaskaligrafija.si\/de\/wp-json\/wp\/v2\/media\/8155"}],"wp:attachment":[{"href":"https:\/\/literaskaligrafija.si\/de\/wp-json\/wp\/v2\/media?parent=9226"}],"wp:term":[{"taxonomy":"product_brand","embeddable":true,"href":"https:\/\/literaskaligrafija.si\/de\/wp-json\/wp\/v2\/product_brand?post=9226"},{"taxonomy":"product_cat","embeddable":true,"href":"https:\/\/literaskaligrafija.si\/de\/wp-json\/wp\/v2\/product_cat?post=9226"},{"taxonomy":"product_tag","embeddable":true,"href":"https:\/\/literaskaligrafija.si\/de\/wp-json\/wp\/v2\/product_tag?post=9226"}],"curies":[{"name":"wp","href":"https:\/\/api.w.org\/{rel}","templated":true}]}}