{"id":9350,"date":"2025-06-03T12:39:13","date_gmt":"2025-06-03T10:39:13","guid":{"rendered":"https:\/\/literaskaligrafija.si\/?post_type=product&#038;p=9350"},"modified":"2026-03-19T15:36:40","modified_gmt":"2026-03-19T14:36:40","slug":"kalligraphie-kupferstich-buchstaben-cerknica-21-marz-11","status":"publish","type":"product","link":"https:\/\/literaskaligrafija.si\/de\/izdelek\/darilo-kaligrafija\/","title":{"rendered":"Geschenk - Kalligraphie mit Marker"},"content":{"rendered":"<p><strong>Geschenk f\u00fcr Kreative - Kalligraphie mit Marker und Geschenk<\/strong><\/p>\n<p>Sie suchen nach dem perfekten Geschenk f\u00fcr Ihr Kind, seinen Lieblingslehrer oder am besten f\u00fcr sich selbst?<\/p>\n<p>Schenken Sie etwas Besonderes. Ein Paket, das \u201cDanke\u201d auf eine andere Art und Weise sagt.<\/p>\n<p><strong>Was enth\u00e4lt das Creation Pack?<\/strong><\/p>\n<ul>\n<li><strong>Ein kalligrafisches Originalzitat - mit Sorgfalt handgeschrieben - im Wert von EUR 35,00. Dies ist kein Druck, keine Kopie.<\/strong><\/li>\n<li>Es ist ein einzigartiges Kunstwerk, geschrieben in moderner Kalligrafie. Mit echter Tinte und Seele. Auf hochwertigem Kalligrafie-Papier 250 g, Ma\u00dfe 15 x 15 cm (Rahmen nicht enthalten).<\/li>\n<li>Handgefertigtes elastisches Armband - made in Slovenia - im Wert von EUR 16,00. Dieses Armband ist kein industrielles Massenprodukt, sondern das Werk des slowenischen K\u00fcnstlers MonMonde. Bewahren Sie Ihre Stifte und Ihre kreative Energie in diesem Stift auf. Der Stift hat ein praktisches Gummiband, das Sie um Ihr Notizbuch oder Ihren Notizblock wickeln k\u00f6nnen. So werden Sie ihn nie verlieren. Gr\u00f6\u00dfe: 22 x 10 cm<\/li>\n<li>Pinselmarker, \u20ac 2,30. Mit diesem Marker lassen sich d\u00fcnne Linien ziehen, aber mit Druck k\u00f6nnen diese Linien auch st\u00e4rker werden. Es gibt drei Farben zur Auswahl (schwarz, orange und rot)<\/li>\n<li>Modern Calligraphy Minuscule Alphabet im Wert von EUR 6,00 - Ein Lehrblatt mit Kleinbuchstaben und Pfeilen, die die Schreibrichtung der einzelnen Striche anzeigen.<\/li>\n<li>Alphabet der modernen Kalligraphie Majuskeln im Wert von EUR 6,00 - Ein Lernblatt mit Gro\u00dfbuchstaben und Pfeilen, die die Richtung der einzelnen Striche anzeigen.<\/li>\n<li>Schreibvorlage f\u00fcr Gro\u00df- und Kleinbuchstaben - Wert EUR 12,00 - Zwei Lernb\u00f6gen zum \u00dcben der modernen Kalligraphie-Handschrift.<\/li>\n<li>\u00dcbungsblatt mit Kostenvoranschlag im Wert von EUR 12,00, vorgedruckt in grau, damit Sie die Bewegungen leicht nachvollziehen k\u00f6nnen.<\/li>\n<\/ul>\n<p><strong>Der tats\u00e4chliche Wert des Pakets betr\u00e4gt 89,30 \u20ac. Ihr Preis betr\u00e4gt nur 47,00 \u20ac.<\/strong><\/p>\n<p><strong>Warum sollten Sie sich f\u00fcr unseren Bausatz entscheiden?<\/strong><\/p>\n<ul>\n<li>Originalit\u00e4t: Das Paket besteht aus einer Auswahl von Werkzeugen f\u00fcr das Schreiben moderner Kalligrafie.<\/li>\n<li>Kreativit\u00e4t: Das Kit regt die Kreativit\u00e4t an und bietet eine schnelle Flucht vor dem Bildschirm.<\/li>\n<li>Pers\u00f6nliche Note: Die Personalisierung verleiht eine besondere Bedeutung und zeigt, wie viel Ihnen eine Person bedeutet.<\/li>\n<li>Dieses Kit ist nicht nur ein Geschenk, sondern ein anregender kreativer Moment. Jeder Lehrer, jeder Lehrer, der mit aufrichtiger Hingabe junge K\u00f6pfe formt, hat eine besondere Aufmerksamkeit von Ihnen verdient.<\/li>\n<\/ul>\n<p>Aufgrund des kalligrafischen Originaldrucks wird das Produkt innerhalb von 5 (f\u00fcnf) Arbeitstagen fertiggestellt und versandt.<\/p>\n<p><img loading=\"lazy\" decoding=\"async\" class=\"alignnone size-full wp-image-9369\" src=\"https:\/\/literaskaligrafija.si\/wp-content\/uploads\/2025\/06\/Uciteljica-slika.jpg\" alt=\"\" width=\"1500\" height=\"1500\" srcset=\"https:\/\/literaskaligrafija.si\/wp-content\/uploads\/2025\/06\/Uciteljica-slika.jpg 1500w, https:\/\/literaskaligrafija.si\/wp-content\/uploads\/2025\/06\/Uciteljica-slika-300x300.jpg 300w, https:\/\/literaskaligrafija.si\/wp-content\/uploads\/2025\/06\/Uciteljica-slika-1024x1024.jpg 1024w, https:\/\/literaskaligrafija.si\/wp-content\/uploads\/2025\/06\/Uciteljica-slika-150x150.jpg 150w, https:\/\/literaskaligrafija.si\/wp-content\/uploads\/2025\/06\/Uciteljica-slika-768x768.jpg 768w, https:\/\/literaskaligrafija.si\/wp-content\/uploads\/2025\/06\/Uciteljica-slika-12x12.jpg 12w, https:\/\/literaskaligrafija.si\/wp-content\/uploads\/2025\/06\/Uciteljica-slika-550x550.jpg 550w, https:\/\/literaskaligrafija.si\/wp-content\/uploads\/2025\/06\/Uciteljica-slika-1000x1000.jpg 1000w, https:\/\/literaskaligrafija.si\/wp-content\/uploads\/2025\/06\/Uciteljica-slika-400x400.jpg 400w, https:\/\/literaskaligrafija.si\/wp-content\/uploads\/2025\/06\/Uciteljica-slika-600x600.jpg 600w, https:\/\/literaskaligrafija.si\/wp-content\/uploads\/2025\/06\/Uciteljica-slika-100x100.jpg 100w, https:\/\/literaskaligrafija.si\/wp-content\/uploads\/2025\/06\/Uciteljica-slika-50x50.jpg 50w\" sizes=\"auto, (max-width: 1500px) 100vw, 1500px\" \/><\/p>\n<p>&nbsp;<\/p>\n<div id=\"attachment_9359\" style=\"width: 1510px\" class=\"wp-caption alignnone\"><img loading=\"lazy\" decoding=\"async\" aria-describedby=\"caption-attachment-9359\" class=\"wp-image-9359 size-full\" src=\"https:\/\/literaskaligrafija.si\/wp-content\/uploads\/2025\/06\/Minuskule1500.jpg\" alt=\"Ein Geschenk f\u00fcr Lehrer\" width=\"1500\" height=\"1500\" srcset=\"https:\/\/literaskaligrafija.si\/wp-content\/uploads\/2025\/06\/Minuskule1500.jpg 1500w, https:\/\/literaskaligrafija.si\/wp-content\/uploads\/2025\/06\/Minuskule1500-300x300.jpg 300w, https:\/\/literaskaligrafija.si\/wp-content\/uploads\/2025\/06\/Minuskule1500-1024x1024.jpg 1024w, https:\/\/literaskaligrafija.si\/wp-content\/uploads\/2025\/06\/Minuskule1500-150x150.jpg 150w, https:\/\/literaskaligrafija.si\/wp-content\/uploads\/2025\/06\/Minuskule1500-768x768.jpg 768w, https:\/\/literaskaligrafija.si\/wp-content\/uploads\/2025\/06\/Minuskule1500-12x12.jpg 12w, https:\/\/literaskaligrafija.si\/wp-content\/uploads\/2025\/06\/Minuskule1500-550x550.jpg 550w, https:\/\/literaskaligrafija.si\/wp-content\/uploads\/2025\/06\/Minuskule1500-1000x1000.jpg 1000w, https:\/\/literaskaligrafija.si\/wp-content\/uploads\/2025\/06\/Minuskule1500-400x400.jpg 400w, https:\/\/literaskaligrafija.si\/wp-content\/uploads\/2025\/06\/Minuskule1500-600x600.jpg 600w, https:\/\/literaskaligrafija.si\/wp-content\/uploads\/2025\/06\/Minuskule1500-100x100.jpg 100w, https:\/\/literaskaligrafija.si\/wp-content\/uploads\/2025\/06\/Minuskule1500-50x50.jpg 50w\" sizes=\"auto, (max-width: 1500px) 100vw, 1500px\" \/><p id=\"caption-attachment-9359\" class=\"wp-caption-text\">Moderne Kalligrafie - ein Muster aus Minuskeln, den Kleinbuchstaben des Alphabets.<\/p><\/div>\n<p>&nbsp;<\/p>\n<div id=\"attachment_9358\" style=\"width: 1510px\" class=\"wp-caption alignnone\"><img loading=\"lazy\" decoding=\"async\" aria-describedby=\"caption-attachment-9358\" class=\"wp-image-9358 size-full\" src=\"https:\/\/literaskaligrafija.si\/wp-content\/uploads\/2025\/06\/Majuskule1500.jpg\" alt=\"Geschenkset f\u00fcr Lehrer\" width=\"1500\" height=\"1500\" srcset=\"https:\/\/literaskaligrafija.si\/wp-content\/uploads\/2025\/06\/Majuskule1500.jpg 1500w, https:\/\/literaskaligrafija.si\/wp-content\/uploads\/2025\/06\/Majuskule1500-300x300.jpg 300w, https:\/\/literaskaligrafija.si\/wp-content\/uploads\/2025\/06\/Majuskule1500-1024x1024.jpg 1024w, https:\/\/literaskaligrafija.si\/wp-content\/uploads\/2025\/06\/Majuskule1500-150x150.jpg 150w, https:\/\/literaskaligrafija.si\/wp-content\/uploads\/2025\/06\/Majuskule1500-768x768.jpg 768w, https:\/\/literaskaligrafija.si\/wp-content\/uploads\/2025\/06\/Majuskule1500-12x12.jpg 12w, https:\/\/literaskaligrafija.si\/wp-content\/uploads\/2025\/06\/Majuskule1500-550x550.jpg 550w, https:\/\/literaskaligrafija.si\/wp-content\/uploads\/2025\/06\/Majuskule1500-1000x1000.jpg 1000w, https:\/\/literaskaligrafija.si\/wp-content\/uploads\/2025\/06\/Majuskule1500-400x400.jpg 400w, https:\/\/literaskaligrafija.si\/wp-content\/uploads\/2025\/06\/Majuskule1500-600x600.jpg 600w, https:\/\/literaskaligrafija.si\/wp-content\/uploads\/2025\/06\/Majuskule1500-100x100.jpg 100w, https:\/\/literaskaligrafija.si\/wp-content\/uploads\/2025\/06\/Majuskule1500-50x50.jpg 50w\" sizes=\"auto, (max-width: 1500px) 100vw, 1500px\" \/><p id=\"caption-attachment-9358\" class=\"wp-caption-text\">Moderne Kalligrafie - ein Muster aus Majuskeln, den Gro\u00dfbuchstaben des Alphabets.<\/p><\/div>\n<p>&nbsp;<\/p>\n<p>&nbsp;<\/p>\n<p>&nbsp;<\/p>\n<p>&nbsp;<\/p>\n<p>&nbsp;<\/p>\n<p>&nbsp;<\/p>\n<p>&nbsp;<\/p>\n<p>&nbsp;<\/p>\n<p>&nbsp;<\/p>\n<p>&nbsp;<\/p>","protected":false},"excerpt":{"rendered":"<p><strong>Geschenk - Kalligraphie mit Marker<\/strong><\/p>\n<p>Ein kreatives Geschenk. Sie k\u00f6nnen sich auch selbst beschenken.<\/p>\n<p>&nbsp;<\/p>","protected":false},"featured_media":9357,"comment_status":"open","ping_status":"closed","template":"","meta":{"content-type":"","inline_featured_image":false},"product_brand":[],"product_cat":[339,526,377,414],"product_tag":[528,307,370],"class_list":{"0":"post-9350","1":"product","2":"type-product","3":"status-publish","4":"has-post-thumbnail","6":"product_cat-bozicna-darila","7":"product_cat-komplet-za-kaligrafijo","8":"product_cat-rojstni-dan","9":"product_cat-za-uciteljice","10":"product_tag-copic-marker","11":"product_tag-darilo","12":"product_tag-kaligrafija","13":"product_shipping_class-postnina","15":"first","16":"instock","17":"featured","18":"purchasable","19":"product-type-simple"},"bundled_by":[],"bundle_stock_status":"instock","bundle_stock_quantity":12,"bundle_virtual":false,"bundle_layout":"","bundle_add_to_cart_form_location":"","bundle_editable_in_cart":false,"bundle_sold_individually_context":"","bundle_item_grouping":"","bundle_min_size":"","bundle_max_size":"","bundle_price":[],"bundled_items":[],"bundle_sell_ids":[],"jetpack_sharing_enabled":true,"_links":{"self":[{"href":"https:\/\/literaskaligrafija.si\/de\/wp-json\/wp\/v2\/product\/9350","targetHints":{"allow":["GET"]}}],"collection":[{"href":"https:\/\/literaskaligrafija.si\/de\/wp-json\/wp\/v2\/product"}],"about":[{"href":"https:\/\/literaskaligrafija.si\/de\/wp-json\/wp\/v2\/types\/product"}],"replies":[{"embeddable":true,"href":"https:\/\/literaskaligrafija.si\/de\/wp-json\/wp\/v2\/comments?post=9350"}],"wp:featuredmedia":[{"embeddable":true,"href":"https:\/\/literaskaligrafija.si\/de\/wp-json\/wp\/v2\/media\/9357"}],"wp:attachment":[{"href":"https:\/\/literaskaligrafija.si\/de\/wp-json\/wp\/v2\/media?parent=9350"}],"wp:term":[{"taxonomy":"product_brand","embeddable":true,"href":"https:\/\/literaskaligrafija.si\/de\/wp-json\/wp\/v2\/product_brand?post=9350"},{"taxonomy":"product_cat","embeddable":true,"href":"https:\/\/literaskaligrafija.si\/de\/wp-json\/wp\/v2\/product_cat?post=9350"},{"taxonomy":"product_tag","embeddable":true,"href":"https:\/\/literaskaligrafija.si\/de\/wp-json\/wp\/v2\/product_tag?post=9350"}],"curies":[{"name":"wp","href":"https:\/\/api.w.org\/{rel}","templated":true}]}}