{"id":9402,"date":"2025-06-13T07:49:20","date_gmt":"2025-06-13T05:49:20","guid":{"rendered":"https:\/\/literaskaligrafija.si\/?post_type=product&#038;p=9402"},"modified":"2026-02-13T11:12:15","modified_gmt":"2026-02-13T10:12:15","slug":"kalligraphie-kupferstich-buchstaben-cerknica-21-marz-12","status":"publish","type":"product","link":"https:\/\/literaskaligrafija.si\/de\/izdelek\/kaligrafija-marker\/","title":{"rendered":"Kalligraphie mit Marker - Komplettset mit Stift"},"content":{"rendered":"<p><strong>Kalligraphie mit Marker - Komplettset mit Stift<\/strong><\/p>\n<ul>\n<li>Ta paket je popoln za vse, ki bi radi na novo odkrili svojo ustvarjalno plat.<\/li>\n<li>Brez packanja s \u010drnilom ali strahu pred zakompliciranimi navodili.<\/li>\n<li>Kaligrafija z markerjem je idealna izbira za za\u010detnike in vse, ki nimate \u010dasa za tradicionalno kaligrafijo s peresi in \u010drnilom.<\/li>\n<li>V tem paketu dobi\u0161 vse kar potrebuje\u0161 za prve pisane korake, hitro in brez zapletov.<\/li>\n<li>Marker z gibljivo konico ti omogo\u010da, da z nekaj osnovnimi vajami osvoji\u0161 prve osnovne poteze in se nau\u010di\u0161 celotne abecede.<\/li>\n<li>Die Arbeitsbl\u00e4tter mit Klein- und Gro\u00dfbuchstaben und einem kurzen Zitat helfen Ihnen, Ihr Produkt schnell zu erstellen.<\/li>\n<li>Praktisch. Schnell. Kreativ. Kein Warten auf das Trocknen der Tinte.<\/li>\n<\/ul>\n<p><strong>Im Paket erhalten Sie:<\/strong><\/p>\n<ul>\n<li>Handgefertigt <strong>peresnico z elastiko<\/strong>\u00a0 &#8211; narejena je v Sloveniji. Ta peresnica ni masovni industrijski izdelek, temve\u010d je delo slovenske ustvarjalke MonMonde. V to peresnico\u00a0 shrani\u0161 pisala in vso tvojo energijo za ustvarjanje. Peresnica ima priro\u010dno elastiko, s katero jo ovije\u0161 okrog zvezka ali bloka. Tako je ne bo\u0161 nikoli izgubil\/-a Velika je 22 x 10 cm<\/li>\n<li>Marker Sakura z gibljivo konico (Brush marker). Ta marker omogo\u010da tanke \u010drte, s pritiskom pa te poteze lahko postanejo mo\u010dnej\u0161e. Na izbiro so tri barve (\u010drna, oran\u017ena in rde\u010da) Ampak ne pozabi, na konico mora\u0161 pritisniti tako pogumno, da se le-ta upogne. Le tako lahko dobi\u0161 mo\u010dno potezo.<\/li>\n<li>Prikazni in vadbeni list z abecedo majhnih \u010drk.<\/li>\n<li>Prikazni in vadbeni list z abecedo velikih \u010drk.<\/li>\n<li>Motivacijski citat za vajo pisanja.<\/li>\n<li>Ein Geschenk - ein Buchverzeichnis mit Ihrem Namen darauf.<\/li>\n<\/ul>\n<p><strong>Warum sollten Sie sich f\u00fcr diesen Bausatz entscheiden?<\/strong><\/p>\n<ul>\n<li>Izvirnost: paket je sestavljen z\u00a0 izbranimi\u00a0 pripomo\u010dki za pisanje moderne kaligrafije.<\/li>\n<li>Kreativnost: komplet spodbuja kreativnost in omogo\u010da hiter pobeg pred zasloni.<\/li>\n<\/ul>\n<p><strong>A misli\u0161, da zmore\u0161 tudi kaj ve\u010d?<\/strong><\/p>\n<p>A si upa\u0161 preizskusiti moderno kaligrafijo s pravim \u010drnilom? Potem lahko izbere\u0161 ta paket z vsemi potreb\u0161\u010dinami, ki jih potrebuje\u0161 in celotno knji\u017eico znanja.<\/p>\n<p>\u010ce te zasrbijo prsti <strong>po elegantni kaligrafiji Copperplate kaligrafiji,<\/strong> lahko izbere\u0161 tudi <strong>die Wissensbrosch\u00fcre<\/strong>, minuskule in majuskule in si sestavi\u0161 komplet za kaligrafijo Copperplate.<\/p>\n<p>Seveda ne pozabi na \u010drnilo, peresa in kaligrafsko dr\u017ealo.<\/p>\n<p>Das Produkt wird innerhalb von zwei Wochen fertiggestellt und versandt. <strong>7 (sieben) Arbeitstage.<\/strong><\/p>\n<p>&nbsp;<\/p>\n<div id=\"attachment_9400\" style=\"width: 1510px\" class=\"wp-caption alignnone\"><img loading=\"lazy\" decoding=\"async\" aria-describedby=\"caption-attachment-9400\" class=\"size-full wp-image-9400\" src=\"https:\/\/literaskaligrafija.si\/wp-content\/uploads\/2025\/06\/1.jpg\" alt=\"Ein Geschenk f\u00fcr Lehrer\" width=\"1500\" height=\"1500\" srcset=\"https:\/\/literaskaligrafija.si\/wp-content\/uploads\/2025\/06\/1.jpg 1500w, https:\/\/literaskaligrafija.si\/wp-content\/uploads\/2025\/06\/1-300x300.jpg 300w, https:\/\/literaskaligrafija.si\/wp-content\/uploads\/2025\/06\/1-1024x1024.jpg 1024w, https:\/\/literaskaligrafija.si\/wp-content\/uploads\/2025\/06\/1-150x150.jpg 150w, https:\/\/literaskaligrafija.si\/wp-content\/uploads\/2025\/06\/1-768x768.jpg 768w, https:\/\/literaskaligrafija.si\/wp-content\/uploads\/2025\/06\/1-12x12.jpg 12w, https:\/\/literaskaligrafija.si\/wp-content\/uploads\/2025\/06\/1-550x550.jpg 550w, https:\/\/literaskaligrafija.si\/wp-content\/uploads\/2025\/06\/1-1000x1000.jpg 1000w, https:\/\/literaskaligrafija.si\/wp-content\/uploads\/2025\/06\/1-400x400.jpg 400w, https:\/\/literaskaligrafija.si\/wp-content\/uploads\/2025\/06\/1-600x600.jpg 600w, https:\/\/literaskaligrafija.si\/wp-content\/uploads\/2025\/06\/1-100x100.jpg 100w, https:\/\/literaskaligrafija.si\/wp-content\/uploads\/2025\/06\/1-50x50.jpg 50w\" sizes=\"auto, (max-width: 1500px) 100vw, 1500px\" \/><p id=\"caption-attachment-9400\" class=\"wp-caption-text\">Modernes Kalligrafie-Set<\/p><\/div>\n<p>&nbsp;<\/p>\n<div id=\"attachment_9359\" style=\"width: 1510px\" class=\"wp-caption alignnone\"><img loading=\"lazy\" decoding=\"async\" aria-describedby=\"caption-attachment-9359\" class=\"wp-image-9359 size-full\" src=\"https:\/\/literaskaligrafija.si\/wp-content\/uploads\/2025\/06\/Minuskule1500.jpg\" alt=\"Kalligraphie mit Marker\" width=\"1500\" height=\"1500\" srcset=\"https:\/\/literaskaligrafija.si\/wp-content\/uploads\/2025\/06\/Minuskule1500.jpg 1500w, https:\/\/literaskaligrafija.si\/wp-content\/uploads\/2025\/06\/Minuskule1500-300x300.jpg 300w, https:\/\/literaskaligrafija.si\/wp-content\/uploads\/2025\/06\/Minuskule1500-1024x1024.jpg 1024w, https:\/\/literaskaligrafija.si\/wp-content\/uploads\/2025\/06\/Minuskule1500-150x150.jpg 150w, https:\/\/literaskaligrafija.si\/wp-content\/uploads\/2025\/06\/Minuskule1500-768x768.jpg 768w, https:\/\/literaskaligrafija.si\/wp-content\/uploads\/2025\/06\/Minuskule1500-12x12.jpg 12w, https:\/\/literaskaligrafija.si\/wp-content\/uploads\/2025\/06\/Minuskule1500-550x550.jpg 550w, https:\/\/literaskaligrafija.si\/wp-content\/uploads\/2025\/06\/Minuskule1500-1000x1000.jpg 1000w, https:\/\/literaskaligrafija.si\/wp-content\/uploads\/2025\/06\/Minuskule1500-400x400.jpg 400w, https:\/\/literaskaligrafija.si\/wp-content\/uploads\/2025\/06\/Minuskule1500-600x600.jpg 600w, https:\/\/literaskaligrafija.si\/wp-content\/uploads\/2025\/06\/Minuskule1500-100x100.jpg 100w, https:\/\/literaskaligrafija.si\/wp-content\/uploads\/2025\/06\/Minuskule1500-50x50.jpg 50w\" sizes=\"auto, (max-width: 1500px) 100vw, 1500px\" \/><p id=\"caption-attachment-9359\" class=\"wp-caption-text\">Moderne Kalligrafie - ein Muster aus Minuskeln, den Kleinbuchstaben des Alphabets.<\/p><\/div>\n<p>&nbsp;<\/p>\n<div id=\"attachment_9358\" style=\"width: 1510px\" class=\"wp-caption alignnone\"><img loading=\"lazy\" decoding=\"async\" aria-describedby=\"caption-attachment-9358\" class=\"wp-image-9358 size-full\" src=\"https:\/\/literaskaligrafija.si\/wp-content\/uploads\/2025\/06\/Majuskule1500.jpg\" alt=\"Kalligraphie mit Marker\" width=\"1500\" height=\"1500\" srcset=\"https:\/\/literaskaligrafija.si\/wp-content\/uploads\/2025\/06\/Majuskule1500.jpg 1500w, https:\/\/literaskaligrafija.si\/wp-content\/uploads\/2025\/06\/Majuskule1500-300x300.jpg 300w, https:\/\/literaskaligrafija.si\/wp-content\/uploads\/2025\/06\/Majuskule1500-1024x1024.jpg 1024w, https:\/\/literaskaligrafija.si\/wp-content\/uploads\/2025\/06\/Majuskule1500-150x150.jpg 150w, https:\/\/literaskaligrafija.si\/wp-content\/uploads\/2025\/06\/Majuskule1500-768x768.jpg 768w, https:\/\/literaskaligrafija.si\/wp-content\/uploads\/2025\/06\/Majuskule1500-12x12.jpg 12w, https:\/\/literaskaligrafija.si\/wp-content\/uploads\/2025\/06\/Majuskule1500-550x550.jpg 550w, https:\/\/literaskaligrafija.si\/wp-content\/uploads\/2025\/06\/Majuskule1500-1000x1000.jpg 1000w, https:\/\/literaskaligrafija.si\/wp-content\/uploads\/2025\/06\/Majuskule1500-400x400.jpg 400w, https:\/\/literaskaligrafija.si\/wp-content\/uploads\/2025\/06\/Majuskule1500-600x600.jpg 600w, https:\/\/literaskaligrafija.si\/wp-content\/uploads\/2025\/06\/Majuskule1500-100x100.jpg 100w, https:\/\/literaskaligrafija.si\/wp-content\/uploads\/2025\/06\/Majuskule1500-50x50.jpg 50w\" sizes=\"auto, (max-width: 1500px) 100vw, 1500px\" \/><p id=\"caption-attachment-9358\" class=\"wp-caption-text\">Moderne Kalligrafie - ein Muster aus Majuskeln, den Gro\u00dfbuchstaben des Alphabets.<\/p><\/div>\n<p>&nbsp;<\/p>\n<div id=\"attachment_9369\" style=\"width: 1510px\" class=\"wp-caption alignnone\"><img loading=\"lazy\" decoding=\"async\" aria-describedby=\"caption-attachment-9369\" class=\"wp-image-9369 size-full\" src=\"https:\/\/literaskaligrafija.si\/wp-content\/uploads\/2025\/06\/Uciteljica-slika.jpg\" alt=\"Kalligraphie mit Marker\" width=\"1500\" height=\"1500\" srcset=\"https:\/\/literaskaligrafija.si\/wp-content\/uploads\/2025\/06\/Uciteljica-slika.jpg 1500w, https:\/\/literaskaligrafija.si\/wp-content\/uploads\/2025\/06\/Uciteljica-slika-300x300.jpg 300w, https:\/\/literaskaligrafija.si\/wp-content\/uploads\/2025\/06\/Uciteljica-slika-1024x1024.jpg 1024w, https:\/\/literaskaligrafija.si\/wp-content\/uploads\/2025\/06\/Uciteljica-slika-150x150.jpg 150w, https:\/\/literaskaligrafija.si\/wp-content\/uploads\/2025\/06\/Uciteljica-slika-768x768.jpg 768w, https:\/\/literaskaligrafija.si\/wp-content\/uploads\/2025\/06\/Uciteljica-slika-12x12.jpg 12w, https:\/\/literaskaligrafija.si\/wp-content\/uploads\/2025\/06\/Uciteljica-slika-550x550.jpg 550w, https:\/\/literaskaligrafija.si\/wp-content\/uploads\/2025\/06\/Uciteljica-slika-1000x1000.jpg 1000w, https:\/\/literaskaligrafija.si\/wp-content\/uploads\/2025\/06\/Uciteljica-slika-400x400.jpg 400w, https:\/\/literaskaligrafija.si\/wp-content\/uploads\/2025\/06\/Uciteljica-slika-600x600.jpg 600w, https:\/\/literaskaligrafija.si\/wp-content\/uploads\/2025\/06\/Uciteljica-slika-100x100.jpg 100w, https:\/\/literaskaligrafija.si\/wp-content\/uploads\/2025\/06\/Uciteljica-slika-50x50.jpg 50w\" sizes=\"auto, (max-width: 1500px) 100vw, 1500px\" \/><p id=\"caption-attachment-9369\" class=\"wp-caption-text\">Kalligrafisches Zitat. Kalligrafie und Visualisierung von Zlatka Trstenjak Rampre<\/p><\/div>\n<p>&nbsp;<\/p>","protected":false},"excerpt":{"rendered":"<p><strong>Kalligraphie mit Marker - Komplettset mit Stift<\/strong><\/p>\n<p>Schaffen ohne Tinte. Einfach. Schnell. Lustig.<\/p>\n<p>&nbsp;<\/p>\n<p>&nbsp;<\/p>","protected":false},"featured_media":9400,"comment_status":"open","ping_status":"closed","template":"","meta":{"content-type":"","inline_featured_image":false},"product_brand":[],"product_cat":[339,251,329,526,377,414],"product_tag":[489,487,244,488,486,349],"class_list":{"0":"post-9402","1":"product","2":"type-product","3":"status-publish","4":"has-post-thumbnail","6":"product_cat-bozicna-darila","7":"product_cat-darila","8":"product_cat-kaligrafija","9":"product_cat-komplet-za-kaligrafijo","10":"product_cat-rojstni-dan","11":"product_cat-za-uciteljice","12":"product_tag-darilo-za-kreativne","13":"product_tag-kaligrafija-z-markerjem","14":"product_tag-kaligrafski-tecaj","15":"product_tag-kreativni-komplet","16":"product_tag-moderna-kaligrafija","17":"product_tag-unikatna-darila","18":"product_shipping_class-postnina","20":"first","21":"instock","22":"featured","23":"purchasable","24":"product-type-simple"},"bundled_by":[],"bundle_stock_status":"instock","bundle_stock_quantity":7,"bundle_virtual":false,"bundle_layout":"","bundle_add_to_cart_form_location":"","bundle_editable_in_cart":false,"bundle_sold_individually_context":"","bundle_item_grouping":"","bundle_min_size":"","bundle_max_size":"","bundle_price":[],"bundled_items":[],"bundle_sell_ids":[],"jetpack_sharing_enabled":true,"_links":{"self":[{"href":"https:\/\/literaskaligrafija.si\/de\/wp-json\/wp\/v2\/product\/9402","targetHints":{"allow":["GET"]}}],"collection":[{"href":"https:\/\/literaskaligrafija.si\/de\/wp-json\/wp\/v2\/product"}],"about":[{"href":"https:\/\/literaskaligrafija.si\/de\/wp-json\/wp\/v2\/types\/product"}],"replies":[{"embeddable":true,"href":"https:\/\/literaskaligrafija.si\/de\/wp-json\/wp\/v2\/comments?post=9402"}],"wp:featuredmedia":[{"embeddable":true,"href":"https:\/\/literaskaligrafija.si\/de\/wp-json\/wp\/v2\/media\/9400"}],"wp:attachment":[{"href":"https:\/\/literaskaligrafija.si\/de\/wp-json\/wp\/v2\/media?parent=9402"}],"wp:term":[{"taxonomy":"product_brand","embeddable":true,"href":"https:\/\/literaskaligrafija.si\/de\/wp-json\/wp\/v2\/product_brand?post=9402"},{"taxonomy":"product_cat","embeddable":true,"href":"https:\/\/literaskaligrafija.si\/de\/wp-json\/wp\/v2\/product_cat?post=9402"},{"taxonomy":"product_tag","embeddable":true,"href":"https:\/\/literaskaligrafija.si\/de\/wp-json\/wp\/v2\/product_tag?post=9402"}],"curies":[{"name":"wp","href":"https:\/\/api.w.org\/{rel}","templated":true}]}}