{"id":9413,"date":"2025-06-13T09:13:41","date_gmt":"2025-06-13T07:13:41","guid":{"rendered":"https:\/\/literaskaligrafija.si\/?post_type=product&#038;p=9413"},"modified":"2026-03-28T18:18:36","modified_gmt":"2026-03-28T17:18:36","slug":"hochzeitseinladungen-mit-kalligraphie-set-25","status":"publish","type":"product","link":"https:\/\/literaskaligrafija.si\/de\/izdelek\/porocna-zaobljuba\/","title":{"rendered":"Hochzeitsgel\u00fcbde - Eine Mappe f\u00fcr Sie und Ihn"},"content":{"rendered":"<p><strong>Hochzeitsgel\u00fcbde - Eine Mappe f\u00fcr Sie und Ihn<\/strong><\/p>\n<p>Warum \u00fcberhaupt ein Ehegel\u00fcbde schreiben?<\/p>\n<ul>\n<li>Denn Liebe ist mehr als eine Unterschrift.<\/li>\n<li>Denn das Zusammenleben ist nicht nur eine administrative Entscheidung, sondern ein Versprechen, das von Herzen kommt.<\/li>\n<li>Denn jedes Paar verdient mehr als nur ein amtliches Protokoll.<\/li>\n<li>Denn ein aufrichtig geschriebener Gedanke verbindet. Mit Worten, die bleiben, auch wenn die Hochzeit vorbei ist.<\/li>\n<li>Denn es gibt kein st\u00e4rkeres Geschenk als ein pers\u00f6nliches Versprechen, das f\u00fcr immer gehalten wird.<\/li>\n<\/ul>\n<p>Dieses Produkt ist f\u00fcr Paare, die etwas mehr wollen. F\u00fcr diejenigen, die ihr pers\u00f6nliches Ehegel\u00fcbde aufschreiben, es w\u00e4hrend der Zeremonie lesen, es bei sich behalten... und es eines Tages noch einmal lesen m\u00f6chten. F\u00fcr zwei. Oder um es ihren Kindern zu zeigen.<\/p>\n<div id=\"attachment_9418\" style=\"width: 1510px\" class=\"wp-caption alignnone\"><img loading=\"lazy\" decoding=\"async\" aria-describedby=\"caption-attachment-9418\" class=\"wp-image-9418 size-full\" src=\"https:\/\/literaskaligrafija.si\/wp-content\/uploads\/2025\/06\/Porocna-zaobljuba.jpg\" alt=\"Hochzeitsgel\u00fcbde\" width=\"1500\" height=\"1500\" srcset=\"https:\/\/literaskaligrafija.si\/wp-content\/uploads\/2025\/06\/Porocna-zaobljuba.jpg 1500w, https:\/\/literaskaligrafija.si\/wp-content\/uploads\/2025\/06\/Porocna-zaobljuba-300x300.jpg 300w, https:\/\/literaskaligrafija.si\/wp-content\/uploads\/2025\/06\/Porocna-zaobljuba-1024x1024.jpg 1024w, https:\/\/literaskaligrafija.si\/wp-content\/uploads\/2025\/06\/Porocna-zaobljuba-150x150.jpg 150w, https:\/\/literaskaligrafija.si\/wp-content\/uploads\/2025\/06\/Porocna-zaobljuba-768x768.jpg 768w, https:\/\/literaskaligrafija.si\/wp-content\/uploads\/2025\/06\/Porocna-zaobljuba-12x12.jpg 12w, https:\/\/literaskaligrafija.si\/wp-content\/uploads\/2025\/06\/Porocna-zaobljuba-550x550.jpg 550w, https:\/\/literaskaligrafija.si\/wp-content\/uploads\/2025\/06\/Porocna-zaobljuba-1000x1000.jpg 1000w, https:\/\/literaskaligrafija.si\/wp-content\/uploads\/2025\/06\/Porocna-zaobljuba-400x400.jpg 400w, https:\/\/literaskaligrafija.si\/wp-content\/uploads\/2025\/06\/Porocna-zaobljuba-600x600.jpg 600w, https:\/\/literaskaligrafija.si\/wp-content\/uploads\/2025\/06\/Porocna-zaobljuba-100x100.jpg 100w, https:\/\/literaskaligrafija.si\/wp-content\/uploads\/2025\/06\/Porocna-zaobljuba-50x50.jpg 50w\" sizes=\"auto, (max-width: 1500px) 100vw, 1500px\" \/><p id=\"caption-attachment-9418\" class=\"wp-caption-text\">Ein Hochzeitsgel\u00fcbde f\u00fcr sie und ihn - geschrieben in Kalligraphie. Kalligrafie von Zlatka Trstenjak rampre. Foto Bla\u017e \u017dnidar\u0161i\u010d<\/p><\/div>\n<p><strong>Was bekommen Sie?<\/strong><\/p>\n<ol>\n<li>Personalisierte Versprechensmappe: eleganter Einband mit echter Kalligraphie in Gold Versprechen f\u00fcr Sie, Versprechen f\u00fcr Ihn oder eine Adresse Ihrer Wahl. Legen Sie Ihr Eheversprechen in die Mappe. Geeignet f\u00fcr Ihre Handschrift oder gedruckten Text.<\/li>\n<li>Ben\u00f6tigen Sie Hilfe bei der Abfassung? Wir arbeiten mit Ihnen zusammen, um einen Text f\u00fcr Ihr Ehegel\u00fcbde zu erstellen, der auf den Inhalt und den Stil Ihres Ehegel\u00fcbdes zugeschnitten ist. Er basiert auf Ihrer Geschichte, Ihren Werten und Ihrem pers\u00f6nlichen Tonfall. Er kann romantisch, poetisch, leicht humorvoll oder einfach, aber aufrichtig sein. Der Text wird auf hochwertigem Papier gedruckt und in eine personalisierte Mappe gelegt.<\/li>\n<\/ol>\n<p><strong>Gr\u00f6\u00dfe der Karte<\/strong><\/p>\n<ul>\n<li>Format: A5 und A4 gefaltete Mappe oder nach Vereinbarung.<\/li>\n<li>Papier: matt glatt 250 g<\/li>\n<li>Schriftart: echte Kalligrafie in Gold.<\/li>\n<\/ul>\n<p><strong>M\u00f6gliches Zubeh\u00f6r<\/strong><\/p>\n<ul>\n<li>Chiffonband<\/li>\n<li>Siegel.<\/li>\n<\/ul>\n<p>Das Gel\u00fcbde ist nicht nur ein Moment der Zeremonie. Es ist etwas, das sie Jahrzehnte sp\u00e4ter lesen und zu sich selbst sagen. Das ist es, was wir sind.\"<\/p>\n<div id=\"attachment_9422\" style=\"width: 1510px\" class=\"wp-caption alignnone\"><img loading=\"lazy\" decoding=\"async\" aria-describedby=\"caption-attachment-9422\" class=\"wp-image-9422 size-full\" src=\"https:\/\/literaskaligrafija.si\/wp-content\/uploads\/2025\/06\/Barve-SCHIFFON.jpg\" alt=\"Hochzeitsgel\u00fcbde - Farben f\u00fcr das Gel\u00fcbde\" width=\"1500\" height=\"1500\" srcset=\"https:\/\/literaskaligrafija.si\/wp-content\/uploads\/2025\/06\/Barve-SCHIFFON.jpg 1500w, https:\/\/literaskaligrafija.si\/wp-content\/uploads\/2025\/06\/Barve-SCHIFFON-300x300.jpg 300w, https:\/\/literaskaligrafija.si\/wp-content\/uploads\/2025\/06\/Barve-SCHIFFON-1024x1024.jpg 1024w, https:\/\/literaskaligrafija.si\/wp-content\/uploads\/2025\/06\/Barve-SCHIFFON-150x150.jpg 150w, https:\/\/literaskaligrafija.si\/wp-content\/uploads\/2025\/06\/Barve-SCHIFFON-768x768.jpg 768w, https:\/\/literaskaligrafija.si\/wp-content\/uploads\/2025\/06\/Barve-SCHIFFON-12x12.jpg 12w, https:\/\/literaskaligrafija.si\/wp-content\/uploads\/2025\/06\/Barve-SCHIFFON-550x550.jpg 550w, https:\/\/literaskaligrafija.si\/wp-content\/uploads\/2025\/06\/Barve-SCHIFFON-1000x1000.jpg 1000w, https:\/\/literaskaligrafija.si\/wp-content\/uploads\/2025\/06\/Barve-SCHIFFON-400x400.jpg 400w, https:\/\/literaskaligrafija.si\/wp-content\/uploads\/2025\/06\/Barve-SCHIFFON-600x600.jpg 600w, https:\/\/literaskaligrafija.si\/wp-content\/uploads\/2025\/06\/Barve-SCHIFFON-100x100.jpg 100w, https:\/\/literaskaligrafija.si\/wp-content\/uploads\/2025\/06\/Barve-SCHIFFON-50x50.jpg 50w\" sizes=\"auto, (max-width: 1500px) 100vw, 1500px\" \/><p id=\"caption-attachment-9422\" class=\"wp-caption-text\">Auswahl der Farben f\u00fcr die Schleife des Ehegel\u00fcbdes<\/p><\/div>\n<p>&nbsp;<\/p>","protected":false},"excerpt":{"rendered":"<p><strong>Hochzeitsgel\u00fcbde - Eine Mappe f\u00fcr Sie und Ihn<\/strong><\/p>\n<p>Set aus zwei Hochzeitsmappen mit Schleife und goldener Beschriftung <strong>in der Original-Kalligrafie.<\/strong><\/p>\n<p>&nbsp;<\/p>\n<p>&nbsp;<\/p>\n<p>&nbsp;<\/p>","protected":false},"featured_media":9418,"comment_status":"open","ping_status":"closed","template":"","meta":{"content-type":"","inline_featured_image":false},"product_brand":[],"product_cat":[178,378,422],"product_tag":[278,313,277,279],"class_list":{"0":"post-9413","1":"product","2":"type-product","3":"status-publish","4":"has-post-thumbnail","6":"product_cat-nekategorizirano","7":"product_cat-poroka-vabila","8":"product_cat-zaobljuba","9":"product_tag-porocna-vabila","10":"product_tag-porocna-zaobljuba","11":"product_tag-poroka","12":"product_tag-tiskovine","13":"product_shipping_class-postnina","15":"first","16":"instock","17":"taxable","18":"shipping-taxable","19":"purchasable","20":"product-type-simple"},"bundled_by":[],"bundle_stock_status":"instock","bundle_stock_quantity":null,"bundle_virtual":false,"bundle_layout":"","bundle_add_to_cart_form_location":"","bundle_editable_in_cart":false,"bundle_sold_individually_context":"","bundle_item_grouping":"","bundle_min_size":"","bundle_max_size":"","bundle_price":[],"bundled_items":[],"bundle_sell_ids":[9313],"jetpack_sharing_enabled":true,"_links":{"self":[{"href":"https:\/\/literaskaligrafija.si\/de\/wp-json\/wp\/v2\/product\/9413","targetHints":{"allow":["GET"]}}],"collection":[{"href":"https:\/\/literaskaligrafija.si\/de\/wp-json\/wp\/v2\/product"}],"about":[{"href":"https:\/\/literaskaligrafija.si\/de\/wp-json\/wp\/v2\/types\/product"}],"replies":[{"embeddable":true,"href":"https:\/\/literaskaligrafija.si\/de\/wp-json\/wp\/v2\/comments?post=9413"}],"wp:featuredmedia":[{"embeddable":true,"href":"https:\/\/literaskaligrafija.si\/de\/wp-json\/wp\/v2\/media\/9418"}],"wp:attachment":[{"href":"https:\/\/literaskaligrafija.si\/de\/wp-json\/wp\/v2\/media?parent=9413"}],"wp:term":[{"taxonomy":"product_brand","embeddable":true,"href":"https:\/\/literaskaligrafija.si\/de\/wp-json\/wp\/v2\/product_brand?post=9413"},{"taxonomy":"product_cat","embeddable":true,"href":"https:\/\/literaskaligrafija.si\/de\/wp-json\/wp\/v2\/product_cat?post=9413"},{"taxonomy":"product_tag","embeddable":true,"href":"https:\/\/literaskaligrafija.si\/de\/wp-json\/wp\/v2\/product_tag?post=9413"}],"curies":[{"name":"wp","href":"https:\/\/api.w.org\/{rel}","templated":true}]}}