{"id":9521,"date":"2025-08-09T14:41:31","date_gmt":"2025-08-09T12:41:31","guid":{"rendered":"https:\/\/literaskaligrafija.si\/?post_type=product&#038;p=9521"},"modified":"2026-04-09T08:09:55","modified_gmt":"2026-04-09T06:09:55","slug":"spiegel","status":"publish","type":"product","link":"https:\/\/literaskaligrafija.si\/de\/izdelek\/ogledalo-z-imenom\/","title":{"rendered":"Kosmetikspiegel mit Namen - handgraviert"},"content":{"rendered":"<p><strong>Kosmetikspiegel mit Namen - handgraviert<\/strong><\/p>\n<p>Der Mini-Kosmetikspiegel in Ros\u00e9goldmetallic ist ein Geschenk mit Seele. Ich habe jedes St\u00fcck von Hand mit einem Namen oder einer kurzen Nachricht graviert. Die kalligrafische Schrift verleiht dem Produkt einen Hauch von Eleganz und Einzigartigkeit.<\/p>\n<p><strong>Produktmerkmale<\/strong><\/p>\n<ul>\n<li>Runder Mini-Kosmetikspiegel in Ros\u00e9gold<\/li>\n<li>Werkstoff: Aluminium<\/li>\n<li>Durchmesser 65 mm<\/li>\n<li>Doppelspiegel auf der Innenseite - einer mit Vergr\u00f6\u00dferung<\/li>\n<\/ul>\n<p><strong>Was deckt sie ab?<\/strong><\/p>\n<ul>\n<li>Mini-Kompaktspiegel, der sich auf Knopfdruck \u00f6ffnet.<\/li>\n<li>Handgravur des Namens, der Initialen oder einer kurzen Nachricht auf der Au\u00dfenseite des Spiegels.<\/li>\n<\/ul>\n<p><strong>Warum sollten Sie sich f\u00fcr unseren personalisierten Spiegel entscheiden?<\/strong><\/p>\n<p>W\u00e4hlen Sie es f\u00fcr <strong>einen Freund.<\/strong> Oder besser noch, w\u00e4hlen Sie es aus <strong>Nochmals.<\/strong> Schau dich an. Aber nicht um Fehler zu finden, sondern um sich daran zu erinnern, wie stark, sch\u00f6n und <strong>du bist genug.<\/strong><\/p>\n<p>Dieser Spiegel ist nicht nur ein Geschenk, sondern auch eine Erinnerung daran, dass wir alle sch\u00f6n und zusammen unwiderstehlich sind. Eine Erinnerung daran, dass wir Frauen nicht konkurrieren, sondern uns gegenseitig die Kronen reparieren, ohne jemals zu sagen, dass sie gefallen sind.<\/p>\n<ul>\n<li>Personalisiert - mit handgravierter Kalligrafie.<\/li>\n<li>Kompakter Spiegel mit einem praktischen Durchmesser von 65 mm.<\/li>\n<li>Leicht zu \u00f6ffnen, Gr\u00f6\u00dfe passend f\u00fcr jede Handtasche.<\/li>\n<li>Das perfekte pers\u00f6nliche oder Firmengeschenk.<\/li>\n<\/ul>\n<p><strong>Geeignet f\u00fcr:<\/strong><\/p>\n<ul>\n<li>Der Spiegel kann ein Geschenk f\u00fcr Freunde, M\u00fctter und Kollegen sein.<\/li>\n<li>Vielen Dank an die Brautjungfern bei der Hochzeit.<\/li>\n<li>Aufmerksamkeit zu Weihnachten und Neujahr.<\/li>\n<li>Werbegeschenk.<\/li>\n<\/ul>\n<p><strong>Wie kann ich bestellen?<\/strong><\/p>\n<p>Geben Sie den Namen, die Initialen oder die Nachricht, die Sie auf dem Spiegel haben m\u00f6chten, in das Textfeld ein. Die Produktionszeit betr\u00e4gt 7 Arbeitstage.<\/p>\n<p>F\u00fcr gr\u00f6\u00dfere Bestellungen oder Personalisierung auf der Veranstaltung, kontaktieren Sie uns bitte <a title=\"Kontakt\" href=\"https:\/\/literaskaligrafija.si\/en\/contact\/\" target=\"_blank\" rel=\"noopener\"><span style=\"text-decoration: underline;color: #9e1b1b\"><strong>Kontakt.<\/strong><\/span><\/a><\/p>\n<p><strong>Wichtig<\/strong><\/p>\n<p>Aufgrund des begrenzten Platzes und der Natur der Handkalligraphie wird Ihre l\u00e4ngere Nachricht (mehr als nur Ihr Name) auf beiden Seiten des Spiegels eingraviert. Dies gew\u00e4hrleistet die Lesbarkeit der Nachricht und die f\u00fcr kalligrafische Schriften charakteristischen, kunstvollen Linien.<\/p>","protected":false},"excerpt":{"rendered":"<p><strong>Kosmetikspiegel mit Namen - handgraviert - 100 Tage Umtauschrecht <\/strong>Ein einzigartiges Geschenk - ein Spiegelbild ihrer Einzigartigkeit.<\/p>","protected":false},"featured_media":9484,"comment_status":"open","ping_status":"closed","template":"","meta":{"content-type":"","inline_featured_image":false},"product_brand":[],"product_cat":[251,340,410,413,403,377,415],"product_tag":[494,521,491,520,522],"class_list":{"0":"post-9521","1":"product","2":"type-product","3":"status-publish","4":"has-post-thumbnail","6":"product_cat-darila","7":"product_cat-graviranje","8":"product_cat-graviranje-na-izdelke","9":"product_cat-materinski-dan","10":"product_cat-poroka","11":"product_cat-rojstni-dan","12":"product_cat-valentinovo","13":"product_tag-darilo-za-druzice","14":"product_tag-graviranje-na-ogledalo","15":"product_tag-kozmeticno-ogledalo","16":"product_tag-ogledalo-z-imenom","17":"product_tag-personalizacija-daril","18":"product_shipping_class-postnina","20":"first","21":"instock","22":"taxable","23":"shipping-taxable","24":"purchasable","25":"product-type-simple"},"bundled_by":[],"bundle_stock_status":"instock","bundle_stock_quantity":null,"bundle_virtual":false,"bundle_layout":"","bundle_add_to_cart_form_location":"","bundle_editable_in_cart":false,"bundle_sold_individually_context":"","bundle_item_grouping":"","bundle_min_size":"","bundle_max_size":"","bundle_price":[],"bundled_items":[],"bundle_sell_ids":[],"jetpack_sharing_enabled":true,"_links":{"self":[{"href":"https:\/\/literaskaligrafija.si\/de\/wp-json\/wp\/v2\/product\/9521","targetHints":{"allow":["GET"]}}],"collection":[{"href":"https:\/\/literaskaligrafija.si\/de\/wp-json\/wp\/v2\/product"}],"about":[{"href":"https:\/\/literaskaligrafija.si\/de\/wp-json\/wp\/v2\/types\/product"}],"replies":[{"embeddable":true,"href":"https:\/\/literaskaligrafija.si\/de\/wp-json\/wp\/v2\/comments?post=9521"}],"wp:featuredmedia":[{"embeddable":true,"href":"https:\/\/literaskaligrafija.si\/de\/wp-json\/wp\/v2\/media\/9484"}],"wp:attachment":[{"href":"https:\/\/literaskaligrafija.si\/de\/wp-json\/wp\/v2\/media?parent=9521"}],"wp:term":[{"taxonomy":"product_brand","embeddable":true,"href":"https:\/\/literaskaligrafija.si\/de\/wp-json\/wp\/v2\/product_brand?post=9521"},{"taxonomy":"product_cat","embeddable":true,"href":"https:\/\/literaskaligrafija.si\/de\/wp-json\/wp\/v2\/product_cat?post=9521"},{"taxonomy":"product_tag","embeddable":true,"href":"https:\/\/literaskaligrafija.si\/de\/wp-json\/wp\/v2\/product_tag?post=9521"}],"curies":[{"name":"wp","href":"https:\/\/api.w.org\/{rel}","templated":true}]}}