{"id":9524,"date":"2025-08-09T15:08:58","date_gmt":"2025-08-09T13:08:58","guid":{"rendered":"https:\/\/literaskaligrafija.si\/?post_type=product&#038;p=9524"},"modified":"2025-08-28T10:39:07","modified_gmt":"2025-08-28T08:39:07","slug":"einladungen-2","status":"publish","type":"product","link":"https:\/\/literaskaligrafija.si\/de\/izdelek\/porocna-vabila\/","title":{"rendered":"Hochzeitseinladungen - Men\u00fcs - Sitzplan - Danksagungen"},"content":{"rendered":"<p><strong>Hochzeitseinladungen - Men\u00fcs - Sitzplan - Danksagungen<\/strong><\/p>\n<p>Hochzeitspapeterie-Set - Einladung, Men\u00fc, Namenskarte, Danksagung und mehr.<\/p>\n<p><strong>Hochzeitsset<\/strong> Die Papeterie umfasst alles, was Sie f\u00fcr einen perfekt abgestimmten Hochzeitstag brauchen: Hochzeitseinladungen, Men\u00fcs, Namenskarten und Danksagungskarten. Die Kombination aus moderner Typografie und eleganter Kalligrafie schafft eine einzigartige visuelle Geschichte, die zu Ihrem Hochzeitsthema passt.<\/p>\n<p>Jedes Set wird individuell gestaltet, mit einer Auswahl an Farben, Motiven, Papier und Kalligraphie-Stil - die richtige Kalligraphie, die sehr langsam mit einer Kalligraphie-Feder und Tinte geschrieben wird, oder eine, die bereit ist, sp\u00e4ter mehrere Kopien zu drucken und die den Geldbeutel schont.<\/p>\n<p>Es sind verschiedene Papiersorten erh\u00e4ltlich, darunter auch eine mit einem nat\u00fcrlich ausgefransten Rand, der f\u00fcr einen besonderen handgemachten Look sorgt.<\/p>\n<p><strong>Was umfasst das Kit?<\/strong><\/p>\n<ul>\n<li>Hochzeitseinladungen (A5 oder nach Vereinbarung)<\/li>\n<li>Hochzeitsmen\u00fc<\/li>\n<li>Namenskarten f\u00fcr die Sitzordnung<\/li>\n<li>Danksagungen f\u00fcr G\u00e4ste<\/li>\n<\/ul>\n<p><strong>Warum sollten Sie sich f\u00fcr diesen Bausatz entscheiden?<\/strong><br \/>\nHochzeitseinladungen sind nicht nur ein Hinweis auf die Feierlichkeiten, sondern ein erster Eindruck von Ihrem Tag. Die Speisekarte vervollst\u00e4ndigt das Gesamtbild der Feier. Namenskarten sorgen f\u00fcr einen geordneten Sitzplan und Danksagungskarten hinterlassen eine sch\u00f6ne Erinnerung.<\/p>\n<p><strong>Zus\u00e4tzliche Optionen: auf Wunsch hinzuf\u00fcgen<\/strong><\/p>\n<ul>\n<li>Seidenb\u00e4nder<\/li>\n<li>Siegel aus Wachs<\/li>\n<li>Trockene Blumen<\/li>\n<\/ul>\n<p>Die Kalligraphie kann f\u00fcr den Druck vorbereitet oder auf jedem St\u00fcck handgeschrieben werden (Aufpreis).<\/p>\n<p><strong>Preis<\/strong><br \/>\nDer Preis richtet sich nach der Zusammensetzung des Kits, das speziell auf Sie zugeschnitten ist. F\u00fcr ein individuelles Angebot, kontaktieren Sie uns bitte <a title=\"Kontakt\" href=\"https:\/\/literaskaligrafija.si\/en\/contact\/\" target=\"_blank\" rel=\"noopener\"><span style=\"text-decoration: underline;color: #ad1f1f\">Kontakt.<\/span><\/a><\/p>","protected":false},"excerpt":{"rendered":"<p><strong>Hochzeitseinladungen - Men\u00fcs - Sitzplan - Danksagungen<\/strong><\/p>\n<p>Grafische Gestaltung von Hochzeitspapieren mit einer Kombination aus Inukat-Kalligrafie<\/p>","protected":false},"featured_media":9464,"comment_status":"open","ping_status":"closed","template":"","meta":{"content-type":"","inline_featured_image":false},"product_brand":[],"product_cat":[507,361,263,378,354,416,513,422],"product_tag":[369,277,146,475],"class_list":{"0":"post-9524","1":"product","2":"type-product","3":"status-publish","4":"has-post-thumbnail","6":"product_cat-graficno-oblikovanje","7":"product_cat-kuverte-in-naslovi","8":"product_cat-napisi-table","9":"product_cat-poroka-vabila","10":"product_cat-sedezni-red","11":"product_cat-vabila","12":"product_cat-zahvale-konfeti","13":"product_cat-zaobljuba","14":"product_tag-porocne-tiskovine","15":"product_tag-poroka","16":"product_tag-sedezni-red","17":"product_tag-vabila","19":"first","20":"instock","21":"taxable","22":"shipping-taxable","23":"product-type-simple"},"bundled_by":[],"bundle_stock_status":"instock","bundle_stock_quantity":null,"bundle_virtual":false,"bundle_layout":"","bundle_add_to_cart_form_location":"","bundle_editable_in_cart":false,"bundle_sold_individually_context":"","bundle_item_grouping":"","bundle_min_size":"","bundle_max_size":"","bundle_price":[],"bundled_items":[],"bundle_sell_ids":[],"jetpack_sharing_enabled":true,"_links":{"self":[{"href":"https:\/\/literaskaligrafija.si\/de\/wp-json\/wp\/v2\/product\/9524","targetHints":{"allow":["GET"]}}],"collection":[{"href":"https:\/\/literaskaligrafija.si\/de\/wp-json\/wp\/v2\/product"}],"about":[{"href":"https:\/\/literaskaligrafija.si\/de\/wp-json\/wp\/v2\/types\/product"}],"replies":[{"embeddable":true,"href":"https:\/\/literaskaligrafija.si\/de\/wp-json\/wp\/v2\/comments?post=9524"}],"wp:featuredmedia":[{"embeddable":true,"href":"https:\/\/literaskaligrafija.si\/de\/wp-json\/wp\/v2\/media\/9464"}],"wp:attachment":[{"href":"https:\/\/literaskaligrafija.si\/de\/wp-json\/wp\/v2\/media?parent=9524"}],"wp:term":[{"taxonomy":"product_brand","embeddable":true,"href":"https:\/\/literaskaligrafija.si\/de\/wp-json\/wp\/v2\/product_brand?post=9524"},{"taxonomy":"product_cat","embeddable":true,"href":"https:\/\/literaskaligrafija.si\/de\/wp-json\/wp\/v2\/product_cat?post=9524"},{"taxonomy":"product_tag","embeddable":true,"href":"https:\/\/literaskaligrafija.si\/de\/wp-json\/wp\/v2\/product_tag?post=9524"}],"curies":[{"name":"wp","href":"https:\/\/api.w.org\/{rel}","templated":true}]}}