{"id":7462,"date":"2023-07-18T17:39:09","date_gmt":"2023-07-18T15:39:09","guid":{"rendered":"https:\/\/literaskaligrafija.si\/?post_type=product&#038;p=7462"},"modified":"2025-11-23T09:35:48","modified_gmt":"2025-11-23T08:35:48","slug":"beginning-calligraphy-copperplate-writing-trubars-domain-2","status":"publish","type":"product","link":"https:\/\/literaskaligrafija.si\/en\/izdelek\/bozicna-kaligrafija-2025\/","title":{"rendered":"Christmas Calligraphy - 22 NOVEMBER 2025 (Ljubljana)"},"content":{"rendered":"<p><strong>Christmas Calligraphy - Saturday, 22 November in Ljubljana<\/strong><\/p>\n<p>&nbsp;<\/p>\n<p><span style=\"color: #a30808\"><strong>Where will <span style=\"color: #a30808\">Workshop<\/span>?<\/strong><\/span><\/p>\n<p><strong>1. Location:Dol pri Ljubljani<\/strong> - Janko Modro Primary School, Videm 17, 1262 Dol pri Ljubljani<\/p>\n<p>&nbsp;<\/p>\n<p><span style=\"color: #961a1a\"><strong>How long will it last?<\/strong><\/span><\/p>\n<p>The workshop will run from <strong>10 am to 1 pm.<\/strong><\/p>\n<p>&nbsp;<\/p>\n<p><span style=\"color: #9e0e0e\"><strong>How do I book my place?<\/strong><\/span><\/p>\n<p>Secure your place by purchasing this product. For a quality performance, the number is limited to a maximum of 12 participants.<\/p>\n<p>&nbsp;<\/p>\n<p><span style=\"color: #a30808\"><strong>What will we do at the workshop?<\/strong><\/span><\/p>\n<ul>\n<li>We will make our first moves with the marker.<\/li>\n<li>We will learn about the whole alphabet and the magic of brush markers.<\/li>\n<li>For the bravest, you can try writing with a real calligraphy pen.<\/li>\n<li>Naredili boste tri razli\u010dne oblike prazni\u010dnih okraskov.<\/li>\n<li>I'll also tell you the secrets of how to make them without complication.<\/li>\n<li>Everyone will make their own decorations to use for December or other holidays.<\/li>\n<\/ul>\n<p>Without further ado, we'll take a look at decorations that can be used for a range of different holidays.<\/p>\n<p>Of course, the focus will be on Christmas, but with a few tricks you can cover all seasons and holidays.<\/p>\n<div id=\"attachment_9583\" style=\"width: 1510px\" class=\"wp-caption alignnone\"><img loading=\"lazy\" decoding=\"async\" aria-describedby=\"caption-attachment-9583\" class=\"wp-image-9583 size-full\" src=\"https:\/\/literaskaligrafija.si\/wp-content\/uploads\/2023\/07\/1.jpg\" alt=\"Festive calligraphy\" width=\"1500\" height=\"1500\" srcset=\"https:\/\/literaskaligrafija.si\/wp-content\/uploads\/2023\/07\/1.jpg 1500w, https:\/\/literaskaligrafija.si\/wp-content\/uploads\/2023\/07\/1-300x300.jpg 300w, https:\/\/literaskaligrafija.si\/wp-content\/uploads\/2023\/07\/1-1024x1024.jpg 1024w, https:\/\/literaskaligrafija.si\/wp-content\/uploads\/2023\/07\/1-150x150.jpg 150w, https:\/\/literaskaligrafija.si\/wp-content\/uploads\/2023\/07\/1-768x768.jpg 768w, https:\/\/literaskaligrafija.si\/wp-content\/uploads\/2023\/07\/1-12x12.jpg 12w, https:\/\/literaskaligrafija.si\/wp-content\/uploads\/2023\/07\/1-550x550.jpg 550w, https:\/\/literaskaligrafija.si\/wp-content\/uploads\/2023\/07\/1-1000x1000.jpg 1000w, https:\/\/literaskaligrafija.si\/wp-content\/uploads\/2023\/07\/1-400x400.jpg 400w, https:\/\/literaskaligrafija.si\/wp-content\/uploads\/2023\/07\/1-600x600.jpg 600w, https:\/\/literaskaligrafija.si\/wp-content\/uploads\/2023\/07\/1-100x100.jpg 100w, https:\/\/literaskaligrafija.si\/wp-content\/uploads\/2023\/07\/1-50x50.jpg 50w\" sizes=\"auto, (max-width: 1500px) 100vw, 1500px\" \/><p id=\"caption-attachment-9583\" class=\"wp-caption-text\">Kaligrafska sne\u017einka &#8211; bo\u017ei\u010dni okrasek. Kaligrafija in foto: Zlatka Trstenjak Rampre<\/p><\/div>\n<p><span style=\"color: #a30808\"><strong>What do you get at the workshop?<\/strong><\/span><\/p>\n<ul>\n<li>You will receive an alphabet of lower and upper case letters and numbers.<\/li>\n<li>Brush marker.<\/li>\n<li>Material for 3 different decorations.<\/li>\n<\/ul>\n<p><span style=\"color: #a30808\"><strong>What else will I be able to try?<\/strong><\/span><\/p>\n<p>There will also be a variety of paints for ornament making, calligraphy pens and watering cans available for loan.<\/p>\n<p>&nbsp;<\/p>\n<div id=\"attachment_9585\" style=\"width: 1510px\" class=\"wp-caption alignnone\"><img loading=\"lazy\" decoding=\"async\" aria-describedby=\"caption-attachment-9585\" class=\"wp-image-9585 size-full\" src=\"https:\/\/literaskaligrafija.si\/wp-content\/uploads\/2023\/07\/3.jpg\" alt=\"Moderna kaligrafija z markerjem na akrilni plo\u0161\u010dici\" width=\"1500\" height=\"1500\" srcset=\"https:\/\/literaskaligrafija.si\/wp-content\/uploads\/2023\/07\/3.jpg 1500w, https:\/\/literaskaligrafija.si\/wp-content\/uploads\/2023\/07\/3-300x300.jpg 300w, https:\/\/literaskaligrafija.si\/wp-content\/uploads\/2023\/07\/3-1024x1024.jpg 1024w, https:\/\/literaskaligrafija.si\/wp-content\/uploads\/2023\/07\/3-150x150.jpg 150w, https:\/\/literaskaligrafija.si\/wp-content\/uploads\/2023\/07\/3-768x768.jpg 768w, https:\/\/literaskaligrafija.si\/wp-content\/uploads\/2023\/07\/3-12x12.jpg 12w, https:\/\/literaskaligrafija.si\/wp-content\/uploads\/2023\/07\/3-550x550.jpg 550w, https:\/\/literaskaligrafija.si\/wp-content\/uploads\/2023\/07\/3-1000x1000.jpg 1000w, https:\/\/literaskaligrafija.si\/wp-content\/uploads\/2023\/07\/3-400x400.jpg 400w, https:\/\/literaskaligrafija.si\/wp-content\/uploads\/2023\/07\/3-600x600.jpg 600w, https:\/\/literaskaligrafija.si\/wp-content\/uploads\/2023\/07\/3-100x100.jpg 100w, https:\/\/literaskaligrafija.si\/wp-content\/uploads\/2023\/07\/3-50x50.jpg 50w\" sizes=\"auto, (max-width: 1500px) 100vw, 1500px\" \/><p id=\"caption-attachment-9585\" class=\"wp-caption-text\">Kaligrafija in foto: Zlatka Trstenjak Rampre<\/p><\/div>\n<p>&nbsp;<\/p>\n<p><span style=\"color: #a30808\"><strong>Why join the course?<\/strong><\/span><\/p>\n<p>Discover why<strong> modern<\/strong> <strong>calligraphy<\/strong> has become so popular and how it can enrich your everyday life. Learn the techniques Zlatka uses in her creations, and <strong>Secrets<\/strong>which many calligraphers do not share. You will understand how even beginners can do it with some practice, the right choice of materials and a friendly approach, <strong>achieve outstanding results.<\/strong><\/p>\n<p>Modern calligraphy, with its relaxed and flexible aesthetic, is on the rise, offering a unique combination of tradition and freshness. It's ideal for those looking for a way to add a personal touch to everything from greetings cards to daily notes.<\/p>\n<p><strong>Sign up today and join a group of enthusiasts rediscovering the magic of the handwritten word!<\/strong><\/p>\n<p><span style=\"color: #a30808\"><strong>For further information please call 041 753 305 - Zlatka<\/strong><\/span><\/p>\n<p>Zlatka, has been doing calligraphy for 18 years and started her calligraphy business in 2013. Her work is adorned with beautiful modern calligraphy, which she writes on paper, engraves on glass, prints on t-shirts or designs for tattoos.<\/p>\n<p>&nbsp;<\/p>\n<p>&nbsp;<\/p>\n<p>&nbsp;<\/p>\n<p>&nbsp;<\/p>","protected":false},"excerpt":{"rendered":"<p><strong>Bo\u017ei\u010dna kaligrafija &#8211; Sobota,\u00a0 22 NOVEMBER 2025 (Ljubljana)<\/strong><\/p>\n<p>Svoje mesto rezervira\u0161 z nakupom izdelka.<\/p>\n<p>&nbsp;<\/p>\n<p>&nbsp;<\/p>\n<p>&nbsp;<\/p>","protected":false},"featured_media":9583,"comment_status":"open","ping_status":"closed","template":"","meta":{"content-type":"","inline_featured_image":false},"product_brand":[],"product_cat":[339,259],"product_tag":[244],"class_list":{"0":"post-7462","1":"product","2":"type-product","3":"status-publish","4":"has-post-thumbnail","6":"product_cat-bozicna-darila","7":"product_cat-kaligrafski-tecaj","8":"product_tag-kaligrafski-tecaj","10":"first","11":"instock","12":"virtual","13":"purchasable","14":"product-type-simple"},"bundled_by":[],"bundle_stock_status":"instock","bundle_stock_quantity":6,"bundle_virtual":false,"bundle_layout":"","bundle_add_to_cart_form_location":"","bundle_editable_in_cart":false,"bundle_sold_individually_context":"","bundle_item_grouping":"","bundle_min_size":"","bundle_max_size":"","bundle_price":[],"bundled_items":[],"bundle_sell_ids":[],"jetpack_sharing_enabled":true,"_links":{"self":[{"href":"https:\/\/literaskaligrafija.si\/en\/wp-json\/wp\/v2\/product\/7462","targetHints":{"allow":["GET"]}}],"collection":[{"href":"https:\/\/literaskaligrafija.si\/en\/wp-json\/wp\/v2\/product"}],"about":[{"href":"https:\/\/literaskaligrafija.si\/en\/wp-json\/wp\/v2\/types\/product"}],"replies":[{"embeddable":true,"href":"https:\/\/literaskaligrafija.si\/en\/wp-json\/wp\/v2\/comments?post=7462"}],"wp:featuredmedia":[{"embeddable":true,"href":"https:\/\/literaskaligrafija.si\/en\/wp-json\/wp\/v2\/media\/9583"}],"wp:attachment":[{"href":"https:\/\/literaskaligrafija.si\/en\/wp-json\/wp\/v2\/media?parent=7462"}],"wp:term":[{"taxonomy":"product_brand","embeddable":true,"href":"https:\/\/literaskaligrafija.si\/en\/wp-json\/wp\/v2\/product_brand?post=7462"},{"taxonomy":"product_cat","embeddable":true,"href":"https:\/\/literaskaligrafija.si\/en\/wp-json\/wp\/v2\/product_cat?post=7462"},{"taxonomy":"product_tag","embeddable":true,"href":"https:\/\/literaskaligrafija.si\/en\/wp-json\/wp\/v2\/product_tag?post=7462"}],"curies":[{"name":"wp","href":"https:\/\/api.w.org\/{rel}","templated":true}]}}