{"id":8162,"date":"2024-01-15T11:23:33","date_gmt":"2024-01-15T10:23:33","guid":{"rendered":"https:\/\/literaskaligrafija.si\/?post_type=product&#038;p=8162"},"modified":"2026-01-19T10:32:54","modified_gmt":"2026-01-19T09:32:54","slug":"beginning-calligraphy-copperplate-writing-trubars-domain-5","status":"publish","type":"product","link":"https:\/\/literaskaligrafija.si\/en\/izdelek\/rocaj-kaligrafija\/","title":{"rendered":"Calligraphy Handle (Pen) - slanted calligraphy handle (Epoxy)"},"content":{"rendered":"<h3>Ro\u010daj za kaligrafijo (Peresnik) &#8211; po\u0161even kaligrafski ro\u010daj (Epoksi)<\/h3>\n<p><span style=\"color: #c31f2f\"><a style=\"color: #c31f2f\" href=\"https:\/\/literaskaligrafija.si\/kratka-zgodovina-kaligrafije\/\" target=\"_blank\" rel=\"noopener\"><span style=\"text-decoration: underline\"><strong>Kaligrafija<\/strong><\/span><\/a><\/span> je \u010dudovita ve\u0161\u010dina za katero potrebujemo posebna orodja. Eden od pripomo\u010dkov je <strong>kaligrafski peresnik ali ro\u010daj v katerega vstavimo pro\u017eno koni\u010dasto pero za kaligrafijo.<\/strong><\/p>\n<div class=\"min-h-[20px] text-message flex flex-col items-start gap-3 whitespace-pre-wrap break-words [.text-message+&amp;]:mt-5 overflow-x-auto\" data-message-author-role=\"assistant\" data-message-id=\"ec52558b-bea6-41a6-9d7c-217d4e3f9c14\">\n<div class=\"markdown prose w-full break-words dark:prose-invert light\">\n<p>Odkrijte umetnost lepopisja z izbranim kaligrafskim ro\u010dajem, <strong>zasnovanim posebej za koni\u010dasta pro\u017ena peresa.<\/strong> Ro\u010daj ima snemljiv kovinski nastavek, za la\u017eje \u010di\u0161\u010denje in enostavnej\u0161e vstavljanje peres.<\/p>\n<p>Preizkusite <span style=\"color: #c31f2f\"><strong><a style=\"color: #c31f2f\" href=\"https:\/\/literaskaligrafija.si\/trgovina\/kategorija-izdelka\/copperplate-freebie-brezplacne-preizkusne-vaje\/\" target=\"_blank\" rel=\"noopener\">\u010dudovite brezpla\u010dne vaje<\/a><\/strong><\/span>, ki jih lahko naredite tudi s svin\u010dnikom.<\/p>\n<p><strong>Lastnosti izdelka:<\/strong><\/p>\n<ul>\n<li>Kaligrafski ro\u010daj je primeren <span style=\"text-decoration: underline\"><span style=\"color: #9e1313\"><strong>za desni\u010darje.<\/strong><\/span><\/span><\/li>\n<li>Vsi ro\u010daji so ro\u010dno izdelani <strong>iz epoksi smole.<\/strong><\/li>\n<li>Ro\u010daj je narejen iz lahkega a trpe\u017enega materiala, ki zagotavlja <strong>enostavno \u010di\u0161\u010denje.<\/strong><\/li>\n<li>Ima univerzalni snemljiv kovinski nastavek <strong>za razli\u010dna koni\u010dasta kaligrafska peresa.<\/strong><\/li>\n<li>Idealen je za kaligrafske <strong>za\u010detnike.<\/strong><\/li>\n<li>Primeren za pisave, ki se pi\u0161ejo s koni\u010dastim peresom <strong>(Copperplate, Spencerian, Moderna kaligrafija)<\/strong><\/li>\n<li>Ro\u010daj za kaligrafijo je <strong>odli\u010dno darilo.<\/strong><\/li>\n<li>Dodali smo kratka <strong>navodila za pripravo in vzdr\u017eevanje.<\/strong><\/li>\n<\/ul>\n<p><strong>Barve:<\/strong> Na voljo v dveh ne\u017enih odtenkih<\/p>\n<ul>\n<li>Klasi\u010dna modra in<\/li>\n<li>Elegantna ro\u017enata.<\/li>\n<\/ul>\n<\/div>\n<p>Kako pravilno vstaviti pero v peresnik &#8211; dr\u017ealo?<\/p>\n<div id=\"attachment_9603\" style=\"width: 1510px\" class=\"wp-caption alignnone\"><img loading=\"lazy\" decoding=\"async\" aria-describedby=\"caption-attachment-9603\" class=\"size-full wp-image-9603\" src=\"https:\/\/literaskaligrafija.si\/wp-content\/uploads\/2024\/01\/45-LITERAS.jpg\" alt=\"Pero za kaligrafijo\" width=\"1500\" height=\"1500\" srcset=\"https:\/\/literaskaligrafija.si\/wp-content\/uploads\/2024\/01\/45-LITERAS.jpg 1500w, https:\/\/literaskaligrafija.si\/wp-content\/uploads\/2024\/01\/45-LITERAS-300x300.jpg 300w, https:\/\/literaskaligrafija.si\/wp-content\/uploads\/2024\/01\/45-LITERAS-1024x1024.jpg 1024w, https:\/\/literaskaligrafija.si\/wp-content\/uploads\/2024\/01\/45-LITERAS-150x150.jpg 150w, https:\/\/literaskaligrafija.si\/wp-content\/uploads\/2024\/01\/45-LITERAS-768x768.jpg 768w, https:\/\/literaskaligrafija.si\/wp-content\/uploads\/2024\/01\/45-LITERAS-12x12.jpg 12w, https:\/\/literaskaligrafija.si\/wp-content\/uploads\/2024\/01\/45-LITERAS-550x550.jpg 550w, https:\/\/literaskaligrafija.si\/wp-content\/uploads\/2024\/01\/45-LITERAS-1000x1000.jpg 1000w, https:\/\/literaskaligrafija.si\/wp-content\/uploads\/2024\/01\/45-LITERAS-400x400.jpg 400w, https:\/\/literaskaligrafija.si\/wp-content\/uploads\/2024\/01\/45-LITERAS-600x600.jpg 600w, https:\/\/literaskaligrafija.si\/wp-content\/uploads\/2024\/01\/45-LITERAS-100x100.jpg 100w, https:\/\/literaskaligrafija.si\/wp-content\/uploads\/2024\/01\/45-LITERAS-50x50.jpg 50w\" sizes=\"auto, (max-width: 1500px) 100vw, 1500px\" \/><p id=\"caption-attachment-9603\" class=\"wp-caption-text\">Pero za kaligrafijo. Foto Bla\u017e \u017dnidar\u0161i\u010d<\/p><\/div>\n<p><img loading=\"lazy\" decoding=\"async\" class=\"alignnone size-full wp-image-9604\" src=\"https:\/\/literaskaligrafija.si\/wp-content\/uploads\/2024\/01\/47-LITERAS.jpg\" alt=\"\" width=\"1500\" height=\"1500\" srcset=\"https:\/\/literaskaligrafija.si\/wp-content\/uploads\/2024\/01\/47-LITERAS.jpg 1500w, https:\/\/literaskaligrafija.si\/wp-content\/uploads\/2024\/01\/47-LITERAS-300x300.jpg 300w, https:\/\/literaskaligrafija.si\/wp-content\/uploads\/2024\/01\/47-LITERAS-1024x1024.jpg 1024w, https:\/\/literaskaligrafija.si\/wp-content\/uploads\/2024\/01\/47-LITERAS-150x150.jpg 150w, https:\/\/literaskaligrafija.si\/wp-content\/uploads\/2024\/01\/47-LITERAS-768x768.jpg 768w, https:\/\/literaskaligrafija.si\/wp-content\/uploads\/2024\/01\/47-LITERAS-12x12.jpg 12w, https:\/\/literaskaligrafija.si\/wp-content\/uploads\/2024\/01\/47-LITERAS-550x550.jpg 550w, https:\/\/literaskaligrafija.si\/wp-content\/uploads\/2024\/01\/47-LITERAS-1000x1000.jpg 1000w, https:\/\/literaskaligrafija.si\/wp-content\/uploads\/2024\/01\/47-LITERAS-400x400.jpg 400w, https:\/\/literaskaligrafija.si\/wp-content\/uploads\/2024\/01\/47-LITERAS-600x600.jpg 600w, https:\/\/literaskaligrafija.si\/wp-content\/uploads\/2024\/01\/47-LITERAS-100x100.jpg 100w, https:\/\/literaskaligrafija.si\/wp-content\/uploads\/2024\/01\/47-LITERAS-50x50.jpg 50w\" sizes=\"auto, (max-width: 1500px) 100vw, 1500px\" \/><\/p>\n<p>Nekatera dr\u017eala imajo kovinski nastavek za pero pritrjen. Na\u0161e dr\u017ealo ima nastavek, ki se ga lahko sname in je primerno za razli\u010dna peresa. Ta nastavek snamemo in vanj vstavimo pero. Potem pero z nastavkom namestimo nazaj v odprtino na dr\u017ealu.\u00a0 Foto Bla\u017e \u017dnidar\u0161i\u010d<\/p>\n<p><img loading=\"lazy\" decoding=\"async\" class=\"alignnone size-full wp-image-9605\" src=\"https:\/\/literaskaligrafija.si\/wp-content\/uploads\/2024\/01\/48-LITERAS.jpg\" alt=\"\" width=\"1500\" height=\"1500\" srcset=\"https:\/\/literaskaligrafija.si\/wp-content\/uploads\/2024\/01\/48-LITERAS.jpg 1500w, https:\/\/literaskaligrafija.si\/wp-content\/uploads\/2024\/01\/48-LITERAS-300x300.jpg 300w, https:\/\/literaskaligrafija.si\/wp-content\/uploads\/2024\/01\/48-LITERAS-1024x1024.jpg 1024w, https:\/\/literaskaligrafija.si\/wp-content\/uploads\/2024\/01\/48-LITERAS-150x150.jpg 150w, https:\/\/literaskaligrafija.si\/wp-content\/uploads\/2024\/01\/48-LITERAS-768x768.jpg 768w, https:\/\/literaskaligrafija.si\/wp-content\/uploads\/2024\/01\/48-LITERAS-12x12.jpg 12w, https:\/\/literaskaligrafija.si\/wp-content\/uploads\/2024\/01\/48-LITERAS-550x550.jpg 550w, https:\/\/literaskaligrafija.si\/wp-content\/uploads\/2024\/01\/48-LITERAS-1000x1000.jpg 1000w, https:\/\/literaskaligrafija.si\/wp-content\/uploads\/2024\/01\/48-LITERAS-400x400.jpg 400w, https:\/\/literaskaligrafija.si\/wp-content\/uploads\/2024\/01\/48-LITERAS-600x600.jpg 600w, https:\/\/literaskaligrafija.si\/wp-content\/uploads\/2024\/01\/48-LITERAS-100x100.jpg 100w, https:\/\/literaskaligrafija.si\/wp-content\/uploads\/2024\/01\/48-LITERAS-50x50.jpg 50w\" sizes=\"auto, (max-width: 1500px) 100vw, 1500px\" \/><\/p>\n<p>Kaligrafsko pero vstavljeno v kovinski nastavek &#8211; prirobnico. Foto Bla\u017e \u017dnidar\u0161i\u010d<\/p>\n<p><img loading=\"lazy\" decoding=\"async\" class=\"alignnone size-full wp-image-9606\" src=\"https:\/\/literaskaligrafija.si\/wp-content\/uploads\/2024\/01\/51-LITERAS.jpg\" alt=\"\" width=\"1500\" height=\"1500\" srcset=\"https:\/\/literaskaligrafija.si\/wp-content\/uploads\/2024\/01\/51-LITERAS.jpg 1500w, https:\/\/literaskaligrafija.si\/wp-content\/uploads\/2024\/01\/51-LITERAS-300x300.jpg 300w, https:\/\/literaskaligrafija.si\/wp-content\/uploads\/2024\/01\/51-LITERAS-1024x1024.jpg 1024w, https:\/\/literaskaligrafija.si\/wp-content\/uploads\/2024\/01\/51-LITERAS-150x150.jpg 150w, https:\/\/literaskaligrafija.si\/wp-content\/uploads\/2024\/01\/51-LITERAS-768x768.jpg 768w, https:\/\/literaskaligrafija.si\/wp-content\/uploads\/2024\/01\/51-LITERAS-12x12.jpg 12w, https:\/\/literaskaligrafija.si\/wp-content\/uploads\/2024\/01\/51-LITERAS-550x550.jpg 550w, https:\/\/literaskaligrafija.si\/wp-content\/uploads\/2024\/01\/51-LITERAS-1000x1000.jpg 1000w, https:\/\/literaskaligrafija.si\/wp-content\/uploads\/2024\/01\/51-LITERAS-400x400.jpg 400w, https:\/\/literaskaligrafija.si\/wp-content\/uploads\/2024\/01\/51-LITERAS-600x600.jpg 600w, https:\/\/literaskaligrafija.si\/wp-content\/uploads\/2024\/01\/51-LITERAS-100x100.jpg 100w, https:\/\/literaskaligrafija.si\/wp-content\/uploads\/2024\/01\/51-LITERAS-50x50.jpg 50w\" sizes=\"auto, (max-width: 1500px) 100vw, 1500px\" \/><\/p>\n<p>Nastavek skupaj s pereson vstavljen v kaligrafsko dr\u017ealo. Foto Bla\u017e \u017dnidar\u0161i\u010d<\/p>\n<div class=\"markdown prose w-full break-words dark:prose-invert light\">\n<p>&nbsp;<\/p>\n<p>&nbsp;<\/p>\n<div id=\"attachment_8180\" style=\"width: 1510px\" class=\"wp-caption alignnone\"><img loading=\"lazy\" decoding=\"async\" aria-describedby=\"caption-attachment-8180\" class=\"size-full wp-image-8180\" src=\"https:\/\/literaskaligrafija.si\/wp-content\/uploads\/2024\/01\/Nastavitev-peresa1.jpg\" alt=\"Pravilna nastavitev kaligrafskega peresa\" width=\"1500\" height=\"1500\" srcset=\"https:\/\/literaskaligrafija.si\/wp-content\/uploads\/2024\/01\/Nastavitev-peresa1.jpg 1500w, https:\/\/literaskaligrafija.si\/wp-content\/uploads\/2024\/01\/Nastavitev-peresa1-300x300.jpg 300w, https:\/\/literaskaligrafija.si\/wp-content\/uploads\/2024\/01\/Nastavitev-peresa1-1024x1024.jpg 1024w, https:\/\/literaskaligrafija.si\/wp-content\/uploads\/2024\/01\/Nastavitev-peresa1-150x150.jpg 150w, https:\/\/literaskaligrafija.si\/wp-content\/uploads\/2024\/01\/Nastavitev-peresa1-768x768.jpg 768w, https:\/\/literaskaligrafija.si\/wp-content\/uploads\/2024\/01\/Nastavitev-peresa1-12x12.jpg 12w, https:\/\/literaskaligrafija.si\/wp-content\/uploads\/2024\/01\/Nastavitev-peresa1-550x550.jpg 550w, https:\/\/literaskaligrafija.si\/wp-content\/uploads\/2024\/01\/Nastavitev-peresa1-1000x1000.jpg 1000w, https:\/\/literaskaligrafija.si\/wp-content\/uploads\/2024\/01\/Nastavitev-peresa1-400x400.jpg 400w, https:\/\/literaskaligrafija.si\/wp-content\/uploads\/2024\/01\/Nastavitev-peresa1-600x600.jpg 600w, https:\/\/literaskaligrafija.si\/wp-content\/uploads\/2024\/01\/Nastavitev-peresa1-100x100.jpg 100w, https:\/\/literaskaligrafija.si\/wp-content\/uploads\/2024\/01\/Nastavitev-peresa1-50x50.jpg 50w\" sizes=\"auto, (max-width: 1500px) 100vw, 1500px\" \/><p id=\"caption-attachment-8180\" class=\"wp-caption-text\">Po\u0161even kaligrafski peresnik in pravilna nastavitev. Izognite se nakupu peresnika na desni strani fotografije, saj ne omogo\u010da pravilne namestitve kaligrafskega peresa. Ima prekratko in pretanko odprtino za pero. Primerno je za manj\u0161a koni\u010dasta peresa.<\/p><\/div>\n<\/div>\n<\/div>\n<div class=\"min-h-[20px] text-message flex flex-col items-start gap-3 whitespace-pre-wrap break-words [.text-message+&amp;]:mt-5 overflow-x-auto\" data-message-author-role=\"assistant\" data-message-id=\"3a0d6fcd-4880-4df7-a418-e19218763c61\">\n<div class=\"markdown prose w-full break-words dark:prose-invert light\">\n<p>&nbsp;<\/p>\n<\/div>\n<\/div>\n","protected":false},"excerpt":{"rendered":"<p><strong>Calligraphy Handle (Pen) - slanted calligraphy handle (Epoxy)<\/strong><\/p>\n<p>Suitable for right-wingers. Use with flexible pointed nibs for Copperplate, Spencerian or modern calligraphy.<\/p>","protected":false},"featured_media":8223,"comment_status":"open","ping_status":"closed","template":"","meta":{"content-type":"","inline_featured_image":false},"product_brand":[],"product_cat":[339,251,525,329,527,377,414],"product_tag":[244],"class_list":{"0":"post-8162","1":"product","2":"type-product","3":"status-publish","4":"has-post-thumbnail","6":"product_cat-bozicna-darila","7":"product_cat-darila","8":"product_cat-drzalo-za-kaligrafijo","9":"product_cat-kaligrafija","10":"product_cat-pripomocki-za-kaligrafijo","11":"product_cat-rojstni-dan","12":"product_cat-za-uciteljice","13":"product_tag-kaligrafski-tecaj","14":"product_shipping_class-postnina","16":"first","17":"instock","18":"featured","19":"purchasable","20":"product-type-simple"},"bundled_by":[],"bundle_stock_status":"instock","bundle_stock_quantity":38,"bundle_virtual":false,"bundle_layout":"","bundle_add_to_cart_form_location":"","bundle_editable_in_cart":false,"bundle_sold_individually_context":"","bundle_item_grouping":"","bundle_min_size":"","bundle_max_size":"","bundle_price":[],"bundled_items":[],"bundle_sell_ids":[],"jetpack_sharing_enabled":true,"_links":{"self":[{"href":"https:\/\/literaskaligrafija.si\/en\/wp-json\/wp\/v2\/product\/8162","targetHints":{"allow":["GET"]}}],"collection":[{"href":"https:\/\/literaskaligrafija.si\/en\/wp-json\/wp\/v2\/product"}],"about":[{"href":"https:\/\/literaskaligrafija.si\/en\/wp-json\/wp\/v2\/types\/product"}],"replies":[{"embeddable":true,"href":"https:\/\/literaskaligrafija.si\/en\/wp-json\/wp\/v2\/comments?post=8162"}],"wp:featuredmedia":[{"embeddable":true,"href":"https:\/\/literaskaligrafija.si\/en\/wp-json\/wp\/v2\/media\/8223"}],"wp:attachment":[{"href":"https:\/\/literaskaligrafija.si\/en\/wp-json\/wp\/v2\/media?parent=8162"}],"wp:term":[{"taxonomy":"product_brand","embeddable":true,"href":"https:\/\/literaskaligrafija.si\/en\/wp-json\/wp\/v2\/product_brand?post=8162"},{"taxonomy":"product_cat","embeddable":true,"href":"https:\/\/literaskaligrafija.si\/en\/wp-json\/wp\/v2\/product_cat?post=8162"},{"taxonomy":"product_tag","embeddable":true,"href":"https:\/\/literaskaligrafija.si\/en\/wp-json\/wp\/v2\/product_tag?post=8162"}],"curies":[{"name":"wp","href":"https:\/\/api.w.org\/{rel}","templated":true}]}}