{"id":8909,"date":"2024-10-04T13:21:18","date_gmt":"2024-10-04T11:21:18","guid":{"rendered":"https:\/\/literaskaligrafija.si\/?post_type=product&#038;p=8909"},"modified":"2026-02-17T18:46:59","modified_gmt":"2026-02-17T17:46:59","slug":"unique-gift-engraving-per-perfume-hand-engraved-calligraphy-2","status":"publish","type":"product","link":"https:\/\/literaskaligrafija.si\/en\/izdelek\/graviranje-na-parfum\/","title":{"rendered":"Calligraphy engraving on your favourite perfume"},"content":{"rendered":"<div class=\"wpb-content-wrapper\"><div class=\"vc_row wpb_row vc_row-fluid qodef-section qodef-content-aligment-left\" style=\"\"><div class=\"clearfix qodef-full-section-inner\"><div class=\"wpb_column vc_column_container vc_col-sm-6\"><div class=\"vc_column-inner\"><div class=\"wpb_wrapper\"><div class=\"vc_empty_space\"   style=\"height: 32px\"><span class=\"vc_empty_space_inner\"><\/span><\/div>\n\t<div class=\"wpb_video_widget wpb_content_element vc_clearfix   vc_video-aspect-ratio-916 vc_video-el-width-100 vc_video-align-left\" >\n\t\t<div class=\"wpb_wrapper\">\n\t\t\t\n\t\t\t<div class=\"wpb_video_wrapper\"><iframe loading=\"lazy\" title=\"Cologne Fair POMP #celjskfair 1TP5FairPOMP 1TP5CalligraphySubstance #livecalligraphy #event\" width=\"500\" height=\"281\" src=\"https:\/\/www.youtube.com\/embed\/9-3UTuJzlIE?feature=oembed\" frameborder=\"0\" allow=\"accelerometer; autoplay; clipboard-write; encrypted-media; gyroscope; picture-in-picture; web-share\" referrerpolicy=\"strict-origin-when-cross-origin\" allowfullscreen><\/iframe><\/div>\n\t\t<\/div>\n\t<\/div>\n<\/div><\/div><\/div><div class=\"wpb_column vc_column_container vc_col-sm-6\"><div class=\"vc_column-inner\"><div class=\"wpb_wrapper\"><div class=\"vc_empty_space\"   style=\"height: 32px\"><span class=\"vc_empty_space_inner\"><\/span><\/div>\n\t<div class=\"wpb_video_widget wpb_content_element vc_clearfix   vc_video-aspect-ratio-916 vc_video-el-width-100 vc_video-align-left\" >\n\t\t<div class=\"wpb_wrapper\">\n\t\t\t\n\t\t\t<div class=\"wpb_video_wrapper\"><iframe loading=\"lazy\" title=\"Hand engraved @Rogaska flutes by @literaskaligrafija\" width=\"500\" height=\"281\" src=\"https:\/\/www.youtube.com\/embed\/uUjA73oBa1o?feature=oembed\" frameborder=\"0\" allow=\"accelerometer; autoplay; clipboard-write; encrypted-media; gyroscope; picture-in-picture; web-share\" referrerpolicy=\"strict-origin-when-cross-origin\" allowfullscreen><\/iframe><\/div>\n\t\t<\/div>\n\t<\/div>\n<\/div><\/div><\/div><\/div><\/div><div class=\"vc_row wpb_row vc_row-fluid qodef-section qodef-content-aligment-left\" style=\"\"><div class=\"clearfix qodef-full-section-inner\"><div class=\"wpb_column vc_column_container vc_col-sm-12\"><div class=\"vc_column-inner\"><div class=\"wpb_wrapper\"><div class=\"vc_empty_space\"   style=\"height: 32px\"><span class=\"vc_empty_space_inner\"><\/span><\/div>\n\t<div class=\"wpb_video_widget wpb_content_element vc_clearfix   vc_video-aspect-ratio-169 vc_video-el-width-100 vc_video-align-left\" >\n\t\t<div class=\"wpb_wrapper\">\n\t\t\t\n\t\t\t<div class=\"wpb_video_wrapper\"><iframe loading=\"lazy\" title=\"10 July 2024\" width=\"500\" height=\"281\" src=\"https:\/\/www.youtube.com\/embed\/38E8bXd7WhU?feature=oembed\" frameborder=\"0\" allow=\"accelerometer; autoplay; clipboard-write; encrypted-media; gyroscope; picture-in-picture; web-share\" referrerpolicy=\"strict-origin-when-cross-origin\" allowfullscreen><\/iframe><\/div>\n\t\t<\/div>\n\t<\/div>\n<div class=\"vc_empty_space\"   style=\"height: 64px\"><span class=\"vc_empty_space_inner\"><\/span><\/div>\n\t<div class=\"wpb_text_column wpb_content_element\" >\n\t\t<div class=\"wpb_wrapper\">\n\t\t\t<p>&nbsp;<\/p>\n<p><strong>Graviranje s kaligrafijo na va\u0161 najljub\u0161i parfum.<\/strong><\/p>\n<p>Personalizacija va\u0161e najljub\u0161e di\u0161ave je\u00a0 ekskluzivna \u2013 storitev, ki jo po svetu nudijo le presti\u017ene parfumerije.<\/p>\n<p>Naj parfum ne bo le vonj, temve\u010d tudi zgodba. Z ne\u017enimi potezami kaligrafije va\u0161a di\u0161ava o\u017eivi \u2013 za vas ali nekoga, ki ga ne \u017eelite razo\u010darati.<\/p>\n<p>Have you ever opened a perfume and wished it had your name on it? To make it completely yours? In a world where prestige is measured in details, calligraphy engraving is what turns a scent into a memory, a bottle into a work of art and a gift into an unforgettable experience.<\/p>\n<p>Obstajajo detajli, ki jih ne more ustvariti stroj. Ro\u010dno gravirana kaligrafija je ena izmed njih. Njene poteze so mehke, a odlo\u010dne. Redka ve\u0161\u010dina, ki je ne obvlada\u0161 zlahka, ne nau\u010di\u0161 se je mimogrede. Vsaka \u010drka nosi ob\u010dutek, vsaka linija ustvarja preplet elegance in natan\u010dnosti.<\/p>\n<p>A thought, a monogram or a name in golden hues and in delicate lines that remain forever in the glass, like a scent that becomes part of the memory.<\/p>\n<p>We are the first in Slovenia to bring this service live. If you believe that the value of a gift is in the little details, then you've made the right choice.<\/p>\n<p><img loading=\"lazy\" decoding=\"async\" class=\"wp-image-9145 size-full\" src=\"https:\/\/literaskaligrafija.si\/wp-content\/uploads\/2024\/12\/Womens-secret-2.jpg\" alt=\"Hand-engraved name on Women\u00b4secret perfume\" width=\"1500\" height=\"1500\" srcset=\"https:\/\/literaskaligrafija.si\/wp-content\/uploads\/2024\/12\/Womens-secret-2.jpg 1500w, https:\/\/literaskaligrafija.si\/wp-content\/uploads\/2024\/12\/Womens-secret-2-300x300.jpg 300w, https:\/\/literaskaligrafija.si\/wp-content\/uploads\/2024\/12\/Womens-secret-2-1024x1024.jpg 1024w, https:\/\/literaskaligrafija.si\/wp-content\/uploads\/2024\/12\/Womens-secret-2-150x150.jpg 150w, https:\/\/literaskaligrafija.si\/wp-content\/uploads\/2024\/12\/Womens-secret-2-768x768.jpg 768w, https:\/\/literaskaligrafija.si\/wp-content\/uploads\/2024\/12\/Womens-secret-2-12x12.jpg 12w, https:\/\/literaskaligrafija.si\/wp-content\/uploads\/2024\/12\/Womens-secret-2-550x550.jpg 550w, https:\/\/literaskaligrafija.si\/wp-content\/uploads\/2024\/12\/Womens-secret-2-1000x1000.jpg 1000w, https:\/\/literaskaligrafija.si\/wp-content\/uploads\/2024\/12\/Womens-secret-2-400x400.jpg 400w, https:\/\/literaskaligrafija.si\/wp-content\/uploads\/2024\/12\/Womens-secret-2-600x600.jpg 600w, https:\/\/literaskaligrafija.si\/wp-content\/uploads\/2024\/12\/Womens-secret-2-100x100.jpg 100w, https:\/\/literaskaligrafija.si\/wp-content\/uploads\/2024\/12\/Womens-secret-2-50x50.jpg 50w\" sizes=\"auto, (max-width: 1500px) 100vw, 1500px\" \/><\/p>\n<p>Women\u00b4s secret perfume with hand-calligraphed engraving. Photo by Aleksandra Sa\u0161a Prelesnik\/AML<\/p>\n<p><strong>How do I order a service?<\/strong><\/p>\n<ul>\n<li>Send us your favourite perfume.<\/li>\n<li>Po prejemu parfume in va\u0161ega besedila lahko prejmete tudi predogled.<\/li>\n<li>The engraving is accentuated with gold or silver to best match the details of the stamp.<\/li>\n<\/ul>\n<p><strong>What kind of perfume should I wear?<\/strong><\/p>\n<ul>\n<li>Calligraphic engraving on perfume is possible on glass bottles.<\/li>\n<li>The glass should be free of any wrapping, coating or recesses.<\/li>\n<li>Na bru\u0161eno steklo je graviranje mo\u017eno, a se graviranje vidi precej slab\u0161e, saj premaz ni mo\u017een.<\/li>\n<li>We can also engrave on cosmetic mirrors.<\/li>\n<\/ul>\n<div id=\"attachment_6428\" style=\"width: 1510px\" class=\"wp-caption alignnone\"><img loading=\"lazy\" decoding=\"async\" aria-describedby=\"caption-attachment-6428\" class=\"wp-image-6428 size-full\" title=\"Personalised perfume - calligraphic engraving of the name on the perfume\" src=\"https:\/\/literaskaligrafija.si\/wp-content\/uploads\/2022\/11\/Graviranje_detajl.jpg\" alt=\"Perfume with hand engraving\" width=\"1500\" height=\"1500\" srcset=\"https:\/\/literaskaligrafija.si\/wp-content\/uploads\/2022\/11\/Graviranje_detajl.jpg 1500w, https:\/\/literaskaligrafija.si\/wp-content\/uploads\/2022\/11\/Graviranje_detajl-300x300.jpg 300w, https:\/\/literaskaligrafija.si\/wp-content\/uploads\/2022\/11\/Graviranje_detajl-1024x1024.jpg 1024w, https:\/\/literaskaligrafija.si\/wp-content\/uploads\/2022\/11\/Graviranje_detajl-150x150.jpg 150w, https:\/\/literaskaligrafija.si\/wp-content\/uploads\/2022\/11\/Graviranje_detajl-768x768.jpg 768w, https:\/\/literaskaligrafija.si\/wp-content\/uploads\/2022\/11\/Graviranje_detajl-550x550.jpg 550w, https:\/\/literaskaligrafija.si\/wp-content\/uploads\/2022\/11\/Graviranje_detajl-1000x1000.jpg 1000w, https:\/\/literaskaligrafija.si\/wp-content\/uploads\/2022\/11\/Graviranje_detajl-400x400.jpg 400w, https:\/\/literaskaligrafija.si\/wp-content\/uploads\/2022\/11\/Graviranje_detajl-600x600.jpg 600w, https:\/\/literaskaligrafija.si\/wp-content\/uploads\/2022\/11\/Graviranje_detajl-100x100.jpg 100w, https:\/\/literaskaligrafija.si\/wp-content\/uploads\/2022\/11\/Graviranje_detajl-50x50.jpg 50w\" sizes=\"auto, (max-width: 1500px) 100vw, 1500px\" \/><p id=\"caption-attachment-6428\" class=\"wp-caption-text\">Personalised perfume - Calligraphic hand engraving of the name. Photo.<\/p><\/div>\n<p>&nbsp;<\/p>\n<div id=\"attachment_5030\" style=\"width: 1010px\" class=\"wp-caption alignnone\"><img loading=\"lazy\" decoding=\"async\" aria-describedby=\"caption-attachment-5030\" class=\"wp-image-5030 size-full\" src=\"https:\/\/literaskaligrafija.si\/wp-content\/uploads\/2021\/04\/Graviranje_na_parfum-1.jpg\" alt=\"Engraving on perfume\" width=\"1000\" height=\"1500\" srcset=\"https:\/\/literaskaligrafija.si\/wp-content\/uploads\/2021\/04\/Graviranje_na_parfum-1.jpg 1000w, https:\/\/literaskaligrafija.si\/wp-content\/uploads\/2021\/04\/Graviranje_na_parfum-1-600x900.jpg 600w, https:\/\/literaskaligrafija.si\/wp-content\/uploads\/2021\/04\/Graviranje_na_parfum-1-200x300.jpg 200w, https:\/\/literaskaligrafija.si\/wp-content\/uploads\/2021\/04\/Graviranje_na_parfum-1-683x1024.jpg 683w, https:\/\/literaskaligrafija.si\/wp-content\/uploads\/2021\/04\/Graviranje_na_parfum-1-768x1152.jpg 768w, https:\/\/literaskaligrafija.si\/wp-content\/uploads\/2021\/04\/Graviranje_na_parfum-1-300x450.jpg 300w\" sizes=\"auto, (max-width: 1000px) 100vw, 1000px\" \/><p id=\"caption-attachment-5030\" class=\"wp-caption-text\">Calligraphic engraving of perfume<\/p><\/div>\n<p>&nbsp;<\/p>\n\n\t\t<\/div>\n\t<\/div>\n<\/div><\/div><\/div><\/div><\/div>\n<\/div>","protected":false},"excerpt":{"rendered":"<p><strong>Graviranje s kaligrafijo na va\u0161 najljub\u0161i parfum.<\/strong><\/p>\n<p>Created with a heartfelt feeling that only the human hand can create.<\/p>\n<p>&nbsp;<\/p>","protected":false},"featured_media":9621,"comment_status":"open","ping_status":"closed","template":"","meta":{"content-type":"","inline_featured_image":false},"product_brand":[],"product_cat":[339,251,340,410,413,178,379,403,378,377,415],"product_tag":[307,456,370,167,384,349],"class_list":{"0":"post-8909","1":"product","2":"type-product","3":"status-publish","4":"has-post-thumbnail","6":"product_cat-bozicna-darila","7":"product_cat-darila","8":"product_cat-graviranje","9":"product_cat-graviranje-na-izdelke","10":"product_cat-materinski-dan","11":"product_cat-nekategorizirano","12":"product_cat-obletnica","13":"product_cat-poroka","14":"product_cat-poroka-vabila","15":"product_cat-rojstni-dan","16":"product_cat-valentinovo","17":"product_tag-darilo","18":"product_tag-graviranje","19":"product_tag-kaligrafija","20":"product_tag-kaligrafsko-graviranje","21":"product_tag-personalizirano-darilo","22":"product_tag-unikatna-darila","24":"first","25":"instock","26":"virtual","27":"taxable","28":"purchasable","29":"product-type-simple"},"bundled_by":[],"bundle_stock_status":"instock","bundle_stock_quantity":null,"bundle_virtual":false,"bundle_layout":"","bundle_add_to_cart_form_location":"","bundle_editable_in_cart":false,"bundle_sold_individually_context":"","bundle_item_grouping":"","bundle_min_size":"","bundle_max_size":"","bundle_price":[],"bundled_items":[],"bundle_sell_ids":[],"jetpack_sharing_enabled":true,"_links":{"self":[{"href":"https:\/\/literaskaligrafija.si\/en\/wp-json\/wp\/v2\/product\/8909","targetHints":{"allow":["GET"]}}],"collection":[{"href":"https:\/\/literaskaligrafija.si\/en\/wp-json\/wp\/v2\/product"}],"about":[{"href":"https:\/\/literaskaligrafija.si\/en\/wp-json\/wp\/v2\/types\/product"}],"replies":[{"embeddable":true,"href":"https:\/\/literaskaligrafija.si\/en\/wp-json\/wp\/v2\/comments?post=8909"}],"wp:featuredmedia":[{"embeddable":true,"href":"https:\/\/literaskaligrafija.si\/en\/wp-json\/wp\/v2\/media\/9621"}],"wp:attachment":[{"href":"https:\/\/literaskaligrafija.si\/en\/wp-json\/wp\/v2\/media?parent=8909"}],"wp:term":[{"taxonomy":"product_brand","embeddable":true,"href":"https:\/\/literaskaligrafija.si\/en\/wp-json\/wp\/v2\/product_brand?post=8909"},{"taxonomy":"product_cat","embeddable":true,"href":"https:\/\/literaskaligrafija.si\/en\/wp-json\/wp\/v2\/product_cat?post=8909"},{"taxonomy":"product_tag","embeddable":true,"href":"https:\/\/literaskaligrafija.si\/en\/wp-json\/wp\/v2\/product_tag?post=8909"}],"curies":[{"name":"wp","href":"https:\/\/api.w.org\/{rel}","templated":true}]}}