{"id":9109,"date":"2025-02-25T12:52:31","date_gmt":"2025-02-25T11:52:31","guid":{"rendered":"https:\/\/literaskaligrafija.si\/?post_type=product&#038;p=9109"},"modified":"2026-02-17T18:46:28","modified_gmt":"2026-02-17T17:46:28","slug":"wedding-invitations-a5-printed-paper-and-inscription-deluxe-set-4","status":"publish","type":"product","link":"https:\/\/literaskaligrafija.si\/en\/izdelek\/vabila-za-rojstni-dan\/","title":{"rendered":"Birthday Invitations - With unique calligraphy"},"content":{"rendered":"<div dir=\"ltr\">\n<p><strong>Birthday Invitations - With unique calligraphy\u00a0<\/strong><\/p>\n<ul>\n<li>Na\u0161e sodobno minimalisti\u010dno vabilo vklju\u010duje dotike kaligrafije.<\/li>\n<li>Barvno shemo lahko prilagodite tako, da ustreza stilu in vzdu\u0161ju praznovanja Abrahama.<\/li>\n<li>Izberete lahko tudi slog kaligrafije, ki bo krasil to posebno vabilo s kuverto.<\/li>\n<li>The overall look of your invitations, other printed materials and lettering should reflect your personal style.<\/li>\n<li>Our invitations are designed with your celebration theme in mind - whether it's an intimate dinner, a lively party, a relaxed picnic or a prestigious event.<\/li>\n<\/ul>\n<p><strong>How does the order work?<\/strong><\/p>\n<ul>\n<li>Ko oddate svoje naro\u010dilo, vas bomo v najkraj\u0161em mo\u017enem \u010dasu kontaktirali za morebitne manjkajo\u010de podatke.<\/li>\n<li>Po pregledu in potrditvi bomo v roku 5 delovnih dni ustvarili vizualizacijo va\u0161ega vabila.<\/li>\n<li>Production includes design and one minor correction (change of colour, correction of text or style of calligraphic addition).<\/li>\n<li>Any additional changes may incur additional charges, which will be discussed with you in advance.<\/li>\n<li>Po kon\u010dni odobritvi vabila natisnemo in sprembe obsoje\u010dega naro\u010dila niso mo\u017ene<\/li>\n<li>Invitations are sent out and personal collection is possible.<\/li>\n<\/ul>\n<p><strong>Cena vabila zajema<\/strong><\/p>\n<ul>\n<li>Invitation design one-sided.<\/li>\n<li>Motif (illustration of different flowers)<\/li>\n<li>Calligraphic notation of names or words and preparation of calligraphy for printing.<\/li>\n<li>Digitalni tisk &#8211; enostranski A5 velikost, 250 g mat papir.<\/li>\n<li>En popravek, dodatni se zara\u010dunajo.<\/li>\n<\/ul>\n<p><strong>Invitation Supplements<\/strong><\/p>\n<ul>\n<li>Kuverta\/ovojnica 140 g &#8211; Velikost in barva glede na izorv velikosti vabila.<\/li>\n<li>Kuverta &#8211; \u017depek je tr\u0161i in bolj kompakten v primerjavi s kuverto.<\/li>\n<li>Vo\u0161\u010deni pe\u010dat &#8211; s pe\u010datnim voskom vabilom dodamo unikatno noto in brez\u010dasnost.<\/li>\n<li>Prosojni ovitek- brez ali z motivom.<\/li>\n<li>Dekorativna vrvica &#8211; za najbolj romanti\u010dne du\u0161e.<\/li>\n<li>Suho cvetje &#8211; posu\u0161ene vejice travni\u0161kega cvetja, evkaliptusa ali sivke.<\/li>\n<li>Svilen ali \u0161ifon trak &#8211; mahki trakovi z naravnim robom dodajo vintage ali romanti\u010den pridih.<\/li>\n<\/ul>\n<p><strong>When choosing an invitation, we decide together:<\/strong><\/p>\n<ul>\n<li>Paper choice<\/li>\n<li>Printed from<\/li>\n<li>Colour matching<\/li>\n<li>Motives and<\/li>\n<li>Calligraphy<\/li>\n<\/ul>\n<p><strong>Calligraphy<\/strong><\/p>\n<ul>\n<li>Handwritten calligraphy that can be handwritten on each invitation or prepared for printing.<\/li>\n<li>Different styles are available: classic and romantic or modern and bold calligraphy.<\/li>\n<li>We include calligraphy on invitations as a subtle addition to preserve the essence and legibility of the invitation.<\/li>\n<li>For calligraphy, choose a number, word or name. If the whole invitation is in calligraphy, keep the text short.<\/li>\n<\/ul>\n<p><strong>Different layouts and shapes<\/strong><\/p>\n<ul>\n<li>A5 (148 x 210 mm) - the most common choice, elegant and large enough for a minimalist look.<\/li>\n<li>A6 (105 x 148 mm) - a smaller, compact invitation suitable for minimalist styles.<\/li>\n<li>Round or semi-round invitation.<\/li>\n<li>Oblike po \u017eelji.<\/li>\n<li>Natrgani robovi<\/li>\n<\/ul>\n<p><strong>Papers<\/strong><\/p>\n<ul>\n<li>Smooth or textured paper - from fine matt paper to a distinctive rough texture.<\/li>\n<li>Paper from 250 to 350 g.<\/li>\n<\/ul>\n<p><strong>\u00a0Printed from<\/strong><\/p>\n<ul>\n<li>Digital printing - for precise details and smaller print runs<\/li>\n<li>Letterpress (intaglio) - an extremely prestigious impression in paper.<\/li>\n<li>Gold foil or digital printing.<\/li>\n<\/ul>\n<p><img loading=\"lazy\" decoding=\"async\" class=\"alignnone size-full wp-image-9422\" src=\"https:\/\/literaskaligrafija.si\/wp-content\/uploads\/2025\/06\/Barve-SCHIFFON.jpg\" alt=\"\" width=\"1500\" height=\"1500\" srcset=\"https:\/\/literaskaligrafija.si\/wp-content\/uploads\/2025\/06\/Barve-SCHIFFON.jpg 1500w, https:\/\/literaskaligrafija.si\/wp-content\/uploads\/2025\/06\/Barve-SCHIFFON-300x300.jpg 300w, https:\/\/literaskaligrafija.si\/wp-content\/uploads\/2025\/06\/Barve-SCHIFFON-1024x1024.jpg 1024w, https:\/\/literaskaligrafija.si\/wp-content\/uploads\/2025\/06\/Barve-SCHIFFON-150x150.jpg 150w, https:\/\/literaskaligrafija.si\/wp-content\/uploads\/2025\/06\/Barve-SCHIFFON-768x768.jpg 768w, https:\/\/literaskaligrafija.si\/wp-content\/uploads\/2025\/06\/Barve-SCHIFFON-12x12.jpg 12w, https:\/\/literaskaligrafija.si\/wp-content\/uploads\/2025\/06\/Barve-SCHIFFON-550x550.jpg 550w, https:\/\/literaskaligrafija.si\/wp-content\/uploads\/2025\/06\/Barve-SCHIFFON-1000x1000.jpg 1000w, https:\/\/literaskaligrafija.si\/wp-content\/uploads\/2025\/06\/Barve-SCHIFFON-400x400.jpg 400w, https:\/\/literaskaligrafija.si\/wp-content\/uploads\/2025\/06\/Barve-SCHIFFON-600x600.jpg 600w, https:\/\/literaskaligrafija.si\/wp-content\/uploads\/2025\/06\/Barve-SCHIFFON-100x100.jpg 100w, https:\/\/literaskaligrafija.si\/wp-content\/uploads\/2025\/06\/Barve-SCHIFFON-50x50.jpg 50w\" sizes=\"auto, (max-width: 1500px) 100vw, 1500px\" \/><\/p>\n<div id=\"attachment_9236\" style=\"width: 1510px\" class=\"wp-caption alignnone\"><img loading=\"lazy\" decoding=\"async\" aria-describedby=\"caption-attachment-9236\" class=\"size-full wp-image-9236\" src=\"https:\/\/literaskaligrafija.si\/wp-content\/uploads\/2022\/10\/Naslov-na-kuverti.jpg\" alt=\"Wedding envelopes\" width=\"1500\" height=\"1500\" srcset=\"https:\/\/literaskaligrafija.si\/wp-content\/uploads\/2022\/10\/Naslov-na-kuverti.jpg 1500w, https:\/\/literaskaligrafija.si\/wp-content\/uploads\/2022\/10\/Naslov-na-kuverti-300x300.jpg 300w, https:\/\/literaskaligrafija.si\/wp-content\/uploads\/2022\/10\/Naslov-na-kuverti-1024x1024.jpg 1024w, https:\/\/literaskaligrafija.si\/wp-content\/uploads\/2022\/10\/Naslov-na-kuverti-150x150.jpg 150w, https:\/\/literaskaligrafija.si\/wp-content\/uploads\/2022\/10\/Naslov-na-kuverti-768x768.jpg 768w, https:\/\/literaskaligrafija.si\/wp-content\/uploads\/2022\/10\/Naslov-na-kuverti-12x12.jpg 12w, https:\/\/literaskaligrafija.si\/wp-content\/uploads\/2022\/10\/Naslov-na-kuverti-550x550.jpg 550w, https:\/\/literaskaligrafija.si\/wp-content\/uploads\/2022\/10\/Naslov-na-kuverti-1000x1000.jpg 1000w, https:\/\/literaskaligrafija.si\/wp-content\/uploads\/2022\/10\/Naslov-na-kuverti-400x400.jpg 400w, https:\/\/literaskaligrafija.si\/wp-content\/uploads\/2022\/10\/Naslov-na-kuverti-600x600.jpg 600w, https:\/\/literaskaligrafija.si\/wp-content\/uploads\/2022\/10\/Naslov-na-kuverti-100x100.jpg 100w, https:\/\/literaskaligrafija.si\/wp-content\/uploads\/2022\/10\/Naslov-na-kuverti-50x50.jpg 50w\" sizes=\"auto, (max-width: 1500px) 100vw, 1500px\" \/><p id=\"caption-attachment-9236\" class=\"wp-caption-text\">Poslovne tiskovine<\/p><\/div>\n<\/div>","protected":false},"excerpt":{"rendered":"<p>Vabila za praznovanje &#8211; Z unikatno kaligrafijo<\/p>\n<p>&nbsp;<\/p>\n<p>&nbsp;<\/p>","protected":false},"featured_media":9124,"comment_status":"open","ping_status":"closed","template":"","meta":{"content-type":"","inline_featured_image":false},"product_brand":[],"product_cat":[469,403,378,377,416],"product_tag":[542,438,279,541],"class_list":{"0":"post-9109","1":"product","2":"type-product","3":"status-publish","4":"has-post-thumbnail","6":"product_cat-abraham","7":"product_cat-poroka","8":"product_cat-poroka-vabila","9":"product_cat-rojstni-dan","10":"product_cat-vabila","11":"product_tag-abraham","12":"product_tag-rojstni-dan","13":"product_tag-tiskovine","14":"product_tag-vabila-za-praznovanje","15":"product_shipping_class-postnina","17":"first","18":"instock","19":"taxable","20":"shipping-taxable","21":"purchasable","22":"product-type-simple"},"bundled_by":[],"bundle_stock_status":"instock","bundle_stock_quantity":null,"bundle_virtual":false,"bundle_layout":"","bundle_add_to_cart_form_location":"","bundle_editable_in_cart":false,"bundle_sold_individually_context":"","bundle_item_grouping":"","bundle_min_size":"","bundle_max_size":"","bundle_price":[],"bundled_items":[],"bundle_sell_ids":[],"jetpack_sharing_enabled":true,"_links":{"self":[{"href":"https:\/\/literaskaligrafija.si\/en\/wp-json\/wp\/v2\/product\/9109","targetHints":{"allow":["GET"]}}],"collection":[{"href":"https:\/\/literaskaligrafija.si\/en\/wp-json\/wp\/v2\/product"}],"about":[{"href":"https:\/\/literaskaligrafija.si\/en\/wp-json\/wp\/v2\/types\/product"}],"replies":[{"embeddable":true,"href":"https:\/\/literaskaligrafija.si\/en\/wp-json\/wp\/v2\/comments?post=9109"}],"wp:featuredmedia":[{"embeddable":true,"href":"https:\/\/literaskaligrafija.si\/en\/wp-json\/wp\/v2\/media\/9124"}],"wp:attachment":[{"href":"https:\/\/literaskaligrafija.si\/en\/wp-json\/wp\/v2\/media?parent=9109"}],"wp:term":[{"taxonomy":"product_brand","embeddable":true,"href":"https:\/\/literaskaligrafija.si\/en\/wp-json\/wp\/v2\/product_brand?post=9109"},{"taxonomy":"product_cat","embeddable":true,"href":"https:\/\/literaskaligrafija.si\/en\/wp-json\/wp\/v2\/product_cat?post=9109"},{"taxonomy":"product_tag","embeddable":true,"href":"https:\/\/literaskaligrafija.si\/en\/wp-json\/wp\/v2\/product_tag?post=9109"}],"curies":[{"name":"wp","href":"https:\/\/api.w.org\/{rel}","templated":true}]}}