{"id":9165,"date":"2025-03-31T10:46:20","date_gmt":"2025-03-31T08:46:20","guid":{"rendered":"https:\/\/literaskaligrafija.si\/?post_type=product&#038;p=9165"},"modified":"2026-01-19T10:29:33","modified_gmt":"2026-01-19T09:29:33","slug":"beginning-calligraphy-copperplate-writing-trubars-domain-10","status":"publish","type":"product","link":"https:\/\/literaskaligrafija.si\/en\/izdelek\/kaligrafija-komplet\/","title":{"rendered":"Calligraphy for home - Copperplate minuscule PDF - Digital Product"},"content":{"rendered":"<div class=\"flex-shrink-0 flex flex-col relative items-end\">\n<div class=\"pt-0\">\n<div class=\"gizmo-bot-avatar flex h-8 w-8 items-center justify-center overflow-hidden rounded-full\">\n<div class=\"relative p-1 rounded-sm flex items-center justify-center bg-token-main-surface-primary text-token-text-primary h-8 w-8\">\n<p><strong>Kaligrafija za doma &#8211; Copperplate minuskule PDF &#8211; digitalni izdelek<\/strong><\/p>\n<p>Izdelek je v digitalni PDF obliki. Zasnovan je za tiste, <strong>ki ste \u017ee osvojili osnove Copperplate kaligrafije<\/strong>, poznate osnovne poteze &#8211; gradnike \u010drk, imate vsa potrebna orodja in poznate njihovo pripravo.<\/p>\n<p>Potrebujete \u0161e:<\/p>\n<\/div>\n<\/div>\n<\/div>\n<\/div>\n<div class=\"group\/conversation-turn relative flex w-full min-w-0 flex-col agent-turn\">\n<div class=\"flex-col gap-1 md:gap-3\">\n<div class=\"flex max-w-full flex-col flex-grow\">\n<div class=\"min-h-[20px] text-message flex w-full flex-col items-end gap-2 break-words [.text-message+&amp;]:mt-5 overflow-x-auto whitespace-normal\" dir=\"auto\" data-message-author-role=\"assistant\" data-message-id=\"5dee0080-2d13-4695-906f-8ac558f6a115\">\n<div class=\"flex w-full flex-col gap-1 empty:hidden first:pt-[3px]\">\n<div class=\"markdown prose w-full break-words dark:prose-invert light\">\n<ul>\n<li><strong><a title=\"Epoksi dr\u017ealo\" href=\"https:\/\/literaskaligrafija.si\/izdelek\/rocaj-kaligrafija\/\" target=\"_blank\" rel=\"noopener\">kaligrafsko dr\u017ealo &#8211; ravno ali po\u0161evno<\/a><\/strong><\/li>\n<li><strong><a title=\"Nakup japonskega \u010drnila\" href=\"https:\/\/literaskaligrafija.si\/izdelek\/pero-za-kaligrafijo\/\" target=\"_blank\" rel=\"noopener\">pro\u017eno koni\u010dasto pero<\/a><\/strong><\/li>\n<li><strong><a title=\"Nakup japonskega \u010drnila\" href=\"https:\/\/literaskaligrafija.si\/izdelek\/crnilo\/\" target=\"_blank\" rel=\"noopener\">\u010drnilo<\/a><\/strong><\/li>\n<\/ul>\n<p>Pisanje kaligrafije lahko vadite tudi z navadnim svin\u010dnikom, ob upo\u0161tevanju pravilne izmenjave pritiska.<\/p>\n<p><strong>Komu je izdelek namenjen?<\/strong><\/p>\n<ul>\n<li>Kaligrafskim navdu\u0161encem, ki \u017ee poznajo osnove Copperplate kaligrafije.<\/li>\n<li>Za kaligrafe, ki radi vadijo doma in ne v skupinah.<\/li>\n<li>Za srame\u017eljive umetnike, ki ne marajo te\u010dajev v \u017eivo in raje vadijo v doma\u010di ti\u0161ini.<\/li>\n<li>Za vse, ki so jim te\u010daji predale\u010d.<\/li>\n<\/ul>\n<p><strong>Izdelek vsebuje<\/strong><\/p>\n<ul>\n<li>Vzor\u010dni list &#8211; sampler celotne abecede minuskul.<\/li>\n<li>List za ogrevanje rok.<\/li>\n<li>Vajo snovni potez minuskul &#8211; majhnih \u010drk.<\/li>\n<li>Celotno abecedo minuskul, brez \u0161umnikov, s \u010drkami \u00a0angle\u0161ke abecede (q, w, x, y).<\/li>\n<\/ul>\n<p><strong>\u010cesa izdelek ne vsebuje?<\/strong><\/p>\n<ul>\n<li>Izdelek ne vsebuje \u010drnila, dr\u017eala in peres.<\/li>\n<li>Osnovnega znanja o kaligrafiji in pisavi Copperplate.<\/li>\n<li>Znanja o povezovanju \u010drk v besede in besedilo.<\/li>\n<li>Za pripravo in osnove izberite knji\u017eico znanja.<\/li>\n<\/ul>\n<p>\u010ceprav se Copperplate kaligrafije praviloma u\u010dimo po skupinah \u010drk, ki si delijo enake poteze, oziroma od najla\u017eje do tistih zahtevnej\u0161ih, je ta knji\u017eica zaradi preglednosti urejena po abecednem vrstnem redu.<\/p>\n<p><strong>Praviloma se \u010drk u\u010dimo po skupinah<\/strong><\/p>\n<ul>\n<li>Skupina \u010drk, ki so najla\u017eje: i, t, j, a, d, g, n, m, u, y<\/li>\n<li>Skupna \u010drk z zanko ali trebu\u0161kom: l, h, k, e<\/li>\n<li>Skupina \u010drk z vise\u010do potezo: b, o, v, w, c<\/li>\n<li>Skupina izjem: f, p, q, r, s, x, z<\/li>\n<\/ul>\n<p><strong>Lastnosti izdelka<\/strong><\/p>\n<ul>\n<li>Izdelek je PDF datoteka.<\/li>\n<li>\u010crke so razporejene tako, da ena stran zajema dve \u010drki abecede.<\/li>\n<li>Za vsako \u010drko je tudi prikaz osnovnih potez.<\/li>\n<li>Vsaka vrstica ima na za\u010detku natisnjeno \u010drko v \u010drni barvi, ki slu\u017ei kot vzorec.<\/li>\n<li>Naslednje \u010drke v vrstici so natisnjene v sivini.<\/li>\n<\/ul>\n<p><strong>Ali je izdelek primeren kot darilo?<\/strong><\/p>\n<ul>\n<li>Da, kaligrafija za doma je odli\u010dno darilo, vendar za popolne za\u010detnike priporo\u010dam tudi knji\u017eico znanja.<\/li>\n<\/ul>\n<p><strong>Dostop do datoteke<\/strong><\/p>\n<ul>\n<li>Dostop do datoteke prejmete v potrditvenem e-sporo\u010dilu o nakupu v stolpcu Prenos.<\/li>\n<li>Obvestilo o avtorskih pravicah<\/li>\n<li>Vsebina je\u00a0 avtorsko za\u0161\u010ditena v skladu z Zakonom o avtorskih in sorodnih pravicah (ZASP) in so izklju\u010dna last ustvarjalca.<\/li>\n<\/ul>\n<p><strong>Prepovedana je<\/strong><\/p>\n<ul>\n<li>Nadaljnja prodaja, podajanje tretjim osebam ali kakr\u0161nakoli distribucija brez pisnega dovoljenja avtorja.<\/li>\n<li>Uporaba vsebin v komercialne namene brez predhodnega soglasja.<\/li>\n<li>Z nakupom ali dostopom do tega gradiva pridobite pravico do osebne uporabe, ne pa lastni\u0161tva nad vsebino.<\/li>\n<li>Vsaka kr\u0161itev avtorskih pravic je kazniva in lahko vodi v od\u0161kodninsko odgovornost.<\/li>\n<li>Kopiranje, razmno\u017eevanje, prilagajanje, predelava ali digitalizacija vsebin.<\/li>\n<\/ul>\n<p><strong>Pomembno obvestilo pred nakupom<\/strong><\/p>\n<ul>\n<li>Z nakupom se strinjate, da prejmete digitalno vsebino (PDF) in s tem nimate pravice do odstopa do pogodbe.<\/li>\n<li>V primeru napak zagotavljamo popravek vsebine.<\/li>\n<\/ul>\n<p><strong>Tisk datoteke<\/strong><\/p>\n<ul>\n<li>Priporo\u010damo tisk na kvaliteten gladek\u00a0<strong>papir za tiskanje 120 g.<\/strong><\/li>\n<\/ul>\n<\/div>\n<\/div>\n<\/div>\n<\/div>\n<\/div>\n<\/div>\n","protected":false},"excerpt":{"rendered":"<p><strong>Calligraphy for home - Copperplate minuscule PDF - Digital Product<\/strong><\/p>\n<p>After purchase, you will receive a PDF file that you can print yourself.<\/p>\n<p>Izdelek ne vsebuje \u010drnila in pisala.<\/p>\n<p>&nbsp;<\/p>\n<p>&nbsp;<\/p>","protected":false},"featured_media":9171,"comment_status":"open","ping_status":"closed","template":"","meta":{"content-type":"","inline_featured_image":false},"product_brand":[],"product_cat":[339,251,329,259,398,413,379,377,415,414],"product_tag":[244],"class_list":{"0":"post-9165","1":"product","2":"type-product","3":"status-publish","4":"has-post-thumbnail","6":"product_cat-bozicna-darila","7":"product_cat-darila","8":"product_cat-kaligrafija","9":"product_cat-kaligrafski-tecaj","10":"product_cat-krst-obhajilo-birma","11":"product_cat-materinski-dan","12":"product_cat-obletnica","13":"product_cat-rojstni-dan","14":"product_cat-valentinovo","15":"product_cat-za-uciteljice","16":"product_tag-kaligrafski-tecaj","18":"first","19":"instock","20":"featured","21":"purchasable","22":"product-type-variable"},"bundled_by":[],"bundle_stock_status":"instock","bundle_stock_quantity":null,"bundle_virtual":false,"bundle_layout":"","bundle_add_to_cart_form_location":"","bundle_editable_in_cart":false,"bundle_sold_individually_context":"","bundle_item_grouping":"","bundle_min_size":"","bundle_max_size":"","bundle_price":[],"bundled_items":[],"bundle_sell_ids":[9027,9024,8162],"jetpack_sharing_enabled":true,"_links":{"self":[{"href":"https:\/\/literaskaligrafija.si\/en\/wp-json\/wp\/v2\/product\/9165","targetHints":{"allow":["GET"]}}],"collection":[{"href":"https:\/\/literaskaligrafija.si\/en\/wp-json\/wp\/v2\/product"}],"about":[{"href":"https:\/\/literaskaligrafija.si\/en\/wp-json\/wp\/v2\/types\/product"}],"replies":[{"embeddable":true,"href":"https:\/\/literaskaligrafija.si\/en\/wp-json\/wp\/v2\/comments?post=9165"}],"wp:featuredmedia":[{"embeddable":true,"href":"https:\/\/literaskaligrafija.si\/en\/wp-json\/wp\/v2\/media\/9171"}],"wp:attachment":[{"href":"https:\/\/literaskaligrafija.si\/en\/wp-json\/wp\/v2\/media?parent=9165"}],"wp:term":[{"taxonomy":"product_brand","embeddable":true,"href":"https:\/\/literaskaligrafija.si\/en\/wp-json\/wp\/v2\/product_brand?post=9165"},{"taxonomy":"product_cat","embeddable":true,"href":"https:\/\/literaskaligrafija.si\/en\/wp-json\/wp\/v2\/product_cat?post=9165"},{"taxonomy":"product_tag","embeddable":true,"href":"https:\/\/literaskaligrafija.si\/en\/wp-json\/wp\/v2\/product_tag?post=9165"}],"curies":[{"name":"wp","href":"https:\/\/api.w.org\/{rel}","templated":true}]}}