{"id":9220,"date":"2025-04-25T14:19:38","date_gmt":"2025-04-25T12:19:38","guid":{"rendered":"https:\/\/literaskaligrafija.si\/?post_type=product&#038;p=9220"},"modified":"2025-10-23T16:30:13","modified_gmt":"2025-10-23T14:30:13","slug":"beginning-calligraphy-copperplate-writing-trubars-domain-12","status":"publish","type":"product","link":"https:\/\/literaskaligrafija.si\/en\/izdelek\/moderna-kaligrafija\/","title":{"rendered":"Modern Calligraphy - Book of Knowledge - PRIDE KMALU"},"content":{"rendered":"<div class=\"flex-shrink-0 flex flex-col relative items-end\">\n<div class=\"pt-0\">\n<div class=\"gizmo-bot-avatar flex h-8 w-8 items-center justify-center overflow-hidden rounded-full\">\n<div class=\"relative p-1 rounded-sm flex items-center justify-center bg-token-main-surface-primary text-token-text-primary h-8 w-8\">\n<p><strong>Moderna kaligrafija &#8211; Knji\u017eica znanja &#8211; PRIDE KMALU<\/strong><\/p>\n<p><strong>Kaligrafija je umetnost lepega pisanja<\/strong> s posebnimi orodji. Ta knji\u017eica znanja je za vse tiste, ki si \u017eelijo ustvarjati \u010dudovite in personalizirane umetnine v udobju svojega doma, brez potrebe po obiskovanju trgovin ali delavnic, in ob tem vaditi v svojem tempu, ki jim najbolj ustreza.<\/p>\n<p><strong>Vsebina knji\u017eice znanja za samou\u010denje moderne kaligrafije<\/strong><\/p>\n<ul>\n<li>Kaligrafski slovar\u010dek<\/li>\n<li>Dr\u017ea telesa in sedenje<\/li>\n<li>Priprava na pisanje<\/li>\n<li>Postavitev papirja<\/li>\n<li>Dr\u017ea peresnika \u2013 kaligrafskega ro\u010daja<\/li>\n<li>Priprava peresa &#8211; Razli\u010dni na\u010dini priprave peres<\/li>\n<li>Pravilna namestitev peresa v ro\u010daj<\/li>\n<li>Vzdr\u017eevanje peres<\/li>\n<li>\u010crkovna razmerja<\/li>\n<li>Kako izra\u010dunamo polja \u010drtalnika<\/li>\n<li>Naklon \u010drk in spremembe standardnega naklona<\/li>\n<li>Pred pisanjem s \u010drnilom<\/li>\n<li>Osnovne poteze \u2013 gradniki \u010drk<\/li>\n<li>Poimenovanje potez<\/li>\n<li>Opis pisanja potez<\/li>\n<li>Oblike potez: \u010crke razdelimo v \u0161tiri skupine<\/li>\n<li>Sestavljanje potez v \u010drke in besede<\/li>\n<li>Razli\u010dni prikazi \u010drk in \u0161tevilk: samostojno, na \u010drtalniku, s smernimi pu\u0161\u010dicami<\/li>\n<\/ul>\n<p>Knji\u017eico lahko dopolnite z vsemi potreb\u0161\u010dinami, ki bodo spremenile va\u0161o ustvarjalno pot v \u010dudovito do\u017eivetje.<\/p>\n<ul>\n<li>\u010crnilo<\/li>\n<li>Peresnik raven<\/li>\n<li>Oblique peresnik<\/li>\n<li>Pro\u017eno koni\u010dasto pero Nikko G &#8211; najprimernej\u0161e za za\u010detnike<\/li>\n<li>Vaja minuskul &#8211; majhnih \u010drk abecede<\/li>\n<li>Vaja majuskul &#8211; velikih \u010drk abecede<\/li>\n<li>Vaja zdru\u017eevanja \u010drk v besede in besedilo<\/li>\n<\/ul>\n<p><strong>V: Zakaj je u\u010denje kaligrafije koristno?<\/strong><br \/>\n<strong>O:<\/strong> tukaj je \u0161est pomembnih razlogov za u\u010denje kaligrafskih ve\u0161\u010din in tudi razlogi zakaj je koristno ve\u010d pisanja z roko:<\/p>\n<ul>\n<li><strong>Izbolj\u0161anje mo\u017eganske aktivnosti:<\/strong> Z rokopisom aktiviramo svoje mo\u017egane, predvsem predele, ki so odgovorni za jezik, zaznavanje in gibanje. S spodbujanjem teh nevronskih vezij lahko rokopis pove\u010da va\u0161e kognitivne funkcije, ustvarjalnost in sposobnosti re\u0161evanja problemov.<\/li>\n<li><strong>Izbolj\u0161anje spomina:<\/strong> \u0160tudije so pokazale, da lahko pisanje z roko izbolj\u0161a pomnjenje in priklic teh informacij, ki smo se jih nau\u010dili preko pisanja zapiskov. Z vklju\u010ditvijo va\u0161ih motori\u010dnih in kognitivnih procesov vam lahko rokopis pomaga &#8220;kodirati&#8221; in shranjevati informacije u\u010dinkoviteje kot tipkanje ali branje.<\/li>\n<li><strong>Personalizacija drugih projektov:<\/strong> Kaligrafske ve\u0161\u010dine in vaja rokopisa lahko va\u0161im projektom, zapiskom in napisanim besedilom dodajo osebno noto. Z razvojem lastnega sloga lahko ustvarite edinstvene in nepozabne kreacije pri svojem delu ali kak\u0161nem drugem hobiju in ustvarjate projekte, ki bodo izstopali.<\/li>\n<li><strong>Motori\u010dne sposobnosti:<\/strong> U\u010denje kaligrafije in vadba rokopisa lahko izbolj\u0161ata va\u0161e finomotori\u010dne sposobnosti, koordinacijo o\u010di in rok ter ro\u010dne spretnosti. Te ve\u0161\u010dine niso pomembne le za pisanje, ampak tudi za druga opravila, ki zahtevajo ro\u010dne spretnosti in natan\u010dnost, kot je risanje, slikanje ali igranje instrumenta.<\/li>\n<li><strong>Meditacija:<\/strong> Vadba kaligrafije in rokopisa je lahko meditativna dejavnost, ki spodbuja sprostitev, pozornost in osredoto\u010denost. \u010ce se koncentrirate na poteze, oblike in ritme \u010drk, lahko vstopite v stanje, ki pomiri va\u0161 um in zmanj\u0161a stres.<\/li>\n<li><strong>Umetni\u0161ko izra\u017eanje:<\/strong> Kaligrafija in rokopis sta lahko tudi oblika umetni\u0161kega izra\u017eanja, ki vam omogo\u010da raziskovanje va\u0161e ustvarjalnosti, sloga in osebnosti. Ne glede na to, ali imate raje tradicionalne sloge kaligrafije ali sodobne trende rokopisa, lahko najdete na\u010din, da se izrazite z lepo napisano besedo.<\/li>\n<li><strong>Dodatni razlog<\/strong> &#8211; Vpliv na otroke z ADHD in PTSD:<\/li>\n<\/ul>\n<p><strong>U\u010denje kaligrafije ima pozitivne u\u010dinke<\/strong> tudi na otroke z ADHD (Motnja pozornosti s hiperaktivnostjo ali motnja hiperaktivnosti in pomanjkanja pozornosti) in PTSD (Posttravmatska stresna motnja).<\/p>\n<p>\u0160tudije so pokazale, da kaligrafija izbolj\u0161uje pozornost, senzorno-perceptualno ostrino, kognitivne in razumske sposobnosti, \u010dustveno stabilnost in samokontrolo. Vadba kaligrafije lahko pomaga otrokom z ADHD izbolj\u0161ati osredoto\u010denost in zmanj\u0161ati hiperaktivnost. Prav tako ima kaligrafija terapevtski u\u010dinek na otroke s PTSD, saj zmanj\u0161uje simptome hiperaktivnosti in izbolj\u0161uje splo\u0161no \u010dustveno stabilnost. Ve\u010d o tem si lahko preberete v naslednjih \u0161tudijah:<\/p>\n<\/div>\n<\/div>\n<\/div>\n<\/div>\n<div class=\"group\/conversation-turn relative flex w-full min-w-0 flex-col agent-turn\">\n<div class=\"flex-col gap-1 md:gap-3\">\n<div class=\"flex max-w-full flex-col flex-grow\">\n<div class=\"min-h-[20px] text-message flex w-full flex-col items-end gap-2 break-words [.text-message+&amp;]:mt-5 overflow-x-auto whitespace-normal\" dir=\"auto\" data-message-author-role=\"assistant\" data-message-id=\"5dee0080-2d13-4695-906f-8ac558f6a115\">\n<div class=\"flex w-full flex-col gap-1 empty:hidden first:pt-[3px]\">\n<div class=\"markdown prose w-full break-words dark:prose-invert light\">\n<ul>\n<li>Dovepress &#8211; Effect of calligraphy training on hyperarousal symptoms for childhood\u200b<span class=\"\" data-state=\"closed\"><span class=\"text-token-text-secondary\"> (<\/span><a class=\"text-green-600 !no-underline\" href=\"https:\/\/www.dovepress.com\/effect-of-calligraphy-training-on-hyperarousal-symptoms-for-childhood--peer-reviewed-fulltext-article-NDT\" target=\"_blank\" rel=\"noopener noreferrer\">Dove Med Press<\/a><span class=\"text-token-text-secondary\">)<\/span><\/span>\u200b.<\/li>\n<li><span class=\"\" data-state=\"closed\"><span class=\"text-token-text-secondary\">Lupine Publishers &#8211; Calligraphy Treatment of Children with ADHD: A Case Study\u200b (<\/span><a class=\"text-green-600 !no-underline\" href=\"https:\/\/lupinepublishers.com\/complementary-alternative-medicine-journal\/fulltext\/calligraphy-treatment-of-children-with-adhd-a-case-study.ID.000127.php\" target=\"_blank\" rel=\"noopener noreferrer\">Lupine Publishers<\/a><span class=\"text-token-text-secondary\">)<\/span><\/span>\u200b.<\/li>\n<\/ul>\n<p>&nbsp;<\/p>\n<\/div>\n<\/div>\n<\/div>\n<\/div>\n<\/div>\n<\/div>\n<p>&nbsp;<\/p>\n<div id=\"attachment_9103\" style=\"width: 1510px\" class=\"wp-caption alignnone\"><img loading=\"lazy\" decoding=\"async\" aria-describedby=\"caption-attachment-9103\" class=\"wp-image-9103 size-full\" src=\"https:\/\/literaskaligrafija.si\/wp-content\/uploads\/2024\/05\/Moderna-prikaz.jpg\" alt=\"Moderna kaligrafija z Zlatko\" width=\"1500\" height=\"1500\" srcset=\"https:\/\/literaskaligrafija.si\/wp-content\/uploads\/2024\/05\/Moderna-prikaz.jpg 1500w, https:\/\/literaskaligrafija.si\/wp-content\/uploads\/2024\/05\/Moderna-prikaz-300x300.jpg 300w, https:\/\/literaskaligrafija.si\/wp-content\/uploads\/2024\/05\/Moderna-prikaz-1024x1024.jpg 1024w, https:\/\/literaskaligrafija.si\/wp-content\/uploads\/2024\/05\/Moderna-prikaz-150x150.jpg 150w, https:\/\/literaskaligrafija.si\/wp-content\/uploads\/2024\/05\/Moderna-prikaz-768x768.jpg 768w, https:\/\/literaskaligrafija.si\/wp-content\/uploads\/2024\/05\/Moderna-prikaz-12x12.jpg 12w, https:\/\/literaskaligrafija.si\/wp-content\/uploads\/2024\/05\/Moderna-prikaz-550x550.jpg 550w, https:\/\/literaskaligrafija.si\/wp-content\/uploads\/2024\/05\/Moderna-prikaz-1000x1000.jpg 1000w, https:\/\/literaskaligrafija.si\/wp-content\/uploads\/2024\/05\/Moderna-prikaz-400x400.jpg 400w, https:\/\/literaskaligrafija.si\/wp-content\/uploads\/2024\/05\/Moderna-prikaz-600x600.jpg 600w, https:\/\/literaskaligrafija.si\/wp-content\/uploads\/2024\/05\/Moderna-prikaz-100x100.jpg 100w, https:\/\/literaskaligrafija.si\/wp-content\/uploads\/2024\/05\/Moderna-prikaz-50x50.jpg 50w\" sizes=\"auto, (max-width: 1500px) 100vw, 1500px\" \/><p id=\"caption-attachment-9103\" class=\"wp-caption-text\">Moderna kaligrafija delovni zvezek. Kaligrafija in vizualizacija: Zlatka Trstenjak Rampre<\/p><\/div>\n<p>&nbsp;<\/p>\n<p>&nbsp;<\/p>\n","protected":false},"excerpt":{"rendered":"<p><strong>Modern Calligraphy - Book of Knowledge - PRIDE KMALU<\/strong><\/p>\n<p>&nbsp;<\/p>","protected":false},"featured_media":9103,"comment_status":"open","ping_status":"closed","template":"","meta":{"content-type":"","inline_featured_image":false},"product_brand":[],"product_cat":[251,329,526,377,414],"product_tag":[479,244],"class_list":{"0":"post-9220","1":"product","2":"type-product","3":"status-publish","4":"has-post-thumbnail","6":"product_cat-darila","7":"product_cat-kaligrafija","8":"product_cat-komplet-za-kaligrafijo","9":"product_cat-rojstni-dan","10":"product_cat-za-uciteljice","11":"product_tag-izobrazevanje","12":"product_tag-kaligrafski-tecaj","13":"product_shipping_class-postnina","15":"first","16":"outofstock","17":"featured","18":"downloadable","19":"virtual","20":"purchasable","21":"product-type-simple"},"bundled_by":[],"bundle_stock_status":"outofstock","bundle_stock_quantity":null,"bundle_virtual":false,"bundle_layout":"","bundle_add_to_cart_form_location":"","bundle_editable_in_cart":false,"bundle_sold_individually_context":"","bundle_item_grouping":"","bundle_min_size":"","bundle_max_size":"","bundle_price":[],"bundled_items":[],"bundle_sell_ids":[],"jetpack_sharing_enabled":true,"_links":{"self":[{"href":"https:\/\/literaskaligrafija.si\/en\/wp-json\/wp\/v2\/product\/9220","targetHints":{"allow":["GET"]}}],"collection":[{"href":"https:\/\/literaskaligrafija.si\/en\/wp-json\/wp\/v2\/product"}],"about":[{"href":"https:\/\/literaskaligrafija.si\/en\/wp-json\/wp\/v2\/types\/product"}],"replies":[{"embeddable":true,"href":"https:\/\/literaskaligrafija.si\/en\/wp-json\/wp\/v2\/comments?post=9220"}],"wp:featuredmedia":[{"embeddable":true,"href":"https:\/\/literaskaligrafija.si\/en\/wp-json\/wp\/v2\/media\/9103"}],"wp:attachment":[{"href":"https:\/\/literaskaligrafija.si\/en\/wp-json\/wp\/v2\/media?parent=9220"}],"wp:term":[{"taxonomy":"product_brand","embeddable":true,"href":"https:\/\/literaskaligrafija.si\/en\/wp-json\/wp\/v2\/product_brand?post=9220"},{"taxonomy":"product_cat","embeddable":true,"href":"https:\/\/literaskaligrafija.si\/en\/wp-json\/wp\/v2\/product_cat?post=9220"},{"taxonomy":"product_tag","embeddable":true,"href":"https:\/\/literaskaligrafija.si\/en\/wp-json\/wp\/v2\/product_tag?post=9220"}],"curies":[{"name":"wp","href":"https:\/\/api.w.org\/{rel}","templated":true}]}}