{"id":9313,"date":"2025-05-14T10:18:03","date_gmt":"2025-05-14T08:18:03","guid":{"rendered":"https:\/\/literaskaligrafija.si\/?post_type=product&#038;p=9313"},"modified":"2026-03-28T18:26:25","modified_gmt":"2026-03-28T17:26:25","slug":"name-card-set-of-10-hand-calligraphy-3","status":"publish","type":"product","link":"https:\/\/literaskaligrafija.si\/en\/izdelek\/magnet-z-imenom\/","title":{"rendered":"Seating Order - magnet with name - Hand-engraved"},"content":{"rendered":"<p><strong>Seating Order - Engraved plaque with magnet - Hand engraved<\/strong><\/p>\n<ul>\n<li>Svojemu najlep\u0161emu dnevu dodajte pridih elegance, prefinjenosti in prakti\u010dnosti. Gravirana plo\u0161\u010dica je\u00a0 kot estetska oznaka sede\u017enega reda, hkrati pa ostane v spominu va\u0161ih gostov kot osebno darilo.<\/li>\n<li>Na spodnji strani je diskretno pritrjen mo\u010dan magnet, zato jo lahko uporabljajo tudi kasneje, doma ali v pisarni.<\/li>\n<li>Vsako ime je s pozornostjo ro\u010dno gravirano s kaligrafsko pisavo po va\u0161i izbiri. S tem posebnim detajlom ne poskrbite le za organizacijo dogodka, temve\u010d ustvarite ob\u010dutek presti\u017ea, topline in premi\u0161ljenosti.<\/li>\n<li>\u010ce dodate \u0161e magnetno tablo, lahko oblikujete pravcato imenitno razstavo, ki izra\u017ea va\u0161o osebnost in spo\u0161tovanje do povabljenih.<\/li>\n<\/ul>\n<p>Naj bo to poroka, slavnostna ve\u010derja, gala dogodek ali posebna poslovna prilo\u017enost, sede\u017eni red bo ne\u017ena vez med funkcionalnostjo in umetnostjo, med estetiko in pomenom.<\/p>\n<p><strong>The personalisation process is divided into lots:<\/strong><\/p>\n<ul>\n<li>Choose the quantity of tiles.<\/li>\n<li>Choose a font style.<\/li>\n<li>Please enter your names, or send them to us at info@literaskaligrafija.si<\/li>\n<li>The minimum number is 20.<\/li>\n<\/ul>\n<p><strong>The product contains<\/strong><\/p>\n<ul>\n<li>Ceramic plaque with magnet.<\/li>\n<li>Kaligrafska pisava po izbiri.<\/li>\n<li>Preview - a sample of one name on a tile.<\/li>\n<li>Ro\u010dno kaligrafsko graviranje.<\/li>\n<li>Barvanje gravure z zlato ali srebrno pasto &#8211; samo na zeleni in beli.<\/li>\n<\/ul>\n<p>&nbsp;<\/p>","protected":false},"excerpt":{"rendered":"<p><strong>Seating Order - Engraved plaque with magnet - Hand engraved<\/strong><\/p>\n<p>The plaque is perfect for the seating plan of your event, and is also a gift for your guests.<\/p>\n<p>&nbsp;<\/p>\n<p>&nbsp;<\/p>","protected":false},"featured_media":9338,"comment_status":"open","ping_status":"closed","template":"","meta":{"content-type":"","inline_featured_image":false},"product_brand":[],"product_cat":[340,410,329,378,354],"product_tag":[483,456,368,370,167,369,146],"class_list":{"0":"post-9313","1":"product","2":"type-product","3":"status-publish","4":"has-post-thumbnail","6":"product_cat-graviranje","7":"product_cat-graviranje-na-izdelke","8":"product_cat-kaligrafija","9":"product_cat-poroka-vabila","10":"product_cat-sedezni-red","11":"product_tag-gravirana-ploscica","12":"product_tag-graviranje","13":"product_tag-imenske-kartice","14":"product_tag-kaligrafija","15":"product_tag-kaligrafsko-graviranje","16":"product_tag-porocne-tiskovine","17":"product_tag-sedezni-red","18":"product_shipping_class-postnina","20":"first","21":"instock","22":"purchasable","23":"product-type-simple"},"bundled_by":[],"bundle_stock_status":"instock","bundle_stock_quantity":null,"bundle_virtual":false,"bundle_layout":"","bundle_add_to_cart_form_location":"","bundle_editable_in_cart":false,"bundle_sold_individually_context":"","bundle_item_grouping":"","bundle_min_size":"","bundle_max_size":"","bundle_price":[],"bundled_items":[],"bundle_sell_ids":[],"jetpack_sharing_enabled":true,"_links":{"self":[{"href":"https:\/\/literaskaligrafija.si\/en\/wp-json\/wp\/v2\/product\/9313","targetHints":{"allow":["GET"]}}],"collection":[{"href":"https:\/\/literaskaligrafija.si\/en\/wp-json\/wp\/v2\/product"}],"about":[{"href":"https:\/\/literaskaligrafija.si\/en\/wp-json\/wp\/v2\/types\/product"}],"replies":[{"embeddable":true,"href":"https:\/\/literaskaligrafija.si\/en\/wp-json\/wp\/v2\/comments?post=9313"}],"wp:featuredmedia":[{"embeddable":true,"href":"https:\/\/literaskaligrafija.si\/en\/wp-json\/wp\/v2\/media\/9338"}],"wp:attachment":[{"href":"https:\/\/literaskaligrafija.si\/en\/wp-json\/wp\/v2\/media?parent=9313"}],"wp:term":[{"taxonomy":"product_brand","embeddable":true,"href":"https:\/\/literaskaligrafija.si\/en\/wp-json\/wp\/v2\/product_brand?post=9313"},{"taxonomy":"product_cat","embeddable":true,"href":"https:\/\/literaskaligrafija.si\/en\/wp-json\/wp\/v2\/product_cat?post=9313"},{"taxonomy":"product_tag","embeddable":true,"href":"https:\/\/literaskaligrafija.si\/en\/wp-json\/wp\/v2\/product_tag?post=9313"}],"curies":[{"name":"wp","href":"https:\/\/api.w.org\/{rel}","templated":true}]}}